{"id":29337,"date":"2021-03-19T11:28:36","date_gmt":"2021-03-19T11:28:36","guid":{"rendered":"https:\/\/pureobagi.com\/product\/suzanobagimd-balance-and-refresh-kit\/"},"modified":"2022-05-26T10:30:43","modified_gmt":"2022-05-26T09:30:43","slug":"suzanobagimd-balance-and-refresh-kit","status":"publish","type":"product","link":"https:\/\/pureobagi.com\/es\/producto\/suzanobagimd-balance-and-refresh-kit\/","title":{"rendered":"SUZANOBAGIMD\u2122 Balance and Refresh Kit"},"content":{"rendered":"<p>SUZANOBAGI<strong>MD<sup>\u2122<\/sup><\/strong> Balance and Refresh Kit<\/p>\n<p>Contenido:<br \/>\n<strong>SUZAN<\/strong>OBAGI<strong>MD<sup>\u2122<\/sup><\/strong> Balancing Toner<br \/>\n<strong>SUZAN<\/strong>OBAGI<strong>MD<sup>\u2122<\/sup><\/strong> Cleansing Wipes<\/p>\n<p><strong>SUZAN<\/strong>OBAGI<strong>MD<sup>\u2122<\/sup><\/strong> es perfecto para quienes buscan productos para el cuidado facial sencillos y eficaces, que sean cuidadosos con todo tipo de pieles. Cada producto de la gama <strong>SUZAN<\/strong>OBAGI<strong>MD<sup>\u2122<\/sup><\/strong>&nbsp;ha sido dermatol\u00f3gicamente probado, es hipoalerg\u00e9nico y no produce sensibilidad. Todos los productos <strong>SUZAN<\/strong>OBAGI<strong>MD<sup>\u2122<\/sup><\/strong>&nbsp;est\u00e1n fabricados sin parabenos, fragancias o tintes sint\u00e9ticos.<\/p>\n<p>La gama <strong>SUZAN<\/strong>OBAGI<strong>MD<sup>\u2122<\/sup><\/strong> incluye numerosos ingredientes de origen natural, como el sulforafano de br\u00f3coli, una fuente estupenda de vitamina A, que ayuda a impulsar la regeneraci\u00f3n celular de la piel. El <strong>SUZAN<\/strong>OBAGI<strong>MD<sup>\u2122<\/sup><\/strong> Balance and Refresh Kit tambi\u00e9n utiliza el apreciado extracto de aloe vera, adem\u00e1s de ingredientes como la vitamina E o el betacaroteno, que previenen el envejecimiento. Adem\u00e1s contiene aceite de semilla de br\u00f3coli, rico en \u00e1cidos grasos omega 6 y omega 9 que suavizan la piel, y bioflavonoides.<\/p>\n","protected":false},"excerpt":{"rendered":"<p>SUZANOBAGIMD\u2122 Balance and Refresh Kit Contenido: SUZANOBAGIMD\u2122 Balancing Toner SUZANOBAGIMD\u2122 Cleansing Wipes SUZANOBAGIMD\u2122 es perfecto para quienes buscan productos para el cuidado facial sencillos y eficaces, que sean cuidadosos con todo tipo de pieles. Cada producto de la gama SUZANOBAGIMD\u2122&nbsp;ha sido dermatol\u00f3gicamente probado, es hipoalerg\u00e9nico y no produce sensibilidad. Todos los productos SUZANOBAGIMD\u2122&nbsp;est\u00e1n fabricados sin [&hellip;]<\/p>\n","protected":false},"featured_media":18386,"comment_status":"open","ping_status":"closed","template":"","meta":{"_acf_changed":false},"product_brand":[],"product_cat":[428,430,461,463],"product_tag":[],"class_list":{"0":"post-29337","1":"product","2":"type-product","3":"status-publish","4":"has-post-thumbnail","6":"product_cat-limpiadores","7":"product_cat-piel-sensible","8":"product_cat-suzanobagimd-es","9":"product_cat-gama-de-productos","11":"first","12":"outofstock","13":"taxable","14":"shipping-taxable","15":"purchasable","16":"product-type-simple"},"acf":[],"_links":{"self":[{"href":"https:\/\/pureobagi.com\/es\/wp-json\/wp\/v2\/product\/29337","targetHints":{"allow":["GET"]}}],"collection":[{"href":"https:\/\/pureobagi.com\/es\/wp-json\/wp\/v2\/product"}],"about":[{"href":"https:\/\/pureobagi.com\/es\/wp-json\/wp\/v2\/types\/product"}],"replies":[{"embeddable":true,"href":"https:\/\/pureobagi.com\/es\/wp-json\/wp\/v2\/comments?post=29337"}],"wp:featuredmedia":[{"embeddable":true,"href":"https:\/\/pureobagi.com\/es\/wp-json\/wp\/v2\/media\/18386"}],"wp:attachment":[{"href":"https:\/\/pureobagi.com\/es\/wp-json\/wp\/v2\/media?parent=29337"}],"wp:term":[{"taxonomy":"product_brand","embeddable":true,"href":"https:\/\/pureobagi.com\/es\/wp-json\/wp\/v2\/product_brand?post=29337"},{"taxonomy":"product_cat","embeddable":true,"href":"https:\/\/pureobagi.com\/es\/wp-json\/wp\/v2\/product_cat?post=29337"},{"taxonomy":"product_tag","embeddable":true,"href":"https:\/\/pureobagi.com\/es\/wp-json\/wp\/v2\/product_tag?post=29337"}],"curies":[{"name":"wp","href":"https:\/\/api.w.org\/{rel}","templated":true}]}}