{"id":29339,"date":"2021-05-18T15:35:47","date_gmt":"2021-05-18T14:35:47","guid":{"rendered":"https:\/\/pureobagi.com\/product\/obagi-antioxidant-kit\/"},"modified":"2025-06-06T14:29:43","modified_gmt":"2025-06-06T13:29:43","slug":"obagi-antioxidant-kit","status":"publish","type":"product","link":"https:\/\/pureobagi.com\/es\/producto\/obagi-antioxidant-kit\/","title":{"rendered":"Obagi Antioxidant Kit"},"content":{"rendered":"<p>Desestresa y potencia la luminosidad de tu piel con el Pure Obagi Antioxidant Kit. Rico en vitamina C, este kit ayuda a corregir y proteger la piel contra los da\u00f1os producidos por los radicales libres y los factores medioambientales, como la exposici\u00f3n a los rayos UV.<\/p>\n<p>Obagi-C<sup>\u00ae<\/sup> C-Cleansing Gel limpia, aclara y prepara tu piel. Sin alcohol y sin resecar la piel, Obagi-C\u00ae Balancing Toner garantiza que no haya restos de suciedad ni grasa acumulados en tu piel. Realza tu rutina semanal con Obagi Professional-C<sup>\u00ae<\/sup> Microdermabrasion Polish + Mask, que utiliza un 30&nbsp;% de \u00e1cido L-asc\u00f3rbico y cristales ultrafinos para exfoliar y preparar la piel, dej\u00e1ndola suave y radiante. Notar\u00e1s la diferencia.  Los ingredientes de Obagi Professional-C<sup>\u00ae<\/sup> 15% Serum fomentan la producci\u00f3n de col\u00e1geno, ayudando a disminuir la aparici\u00f3n de las arrugas y l\u00edneas de expresi\u00f3n. Rejuvenece e hidrata con Obagi Hydrate<sup>\u00ae<\/sup>, gracias a sus ingredientes clave, la manteca de mango y de karit\u00e9. Este kit se completa con la protecci\u00f3n que ofrece Obagi&#39;s Sun Shield Matte\u2122 Broad Spectrum SPF 50 a tu piel contra los rayos UVA y UVB, con una f\u00f3rmula no grasa que te encantar\u00e1.<\/p>\n","protected":false},"excerpt":{"rendered":"<p>Desestresa y potencia la luminosidad de tu piel con el Pure Obagi Antioxidant Kit. Rico en vitamina C, este kit ayuda a corregir y proteger la piel contra los da\u00f1os producidos por los radicales libres y los factores medioambientales, como la exposici\u00f3n a los rayos UV. Obagi-C\u00ae C-Cleansing Gel limpia, aclara y prepara tu piel. [&hellip;]<\/p>\n","protected":false},"featured_media":20370,"comment_status":"open","ping_status":"closed","template":"","meta":{"_acf_changed":false},"product_brand":[],"product_cat":[427,445,429,448,435,449,436,454,437,460,438,462,439,440,441,443,428,444],"product_tag":[],"class_list":{"0":"post-29339","1":"product","2":"type-product","3":"status-publish","4":"has-post-thumbnail","6":"product_cat-obagi-c-fx-system-es","7":"product_cat-normal-skin-es","8":"product_cat-piel-grasa","9":"product_cat-proteccion-solar","10":"product_cat-moisturisers-hydrators-es","11":"product_cat-obagi-sun-protection-es","12":"product_cat-vitamina-c","13":"product_cat-tonicos","14":"product_cat-piel-apagada","15":"product_cat-hydrators-es","16":"product_cat-exfoliantes","17":"product_cat-kits-para-el-cuidado-de-la-piel","18":"product_cat-danos-solares","19":"product_cat-professional-c-portfolio-es","20":"product_cat-piel-envejecida-incluyendo-arrugas-y-lineas-de-expresion","21":"product_cat-piel-rugosa","22":"product_cat-limpiadores","23":"product_cat-piel-mixta","25":"first","26":"outofstock","27":"taxable","28":"shipping-taxable","29":"purchasable","30":"product-type-simple"},"acf":[],"_links":{"self":[{"href":"https:\/\/pureobagi.com\/es\/wp-json\/wp\/v2\/product\/29339","targetHints":{"allow":["GET"]}}],"collection":[{"href":"https:\/\/pureobagi.com\/es\/wp-json\/wp\/v2\/product"}],"about":[{"href":"https:\/\/pureobagi.com\/es\/wp-json\/wp\/v2\/types\/product"}],"replies":[{"embeddable":true,"href":"https:\/\/pureobagi.com\/es\/wp-json\/wp\/v2\/comments?post=29339"}],"wp:featuredmedia":[{"embeddable":true,"href":"https:\/\/pureobagi.com\/es\/wp-json\/wp\/v2\/media\/20370"}],"wp:attachment":[{"href":"https:\/\/pureobagi.com\/es\/wp-json\/wp\/v2\/media?parent=29339"}],"wp:term":[{"taxonomy":"product_brand","embeddable":true,"href":"https:\/\/pureobagi.com\/es\/wp-json\/wp\/v2\/product_brand?post=29339"},{"taxonomy":"product_cat","embeddable":true,"href":"https:\/\/pureobagi.com\/es\/wp-json\/wp\/v2\/product_cat?post=29339"},{"taxonomy":"product_tag","embeddable":true,"href":"https:\/\/pureobagi.com\/es\/wp-json\/wp\/v2\/product_tag?post=29339"}],"curies":[{"name":"wp","href":"https:\/\/api.w.org\/{rel}","templated":true}]}}