{"id":29340,"date":"2020-10-14T20:14:59","date_gmt":"2020-10-14T19:14:59","guid":{"rendered":"https:\/\/pureobagi.com\/product\/suzanobagimd-retivance-skin-rejuvenating-complex\/"},"modified":"2026-04-13T16:46:29","modified_gmt":"2026-04-13T15:46:29","slug":"suzanobagimd-retivance-skin-rejuvenating-complex","status":"publish","type":"product","link":"https:\/\/pureobagi.com\/es\/producto\/suzanobagimd-retivance-skin-rejuvenating-complex\/","title":{"rendered":"SUZANOBAGIMD Retivance\u00ae Skin Rejuvenating Complex"},"content":{"rendered":"<p><strong>SUZANOBAGIMD Retivance\u00ae Skin Rejuvenating Complex<\/strong> ha sido formulado para minimizar la apariencia de arrugas y l\u00edneas de expresi\u00f3n, mejorando la textura y el tono generales de la piel.<\/p>\n<p><strong>SUZAN<\/strong>OBAGI<strong>MD<\/strong> Retivance\u00ae Skin Rejuvenating Complex contiene una combinaci\u00f3n revolucionaria de ingredientes. Incluye retinaldehido, retinoide (vitamina A) y p\u00e9ptidos para crear una f\u00f3rmula verdaderamente eficaz a la vez que minimiza la irritaci\u00f3n con poco o ning\u00fan tiempo de inactividad. Apto para todo tipo de pieles, incluso sensibles.<\/p>\n<p>Los retinoides son el ingrediente utilizado m\u00e1s a menudo para reducir la aparici\u00f3n de arrugas y l\u00edneas de expresi\u00f3n, as\u00ed como otros signos de envejecimiento. Las formas de vitamina A sin receta m\u00e9dica se convierten en el organismo; mientras el retinol atraviesa un proceso de oxidaci\u00f3n de dos pasos, el retinaldehido se convierte directamente en \u00e1cido retinoico en la piel. El retinaldehido ha demostrado mejorar la apariencia de la firmeza y la elasticidad de la piel, incluidas las arrugas y l\u00edneas de expresi\u00f3n. <strong>SUZAN<\/strong>OBAGI<strong>MD<\/strong> Retivance\u00ae Skin Rejuvenating Complex utiliza retinaldehido, un ingrediente bien tolerado por todo tipo de pieles, incluidas las sensibles y delicadas.<\/p>\n<p>Otros ingredientes como los p\u00e9ptidos y los antioxidantes trabajan juntos para mejorar los resultados y ofrecer protecci\u00f3n contra los radicales libres, mientras que el extracto de camomila calma la piel.<\/p>\n<p><strong>SUZAN<\/strong>OBAGI<strong>MD\u2122<\/strong> es apto para su uso con todos los productos Obagi Medical Products.<\/p>\n","protected":false},"excerpt":{"rendered":"<p>SUZANOBAGIMD Retivance\u00ae Skin Rejuvenating Complex ha sido formulado para minimizar la apariencia de arrugas y l\u00edneas de expresi\u00f3n, mejorando la textura y el tono generales de la piel. SUZANOBAGIMD Retivance\u00ae Skin Rejuvenating Complex contiene una combinaci\u00f3n revolucionaria de ingredientes. Incluye retinaldehido, retinoide (vitamina A) y p\u00e9ptidos para crear una f\u00f3rmula verdaderamente eficaz a la vez [&hellip;]<\/p>\n","protected":false},"featured_media":38653,"comment_status":"open","ping_status":"closed","template":"","meta":{"_acf_changed":false},"product_brand":[],"product_cat":[430,446,431,447,433,452,434,458,437,461,439,441,442,443,444,429,445],"product_tag":[],"class_list":{"0":"post-29340","1":"product","2":"type-product","3":"status-publish","4":"has-post-thumbnail","6":"product_cat-piel-sensible","7":"product_cat-rosacea-es","8":"product_cat-piel-propensa-al-acne","9":"product_cat-piel-deshidratada","10":"product_cat-piel-seca","11":"product_cat-los-mas-vendidos","12":"product_cat-hiperpigmentacion","13":"product_cat-retinoides","14":"product_cat-piel-apagada","15":"product_cat-suzanobagimd-es","16":"product_cat-danos-solares","17":"product_cat-piel-envejecida-incluyendo-arrugas-y-lineas-de-expresion","18":"product_cat-piel-madura","19":"product_cat-piel-rugosa","20":"product_cat-piel-mixta","21":"product_cat-piel-grasa","22":"product_cat-normal-skin-es","24":"first","25":"instock","26":"taxable","27":"shipping-taxable","28":"purchasable","29":"product-type-simple"},"acf":[],"_links":{"self":[{"href":"https:\/\/pureobagi.com\/es\/wp-json\/wp\/v2\/product\/29340","targetHints":{"allow":["GET"]}}],"collection":[{"href":"https:\/\/pureobagi.com\/es\/wp-json\/wp\/v2\/product"}],"about":[{"href":"https:\/\/pureobagi.com\/es\/wp-json\/wp\/v2\/types\/product"}],"replies":[{"embeddable":true,"href":"https:\/\/pureobagi.com\/es\/wp-json\/wp\/v2\/comments?post=29340"}],"wp:featuredmedia":[{"embeddable":true,"href":"https:\/\/pureobagi.com\/es\/wp-json\/wp\/v2\/media\/38653"}],"wp:attachment":[{"href":"https:\/\/pureobagi.com\/es\/wp-json\/wp\/v2\/media?parent=29340"}],"wp:term":[{"taxonomy":"product_brand","embeddable":true,"href":"https:\/\/pureobagi.com\/es\/wp-json\/wp\/v2\/product_brand?post=29340"},{"taxonomy":"product_cat","embeddable":true,"href":"https:\/\/pureobagi.com\/es\/wp-json\/wp\/v2\/product_cat?post=29340"},{"taxonomy":"product_tag","embeddable":true,"href":"https:\/\/pureobagi.com\/es\/wp-json\/wp\/v2\/product_tag?post=29340"}],"curies":[{"name":"wp","href":"https:\/\/api.w.org\/{rel}","templated":true}]}}