{"id":29346,"date":"2021-03-19T15:43:33","date_gmt":"2021-03-19T15:43:33","guid":{"rendered":"https:\/\/pureobagi.com\/product\/obagi-vitamin-c-starter-kit\/"},"modified":"2026-04-13T16:57:52","modified_gmt":"2026-04-13T15:57:52","slug":"vitamin-c-starter-set","status":"publish","type":"product","link":"https:\/\/pureobagi.com\/es\/producto\/vitamin-c-starter-set\/","title":{"rendered":"Obagi Vitamin C Starter Kit"},"content":{"rendered":"<p>Vitamin C Starter Kit<\/p>\n<p>Incluye:<br \/>\nObagi-C<sup>\u00ae<\/sup> C-Cleansing Gel<br \/>\nObagi Professional-C<sup>\u00ae<\/sup> Serum 10%<br \/>\nObagi Hydrate<sup>\u00ae<\/sup> Facial Moisturiser<\/p>\n<p>Pure Obagi Vitamin C Starter Kit est\u00e1 espec\u00edficamente dise\u00f1ado para quienes tienen la piel m\u00e1s sensible o seca. Obagi-C<sup>\u00ae<\/sup> C-Cleansing Gel elimina la grasa y la suciedad de la superficie de la piel, prepar\u00e1ndola para la m\u00e1xima absorci\u00f3n del resto de productos de tu rutina de cuidado facial. Obagi Professional-C<sup>\u00ae<\/sup> Serum 10% es rico en antioxidantes para proteger la piel frente a los da\u00f1os producidos por los radicales libres y los factores medioambientales, como la exposici\u00f3n a los rayos ultravioletas. Obagi Professional-C<sup>\u00ae<\/sup> Serum 10% es apto para personas con piel seca o sensible y para quienes quieren probar los productos con vitamina C.<\/p>\n<p>Las mantecas de mango y de karit\u00e9 son los ingredientes clave y las estrellas de la f\u00f3rmula de Obagi Hydrate<sup>\u00ae<\/sup> Facial Moisturiser, que ayudan a hidratar y rejuvenecer la piel. Y lo que es a\u00fan mejor, la hidrataci\u00f3n intensa de Obagi Hydrate<sup>\u00ae<\/sup> Facial Moisturiser no es comedog\u00e9nica, por lo que no obstruye los poros y mantiene tu piel limpia y nutrida.<\/p>\n","protected":false},"excerpt":{"rendered":"<p>&nbsp;<\/p>\n<p>&nbsp;<\/p>\n<p>&nbsp;<\/p>\n","protected":false},"featured_media":18600,"comment_status":"open","ping_status":"closed","template":"","meta":{"_acf_changed":false},"product_brand":[],"product_cat":[434,436,437,440,441,442,444,426,446,427,447,430,462,433],"product_tag":[],"class_list":{"0":"post-29346","1":"product","2":"type-product","3":"status-publish","4":"has-post-thumbnail","6":"product_cat-hiperpigmentacion","7":"product_cat-vitamina-c","8":"product_cat-piel-apagada","9":"product_cat-professional-c-portfolio-es","10":"product_cat-piel-envejecida-incluyendo-arrugas-y-lineas-de-expresion","11":"product_cat-piel-madura","12":"product_cat-piel-mixta","13":"product_cat-nu-derm-fx-system-es","14":"product_cat-rosacea-es","15":"product_cat-obagi-c-fx-system-es","16":"product_cat-piel-deshidratada","17":"product_cat-piel-sensible","18":"product_cat-kits-para-el-cuidado-de-la-piel","19":"product_cat-piel-seca","21":"first","22":"outofstock","23":"taxable","24":"shipping-taxable","25":"purchasable","26":"product-type-simple"},"acf":[],"_links":{"self":[{"href":"https:\/\/pureobagi.com\/es\/wp-json\/wp\/v2\/product\/29346","targetHints":{"allow":["GET"]}}],"collection":[{"href":"https:\/\/pureobagi.com\/es\/wp-json\/wp\/v2\/product"}],"about":[{"href":"https:\/\/pureobagi.com\/es\/wp-json\/wp\/v2\/types\/product"}],"replies":[{"embeddable":true,"href":"https:\/\/pureobagi.com\/es\/wp-json\/wp\/v2\/comments?post=29346"}],"wp:featuredmedia":[{"embeddable":true,"href":"https:\/\/pureobagi.com\/es\/wp-json\/wp\/v2\/media\/18600"}],"wp:attachment":[{"href":"https:\/\/pureobagi.com\/es\/wp-json\/wp\/v2\/media?parent=29346"}],"wp:term":[{"taxonomy":"product_brand","embeddable":true,"href":"https:\/\/pureobagi.com\/es\/wp-json\/wp\/v2\/product_brand?post=29346"},{"taxonomy":"product_cat","embeddable":true,"href":"https:\/\/pureobagi.com\/es\/wp-json\/wp\/v2\/product_cat?post=29346"},{"taxonomy":"product_tag","embeddable":true,"href":"https:\/\/pureobagi.com\/es\/wp-json\/wp\/v2\/product_tag?post=29346"}],"curies":[{"name":"wp","href":"https:\/\/api.w.org\/{rel}","templated":true}]}}