{"id":29347,"date":"2020-12-15T23:33:26","date_gmt":"2020-12-15T23:33:26","guid":{"rendered":"https:\/\/pureobagi.com\/product\/suzanobagimd-foaming-cleanser-200ml\/"},"modified":"2021-08-23T11:34:11","modified_gmt":"2021-08-23T10:34:11","slug":"suzanobagimd-foaming-cleanser-200ml","status":"publish","type":"product","link":"https:\/\/pureobagi.com\/es\/producto\/suzanobagimd-foaming-cleanser-200ml\/","title":{"rendered":"SUZANOBAGIMD\u2122 Foaming Cleanser 200ml"},"content":{"rendered":"<p><strong>SUZANOBAGIMD\u2122 Foaming Cleanser se presenta en una densa microespuma que limpia la piel con suavidad y en profundidad.<\/strong><\/p>\n<p><strong>SUZAN<\/strong>OBAGI<strong>MD\u2122<\/strong> Foaming Cleanser elimina el maquillaje, la suciedad, la acumulaci\u00f3n de grasa y las impurezas medioambientales, y est\u00e1 enriquecido con antioxidantes que protegen la piel contra futuros factores de estr\u00e9s.<\/p>\n<p>Los polifenoles de aloe, el sulforafano de br\u00f3coli y los bioflavonoides de c\u00edtricos ofrecen un conjunto completo de potentes antioxidantes. <\/p>\n","protected":false},"excerpt":{"rendered":"<p>SUZANOBAGIMD\u2122 Foaming Cleanser se presenta en una densa microespuma que limpia la piel con suavidad y en profundidad. SUZANOBAGIMD\u2122 Foaming Cleanser elimina el maquillaje, la suciedad, la acumulaci\u00f3n de grasa y las impurezas medioambientales, y est\u00e1 enriquecido con antioxidantes que protegen la piel contra futuros factores de estr\u00e9s. Los polifenoles de aloe, el sulforafano de [&hellip;]<\/p>\n","protected":false},"featured_media":42300,"comment_status":"open","ping_status":"closed","template":"","meta":{"_acf_changed":false},"product_brand":[],"product_cat":[441,442,443,444,428,445,429,446,430,447,431,451,433,461,437,439],"product_tag":[],"class_list":{"0":"post-29347","1":"product","2":"type-product","3":"status-publish","4":"has-post-thumbnail","6":"product_cat-piel-envejecida-incluyendo-arrugas-y-lineas-de-expresion","7":"product_cat-piel-madura","8":"product_cat-piel-rugosa","9":"product_cat-piel-mixta","10":"product_cat-limpiadores","11":"product_cat-normal-skin-es","12":"product_cat-piel-grasa","13":"product_cat-rosacea-es","14":"product_cat-piel-sensible","15":"product_cat-piel-deshidratada","16":"product_cat-piel-propensa-al-acne","17":"product_cat-piel-con-maskne","18":"product_cat-piel-seca","19":"product_cat-suzanobagimd-es","20":"product_cat-piel-apagada","21":"product_cat-danos-solares","23":"first","24":"instock","25":"taxable","26":"shipping-taxable","27":"purchasable","28":"product-type-simple"},"acf":[],"_links":{"self":[{"href":"https:\/\/pureobagi.com\/es\/wp-json\/wp\/v2\/product\/29347","targetHints":{"allow":["GET"]}}],"collection":[{"href":"https:\/\/pureobagi.com\/es\/wp-json\/wp\/v2\/product"}],"about":[{"href":"https:\/\/pureobagi.com\/es\/wp-json\/wp\/v2\/types\/product"}],"replies":[{"embeddable":true,"href":"https:\/\/pureobagi.com\/es\/wp-json\/wp\/v2\/comments?post=29347"}],"wp:featuredmedia":[{"embeddable":true,"href":"https:\/\/pureobagi.com\/es\/wp-json\/wp\/v2\/media\/42300"}],"wp:attachment":[{"href":"https:\/\/pureobagi.com\/es\/wp-json\/wp\/v2\/media?parent=29347"}],"wp:term":[{"taxonomy":"product_brand","embeddable":true,"href":"https:\/\/pureobagi.com\/es\/wp-json\/wp\/v2\/product_brand?post=29347"},{"taxonomy":"product_cat","embeddable":true,"href":"https:\/\/pureobagi.com\/es\/wp-json\/wp\/v2\/product_cat?post=29347"},{"taxonomy":"product_tag","embeddable":true,"href":"https:\/\/pureobagi.com\/es\/wp-json\/wp\/v2\/product_tag?post=29347"}],"curies":[{"name":"wp","href":"https:\/\/api.w.org\/{rel}","templated":true}]}}