{"id":29348,"date":"2021-03-17T12:02:15","date_gmt":"2021-03-17T12:02:15","guid":{"rendered":"https:\/\/pureobagi.com\/product\/obagi-exfoliating-kit-normal-a-seca\/"},"modified":"2021-08-23T11:29:41","modified_gmt":"2021-08-23T10:29:41","slug":"exfoliating-kit-normal-dry","status":"publish","type":"product","link":"https:\/\/pureobagi.com\/es\/producto\/exfoliating-kit-normal-dry\/","title":{"rendered":"Obagi Exfoliating Kit &#8211; Normal to Dry"},"content":{"rendered":"<p>Contenido:<br \/>\nObagi Nu-Derm<sup>\u00ae<\/sup> Gentle Cleanser<br \/>\nObagi Nu-Derm<sup>\u00ae<\/sup> Toner<br \/>\nObagi Nu-Derm Fx<sup>\u00ae<\/sup> Exfoderm<sup>\u00ae<\/sup><br \/>\nOBAGI360 HydraFactor<sup>\u00ae<\/sup> Broad Spectrum SPF 30<\/p>\n<p>El Obagi Exfoliating Kit for Normal to Dry skin proporciona luminosidad y suavidad a tu rostro, a la vez que trata los signos de envejecimiento y prepara la piel para posibles da\u00f1os futuros. Obagi Nu-Derm<sup>\u00ae<\/sup> Gentle Cleanser contiene ingredientes de origen natural para eliminar residuos e impurezas, preparando el rostro para el resto del d\u00eda. Obagi Nu-Derm<sup>\u00ae<\/sup> Gentle Cleanser elimina de forma eficaz las c\u00e9lulas muertas, dejando la piel m\u00e1s radiante y luminosa.<\/p>\n<p>OBAGI360 HydraFactor<sup>\u00ae<\/sup> Broad Spectrum SPF 30 revela un cutis m\u00e1s suave y luminoso, adem\u00e1s de tratar los signos iniciales de envejecimiento de la piel y defenderla de futuros da\u00f1os. Adem\u00e1s, incluye los ingredientes clave aloe y hamamelis para suavizar y reafirmar la piel. Tambi\u00e9n contiene alfa hidroxi\u00e1cidos (AHA) para exfoliar suavemente y Hydromanil Technology para una hidrataci\u00f3n excelente durante todo el d\u00eda.<\/p>\n","protected":false},"excerpt":{"rendered":"<p>Contenido: Obagi Nu-Derm\u00ae Gentle Cleanser Obagi Nu-Derm\u00ae Toner Obagi Nu-Derm Fx\u00ae Exfoderm\u00ae OBAGI360 HydraFactor\u00ae Broad Spectrum SPF 30 El Obagi Exfoliating Kit for Normal to Dry skin proporciona luminosidad y suavidad a tu rostro, a la vez que trata los signos de envejecimiento y prepara la piel para posibles da\u00f1os futuros. Obagi Nu-Derm\u00ae Gentle Cleanser [&hellip;]<\/p>\n","protected":false},"featured_media":18487,"comment_status":"open","ping_status":"closed","template":"","meta":{"_acf_changed":false},"product_brand":[],"product_cat":[437,438,439,441,442,444,446,426,447,432,462,433,434],"product_tag":[],"class_list":{"0":"post-29348","1":"product","2":"type-product","3":"status-publish","4":"has-post-thumbnail","6":"product_cat-piel-apagada","7":"product_cat-exfoliantes","8":"product_cat-danos-solares","9":"product_cat-piel-envejecida-incluyendo-arrugas-y-lineas-de-expresion","10":"product_cat-piel-madura","11":"product_cat-piel-mixta","12":"product_cat-rosacea-es","13":"product_cat-nu-derm-fx-system-es","14":"product_cat-piel-deshidratada","15":"product_cat-obagi360-system-es","16":"product_cat-kits-para-el-cuidado-de-la-piel","17":"product_cat-piel-seca","18":"product_cat-hiperpigmentacion","20":"first","21":"instock","22":"taxable","23":"shipping-taxable","24":"purchasable","25":"product-type-simple"},"acf":[],"_links":{"self":[{"href":"https:\/\/pureobagi.com\/es\/wp-json\/wp\/v2\/product\/29348","targetHints":{"allow":["GET"]}}],"collection":[{"href":"https:\/\/pureobagi.com\/es\/wp-json\/wp\/v2\/product"}],"about":[{"href":"https:\/\/pureobagi.com\/es\/wp-json\/wp\/v2\/types\/product"}],"replies":[{"embeddable":true,"href":"https:\/\/pureobagi.com\/es\/wp-json\/wp\/v2\/comments?post=29348"}],"wp:featuredmedia":[{"embeddable":true,"href":"https:\/\/pureobagi.com\/es\/wp-json\/wp\/v2\/media\/18487"}],"wp:attachment":[{"href":"https:\/\/pureobagi.com\/es\/wp-json\/wp\/v2\/media?parent=29348"}],"wp:term":[{"taxonomy":"product_brand","embeddable":true,"href":"https:\/\/pureobagi.com\/es\/wp-json\/wp\/v2\/product_brand?post=29348"},{"taxonomy":"product_cat","embeddable":true,"href":"https:\/\/pureobagi.com\/es\/wp-json\/wp\/v2\/product_cat?post=29348"},{"taxonomy":"product_tag","embeddable":true,"href":"https:\/\/pureobagi.com\/es\/wp-json\/wp\/v2\/product_tag?post=29348"}],"curies":[{"name":"wp","href":"https:\/\/api.w.org\/{rel}","templated":true}]}}