{"id":29349,"date":"2021-05-18T15:42:43","date_gmt":"2021-05-18T14:42:43","guid":{"rendered":"https:\/\/pureobagi.com\/product\/obagi-repair-foundation-kit\/"},"modified":"2025-06-06T14:37:08","modified_gmt":"2025-06-06T13:37:08","slug":"obagi-repair-foundation-kit","status":"publish","type":"product","link":"https:\/\/pureobagi.com\/es\/producto\/obagi-repair-foundation-kit\/","title":{"rendered":"Obagi Repair Foundation Kit"},"content":{"rendered":"<p>Restaura la salud b\u00e1sica de tu piel con el kit para el cuidado facial de Obagi, que suaviza y mima tu piel. Con ingredientes de origen natural que tu piel adorar\u00e1, Obagi Nu-Derm Fx\u00ae Gentle Cleanser contiene aloe, manteca de mango y glicerina, que dejar\u00e1n tu piel con un aspecto rejuvenecido y una sensaci\u00f3n de frescor.  La f\u00f3rmula intensamente nutritiva de Obagi Hydrate<sup>\u00ae<\/sup> ayudar\u00e1 a hidratar y rejuvenecer tu piel. Y lo que es a\u00fan mejor, Obagi Hydrate<sup>\u00ae<\/sup> es hipoalerg\u00e9nica, por lo que no obstruye los poros y mantiene tu piel limpia e hidratada. Obagi Sun Shield Matte\u2122 Broad Spectrum SPF 50 ofrece una f\u00f3rmula no grasa para garantizar que tu piel est\u00e9 protegida frente a los rayos UVA y UVB.<\/p>\n","protected":false},"excerpt":{"rendered":"<p>Restaura la salud b\u00e1sica de tu piel con el kit para el cuidado facial de Obagi, que suaviza y mima tu piel. Con ingredientes de origen natural que tu piel adorar\u00e1, Obagi Nu-Derm Fx\u00ae Gentle Cleanser contiene aloe, manteca de mango y glicerina, que dejar\u00e1n tu piel con un aspecto rejuvenecido y una sensaci\u00f3n de [&hellip;]<\/p>\n","protected":false},"featured_media":20402,"comment_status":"open","ping_status":"closed","template":"","meta":{"_acf_changed":false},"product_brand":[],"product_cat":[441,463,444,445,446,426,447,428,448,429,449,433,451,435,452,437,460,439,462],"product_tag":[],"class_list":{"0":"post-29349","1":"product","2":"type-product","3":"status-publish","4":"has-post-thumbnail","6":"product_cat-piel-envejecida-incluyendo-arrugas-y-lineas-de-expresion","7":"product_cat-gama-de-productos","8":"product_cat-piel-mixta","9":"product_cat-normal-skin-es","10":"product_cat-rosacea-es","11":"product_cat-nu-derm-fx-system-es","12":"product_cat-piel-deshidratada","13":"product_cat-limpiadores","14":"product_cat-proteccion-solar","15":"product_cat-piel-grasa","16":"product_cat-obagi-sun-protection-es","17":"product_cat-piel-seca","18":"product_cat-piel-con-maskne","19":"product_cat-moisturisers-hydrators-es","20":"product_cat-los-mas-vendidos","21":"product_cat-piel-apagada","22":"product_cat-hydrators-es","23":"product_cat-danos-solares","24":"product_cat-kits-para-el-cuidado-de-la-piel","26":"first","27":"outofstock","28":"taxable","29":"shipping-taxable","30":"purchasable","31":"product-type-simple"},"acf":[],"_links":{"self":[{"href":"https:\/\/pureobagi.com\/es\/wp-json\/wp\/v2\/product\/29349","targetHints":{"allow":["GET"]}}],"collection":[{"href":"https:\/\/pureobagi.com\/es\/wp-json\/wp\/v2\/product"}],"about":[{"href":"https:\/\/pureobagi.com\/es\/wp-json\/wp\/v2\/types\/product"}],"replies":[{"embeddable":true,"href":"https:\/\/pureobagi.com\/es\/wp-json\/wp\/v2\/comments?post=29349"}],"wp:featuredmedia":[{"embeddable":true,"href":"https:\/\/pureobagi.com\/es\/wp-json\/wp\/v2\/media\/20402"}],"wp:attachment":[{"href":"https:\/\/pureobagi.com\/es\/wp-json\/wp\/v2\/media?parent=29349"}],"wp:term":[{"taxonomy":"product_brand","embeddable":true,"href":"https:\/\/pureobagi.com\/es\/wp-json\/wp\/v2\/product_brand?post=29349"},{"taxonomy":"product_cat","embeddable":true,"href":"https:\/\/pureobagi.com\/es\/wp-json\/wp\/v2\/product_cat?post=29349"},{"taxonomy":"product_tag","embeddable":true,"href":"https:\/\/pureobagi.com\/es\/wp-json\/wp\/v2\/product_tag?post=29349"}],"curies":[{"name":"wp","href":"https:\/\/api.w.org\/{rel}","templated":true}]}}