{"id":29351,"date":"2021-03-17T12:22:04","date_gmt":"2021-03-17T12:22:04","guid":{"rendered":"https:\/\/pureobagi.com\/product\/obagi-exfoliating-kit-normal-a-grasa\/"},"modified":"2023-01-10T12:36:14","modified_gmt":"2023-01-10T12:36:14","slug":"exfoliating-kit-normal-to-oily","status":"publish","type":"product","link":"https:\/\/pureobagi.com\/es\/producto\/exfoliating-kit-normal-to-oily\/","title":{"rendered":"Obagi Exfoliating Kit &#8211; Normal to Oily"},"content":{"rendered":"<p>Exfoliating Kit &#8211; Normal To Oily<\/p>\n<p>Contenido:<br \/>\nObagi Nu-Derm<sup>\u00ae<\/sup> Foaming Gel<br \/>\nObagi Nu-Derm<sup>\u00ae<\/sup> Toner<br \/>\nObagi Nu-Derm<sup>\u00ae<\/sup> Exfoderm<sup>\u00ae<\/sup> Forte<br \/>\nOBAGI360 HydraFactor<sup>\u00ae<\/sup> Broad Spectrum SPF 30<\/p>\n<p>El Exfoliating Kit for Normal &#8211; Oily skin proporciona luminosidad y suavidad a tu rostro, a la vez que trata los signos de envejecimiento y prepara la piel para potenciales da\u00f1os futuros. Obagi Nu-Derm<sup>\u00ae<\/sup> Foaming Gel de Obagi es rico en ingredientes naturales y elimina residuos e impurezas de la piel, mientras prepara tu rostro para el resto del d\u00eda.<\/p>\n<p>Obagi Nu-Derm<sup>\u00ae<\/sup> Exfoderm<sup>\u00ae<\/sup> Forte elimina de forma eficaz las c\u00e9lulas muertas, dejando la piel m\u00e1s radiante y luminosa. OBAGI360 HydraFactor<sup>\u00ae<\/sup> Broad Spectrum SPF 30 revela un cutis m\u00e1s suave y luminoso, adem\u00e1s de abordar los signos iniciales de envejecimiento de la piel y defenderla de futuros da\u00f1os.<\/p>\n","protected":false},"excerpt":{"rendered":"<p>Exfoliating Kit &#8211; Normal To Oily Contenido: Obagi Nu-Derm\u00ae Foaming Gel Obagi Nu-Derm\u00ae Toner Obagi Nu-Derm\u00ae Exfoderm\u00ae Forte OBAGI360 HydraFactor\u00ae Broad Spectrum SPF 30 El Exfoliating Kit for Normal &#8211; Oily skin proporciona luminosidad y suavidad a tu rostro, a la vez que trata los signos de envejecimiento y prepara la piel para potenciales da\u00f1os [&hellip;]<\/p>\n","protected":false},"featured_media":18507,"comment_status":"open","ping_status":"closed","template":"","meta":{"_acf_changed":false},"product_brand":[],"product_cat":[446,426,462,429,432,434,437,438,439,441,442,444],"product_tag":[],"class_list":{"0":"post-29351","1":"product","2":"type-product","3":"status-publish","4":"has-post-thumbnail","6":"product_cat-rosacea-es","7":"product_cat-nu-derm-fx-system-es","8":"product_cat-kits-para-el-cuidado-de-la-piel","9":"product_cat-piel-grasa","10":"product_cat-obagi360-system-es","11":"product_cat-hiperpigmentacion","12":"product_cat-piel-apagada","13":"product_cat-exfoliantes","14":"product_cat-danos-solares","15":"product_cat-piel-envejecida-incluyendo-arrugas-y-lineas-de-expresion","16":"product_cat-piel-madura","17":"product_cat-piel-mixta","19":"first","20":"instock","21":"taxable","22":"shipping-taxable","23":"purchasable","24":"product-type-simple"},"acf":[],"_links":{"self":[{"href":"https:\/\/pureobagi.com\/es\/wp-json\/wp\/v2\/product\/29351","targetHints":{"allow":["GET"]}}],"collection":[{"href":"https:\/\/pureobagi.com\/es\/wp-json\/wp\/v2\/product"}],"about":[{"href":"https:\/\/pureobagi.com\/es\/wp-json\/wp\/v2\/types\/product"}],"replies":[{"embeddable":true,"href":"https:\/\/pureobagi.com\/es\/wp-json\/wp\/v2\/comments?post=29351"}],"wp:featuredmedia":[{"embeddable":true,"href":"https:\/\/pureobagi.com\/es\/wp-json\/wp\/v2\/media\/18507"}],"wp:attachment":[{"href":"https:\/\/pureobagi.com\/es\/wp-json\/wp\/v2\/media?parent=29351"}],"wp:term":[{"taxonomy":"product_brand","embeddable":true,"href":"https:\/\/pureobagi.com\/es\/wp-json\/wp\/v2\/product_brand?post=29351"},{"taxonomy":"product_cat","embeddable":true,"href":"https:\/\/pureobagi.com\/es\/wp-json\/wp\/v2\/product_cat?post=29351"},{"taxonomy":"product_tag","embeddable":true,"href":"https:\/\/pureobagi.com\/es\/wp-json\/wp\/v2\/product_tag?post=29351"}],"curies":[{"name":"wp","href":"https:\/\/api.w.org\/{rel}","templated":true}]}}