{"id":29352,"date":"2021-05-18T15:39:02","date_gmt":"2021-05-18T14:39:02","guid":{"rendered":"https:\/\/pureobagi.com\/product\/obagi-ultimate-luxury-kit\/"},"modified":"2026-04-15T09:14:35","modified_gmt":"2026-04-15T08:14:35","slug":"obagi-ultimate-luxury-kit","status":"publish","type":"product","link":"https:\/\/pureobagi.com\/es\/producto\/obagi-ultimate-luxury-kit\/","title":{"rendered":"Obagi Ultimate Luxury Kit"},"content":{"rendered":"<p>Date un capricho o reg\u00e1lale a alguien especial el Pure Obagi Ultimate Luxury Kit. Este kit de 5 elementos de Obagi incluye sus productos estrella, cuya eficacia se ha probado cl\u00ednicamente para ayudar a aportar firmeza e hidrataci\u00f3n y disminuir la aparici\u00f3n de las arrugas y las l\u00edneas de expresi\u00f3n, a la vez que la mantiene limpia, pulida y protegida contra el sol.<\/p>\n<p>El Pure Obagi Ultimate Luxury Kit incluye Obagi-C<sup>\u00ae<\/sup> C-Cleansing Gel, que elimina de forma eficaz el maquillaje, la suciedad y la grasa para aclarar tu piel; Obagi Professional-C<sup>\u00ae<\/sup> Microdermabrasion Polish + Mask, con un 30&nbsp;% de \u00e1cido L-asc\u00f3rbico y cristales ultrafinos, exfolia y aporta vitamina C a tu piel; Obagi Daily Hydro-Drops<sup>\u00ae<\/sup> Facial Serum utiliza la tecnolog\u00eda Isoplentix\u2122 para mantener las formas m\u00e1s puras de los aceites de hibisco y abisinia para obtener una hidrataci\u00f3n m\u00e1xima con una formulaci\u00f3n ligera y lujosa;&nbsp;Obagi ELASTIderm<sup>\u00ae<\/sup> Facial Serum, formulado con Bi-Mineral Contour Complex\u2122, ha demostrado cl\u00ednicamente que deja la piel con un aspecto m\u00e1s firme en solo 24 horas; y Sun Shield Matte\u2122 Broad Spectrum SPF 50, que te protege contra los rayos UVA y UVB con su f\u00f3rmula no grasa.<\/p>\n","protected":false},"excerpt":{"rendered":"<p>Date un capricho o reg\u00e1lale a alguien especial el Pure Obagi Ultimate Luxury Kit. Este kit de 5 elementos de Obagi incluye sus productos estrella, cuya eficacia se ha probado cl\u00ednicamente para ayudar a aportar firmeza e hidrataci\u00f3n y disminuir la aparici\u00f3n de las arrugas y las l\u00edneas de expresi\u00f3n, a la vez que la [&hellip;]<\/p>\n","protected":false},"featured_media":20438,"comment_status":"open","ping_status":"closed","template":"","meta":{"_acf_changed":false},"product_brand":[],"product_cat":[463],"product_tag":[],"class_list":{"0":"post-29352","1":"product","2":"type-product","3":"status-publish","4":"has-post-thumbnail","6":"product_cat-gama-de-productos","8":"first","9":"outofstock","10":"taxable","11":"shipping-taxable","12":"purchasable","13":"product-type-simple"},"acf":[],"_links":{"self":[{"href":"https:\/\/pureobagi.com\/es\/wp-json\/wp\/v2\/product\/29352","targetHints":{"allow":["GET"]}}],"collection":[{"href":"https:\/\/pureobagi.com\/es\/wp-json\/wp\/v2\/product"}],"about":[{"href":"https:\/\/pureobagi.com\/es\/wp-json\/wp\/v2\/types\/product"}],"replies":[{"embeddable":true,"href":"https:\/\/pureobagi.com\/es\/wp-json\/wp\/v2\/comments?post=29352"}],"wp:featuredmedia":[{"embeddable":true,"href":"https:\/\/pureobagi.com\/es\/wp-json\/wp\/v2\/media\/20438"}],"wp:attachment":[{"href":"https:\/\/pureobagi.com\/es\/wp-json\/wp\/v2\/media?parent=29352"}],"wp:term":[{"taxonomy":"product_brand","embeddable":true,"href":"https:\/\/pureobagi.com\/es\/wp-json\/wp\/v2\/product_brand?post=29352"},{"taxonomy":"product_cat","embeddable":true,"href":"https:\/\/pureobagi.com\/es\/wp-json\/wp\/v2\/product_cat?post=29352"},{"taxonomy":"product_tag","embeddable":true,"href":"https:\/\/pureobagi.com\/es\/wp-json\/wp\/v2\/product_tag?post=29352"}],"curies":[{"name":"wp","href":"https:\/\/api.w.org\/{rel}","templated":true}]}}