{"id":29353,"date":"2021-05-18T15:33:28","date_gmt":"2021-05-18T14:33:28","guid":{"rendered":"https:\/\/pureobagi.com\/product\/obagi-spot-relief-kit\/"},"modified":"2025-06-06T14:28:43","modified_gmt":"2025-06-06T13:28:43","slug":"obagi-spot-relief-kit","status":"publish","type":"product","link":"https:\/\/pureobagi.com\/es\/producto\/obagi-spot-relief-kit\/","title":{"rendered":"Obagi Spot Relief Kit"},"content":{"rendered":"<p>Reduce la apariencia de rojeces, manchas y puntos negros con Pure Obagi Spot Relief Kit. Cuidadoso con la piel y apto para usar por la ma\u00f1ana y por la noche, Obagi CLENZIderm M.D.\u00ae Daily Care Foaming Cleanser contiene un 2&nbsp;% de \u00e1cido salic\u00edlico, un ingrediente clave que elimina las c\u00e9lulas muertas y descongestiona los poros. Con hamamelis, un potente antioxidante que ayuda a minimizar la aparici\u00f3n de los poros y la piel grasa, el ingrediente estrella de <strong>SUZAN<\/strong>OBAGI<strong>MD<\/strong><sup>TM<\/sup> Balancing Toner tambi\u00e9n elimina el exceso de impurezas y restaura los niveles de pH natural de la piel. Formulado para reducir la aparici\u00f3n de arrugas y l\u00edneas de expresi\u00f3n, <strong>SUZAN<\/strong>OBAGI<strong>MD<\/strong><sup>TM<\/sup> Retivance\u00ae Skin Rejuvenating Complex combina retinaldehido, que tu piel convierte directamente en \u00e1cido retinoico y que est\u00e1 considerado a\u00fan m\u00e1s poderoso que el retinol, pero sin sus efectos secundarios. El acabado perfecto en tu rutina para eliminar las manchas.<\/p>\n","protected":false},"excerpt":{"rendered":"<p>Reduce la apariencia de rojeces, manchas y puntos negros con Pure Obagi Spot Relief Kit. Cuidadoso con la piel y apto para usar por la ma\u00f1ana y por la noche, Obagi CLENZIderm M.D.\u00ae Daily Care Foaming Cleanser contiene un 2&nbsp;% de \u00e1cido salic\u00edlico, un ingrediente clave que elimina las c\u00e9lulas muertas y descongestiona los poros. [&hellip;]<\/p>\n","protected":false},"featured_media":20463,"comment_status":"open","ping_status":"closed","template":"","meta":{"_acf_changed":false},"product_brand":[],"product_cat":[463],"product_tag":[],"class_list":{"0":"post-29353","1":"product","2":"type-product","3":"status-publish","4":"has-post-thumbnail","6":"product_cat-gama-de-productos","8":"first","9":"outofstock","10":"taxable","11":"shipping-taxable","12":"purchasable","13":"product-type-simple"},"acf":[],"_links":{"self":[{"href":"https:\/\/pureobagi.com\/es\/wp-json\/wp\/v2\/product\/29353","targetHints":{"allow":["GET"]}}],"collection":[{"href":"https:\/\/pureobagi.com\/es\/wp-json\/wp\/v2\/product"}],"about":[{"href":"https:\/\/pureobagi.com\/es\/wp-json\/wp\/v2\/types\/product"}],"replies":[{"embeddable":true,"href":"https:\/\/pureobagi.com\/es\/wp-json\/wp\/v2\/comments?post=29353"}],"wp:featuredmedia":[{"embeddable":true,"href":"https:\/\/pureobagi.com\/es\/wp-json\/wp\/v2\/media\/20463"}],"wp:attachment":[{"href":"https:\/\/pureobagi.com\/es\/wp-json\/wp\/v2\/media?parent=29353"}],"wp:term":[{"taxonomy":"product_brand","embeddable":true,"href":"https:\/\/pureobagi.com\/es\/wp-json\/wp\/v2\/product_brand?post=29353"},{"taxonomy":"product_cat","embeddable":true,"href":"https:\/\/pureobagi.com\/es\/wp-json\/wp\/v2\/product_cat?post=29353"},{"taxonomy":"product_tag","embeddable":true,"href":"https:\/\/pureobagi.com\/es\/wp-json\/wp\/v2\/product_tag?post=29353"}],"curies":[{"name":"wp","href":"https:\/\/api.w.org\/{rel}","templated":true}]}}