{"id":29356,"date":"2021-05-18T15:25:33","date_gmt":"2021-05-18T14:25:33","guid":{"rendered":"https:\/\/pureobagi.com\/product\/obagi-gentle-mens-kit-for-normal-dry-skin\/"},"modified":"2022-01-26T12:52:06","modified_gmt":"2022-01-26T12:52:06","slug":"obagi-gentle-men-kit-normal-dry","status":"publish","type":"product","link":"https:\/\/pureobagi.com\/es\/producto\/obagi-gentle-men-kit-normal-dry\/","title":{"rendered":"Obagi Gentle Men&#8217;s Kit for Normal-Dry Skin"},"content":{"rendered":"<p>Pure Obagi Gentle Men&#39;s Kit for Normal-Dry Skin est\u00e1 creado para hombres con piel sensible. Limpia, nutre y protege la piel de forma sencilla y eficaz. Nu-Derm\u00ae Gentle Cleanser de Obagi ha sido especialmente formulado para piel normal a seca, limpi\u00e1ndola de las impurezas del entorno diario. Obagi Professional-C\u00ae Serum 10% ayuda a combatir la aparici\u00f3n de las arrugas y l\u00edneas de expresi\u00f3n, adem\u00e1s de a potenciar una luminosidad sana en tu piel. Este s\u00e9rum contiene un 10&nbsp;% de \u00e1cido L-asc\u00f3rbico (vitamina C), por lo que es eficaz adem\u00e1s de cuidadoso con las pieles sensibles e irritadas. Termina tu rutina de cuidado facial de Obagi con OBAGI360 HydraFactor\u00ae SPF 30 Sunscreen Moisturiser, uno de nuestros productos 2 en 1 m\u00e1s vendidos, que ofrece hidrataci\u00f3n y protecci\u00f3n contra los rayos UVA y UVB gracias a su f\u00f3rmula broad spectrum.<\/p>\n","protected":false},"excerpt":{"rendered":"<p>Pure Obagi Gentle Men&#39;s Kit for Normal-Dry Skin est\u00e1 creado para hombres con piel sensible. Limpia, nutre y protege la piel de forma sencilla y eficaz. Nu-Derm\u00ae Gentle Cleanser de Obagi ha sido especialmente formulado para piel normal a seca, limpi\u00e1ndola de las impurezas del entorno diario. Obagi Professional-C\u00ae Serum 10% ayuda a combatir la [&hellip;]<\/p>\n","protected":false},"featured_media":28072,"comment_status":"open","ping_status":"closed","template":"","meta":{"_acf_changed":false},"product_brand":[],"product_cat":[432,463,433,434,436,439,440,441,444,426,445,428,448,430,462],"product_tag":[],"class_list":{"0":"post-29356","1":"product","2":"type-product","3":"status-publish","4":"has-post-thumbnail","6":"product_cat-obagi360-system-es","7":"product_cat-gama-de-productos","8":"product_cat-piel-seca","9":"product_cat-hiperpigmentacion","10":"product_cat-vitamina-c","11":"product_cat-danos-solares","12":"product_cat-professional-c-portfolio-es","13":"product_cat-piel-envejecida-incluyendo-arrugas-y-lineas-de-expresion","14":"product_cat-piel-mixta","15":"product_cat-nu-derm-fx-system-es","16":"product_cat-normal-skin-es","17":"product_cat-limpiadores","18":"product_cat-proteccion-solar","19":"product_cat-piel-sensible","20":"product_cat-kits-para-el-cuidado-de-la-piel","22":"first","23":"instock","24":"taxable","25":"shipping-taxable","26":"purchasable","27":"product-type-simple"},"acf":[],"_links":{"self":[{"href":"https:\/\/pureobagi.com\/es\/wp-json\/wp\/v2\/product\/29356","targetHints":{"allow":["GET"]}}],"collection":[{"href":"https:\/\/pureobagi.com\/es\/wp-json\/wp\/v2\/product"}],"about":[{"href":"https:\/\/pureobagi.com\/es\/wp-json\/wp\/v2\/types\/product"}],"replies":[{"embeddable":true,"href":"https:\/\/pureobagi.com\/es\/wp-json\/wp\/v2\/comments?post=29356"}],"wp:featuredmedia":[{"embeddable":true,"href":"https:\/\/pureobagi.com\/es\/wp-json\/wp\/v2\/media\/28072"}],"wp:attachment":[{"href":"https:\/\/pureobagi.com\/es\/wp-json\/wp\/v2\/media?parent=29356"}],"wp:term":[{"taxonomy":"product_brand","embeddable":true,"href":"https:\/\/pureobagi.com\/es\/wp-json\/wp\/v2\/product_brand?post=29356"},{"taxonomy":"product_cat","embeddable":true,"href":"https:\/\/pureobagi.com\/es\/wp-json\/wp\/v2\/product_cat?post=29356"},{"taxonomy":"product_tag","embeddable":true,"href":"https:\/\/pureobagi.com\/es\/wp-json\/wp\/v2\/product_tag?post=29356"}],"curies":[{"name":"wp","href":"https:\/\/api.w.org\/{rel}","templated":true}]}}