{"id":29360,"date":"2021-05-18T15:18:14","date_gmt":"2021-05-18T14:18:14","guid":{"rendered":"https:\/\/pureobagi.com\/product\/obagi-fierce-mens-kit-for-normal-oily-skin\/"},"modified":"2022-01-26T12:51:24","modified_gmt":"2022-01-26T12:51:24","slug":"obagi-fierce-men-kit-normal-oily","status":"publish","type":"product","link":"https:\/\/pureobagi.com\/es\/producto\/obagi-fierce-men-kit-normal-oily\/","title":{"rendered":"Obagi Fierce Men&#8217;s Kit for Normal-Oily Skin"},"content":{"rendered":"<p>Descubre Obagi Fierce Men&#39;s Kit for Normal-Oily Skin, una sencilla pero potente rutina de cuatro pasos que limpia, ilumina, combate y protege tu piel.&nbsp; Obagi-C<sup>\u00ae<\/sup> C-Cleansing Gel es un limpiador que incorpora vitamina C antioxidante para ayudar a eliminar impurezas y defender tu piel contra los radicales libres Fomenta la luminosidad de tu piel con Obagi Professional-C<sup>\u00ae<\/sup> 15% Serum, que adem\u00e1s ayuda a minimizar la aparici\u00f3n de las arrugas y l\u00edneas de expresi\u00f3n. Con ingredientes clave como la cafe\u00edna, Obagi ELASTIderm<sup>\u00ae<\/sup> Eye Serum ayuda a reducir la aparici\u00f3n de bolsas bajo los ojos, al tiempo que su complejo Bi-Mineral Contour Complex\u2122 restaura la elasticidad de tu piel.<\/p>\n<p>Termina tu sencilla rutina de cuatro pasos con Obagi Sun Shield&nbsp;Matte<sup>TM<\/sup> Broad Spectrum SPF 50, un protector solar no graso, que ofrece un protecci\u00f3n broad spectrum contra los rayos UVA y UVB para proteger la piel de la hiperpigmentaci\u00f3n y las manchas producidas por el sol.<\/p>\n","protected":false},"excerpt":{"rendered":"<p>Descubre Obagi Fierce Men&#39;s Kit for Normal-Oily Skin, una sencilla pero potente rutina de cuatro pasos que limpia, ilumina, combate y protege tu piel.&nbsp; Obagi-C\u00ae C-Cleansing Gel es un limpiador que incorpora vitamina C antioxidante para ayudar a eliminar impurezas y defender tu piel contra los radicales libres Fomenta la luminosidad de tu piel con [&hellip;]<\/p>\n","protected":false},"featured_media":28077,"comment_status":"open","ping_status":"closed","template":"","meta":{"_acf_changed":false},"product_brand":[],"product_cat":[457,435,459,436,462,437,463,440,441,442,444,428,445,427,448,429,449,434],"product_tag":[],"class_list":{"0":"post-29360","1":"product","2":"type-product","3":"status-publish","4":"has-post-thumbnail","6":"product_cat-elastiderm-collection-es","7":"product_cat-moisturisers-hydrators-es","8":"product_cat-tratamientos-para-los-ojos","9":"product_cat-vitamina-c","10":"product_cat-kits-para-el-cuidado-de-la-piel","11":"product_cat-piel-apagada","12":"product_cat-gama-de-productos","13":"product_cat-professional-c-portfolio-es","14":"product_cat-piel-envejecida-incluyendo-arrugas-y-lineas-de-expresion","15":"product_cat-piel-madura","16":"product_cat-piel-mixta","17":"product_cat-limpiadores","18":"product_cat-normal-skin-es","19":"product_cat-obagi-c-fx-system-es","20":"product_cat-proteccion-solar","21":"product_cat-piel-grasa","22":"product_cat-obagi-sun-protection-es","23":"product_cat-hiperpigmentacion","25":"first","26":"outofstock","27":"taxable","28":"shipping-taxable","29":"purchasable","30":"product-type-simple"},"acf":[],"_links":{"self":[{"href":"https:\/\/pureobagi.com\/es\/wp-json\/wp\/v2\/product\/29360","targetHints":{"allow":["GET"]}}],"collection":[{"href":"https:\/\/pureobagi.com\/es\/wp-json\/wp\/v2\/product"}],"about":[{"href":"https:\/\/pureobagi.com\/es\/wp-json\/wp\/v2\/types\/product"}],"replies":[{"embeddable":true,"href":"https:\/\/pureobagi.com\/es\/wp-json\/wp\/v2\/comments?post=29360"}],"wp:featuredmedia":[{"embeddable":true,"href":"https:\/\/pureobagi.com\/es\/wp-json\/wp\/v2\/media\/28077"}],"wp:attachment":[{"href":"https:\/\/pureobagi.com\/es\/wp-json\/wp\/v2\/media?parent=29360"}],"wp:term":[{"taxonomy":"product_brand","embeddable":true,"href":"https:\/\/pureobagi.com\/es\/wp-json\/wp\/v2\/product_brand?post=29360"},{"taxonomy":"product_cat","embeddable":true,"href":"https:\/\/pureobagi.com\/es\/wp-json\/wp\/v2\/product_cat?post=29360"},{"taxonomy":"product_tag","embeddable":true,"href":"https:\/\/pureobagi.com\/es\/wp-json\/wp\/v2\/product_tag?post=29360"}],"curies":[{"name":"wp","href":"https:\/\/api.w.org\/{rel}","templated":true}]}}