{"id":31013,"date":"2020-10-14T19:56:57","date_gmt":"2020-10-14T18:56:57","guid":{"rendered":"https:\/\/pureobagi.com\/product\/obagi-hydrate\/"},"modified":"2026-04-10T09:27:26","modified_gmt":"2026-04-10T08:27:26","slug":"obagi-hydrate","status":"publish","type":"product","link":"https:\/\/pureobagi.com\/es\/producto\/obagi-hydrate\/","title":{"rendered":"Obagi Hydrate\u00ae"},"content":{"rendered":"<p><strong>Obagi Hydrate\u00ae<\/strong> proporciona una hidrataci\u00f3n que dura todo el d\u00eda al instante para mantener la piel suave y lisa. Cl\u00ednicamente probado hasta un m\u00e1ximo de ocho horas.<\/p>\n<p>Con la avanzada Hydromanil Technology para evitar la p\u00e9rdida de humedad en la superficie de la piel, Obagi Hydrate\u00ae libera ingredientes hidratantes de forma continua para hidratar la piel desde el interior. La hidratante tambi\u00e9n contiene manteca de karit\u00e9 y de mango, aceite de aguacate y glicerina para nutrir la piel y mantenerla suave y lisa.<\/p>\n<p>Obagi Hydrate\u00ae est\u00e1 testada dermatol\u00f3gicamente, no irrita la piel, no causa sensibilidad, est\u00e1 testada para alergias, es hipoalerg\u00e9nica y no obstruye los poros, \u00a1por lo que es apta para todo tipo de pieles! Esta hidratante facial tambi\u00e9n ayuda a proteger la piel sensible frente a los agentes estresantes medioambientales que producen las l\u00edneas de expresi\u00f3n y las manchas oscuras.<\/p>\n<p>Consigue una hidrataci\u00f3n duradera al instante con Obagi Hydrate\u00ae, cl\u00ednicamente probada hasta un m\u00e1ximo de ocho horas.<\/p>\n","protected":false},"excerpt":{"rendered":"<p>Obagi Hydrate\u00ae proporciona una hidrataci\u00f3n que dura todo el d\u00eda al instante para mantener la piel suave y lisa. Cl\u00ednicamente probado hasta un m\u00e1ximo de ocho horas. Con la avanzada Hydromanil Technology para evitar la p\u00e9rdida de humedad en la superficie de la piel, Obagi Hydrate\u00ae libera ingredientes hidratantes de forma continua para hidratar la [&hellip;]<\/p>\n","protected":false},"featured_media":36798,"comment_status":"open","ping_status":"closed","template":"","meta":{"_acf_changed":false},"product_brand":[],"product_cat":[435,460,437,439,441,442,426,443,429,444,430,445,431,446,433,447,434,451],"product_tag":[],"class_list":{"0":"post-31013","1":"product","2":"type-product","3":"status-publish","4":"has-post-thumbnail","6":"product_cat-moisturisers-hydrators-es","7":"product_cat-hydrators-es","8":"product_cat-piel-apagada","9":"product_cat-danos-solares","10":"product_cat-piel-envejecida-incluyendo-arrugas-y-lineas-de-expresion","11":"product_cat-piel-madura","12":"product_cat-nu-derm-fx-system-es","13":"product_cat-piel-rugosa","14":"product_cat-piel-grasa","15":"product_cat-piel-mixta","16":"product_cat-piel-sensible","17":"product_cat-normal-skin-es","18":"product_cat-piel-propensa-al-acne","19":"product_cat-rosacea-es","20":"product_cat-piel-seca","21":"product_cat-piel-deshidratada","22":"product_cat-hiperpigmentacion","23":"product_cat-piel-con-maskne","25":"first","26":"outofstock","27":"taxable","28":"shipping-taxable","29":"purchasable","30":"product-type-simple"},"acf":[],"_links":{"self":[{"href":"https:\/\/pureobagi.com\/es\/wp-json\/wp\/v2\/product\/31013","targetHints":{"allow":["GET"]}}],"collection":[{"href":"https:\/\/pureobagi.com\/es\/wp-json\/wp\/v2\/product"}],"about":[{"href":"https:\/\/pureobagi.com\/es\/wp-json\/wp\/v2\/types\/product"}],"replies":[{"embeddable":true,"href":"https:\/\/pureobagi.com\/es\/wp-json\/wp\/v2\/comments?post=31013"}],"wp:featuredmedia":[{"embeddable":true,"href":"https:\/\/pureobagi.com\/es\/wp-json\/wp\/v2\/media\/36798"}],"wp:attachment":[{"href":"https:\/\/pureobagi.com\/es\/wp-json\/wp\/v2\/media?parent=31013"}],"wp:term":[{"taxonomy":"product_brand","embeddable":true,"href":"https:\/\/pureobagi.com\/es\/wp-json\/wp\/v2\/product_brand?post=31013"},{"taxonomy":"product_cat","embeddable":true,"href":"https:\/\/pureobagi.com\/es\/wp-json\/wp\/v2\/product_cat?post=31013"},{"taxonomy":"product_tag","embeddable":true,"href":"https:\/\/pureobagi.com\/es\/wp-json\/wp\/v2\/product_tag?post=31013"}],"curies":[{"name":"wp","href":"https:\/\/api.w.org\/{rel}","templated":true}]}}