{"id":31014,"date":"2020-10-14T20:01:08","date_gmt":"2020-10-14T19:01:08","guid":{"rendered":"https:\/\/pureobagi.com\/product\/obagi-hydrate-luxe\/"},"modified":"2023-04-05T18:23:41","modified_gmt":"2023-04-05T17:23:41","slug":"obagi-hydrate-luxe","status":"publish","type":"product","link":"https:\/\/pureobagi.com\/es\/producto\/obagi-hydrate-luxe\/","title":{"rendered":"Obagi Hydrate Luxe\u00ae"},"content":{"rendered":"<p><strong>Obagi Hydrate Luxe\u00ae<\/strong> proporciona una hidrataci\u00f3n muy rica durante la noche con una textura lujosa similar a un b\u00e1lsamo. Con p\u00e9ptidos biomim\u00e9ticos para fomentar la funci\u00f3n de barrera de la piel e Hydromanil Technology para una hidrataci\u00f3n instant\u00e1nea y continua, probada cl\u00ednicamente para una duraci\u00f3n de hasta ocho horas.<\/p>\n<p>Para una hidrataci\u00f3n superior mientras duermes, prueba Obagi Hydrate Luxe\u00ae.<\/p>\n<p>Como hidratante facial lujosa y muy rica, Obagi Hydrate Luxe\u00ae contiene Hydromanil Technology que ofrece una hidrataci\u00f3n instant\u00e1nea y una retenci\u00f3n de la hidrataci\u00f3n cl\u00ednicamente probada hasta un m\u00e1ximo de ocho horas.<\/p>\n<p>La manteca de karit\u00e9 y de mango y el aceite de aguacate ofrecen una hidrataci\u00f3n profunda, combatiendo la sequedad y aportando a tu piel un aspecto m\u00e1s suave y radiante. Tambi\u00e9n contiene p\u00e9ptidos biomim\u00e9ticos que reducen los signos del envejecimiento de la piel.<\/p>\n","protected":false},"excerpt":{"rendered":"<p>Obagi Hydrate Luxe\u00ae proporciona una hidrataci\u00f3n muy rica durante la noche con una textura lujosa similar a un b\u00e1lsamo. Con p\u00e9ptidos biomim\u00e9ticos para fomentar la funci\u00f3n de barrera de la piel e Hydromanil Technology para una hidrataci\u00f3n instant\u00e1nea y continua, probada cl\u00ednicamente para una duraci\u00f3n de hasta ocho horas. Para una hidrataci\u00f3n superior mientras duermes, [&hellip;]<\/p>\n","protected":false},"featured_media":36818,"comment_status":"open","ping_status":"closed","template":"","meta":{"_acf_changed":false},"product_brand":[],"product_cat":[452,460,426,430,433,435,441,442,443,447],"product_tag":[],"class_list":{"0":"post-31014","1":"product","2":"type-product","3":"status-publish","4":"has-post-thumbnail","6":"product_cat-los-mas-vendidos","7":"product_cat-hydrators-es","8":"product_cat-nu-derm-fx-system-es","9":"product_cat-piel-sensible","10":"product_cat-piel-seca","11":"product_cat-moisturisers-hydrators-es","12":"product_cat-piel-envejecida-incluyendo-arrugas-y-lineas-de-expresion","13":"product_cat-piel-madura","14":"product_cat-piel-rugosa","15":"product_cat-piel-deshidratada","17":"first","18":"instock","19":"taxable","20":"shipping-taxable","21":"purchasable","22":"product-type-simple"},"acf":[],"_links":{"self":[{"href":"https:\/\/pureobagi.com\/es\/wp-json\/wp\/v2\/product\/31014","targetHints":{"allow":["GET"]}}],"collection":[{"href":"https:\/\/pureobagi.com\/es\/wp-json\/wp\/v2\/product"}],"about":[{"href":"https:\/\/pureobagi.com\/es\/wp-json\/wp\/v2\/types\/product"}],"replies":[{"embeddable":true,"href":"https:\/\/pureobagi.com\/es\/wp-json\/wp\/v2\/comments?post=31014"}],"wp:featuredmedia":[{"embeddable":true,"href":"https:\/\/pureobagi.com\/es\/wp-json\/wp\/v2\/media\/36818"}],"wp:attachment":[{"href":"https:\/\/pureobagi.com\/es\/wp-json\/wp\/v2\/media?parent=31014"}],"wp:term":[{"taxonomy":"product_brand","embeddable":true,"href":"https:\/\/pureobagi.com\/es\/wp-json\/wp\/v2\/product_brand?post=31014"},{"taxonomy":"product_cat","embeddable":true,"href":"https:\/\/pureobagi.com\/es\/wp-json\/wp\/v2\/product_cat?post=31014"},{"taxonomy":"product_tag","embeddable":true,"href":"https:\/\/pureobagi.com\/es\/wp-json\/wp\/v2\/product_tag?post=31014"}],"curies":[{"name":"wp","href":"https:\/\/api.w.org\/{rel}","templated":true}]}}