{"id":35759,"date":"2021-10-18T14:46:40","date_gmt":"2021-10-18T13:46:40","guid":{"rendered":"https:\/\/pureobagi.com\/product\/face-lift-trio-kit-de-navidad-de-edicion-limitada\/"},"modified":"2021-11-17T15:53:12","modified_gmt":"2021-11-17T15:53:12","slug":"face-lift-trio-christmas-limited-edition-kit","status":"publish","type":"product","link":"https:\/\/pureobagi.com\/es\/producto\/face-lift-trio-christmas-limited-edition-kit\/","title":{"rendered":"Face Lift Trio \u2013 Kit de Navidad de edici\u00f3n limitada"},"content":{"rendered":"<p>Transforma tu piel con este Face Lift Trio de edici\u00f3n limitada. Combina tres productos clave para tratar la flacidez, los signos de envejecimiento y la piel apagada.<\/p>\n<p>ELASTIderm\u00ae Facial Serum est\u00e1 formulado con el complejo patentado Bi-Mineral Contour Complex\u2122, que ayuda a potenciar la elasticidad de la piel, dej\u00e1ndola con un aspecto m\u00e1s firme y resistente. El 100&nbsp;% de los participantes que probaron este s\u00e9rum durante 12 semanas afirmaron que su cutis se ve\u00eda m\u00e1s firme.<\/p>\n<p>SUZANOBAGIMD Retivance\u00ae Skin Rejuvenating Complex contiene retinaldehido, un retinoide o derivado de la vitamina A, que ha demostrado que mejora la firmeza y elasticidad de la piel, incluidas las arrugas y las l\u00edneas de expresi\u00f3n. Con extracto de camomila para calmar la piel y minimizar la irritaci\u00f3n, este retinoide de Obagi puede utilizarse hasta para la piel sensible.<\/p>\n<p>Obagi Professional-C\u00ae Microdermabrasion Polish + Mask es una mascarilla que ha sido galardonada en 2021 en los premios Shape 2021 Skin Awards. Con cristales ultrafinos, esta mascarilla de dermoabrasi\u00f3n ayuda a eliminar las c\u00e9lulas muertas de la piel, revelando una piel suave. Con un 30&nbsp;% de \u00e1cido L-asc\u00f3rbico (vitamina C), esta mascarilla tambi\u00e9n deja la piel radiante al tiempo que act\u00faa como un potente antioxidante frente a las l\u00edneas de expresi\u00f3n y las arrugas.<\/p>\n<p>Aparta el pelo de la cara durante tu rutina de cuidado de la piel con esta exclusiva cinta Obagi Medical Headband.<\/p>\n","protected":false},"excerpt":{"rendered":"<p>Transforma tu piel con este Face Lift Trio de edici\u00f3n limitada. Combina tres productos clave para tratar la flacidez, los signos de envejecimiento y la piel apagada. ELASTIderm\u00ae Facial Serum est\u00e1 formulado con el complejo patentado Bi-Mineral Contour Complex\u2122, que ayuda a potenciar la elasticidad de la piel, dej\u00e1ndola con un aspecto m\u00e1s firme y [&hellip;]<\/p>\n","protected":false},"featured_media":0,"comment_status":"closed","ping_status":"closed","template":"","meta":{"_acf_changed":false},"product_brand":[],"product_cat":[442,456,458,463,436,441],"product_tag":[],"class_list":{"0":"post-35759","1":"product","2":"type-product","3":"status-publish","5":"product_cat-piel-madura","6":"product_cat-tratamientos-para-rostro-y-cuello","7":"product_cat-retinoides","8":"product_cat-gama-de-productos","9":"product_cat-vitamina-c","10":"product_cat-piel-envejecida-incluyendo-arrugas-y-lineas-de-expresion","12":"first","13":"outofstock","14":"taxable","15":"shipping-taxable","16":"purchasable","17":"product-type-simple"},"acf":[],"_links":{"self":[{"href":"https:\/\/pureobagi.com\/es\/wp-json\/wp\/v2\/product\/35759","targetHints":{"allow":["GET"]}}],"collection":[{"href":"https:\/\/pureobagi.com\/es\/wp-json\/wp\/v2\/product"}],"about":[{"href":"https:\/\/pureobagi.com\/es\/wp-json\/wp\/v2\/types\/product"}],"replies":[{"embeddable":true,"href":"https:\/\/pureobagi.com\/es\/wp-json\/wp\/v2\/comments?post=35759"}],"wp:attachment":[{"href":"https:\/\/pureobagi.com\/es\/wp-json\/wp\/v2\/media?parent=35759"}],"wp:term":[{"taxonomy":"product_brand","embeddable":true,"href":"https:\/\/pureobagi.com\/es\/wp-json\/wp\/v2\/product_brand?post=35759"},{"taxonomy":"product_cat","embeddable":true,"href":"https:\/\/pureobagi.com\/es\/wp-json\/wp\/v2\/product_cat?post=35759"},{"taxonomy":"product_tag","embeddable":true,"href":"https:\/\/pureobagi.com\/es\/wp-json\/wp\/v2\/product_tag?post=35759"}],"curies":[{"name":"wp","href":"https:\/\/api.w.org\/{rel}","templated":true}]}}