{"id":35763,"date":"2021-10-18T14:45:35","date_gmt":"2021-10-18T13:45:35","guid":{"rendered":"https:\/\/pureobagi.com\/product\/pure-obagi-deluxe-mini-cracker\/"},"modified":"2025-06-06T13:25:18","modified_gmt":"2025-06-06T12:25:18","slug":"pure-obagi-deluxe-mini-cracker","status":"publish","type":"product","link":"https:\/\/pureobagi.com\/es\/producto\/pure-obagi-deluxe-mini-cracker\/","title":{"rendered":"Pure Obagi Deluxe Mini Cracker"},"content":{"rendered":"<p>\u00a1Por fin ha llegado la sorpresa navide\u00f1a de edici\u00f3n limitada! Deluxe Mini Cracker contiene tres productos Obagi en miniaturas deluxe muy populares en todo el mundo y es una excelente elecci\u00f3n como regalo para alguien especial, para el amigo invisible o para darte un capricho y cuidar tu piel. Pure Obagi Deluxe Mini Cracker incluye estos productos superventas en envases de 5&nbsp;ml:<\/p>\n<ul>\n<li>Obagi Professional-C\u00ae Microdermabrasion Polish + Mask, una mascarilla exfoliante para usar en casa con un 30&nbsp;% de \u00e1cido L-asc\u00f3rbico (vitamina C).<\/li>\n<li>Obagi Daily Hydro-Drops\u2122, un s\u00e9rum de hidrataci\u00f3n ligera que deja una sensaci\u00f3n suave y fresca en la piel.<\/li>\n<li>ELASTIderm\u00ae Facial Serum, que ha demostrado cl\u00ednicamente que deja la piel con un aspecto m\u00e1s firme en solo 24 horas.<\/li>\n<\/ul>\n","protected":false},"excerpt":{"rendered":"<p>\u00a1Por fin ha llegado la sorpresa navide\u00f1a de edici\u00f3n limitada! Deluxe Mini Cracker contiene tres productos Obagi en miniaturas deluxe muy populares en todo el mundo y es una excelente elecci\u00f3n como regalo para alguien especial, para el amigo invisible o para darte un capricho y cuidar tu piel. Pure Obagi Deluxe Mini Cracker incluye [&hellip;]<\/p>\n","protected":false},"featured_media":0,"comment_status":"closed","ping_status":"closed","template":"","meta":{"_acf_changed":false},"product_brand":[],"product_cat":[441,442,444,445,452,456,462,433,463,435,671,436,437],"product_tag":[],"class_list":{"0":"post-35763","1":"product","2":"type-product","3":"status-publish","5":"product_cat-piel-envejecida-incluyendo-arrugas-y-lineas-de-expresion","6":"product_cat-piel-madura","7":"product_cat-piel-mixta","8":"product_cat-normal-skin-es","9":"product_cat-los-mas-vendidos","10":"product_cat-tratamientos-para-rostro-y-cuello","11":"product_cat-kits-para-el-cuidado-de-la-piel","12":"product_cat-piel-seca","13":"product_cat-gama-de-productos","14":"product_cat-moisturisers-hydrators-es","15":"product_cat-regalos-por-menos-de-100","16":"product_cat-vitamina-c","17":"product_cat-piel-apagada","19":"first","20":"outofstock","21":"sale","22":"taxable","23":"shipping-taxable","24":"purchasable","25":"product-type-simple"},"acf":[],"_links":{"self":[{"href":"https:\/\/pureobagi.com\/es\/wp-json\/wp\/v2\/product\/35763","targetHints":{"allow":["GET"]}}],"collection":[{"href":"https:\/\/pureobagi.com\/es\/wp-json\/wp\/v2\/product"}],"about":[{"href":"https:\/\/pureobagi.com\/es\/wp-json\/wp\/v2\/types\/product"}],"replies":[{"embeddable":true,"href":"https:\/\/pureobagi.com\/es\/wp-json\/wp\/v2\/comments?post=35763"}],"wp:attachment":[{"href":"https:\/\/pureobagi.com\/es\/wp-json\/wp\/v2\/media?parent=35763"}],"wp:term":[{"taxonomy":"product_brand","embeddable":true,"href":"https:\/\/pureobagi.com\/es\/wp-json\/wp\/v2\/product_brand?post=35763"},{"taxonomy":"product_cat","embeddable":true,"href":"https:\/\/pureobagi.com\/es\/wp-json\/wp\/v2\/product_cat?post=35763"},{"taxonomy":"product_tag","embeddable":true,"href":"https:\/\/pureobagi.com\/es\/wp-json\/wp\/v2\/product_tag?post=35763"}],"curies":[{"name":"wp","href":"https:\/\/api.w.org\/{rel}","templated":true}]}}