{"id":47551,"date":"2022-02-04T15:20:34","date_gmt":"2022-02-04T15:20:34","guid":{"rendered":"https:\/\/pureobagi.com\/product\/obagi-sun-shield-tint-broad-spectrum-spf-50-warm\/"},"modified":"2022-03-04T12:05:08","modified_gmt":"2022-03-04T12:05:08","slug":"obagi-sun-shield-tint-broad-spectrum-spf-50-warm","status":"publish","type":"product","link":"https:\/\/pureobagi.com\/es\/producto\/obagi-sun-shield-tint-broad-spectrum-spf-50-warm\/","title":{"rendered":"Obagi Sun Shield\u2122 Tint Broad Spectrum SPF 50 Warm"},"content":{"rendered":"<p>Obagi Sun Shield Tint Broad Spectrum SPF 50 Warm es una crema solar ligera, formulada con ingredientes f\u00edsicos y qu\u00edmicos para proporcionar protecci\u00f3n contra los rayos UVA y UVB. Estos ingredientes activos bloquean lo rayos da\u00f1inos del sol, y absorben y libertan radiaci\u00f3n para ofrecer protecci\u00f3n broad spectrum, defender de los rayos infrarrojos (IR), de la luz visible y alta energ\u00eda (HEV) y de la luz azul.<\/p>\n<p>La crema solar Obagi Sun Shield\u2122 Tint Broad Spectrum SPF 50 Warm es recomendada por la Skin Cancer Foundation (Fundaci\u00f3n del C\u00e1ncer de la Piel) para uso diario, ayudando a cubrir suavemente imperfecciones peque\u00f1as o manchas. El Obagi Sun Shield\u2122 Tint Broad Spectrum SPF 50 Warm es dise\u00f1ado para combinar con matices naturales en vez del tono de la piel, y es ideal para pieles con matices rosadas o beige.<\/p>\n<p><em>\u00bfLo sab\u00edas?<\/em> Utilizar una crema solar de protecci\u00f3n de amplio espectro con factor 30 o m\u00e1s alto, juntamente con un programa de protecci\u00f3n solar comprensivo, incluyendo utilizar ropa protectora, gorros, gafas de sol, y evitar el sol entre las 10:00 \u2013 14:00 puede ayudar a reducir el risco de envejecimiento prematuro de la piel.<\/p>\n","protected":false},"excerpt":{"rendered":"<p>Obagi Sun Shield Tint Broad Spectrum SPF 50 Warm es una crema solar ligera, formulada con ingredientes f\u00edsicos y qu\u00edmicos para proporcionar protecci\u00f3n contra los rayos UVA y UVB. Estos ingredientes activos bloquean lo rayos da\u00f1inos del sol, y absorben y libertan radiaci\u00f3n para ofrecer protecci\u00f3n broad spectrum, defender de los rayos infrarrojos (IR), de [&hellip;]<\/p>\n","protected":false},"featured_media":46068,"comment_status":"open","ping_status":"closed","template":"","meta":{"_acf_changed":false},"product_brand":[],"product_cat":[445,448,449,463,429,430,433,439,441,444],"product_tag":[],"class_list":{"0":"post-47551","1":"product","2":"type-product","3":"status-publish","4":"has-post-thumbnail","6":"product_cat-normal-skin-es","7":"product_cat-proteccion-solar","8":"product_cat-obagi-sun-protection-es","9":"product_cat-gama-de-productos","10":"product_cat-piel-grasa","11":"product_cat-piel-sensible","12":"product_cat-piel-seca","13":"product_cat-danos-solares","14":"product_cat-piel-envejecida-incluyendo-arrugas-y-lineas-de-expresion","15":"product_cat-piel-mixta","17":"first","18":"instock","19":"taxable","20":"shipping-taxable","21":"purchasable","22":"product-type-simple"},"acf":[],"_links":{"self":[{"href":"https:\/\/pureobagi.com\/es\/wp-json\/wp\/v2\/product\/47551","targetHints":{"allow":["GET"]}}],"collection":[{"href":"https:\/\/pureobagi.com\/es\/wp-json\/wp\/v2\/product"}],"about":[{"href":"https:\/\/pureobagi.com\/es\/wp-json\/wp\/v2\/types\/product"}],"replies":[{"embeddable":true,"href":"https:\/\/pureobagi.com\/es\/wp-json\/wp\/v2\/comments?post=47551"}],"wp:featuredmedia":[{"embeddable":true,"href":"https:\/\/pureobagi.com\/es\/wp-json\/wp\/v2\/media\/46068"}],"wp:attachment":[{"href":"https:\/\/pureobagi.com\/es\/wp-json\/wp\/v2\/media?parent=47551"}],"wp:term":[{"taxonomy":"product_brand","embeddable":true,"href":"https:\/\/pureobagi.com\/es\/wp-json\/wp\/v2\/product_brand?post=47551"},{"taxonomy":"product_cat","embeddable":true,"href":"https:\/\/pureobagi.com\/es\/wp-json\/wp\/v2\/product_cat?post=47551"},{"taxonomy":"product_tag","embeddable":true,"href":"https:\/\/pureobagi.com\/es\/wp-json\/wp\/v2\/product_tag?post=47551"}],"curies":[{"name":"wp","href":"https:\/\/api.w.org\/{rel}","templated":true}]}}