{"id":55748,"date":"2022-05-10T09:40:10","date_gmt":"2022-05-10T08:40:10","guid":{"rendered":"https:\/\/pureobagi.com\/product\/suzanobagimd-acne-prone-skin-cleansing-wipes\/"},"modified":"2022-05-10T09:40:10","modified_gmt":"2022-05-10T08:40:10","slug":"suzanobagimd-acne-prone-skin-cleansing-wipes","status":"publish","type":"product","link":"https:\/\/pureobagi.com\/es\/producto\/suzanobagimd-acne-prone-skin-cleansing-wipes\/","title":{"rendered":"SUZANOBAGIMD\u2122 Acne-Prone Skin Cleansing Wipes"},"content":{"rendered":"<p><strong>SUZANOBAGIMD\u2122 Acne-Prone Skin Cleansing Wipes para piel grasa son formuladas con un 2% de \u00c1cido Salic\u00edlico para desbloquear los poros eficazmente y reducir la probabilidad de formaci\u00f3n de imperfecciones o lesiones, mientras refresca la piel.<\/strong><\/p>\n<p>El \u00c1cido Salic\u00edlico es un tipo de BHA, que funciona eficazmente al disolver c\u00e9lulas muertas de la piel y aceites que bloquean los poros y causan se\u00f1ales de acn\u00e9, incluyendo puntos negros, blancos e imperfecciones.<\/p>\n<p>Estas toallitas refrescantes son tambi\u00e9n enriquecidas con Hamamelis, que remueve el exceso de grasa e impuridades para minimizar la apariencia de los poros, y el trio antioxidante caracter\u00edstico de la Dr. Suzan Obagi: BioDTox. Esta combinaci\u00f3n de Aloe, Broccoli Extract y Citrus Bioflavanoids funciona conjuntamente para hidratar y calmar la piel, as\u00ed como protegerla de los radicales libres y contaminantes medioambientales.<\/p>\n<p>Perfectas para utilizar en el d\u00eda-a-d\u00eda, despu\u00e9s del gimnasio o despu\u00e9s de una mascarilla facial, las SUZANOBAGIMD\u2122 Acne-Prone Skin Cleansing Wipes son una soluci\u00f3n de cuidado de piel conveniente para los que tienen la piel grasa cuando no es practico hacer una rutina facial completa.<\/p>\n<p>\u00bfLo sab\u00edas? El \u00c1cido Salic\u00edlico trabaja para llegar a los poros m\u00e1s profundos, evitando que los fol\u00edculos de pelo se obstruyan y mejorando la absorci\u00f3n y la penetraci\u00f3n de los siguientes ingredientes clave.<\/p>\n","protected":false},"excerpt":{"rendered":"<p>SUZANOBAGIMD\u2122 Acne-Prone Skin Cleansing Wipes para piel grasa son formuladas con un 2% de \u00c1cido Salic\u00edlico para desbloquear los poros eficazmente y reducir la probabilidad de formaci\u00f3n de imperfecciones o lesiones, mientras refresca la piel. El \u00c1cido Salic\u00edlico es un tipo de BHA, que funciona eficazmente al disolver c\u00e9lulas muertas de la piel y aceites [&hellip;]<\/p>\n","protected":false},"featured_media":0,"comment_status":"open","ping_status":"closed","template":"","meta":{"_acf_changed":false},"product_brand":[],"product_cat":[429,431,461,463,428],"product_tag":[],"class_list":{"0":"post-55748","1":"product","2":"type-product","3":"status-publish","5":"product_cat-piel-grasa","6":"product_cat-piel-propensa-al-acne","7":"product_cat-suzanobagimd-es","8":"product_cat-gama-de-productos","9":"product_cat-limpiadores","11":"first","12":"outofstock","13":"taxable","14":"shipping-taxable","15":"purchasable","16":"product-type-simple"},"acf":[],"_links":{"self":[{"href":"https:\/\/pureobagi.com\/es\/wp-json\/wp\/v2\/product\/55748","targetHints":{"allow":["GET"]}}],"collection":[{"href":"https:\/\/pureobagi.com\/es\/wp-json\/wp\/v2\/product"}],"about":[{"href":"https:\/\/pureobagi.com\/es\/wp-json\/wp\/v2\/types\/product"}],"replies":[{"embeddable":true,"href":"https:\/\/pureobagi.com\/es\/wp-json\/wp\/v2\/comments?post=55748"}],"wp:attachment":[{"href":"https:\/\/pureobagi.com\/es\/wp-json\/wp\/v2\/media?parent=55748"}],"wp:term":[{"taxonomy":"product_brand","embeddable":true,"href":"https:\/\/pureobagi.com\/es\/wp-json\/wp\/v2\/product_brand?post=55748"},{"taxonomy":"product_cat","embeddable":true,"href":"https:\/\/pureobagi.com\/es\/wp-json\/wp\/v2\/product_cat?post=55748"},{"taxonomy":"product_tag","embeddable":true,"href":"https:\/\/pureobagi.com\/es\/wp-json\/wp\/v2\/product_tag?post=55748"}],"curies":[{"name":"wp","href":"https:\/\/api.w.org\/{rel}","templated":true}]}}