{"id":29907,"date":"2020-12-14T23:06:16","date_gmt":"2020-12-14T23:06:16","guid":{"rendered":"https:\/\/pureobagi.com\/politique-relative-aux-cookies\/"},"modified":"2021-08-12T14:49:57","modified_gmt":"2021-08-12T13:49:57","slug":"politique-relative-aux-cookies","status":"publish","type":"page","link":"https:\/\/pureobagi.com\/fr\/politique-relative-aux-cookies\/","title":{"rendered":"Politique relative aux cookies"},"content":{"rendered":"\n<p>Ce site Web utilise des cookies. En utilisant ce site Web et en acceptant la politique d\u00e9crite ci-dessous, vous consentez \u00e0 PureObagi l&#8217;utilisation par de cookies comme indiqu\u00e9 dans les termes de la pr\u00e9sente politique.<\/p>\n\n<p>Les Cookies sont des fichiers envoy\u00e9s depuis un serveur web vers un navigateur web et sont, sauf indication contraire, stock\u00e9s par ce navigateur web. Ces informations sont ensuite retourn\u00e9es au serveur web \u00e0 partir du navigateur web chaque fois qu&#8217;une page est demand\u00e9e au serveur. Ce processus permet aux serveurs Web d&#8217;identifier et de suivre les navigateurs Web et certains types d&#8217;activit\u00e9s.<\/p>\n\n<p>PureObagi Utilisation des cookies<\/p>\n\n<p>Notre site Web utilise des cookies aux fins suivantes :<\/p>\n\n<ul class=\"wp-block-list\"><li>Cookies n\u00e9cessaires \u00e0 des fins et fonctions essentielles du site Web<\/li><li>Cookies d&#8217;am\u00e9lioration du site Web<\/li><li>Cookies de fonctionnalit\u00e9 du site Web de Vimeo (pour lecture vid\u00e9o)<\/li><li>Cookies analytiques pour le suivi et le reporting<\/li><\/ul>\n\n<p>Cookies Google<\/p>\n\n<p>Notre site utilise \u00e9galement des cookies pour analyser l&#8217;utilisation de ce site Web via Google Analytics. La collecte de ces donn\u00e9es est utilis\u00e9e pour rapporter et analyser les performances du site Web. PureObagi Google est responsable du stockage s\u00e9curis\u00e9 de ces informations et vous pouvez en savoir plus sur sa politique de confidentialit\u00e9.<\/p>\n\n<p>Le PureObagi site Web ne promeut aucune publicit\u00e9 de tiers et n&#8217;affiche donc pas le contenu de la plateforme Google Adsense.<\/p>\n\n<p>D\u00e9sactivation des Cookies<\/p>\n\n<p>Les Cookies augmentent g\u00e9n\u00e9ralement l&#8217;utilisabilit\u00e9 et votre exp\u00e9rience de ce site Web. Toutefois, si vous souhaitez naviguer sur notre site sans utiliser de cookies, la plupart des navigateurs vous donneront la possibilit\u00e9 de refuser d&#8217;accepter les cookies.<\/p>\n\n<p>Bien que les param\u00e8tres d\u00e9pendent du navigateur que vous utilisez, vous pouvez g\u00e9n\u00e9ralement choisir de personnaliser vos param\u00e8tres dans le menu Outils.<\/p>\n","protected":false},"excerpt":{"rendered":"<p>Ce site Web utilise des cookies. En utilisant ce site Web et en acceptant la politique d\u00e9crite ci-dessous, vous consentez \u00e0 PureObagi l&#8217;utilisation par de cookies comme indiqu\u00e9 dans les termes de la pr\u00e9sente politique. Les Cookies sont des fichiers envoy\u00e9s depuis un serveur web vers un navigateur web et sont, sauf indication contraire, stock\u00e9s [&hellip;]<\/p>\n","protected":false},"author":1,"featured_media":0,"parent":0,"menu_order":0,"comment_status":"closed","ping_status":"closed","template":"","meta":{"_acf_changed":false,"footnotes":""},"class_list":["post-29907","page","type-page","status-publish","hentry"],"acf":[],"_links":{"self":[{"href":"https:\/\/pureobagi.com\/fr\/wp-json\/wp\/v2\/pages\/29907","targetHints":{"allow":["GET"]}}],"collection":[{"href":"https:\/\/pureobagi.com\/fr\/wp-json\/wp\/v2\/pages"}],"about":[{"href":"https:\/\/pureobagi.com\/fr\/wp-json\/wp\/v2\/types\/page"}],"author":[{"embeddable":true,"href":"https:\/\/pureobagi.com\/fr\/wp-json\/wp\/v2\/users\/1"}],"replies":[{"embeddable":true,"href":"https:\/\/pureobagi.com\/fr\/wp-json\/wp\/v2\/comments?post=29907"}],"version-history":[{"count":1,"href":"https:\/\/pureobagi.com\/fr\/wp-json\/wp\/v2\/pages\/29907\/revisions"}],"predecessor-version":[{"id":29908,"href":"https:\/\/pureobagi.com\/fr\/wp-json\/wp\/v2\/pages\/29907\/revisions\/29908"}],"wp:attachment":[{"href":"https:\/\/pureobagi.com\/fr\/wp-json\/wp\/v2\/media?parent=29907"}],"curies":[{"name":"wp","href":"https:\/\/api.w.org\/{rel}","templated":true}]}}