{"id":29917,"date":"2020-10-19T17:33:09","date_gmt":"2020-10-19T16:33:09","guid":{"rendered":"https:\/\/pureobagi.com\/politique-de-confidentialite\/"},"modified":"2021-08-12T15:16:44","modified_gmt":"2021-08-12T14:16:44","slug":"politique-de-confidentialite","status":"publish","type":"page","link":"https:\/\/pureobagi.com\/fr\/politique-de-confidentialite\/","title":{"rendered":"Politique de confidentialit\u00e9"},"content":{"rendered":"\n<ul class=\"wp-block-list\"><li>1. D\u00e9claration de confidentialit\u00e9<\/li><li>2. R\u00e9glementations en mati\u00e8re de Protection des donn\u00e9es<\/li><li>3. Quelles informations recueillons-nous aupr\u00e8s de vous ?<\/li><li>4. Cookies<\/li><li>5. Comment utilisons-nous les informations ?<\/li><li>6. Comment traitons-nous vos informations ?<\/li><li>7. \u00c0 qui pouvons-nous divulguer vos informations ?<\/li><li>8. Comment puis-je contr\u00f4ler l&#8217;utilisation de mes informations ?<\/li><li>9. Modifications apport\u00e9es \u00e0 la d\u00e9claration de confidentialit\u00e9<\/li><li>10. Votre droit de porter plainte<\/li><\/ul>\n\n<p>Clever Aesthetic Tech Ltd (\u201cPure Obagi\u201d) (\u00abnous\u00bb, \u00abnous\u00bb, \u00abnotre\u00bb) D\u00e9claration de confidentialit\u00e9. Voici notre d\u00e9claration de confidentialit\u00e9 qui d\u00e9taille la fa\u00e7on dont nous utilisons vos donn\u00e9es personnelles ( les \u00ab donn\u00e9es personnelles\u00bb) lorsque vous utilisez notre site Web www.pureobagi.com. Nous prenons nos responsabilit\u00e9s en mati\u00e8re de protection des donn\u00e9es au s\u00e9rieux.<\/p>\n\n<p>1 D\u00e9claration de confidentialit\u00e9<\/p>\n\n<p>1.1 Ce site Internet est d\u00e9tenu par Clever Aesthetic Tech Ltd (\u201cPure Obagi\u201d) une soci\u00e9t\u00e9 immatricul\u00e9e en Unit 16 The Exchange, Calmount Business Park, Ballymount, Dublin, D12 RF43 sous le num\u00e9ro 676949. Pure Obagi\u2019s Les num\u00e9ros d&#8217;enregistrement aupr\u00e8s de Office of the Data Protection Commissioners l&#8217;\u00e0 Guernesey( \u00eeles Anglo-Normandes) sont 64473.<\/p>\n\n<p>1.2 La loi sur la Protection des donn\u00e9es (Bailiwick of Guernsey) 2017, la loi sur la Protection des donn\u00e9es (Jersey) 2018 et le nouveau r\u00e8glement europ\u00e9en sur la Protection g\u00e9n\u00e9rale des donn\u00e9es (mis en \u0153uvre au Royaume-Uni le 25 mai 2018) (les \u00abr\u00e8glements\u00bb) d\u00e9finissent nos responsabilit\u00e9s. Nous devons prot\u00e9ger vos donn\u00e9es.<\/p>\n\n<p>1.3 La pr\u00e9sente d\u00e9claration de confidentialit\u00e9 d\u00e9crit la fa\u00e7on dont nous obtiendrons et conserverons vos donn\u00e9es personnelles. Ceci est connu sous le nom de \u00ab traitement\u00bb. Lorsqu&#8217;elle est lue conjointement avec nos Conditions g\u00e9n\u00e9rales d&#8217;utilisation et notre politique relative aux cookies, cette d\u00e9claration de confidentialit\u00e9 couvre notre relation avec vous en relation avec ce site Web. En continuant \u00e0 naviguer et \u00e0 utiliser ce site Web, vous acceptez cette d\u00e9claration de confidentialit\u00e9. Si vous n&#8217;\u00eates pas d&#8217;accord avec une partie de cette d\u00e9claration de confidentialit\u00e9, veuillez ne pas utiliser notre site Web.<\/p>\n\n<p>1.4 toutes les questions, commentaires et demandes que vous pourriez avoir concernant cette d\u00e9claration de confidentialit\u00e9 sont les bienvenus et doivent \u00eatre adress\u00e9s \u00e0: Data Protection Officer \u00e0 l&#8217;adresse info@pureobagi.com.<\/p>\n\n<p>2 r\u00e9glementations de Protection des donn\u00e9es<\/p>\n\n<p>2.1 Aux fins de la pr\u00e9sente d\u00e9claration de confidentialit\u00e9: (a) Nous d\u00e9terminons les objectifs et la mani\u00e8re dont vos donn\u00e9es personnelles sont, ou doit \u00eatre trait\u00e9, et nous sommes connus sous le nom de contr\u00f4leur de donn\u00e9es (\u00abcontr\u00f4leur de donn\u00e9es\u00bb); et (b) en nous soumettant vos donn\u00e9es et informations pour la collecte, Poign\u00e9e et processus, Vous serez la personne qui fait l&#8217;objet des donn\u00e9es (le \u00abSujet des donn\u00e9es\u00bb); et (c) dans le traitement de vos donn\u00e9es et informations, Toutes les autres parties engag\u00e9es pour traiter les donn\u00e9es par le contr\u00f4leur de donn\u00e9es seront connues sous le nom de (\u00abtraitement des donn\u00e9es\u00bb).<\/p>\n\n<ol class=\"wp-block-list\" start=\"3\"><li>Quelles informations recueillons-nous aupr\u00e8s de vous ?<\/li><\/ol>\n\n<p>3.1 Nous pouvons collecter et traiter les donn\u00e9es et informations suivantes que vous nous fournissez si vous enregistrez un compte, Passer une commande de marchandises, ou si vous soumettez du contenu sur notre site Web ou autrement en correspondant avec nous par e-mail ou autrement: (a) Le nom et la date de naissance; (b) Les coordonn\u00e9es, y compris l&#8217;adresse, Adresse e-mail, Num\u00e9ro de t\u00e9l\u00e9phone; (c) les informations n\u00e9cessaires aux fins de la soumission d&#8217;une commande.<\/p>\n\n<p>3.2 Nous comprenons que les donn\u00e9es recueillies au 3.1(c) sont des donn\u00e9es personnelles.<\/p>\n\n<p>3.3 Nous collecterons et traiterons automatiquement les donn\u00e9es suivantes \u00e0 partir de votre visite sur notre site web: (a) informations techniques, y compris l&#8217;adresse du protocole internet (IP) utilis\u00e9e pour connecter votre ordinateur \u00e0 Internet, Vos informations de connexion, type de navigateur et version, r\u00e9glage du fuseau horaire, types et versions de plug-in de navigateur, Syst\u00e8me d&#8217;exploitation et plateforme; (b) des informations sur votre visite, y compris le localisateur complet de ressources uniformes (URL), clickstream vers, via et depuis notre site Web (y compris la date et l&#8217;heure), Produits que vous avez vus ou recherch\u00e9s, Temps de r\u00e9ponse des pages, Erreurs de t\u00e9l\u00e9chargement, dur\u00e9e des visites de certaines pages, Informations sur les interactions de page (telles que le d\u00e9filement, clics, et de souris), M\u00e9thodes utilis\u00e9es pour naviguer loin de la page, et tout num\u00e9ro de t\u00e9l\u00e9phone utilis\u00e9 pour appeler notre num\u00e9ro de service client et toute autre donn\u00e9e ou mesure anonyme qui identifie le comportement de l&#8217;utilisateur et les habitudes des internautes.<\/p>\n\n<ol class=\"wp-block-list\" start=\"4\"><li>Cookies<\/li><\/ol>\n\n<p>4.1 En visitant ce site Web, vous consentez \u00e0 ce qu&#8217;il utilise des cookies pour vous distinguer des autres utilisateurs. L&#8217;utilisation de cookies ne nous donne en aucun cas acc\u00e8s \u00e0 votre ordinateur ou \u00e0 des donn\u00e9es personnelles, autres que les donn\u00e9es et informations que vous choisissez de partager avec nous.<\/p>\n\n<p>4.2 Vous pouvez choisir d&#8217;accepter ou de refuser les cookies en modifiant les param\u00e8tres de votre propre navigateur.<\/p>\n\n<p>4.3 De plus amples informations sur les cookies que nous utilisons et sur leur fonctionnement sont disponibles dans notre politique relative aux cookies.<\/p>\n\n<ol class=\"wp-block-list\" start=\"5\"><li>Comment utilisons-nous ces informations ?<\/li><\/ol>\n\n<p>5.1 Nous utiliserons les donn\u00e9es et informations que vous nous fournirez: (a) pour vous permettre de cr\u00e9er un compte sur le site Web; (b) pour analyser, processus, Emballer et livrer votre \/ vos commande (s); (c) conserver et maintenir nos dossiers commerciaux internes; (d) \u00e0 nos fins de formation interne; (e) en cas d&#8217;int\u00e9r\u00eat l\u00e9gitime, pour vous fournir nos propres informations marketing personnalis\u00e9es qui, Selon nous, peuvent r\u00e9pondre \u00e0 vos int\u00e9r\u00eats et \u00e0 vos besoins.<\/p>\n\n<p>5.2 Nous nous r\u00e9servons le droit d&#8217;ajouter \u00e0 la liste des utilisations de la clause 5.1. Nous n&#8217;utiliserons pas les donn\u00e9es et informations pr\u00e9collect\u00e9es pour toute nouvelle utilisation de vos donn\u00e9es sans vous consulter et sans obtenir votre consentement expr\u00e8s si nous sommes tenus de le faire en vertu de la r\u00e9glementation.<\/p>\n\n<p>5.3 Lorsque vous nous fournissez des informations aux fins de l&#8217;enregistrement du compte et des commandes d\u00e9crites ci-dessus, nous pouvons utiliser ces informations fournies afin de v\u00e9rifier les informations fournies, traiter votre demande et votre commande. Nous pouvons \u00e9galement transf\u00e9rer les donn\u00e9es vers nos processeurs de donn\u00e9es afin d&#8217;ex\u00e9cuter ou d&#8217;analyser votre commande.<\/p>\n\n<p>5.4 nous nous r\u00e9servons le droit d&#8217;anonymiser vos donn\u00e9es pour obtenir une analyse tout en conservant votre vie priv\u00e9e.<\/p>\n\n<ol class=\"wp-block-list\" start=\"6\"><li>5.4 nous nous r\u00e9servons le droit d&#8217;anonymiser vos donn\u00e9es pour obtenir une analyse tout en conservant votre vie priv\u00e9e.<\/li><\/ol>\n\n<p>6.1 Les donn\u00e9es et informations que nous recueillons aupr\u00e8s de vous seront transf\u00e9r\u00e9es vers et stock\u00e9es en toute s\u00e9curit\u00e9 par notre tiers h\u00e9bergeant: Linode, situ\u00e9 en R\u00e9publique f\u00e9d\u00e9rale d&#8217;Allemagne.<\/p>\n\n<p>6.2 Nous nous engageons \u00e0 garantir la s\u00e9curit\u00e9 de vos donn\u00e9es et informations. Afin d&#8217;emp\u00eacher tout acc\u00e8s ou divulgation non autoris\u00e9, Nous avons mis en place des les proc\u00e9dures \u00e9lectroniques et officielles pour prot\u00e9ger et s\u00e9curiser les informations que nous recueillons en ligne, y compris: (a) Toutes les donn\u00e9es et informations que vous nous fournissez sont stock\u00e9es sur des serveurs s\u00e9curis\u00e9s; (b) Toutes les transactions de paiement seront chiffr\u00e9es \u00e0 l&#8217;aide de la technologie SSL; (c) Lorsque nous vous avons donn\u00e9 (ou lorsque vous avez choisi) un mot de passe qui vous permet d&#8217;acc\u00e9der \u00e0 certaines parties de notre site Web, Il vous incombe de garder ce mot de passe confidentiel. Nous vous demandons de ne pas partager un mot de passe avec quiconque; (d) effacer les informations et d\u00e9truire les copies conserv\u00e9es; (e) Mettre r\u00e9guli\u00e8rement \u00e0 jour notre proc\u00e9dure d&#8217;examen.<\/p>\n\n<p>6.3 Toutes les donn\u00e9es personnelles que nous recueillons comme d\u00e9crit \u00e0 la clause 3.1 seront trait\u00e9es conform\u00e9ment \u00e0 la r\u00e9glementation, et uniquement pour nous permettre de traiter votre demande ou demande. Vos donn\u00e9es personnelles seront stock\u00e9es en toute s\u00e9curit\u00e9 et ne seront pas transmises \u00e0 des tiers.<\/p>\n\n<ol class=\"wp-block-list\" start=\"7\"><li>\u00c0 qui pouvons-nous divulguer vos informations ?<\/li><\/ol>\n\n<p>7.1 En nous fournissant des donn\u00e9es et des informations, Vous acceptez que nous divulguions de telles informations, Si n\u00e9cessaire aux fins et utilisations \u00e9num\u00e9r\u00e9es dans la clause 5, pour: (a) nos employ\u00e9s, Les repr\u00e9sentants des agents et tout traiteur de donn\u00e9es officiellement engag\u00e9 pour traiter les donn\u00e9es en notre nom; (b) des tiers s\u00e9lectionn\u00e9s, y compris: (i) partenaires commerciaux, fournisseurs et sous-traitants pour l&#8217;ex\u00e9cution de tout contrat que nous concluons avec vous; (ii) Les fournisseurs de moteurs d&#8217;analyse et de recherche qui nous aident \u00e0 am\u00e9liorer et optimiser notre site Web; (iii) les commer\u00e7ants de cartes de paiement qui se conforment \u00e0 la r\u00e9glementation (c) toute autre tierce partie que nous sommes l\u00e9galement tenus de divulguer vos informations \u00e0. PCI\/DSS<\/p>\n\n<p>7.2 Nous divulguerons vos donn\u00e9es personnelles uniquement aux parties qui ont une responsabilit\u00e9 juridique suffisante pour leur protection et qui ont mis en place des mesures de confidentialit\u00e9 et de s\u00e9curit\u00e9 suffisantes pour s&#8217;assurer raisonnablement qu&#8217;elles seront prot\u00e9g\u00e9es et trait\u00e9es de mani\u00e8re appropri\u00e9e.<\/p>\n\n<p>7.3 Nous pouvons divulguer vos donn\u00e9es personnelles \u00e0 des tiers: (a) Dans le cas o\u00f9 nous vendons ou achetons une entreprise ou des actifs, Dans ce cas, Nous divulguerons vos donn\u00e9es personnelles au vendeur ou \u00e0 l&#8217;acheteur potentiel de ces activit\u00e9s ou actifs; (b) Si nos actifs, ou la quasi-totalit\u00e9 de nos actifs sont acquis par des tiers, Dans ce cas, Les donn\u00e9es personnelles qu&#8217;elle d\u00e9tient \u00e0 propos de nos clients feront partie des actifs transf\u00e9r\u00e9s; (c) si nous avons le devoir de divulguer ou de partager vos donn\u00e9es personnelles afin de nous conformer \u00e0 toute obligation l\u00e9gale, ou afin d&#8217;appliquer ou d&#8217;appliquer nos Conditions d&#8217;utilisation; ou pour prot\u00e9ger nos droits, propri\u00e9t\u00e9 ou s\u00e9curit\u00e9 de nos clients ou d&#8217;autres personnes. Cela inclut l&#8217;\u00e9change d&#8217;informations avec d&#8217;autres soci\u00e9t\u00e9s et organisations \u00e0 des fins de protection contre la fraude et de r\u00e9duction des risques de cr\u00e9dit.<\/p>\n\n<ol class=\"wp-block-list\" start=\"8\"><li>Comment puis-je contr\u00f4ler l&#8217;utilisation de mes informations ?<\/li><\/ol>\n\n<p>8.1 Vous pouvez choisir de restreindre la collecte ou l&#8217;utilisation de vos donn\u00e9es personnelles si vous avez pr\u00e9c\u00e9demment accept\u00e9 que nous utilisions vos donn\u00e9es personnelles \u00e0 des fins de marketing direct, vous pouvez changer d&#8217;avis \u00e0 tout moment en nous \u00e9crivant \u00e0, responsable de la Protection des donn\u00e9es \u00e0 l&#8217;adresse info@pureobagi.com<\/p>\n\n<p>8.2 La r\u00e9glementation vous donne le droit d&#8217;acc\u00e9der aux informations vous concernant. Votre droit d&#8217;acc\u00e8s peut \u00eatre exerc\u00e9 conform\u00e9ment \u00e0 la loi. Toute demande d&#8217;acc\u00e8s sera gratuite. Si vous souhaitez obtenir une copie des informations vous concernant, veuillez nous \u00e9crire \u00e0 l&#8217;agent de Protection des donn\u00e9es \u00e0 l&#8217;adresse info@pureobagi.com<\/p>\n\n<p>8.3 Si vous pensez que toute information que nous d\u00e9tenons \u00e0 votre sujet est incorrecte ou incompl\u00e8te, veuillez nous \u00e9crire ou nous envoyer un e-mail d\u00e8s que possible, \u00e0 l&#8217;adresse ci-dessus. Nous corrigerons rapidement toute information jug\u00e9e incorrecte.<\/p>\n\n<ol class=\"wp-block-list\" start=\"9\"><li>Modifications apport\u00e9es \u00e0 la d\u00e9claration de confidentialit\u00e9<\/li><\/ol>\n\n<p>9.1 Nous nous r\u00e9servons le droit d&#8217;apporter des modifications \u00e0 cette politique sans pr\u00e9avis de temps \u00e0 autre en mettant \u00e0 jour cette page. \u00c0 chaque fois que vous souhaitez utiliser notre site Web, veuillez consulter l&#8217;\u00e9nonc\u00e9 pour vous assurer que vous comprenez les conditions qui s&#8217;appliquent \u00e0 ce moment-l\u00e0.<\/p>\n\n<p>9.2 La d\u00e9claration actuelle int\u00e8gre les exigences de GDPR qui sont entr\u00e9es en vigueur le 25 mai 2018.<\/p>\n\n<ol class=\"wp-block-list\" start=\"10\"><li>Votre droit de se plaindre<\/li><\/ol>\n\n<p>10.1 Si vous pensez que les informations que nous d\u00e9tenons ne sont pas trait\u00e9es correctement, vous avez le droit de porter plainte aupr\u00e8s du Commissaire aux donn\u00e9es.<\/p>\n","protected":false},"excerpt":{"rendered":"<p>1. D\u00e9claration de confidentialit\u00e9 2. R\u00e9glementations en mati\u00e8re de Protection des donn\u00e9es 3. Quelles informations recueillons-nous aupr\u00e8s de vous ? 4. Cookies 5. Comment utilisons-nous les informations ? 6. Comment traitons-nous vos informations ? 7. \u00c0 qui pouvons-nous divulguer vos informations ? 8. Comment puis-je contr\u00f4ler l&#8217;utilisation de mes informations ? 9. Modifications apport\u00e9es \u00e0 [&hellip;]<\/p>\n","protected":false},"author":1,"featured_media":0,"parent":0,"menu_order":0,"comment_status":"closed","ping_status":"closed","template":"","meta":{"_acf_changed":false,"footnotes":""},"class_list":["post-29917","page","type-page","status-publish","hentry"],"acf":[],"_links":{"self":[{"href":"https:\/\/pureobagi.com\/fr\/wp-json\/wp\/v2\/pages\/29917","targetHints":{"allow":["GET"]}}],"collection":[{"href":"https:\/\/pureobagi.com\/fr\/wp-json\/wp\/v2\/pages"}],"about":[{"href":"https:\/\/pureobagi.com\/fr\/wp-json\/wp\/v2\/types\/page"}],"author":[{"embeddable":true,"href":"https:\/\/pureobagi.com\/fr\/wp-json\/wp\/v2\/users\/1"}],"replies":[{"embeddable":true,"href":"https:\/\/pureobagi.com\/fr\/wp-json\/wp\/v2\/comments?post=29917"}],"version-history":[{"count":1,"href":"https:\/\/pureobagi.com\/fr\/wp-json\/wp\/v2\/pages\/29917\/revisions"}],"predecessor-version":[{"id":29918,"href":"https:\/\/pureobagi.com\/fr\/wp-json\/wp\/v2\/pages\/29917\/revisions\/29918"}],"wp:attachment":[{"href":"https:\/\/pureobagi.com\/fr\/wp-json\/wp\/v2\/media?parent=29917"}],"curies":[{"name":"wp","href":"https:\/\/api.w.org\/{rel}","templated":true}]}}