{"id":29919,"date":"2020-10-19T17:29:43","date_gmt":"2020-10-19T16:29:43","guid":{"rendered":"https:\/\/pureobagi.com\/quiz-cutane\/"},"modified":"2021-08-12T15:18:42","modified_gmt":"2021-08-12T14:18:42","slug":"quiz-cutane","status":"publish","type":"page","link":"https:\/\/pureobagi.com\/fr\/quiz-cutane\/","title":{"rendered":"Quiz cutan\u00e9"},"content":{"rendered":"\n<p class=\"has-text-align-center po-tagline\">Pure Obagi<\/p>\n\n<h2 class=\"has-text-align-center wp-block-heading\">Votre type de peau est tout aussi unique que vous\u00a0!<\/h2>\n\n<p class=\"has-text-align-center\">R\u00e9pondez aux questions pour identifier votre type de peau, et parlez-nous de vos probl\u00e8mes de peau pour des recommandations imm\u00e9diates.<\/p>\n\n<div class=\"rh-widget rh-inline\" data-url=\"https:\/\/admin.revenuehunt.com\/public\/quiz\/vwHBLq\" style=\"margin: 10px auto; width: 100%; height: 600px; display: flex;\"><\/div>\n\n<p><\/p>\n","protected":false},"excerpt":{"rendered":"<p>Pure Obagi Votre type de peau est tout aussi unique que vous\u00a0! R\u00e9pondez aux questions pour identifier votre type de peau, et parlez-nous de vos probl\u00e8mes de peau pour des recommandations imm\u00e9diates.<\/p>\n","protected":false},"author":1,"featured_media":0,"parent":0,"menu_order":0,"comment_status":"closed","ping_status":"closed","template":"template-fullwidth.php","meta":{"_acf_changed":false,"footnotes":""},"class_list":["post-29919","page","type-page","status-publish","hentry"],"acf":[],"_links":{"self":[{"href":"https:\/\/pureobagi.com\/fr\/wp-json\/wp\/v2\/pages\/29919","targetHints":{"allow":["GET"]}}],"collection":[{"href":"https:\/\/pureobagi.com\/fr\/wp-json\/wp\/v2\/pages"}],"about":[{"href":"https:\/\/pureobagi.com\/fr\/wp-json\/wp\/v2\/types\/page"}],"author":[{"embeddable":true,"href":"https:\/\/pureobagi.com\/fr\/wp-json\/wp\/v2\/users\/1"}],"replies":[{"embeddable":true,"href":"https:\/\/pureobagi.com\/fr\/wp-json\/wp\/v2\/comments?post=29919"}],"version-history":[{"count":3,"href":"https:\/\/pureobagi.com\/fr\/wp-json\/wp\/v2\/pages\/29919\/revisions"}],"predecessor-version":[{"id":29922,"href":"https:\/\/pureobagi.com\/fr\/wp-json\/wp\/v2\/pages\/29919\/revisions\/29922"}],"wp:attachment":[{"href":"https:\/\/pureobagi.com\/fr\/wp-json\/wp\/v2\/media?parent=29919"}],"curies":[{"name":"wp","href":"https:\/\/api.w.org\/{rel}","templated":true}]}}