{"id":30156,"date":"2020-10-19T17:33:06","date_gmt":"2020-10-19T16:33:06","guid":{"rendered":"https:\/\/pureobagi.com\/conditions-generales\/"},"modified":"2022-03-22T17:05:22","modified_gmt":"2022-03-22T17:05:22","slug":"conditions-generales","status":"publish","type":"page","link":"https:\/\/pureobagi.com\/fr\/conditions-generales\/","title":{"rendered":"Conditions g\u00e9n\u00e9rales"},"content":{"rendered":"\n<p>Veuillez lire les informations suivantes avant d&#8217;explorer le PureObagi site.<\/p>\n\n<p>Les informations contenues dans le site sont destin\u00e9es \u00e0 des informations g\u00e9n\u00e9rales et aux fonctions d&#8217;achat. Il est essentiel que vous acceptiez les conditions g\u00e9n\u00e9rales dans leur int\u00e9gralit\u00e9 avant d&#8217;utiliser le site.<\/p>\n\n<p>En commandant l&#8217;un de nos produits, vous acceptez d&#8217;\u00eatre li\u00e9 (e) par nos conditions g\u00e9n\u00e9rales.<\/p>\n\n<p><b>Licence d&#8217;utilisation du site<\/b> Internet<\/p>\n\n<p>Sauf indication contraire, PureObagi d\u00e9tient les droits de propri\u00e9t\u00e9 intellectuelle pour le site Web et le mat\u00e9riel contenu dans le site Web.<\/p>\n\n<p>Vous pouvez consulter le mat\u00e9riel, le t\u00e9l\u00e9charger pour votre usage personnel et imprimer des pages pour un usage personnel, sous r\u00e9serve des limitations ci-dessous ;<\/p>\n\n<p>Vous ne devez pas :<\/p>\n\n<ul class=\"wp-block-list\"><li>Republier des documents directement depuis le site<\/li><li>vendre des informations sur le site<\/li><li>afficher tout contenu des pages du site Web en public<\/li><li>reproduire tout mat\u00e9riau \u00e0 des fins commerciales<\/li><li>Modifier ou modifier tout contenu du site Web<\/li><li>redistribuer le mat\u00e9riel depuis le site<\/li><\/ul>\n\n<p><b>En utilisant ce site, vous assumez l&#8217;enti\u00e8re responsabilit\u00e9 de tous les risques associ\u00e9s \u00e0 l&#8217;acc\u00e8s et \u00e0 l&#8217;utilisation du site.<\/b><br\/> Cela inclut la contamination par des virus informatiques.<br\/>En visitant le site, vous devez accepter de ne pas enfreindre les droits d&#8217;auteur. Vous n&#8217;\u00eates pas autoris\u00e9 (e) \u00e0 utiliser le mat\u00e9riel ou \u00e0 en faire des copies, autrement que pour votre usage personnel.<br\/> Passer une commande vous confirmez que vous \u00eates l\u00e9galement en mesure de conclure un contrat contraignant et que vous avez au moins 18 ans.<br\/><br\/><b>Nos responsabilit\u00e9<\/b><br\/>nous ne pouvons garantir que le site sera accessible en tout temps, et nous nous r\u00e9servons le droit de retirer des informations et des produits sans pr\u00e9avis.<br\/> Les informations et les conseils fournis par ce site sont fournis \u00e0 titre informatif uniquement et ne remplacent pas les conseils et le traitement d&#8217;un m\u00e9decin praticien<br\/>PureObagi. peut fournir des liens vers des sites Web externes. Ces liens sont \u00e0 votre convenance et PureObagi d\u00e9clinent toute responsabilit\u00e9 quant \u00e0 leur contenu. L&#8217;acc\u00e8s \u00e0 de tels sites Web est strictement \u00e0 vos propres risques.<br\/><br\/><b>Relation contractuelle<\/b><br\/>les prix des produits sur le PureObagi site Web incluent les taxes et sont propos\u00e9s \u00e0 la vente au client aux prix affich\u00e9s, plus les frais d&#8217;exp\u00e9dition le cas \u00e9ch\u00e9ant.<br\/>Apr\u00e8s avoir pass\u00e9 une commande, vous recevrez un e-mail automatique de PureObagi la part de confirmant que nous avons re\u00e7u votre commande.<br\/>Nous nous engageons \u00e0 ex\u00e9cuter votre commande et \u00e0 livrer les marchandises \u00e0 l&#8217;adresse de livraison indiqu\u00e9e lors de la passation de votre commande.Pour toutes les commandes, nous utilisons la livraison enregistr\u00e9e par dmil et, dans la plupart des cas, les commandes sont livr\u00e9es dans les 2 \u00e0 7 jours ouvr\u00e9s suivant l&#8217;exp\u00e9dition.Dans certains cas, la livraison peut prendre plus de temps et le client doit pr\u00e9voir jusqu&#8217;\u00e0 14 jours pour la r\u00e9ception de sa commande. Si vous \u00eates en Europe et n&#8217;avez pas re\u00e7u les marchandises dans les 14 jours suivant l&#8217;acceptation de la commande, PureObagi enverra une commande de remplacement gratuitement.<br\/>Veuillez noter que vous devez signer votre commande d\u00e8s r\u00e9ception.Il s&#8217;agit d&#8217;une obligation contractuelle de la part du client qui confirme que les marchandises ont \u00e9t\u00e9 livr\u00e9es au destinataire.La r\u00e9ception sign\u00e9e de la livraison doit \u00eatre effectu\u00e9e par le destinataire.<br\/>\u00a0<br\/><b>Utilisation Acceptable du site<\/b><br\/>vous ne pouvez utiliser le site Web de quelque mani\u00e8re que ce soit qui pourrait causer des dommages au site, ou qui serait, de quelque mani\u00e8re que ce soit, ill\u00e9gale, frauduleuse ou pr\u00e9judiciable.<br\/>Vous ne devez pas utiliser notre site Web pour des logiciels informatiques malveillants.<br\/>Vous ne devez pas collecter des donn\u00e9es sur notre site Web ni les utiliser \u00e0 des fins marketing sans notre consentement \u00e9crit.<br\/><br\/><b>Acc\u00e8s restreint<\/b><br\/>nous nous r\u00e9servons le droit de restreindre l&#8217;acc\u00e8s \u00e0 notre site Internet \u00e0 notre discr\u00e9tion. En utilisant le site, vous acceptez les conditions g\u00e9n\u00e9rales.<br\/><br\/><b>Garanties limit\u00e9es<\/b><br\/>bien que nous nous efforcions de le faire, nous ne garantissons pas l&#8217;exhaustivit\u00e9 ou l&#8217;exactitude des informations publi\u00e9es sur ce site Web, ou qu&#8217;elles seront mises \u00e0 jour de mani\u00e8re continue.<br\/>Nous Garantissez que nos produits seront de qualit\u00e9 satisfaisante, et que notre responsabilit\u00e9 sera limit\u00e9e au prix d&#8217;achat du produit.<br\/><br\/><b> responsabilit\u00e9 aucune disposition<\/b><br\/>des pr\u00e9sentes conditions g\u00e9n\u00e9rales ne peut limiter ou exclure notre responsabilit\u00e9 en cas de d\u00e9c\u00e8s ou de blessures r\u00e9sultant d&#8217;une n\u00e9gligence ou d&#8217;une fraude ou d&#8217;une d\u00e9claration frauduleuse.<br\/>Nous ne serons pas tenus responsables \u00e0 l&#8217;\u00e9gard de toute perte d\u00e9coulant d&#8217;un \u00e9v\u00e9nement \u00e9chappant \u00e0 notre contr\u00f4le raisonnable, d&#8217;inclure, sans s&#8217;y limiter, les gr\u00e8ves, les actions industrielles, les commotions civiles, les catastrophes naturelles, les restrictions gouvernementales et la l\u00e9gislation.<br\/>Nous ne pourra \u00eatre tenu responsable en cas de perte, ou de corruption, de donn\u00e9es, ou de logiciels, \u00e9chappant \u00e0 notre contr\u00f4le raisonnable.<br\/> Les conditions g\u00e9n\u00e9rales ne sont pas destin\u00e9es \u00e0 servir les int\u00e9r\u00eats de tiers ou \u00e0 exclure toute responsabilit\u00e9 \u00e0 l&#8217;\u00e9gard de tiers.<br\/><br\/><b> Des conditions g\u00e9n\u00e9rales sans pr\u00e9judice de nos droits, si vous violez ces conditions g\u00e9n\u00e9rales, nous pouvons prendre les mesures n\u00e9cessaires pour rem\u00e9dier \u00e0 la violation et demander des dommages et int\u00e9r\u00eats, y compris engager les proc\u00e9dures judiciaires requises par la loi.<\/b><br\/><br\/><br\/><b>prix, Paiement et livraison<\/b><br\/>le prix payable pour les marchandises est le prix indiqu\u00e9 sur le site Internet, plus l&#8217;exp\u00e9dition pour les r\u00e9gions applicables. Le paiement sera effectu\u00e9 avant l&#8217;envoi des marchandises.<br\/>Les clients doivent fournir une adresse de facturation valide qui correspond \u00e0 l&#8217;adresse \u00e0 laquelle leur carte de d\u00e9bit ou de cr\u00e9dit est enregistr\u00e9e.Le non-respect de cette consigne peut entra\u00eener le rejet de la transaction par le prestataire de paiement.Si une adresse non valide est fournie, PureObagi peut demander au client de fournir des justificatifs de l&#8217;adresse de facturation, tels qu&#8217;un relev\u00e9 de d\u00e9bit ou de carte de cr\u00e9dit ou une facture de service public.<br\/>Les marchandises seront livr\u00e9es \u00e0 l&#8217;adresse fournie au moment de la commande.<br\/>Toutes les commandes sont envoy\u00e9es via un service de livraison enregistr\u00e9 et doivent \u00eatre sign\u00e9es pour d\u00e8s r\u00e9ception par le destinataire.Si le destinataire n&#8217;est pas pr\u00e9sent au moment de la livraison, la commande peut \u00eatre pass\u00e9e dans un centre postal local pour \u00eatre encaiss\u00e9e ou re-livr\u00e9e.Il est de la responsabilit\u00e9 du client d&#8217;organiser le ramassage ou la relivraison de l&#8217;article.Le non-respect de cette consigne entra\u00eenera le retour de l&#8217;article \u00e0 PureObagi.Si un article est retourn\u00e9, PureObagi contactera le client pour organiser une nouvelle livraison \u00e0 la m\u00eame adresse ou \u00e0 une autre adresse. PureObagi se r\u00e9serve le droit de facturer au Client les frais d&#8217;affranchissement de toute nouvelle livraison d&#8217;articles.<br\/>La livraison des articles est effectu\u00e9e par un tiers, ne PureObagi peut donc pas garantir la livraison \u00e0 une certaine date.La majorit\u00e9 des commandes sont livr\u00e9es dans un d\u00e9lai de 2 \u00e0 7 jours ouvr\u00e9s, cependant, les clients doivent pr\u00e9voir jusqu&#8217;\u00e0 14 jours ouvr\u00e9s pour la livraison avant PureObagi que n&#8217;envoie \u00e0 nouveau une commande. <br\/><br\/>Tous les produits et emballages, le cas \u00e9ch\u00e9ant, seront conformes aux r\u00e9glementations de l&#8217;Union europ\u00e9enne. Cela signifie que dans certains cas, l&#8217;emballage et le produit varieront l\u00e9g\u00e8rement par rapport aux produits fournis aux \u00c9tats-Unis. La principale diff\u00e9rence sera une politique \u00ab sans parab\u00e8nes\u00bb en raison d&#8217;un changement dans les l\u00e9gislations de l&#8217;Union europ\u00e9enne concernant certains produits chimiques. Il a \u00e9t\u00e9 d\u00e9montr\u00e9 que les produits produisaient les m\u00eames effets th\u00e9rapeutiques et nous garantissons que tous les produits obmalade proviendront du fabricant obmalade avec une piste d&#8217;audit tra\u00e7able pour vous assurer de recevoir des produits authentiques enti\u00e8rement test\u00e9s cliniquement.<br\/>Nous sommes d\u00e9sol\u00e9s de ne pouvoir reprendre ni rembourser les produits une fois ouverts. Bien que nous tentions de nous assurer que tous les produits ont une date d&#8217;expiration au-del\u00e0 de 6 mois \u00e0 compter de la date d&#8217;expiration, nous ne sommes pas en mesure de remplacer ou de rembourser les \u00ab produits obsol\u00e8tes\u00bb qui vous ont \u00e9t\u00e9 livr\u00e9s plus de 3 mois calendaires \u00e0 compter de la date d&#8217;expiration. En cas de produits d\u00e9fectueux, veuillez les retourner afin que nous puissions contacter le fabricant et vous aider \u00e0 les remplacer et \u00e0 les rembourser le cas \u00e9ch\u00e9ant.<br\/>Commandes refus\u00e9es et non livrables &#8211; tous les colis non livrables en raison d&#8217;un nom ou d&#8217;une adresse incorrect, ou de l&#8217;absence de collecte, seront rembours\u00e9s moins les frais PureObagi de livraison encourus lors de l&#8217;envoi de la commande au client.<br\/>Si une commande n&#8217;a pas \u00e9t\u00e9 collect\u00e9e dans le temps imparti et que le client souhaite qu&#8217;elle soit r\u00e9envoy\u00e9e, nous nous r\u00e9servons le droit de facturer des frais postaux suppl\u00e9mentaires.<br\/>Nous nous r\u00e9servons le droit de ne pas fournir les Marchandises, bien que le Client ait pu soumettre une Commande.<br\/><br\/><b>Commandes internationales<\/b><br\/>tous les droits de douane ou d&#8217;importation sont factur\u00e9s une fois que le colis atteint son pays de destination. Ces frais doivent \u00eatre pay\u00e9s par le destinataire du colis.<br\/>Malheureusement, Nous n&#8217;avons aucun contr\u00f4le sur ces frais, et nous ne pouvons pas vous dire quel serait le co\u00fbt, car les politiques douani\u00e8res et les droits d&#8217;importation varient consid\u00e9rablement d&#8217;un pays \u00e0 l&#8217;autre.<br\/>Il peut \u00eatre une bonne id\u00e9e de contacter votre bureau de douane local pour les frais courants avant votre commande, vous n&#8217;\u00eates donc pas surpris (e) par les frais que vous n&#8217;attendiez pas.<br\/><br\/><b>droite pour retourner des<\/b><br\/>marchandises si apr\u00e8s avoir re\u00e7u vos marchandises, vous d\u00e9cidez de ne plus les utiliser, vous aurez alors le droit de les retourner dans les 14 jours suivant leur r\u00e9ception, \u00e0 condition qu&#8217;elles nous soient retourn\u00e9es intactes et non ouvertes. Nous vous rembourserons \u00e0 r\u00e9ception des articles retourn\u00e9s. Les remboursements seront effectu\u00e9s sur la carte de cr\u00e9dit ou de d\u00e9bit utilis\u00e9e pour passer commande. Nous nous r\u00e9servons le droit de vous facturer les frais d&#8217;affranchissement et d&#8217;emballage encourus.<br\/>Veuillez noter que les remboursements peuvent prendre jusqu&#8217;\u00e0 10 jours ouvr\u00e9s pour appara\u00eetre sur votre compte en raison des d\u00e9lais de traitement variables entre les prestataires de paiement.<br\/><br\/><b>marchandises d\u00e9fectueuses\/endommag\u00e9es<\/b><br\/>nous vous enverrons uniquement les nouveaux produits qui sont en excellent \u00e9tat. Si vous recevez votre colis \u00e0 signer depuis le bureau de poste et qu&#8217;il semble \u00eatre endommag\u00e9, veuillez v\u00e9rifier le contenu avant de le signer. Si le contenu semble endommag\u00e9, alors refusez de signer pour le colis et celui-ci nous sera retourn\u00e9. Nous vous fournirons un remplacement imm\u00e9diat.<br\/>Apr\u00e8s avoir sign\u00e9 l&#8217;emballage, si vous constatez par la suite que l&#8217;un de vos produits est endommag\u00e9 ou d\u00e9fectueux, vous devez nous en informer dans les 48 heures suivant la r\u00e9ception et nous retourner les articles dans leur emballage d&#8217;origine. Nous vous fournirons un produit de remplacement \u00e0 r\u00e9ception des articles retourn\u00e9s.<br\/><br\/><b>Confidentialit\u00e9 Politique<\/b><br\/>PureObagi, conform\u00e9ment \u00e0 la loi sur la Protection des donn\u00e9es (Bailiwick of Guernsey) de 2017 et au r\u00e8glement g\u00e9n\u00e9ral de l&#8217;Union europ\u00e9enne sur la Protection des donn\u00e9es (entr\u00e9e en vigueur en mai 2018), respecte vos droits en mati\u00e8re de vie priv\u00e9e et reconna\u00eet la n\u00e9cessit\u00e9 de prot\u00e9ger et de g\u00e9rer, de mani\u00e8re appropri\u00e9e, tout mat\u00e9riel personnellement identifiable que vous partagez avec nous.<br\/>Veuillez Lisez et assurez-vous que vous comprenez parfaitement notre politique de confidentialit\u00e9, et que vous \u00eates d&#8217;accord avec la fa\u00e7on dont nous utilisons vos informations lors de la collecte.<br\/><br\/><b>Non identifiable Informations<\/b><br\/>ayant PureObagi visit\u00e9, nous collecterons et stockerons automatiquement et temporairement des informations sur votre ordinateur, y compris votre domaine, votre h\u00f4te, et l&#8217;adresse internet et le PureObagi site Web \u00e0 partir desquels vous avez \u00e9tabli un lien vers le. Dans certains cas, nous pouvons enregistrer la date et l&#8217;heure de votre visite sur le site, ainsi que la dur\u00e9e de votre visite. Nous pouvons \u00e9galement regarder les pages que vous avez visit\u00e9es. Nous n&#8217;utiliserons aucune de ces informations pour vous identifier ou nous ne transmettrons aucune de ces informations \u00e0 des tiers. Certaines de ces informations peuvent \u00eatre stock\u00e9es sur votre ordinateur sous la forme d&#8217;un fichier &#8220;cookie&#8221;.<br\/>Veuillez lire et vous assurer que vous comprenez parfaitement notre politique relative aux cookies, et que vous \u00eates d&#8217;accord avec la mani\u00e8re dont nous utilisons vos informations lors de la collecte.<br\/><br\/><b>sites tiers tous les sites ayant un lien avec depuis le PureObagi site peuvent avoir des politiques de confidentialit\u00e9 diff\u00e9rentes, il est donc essentiel de lire la politique de chaque site de mani\u00e8re ind\u00e9pendante afin de vous assurer que vous consentez \u00e0 leurs pratiques individuelles.<\/b><br\/><\/p>\n","protected":false},"excerpt":{"rendered":"<p>Veuillez lire les informations suivantes avant d&#8217;explorer le PureObagi site. Les informations contenues dans le site sont destin\u00e9es \u00e0 des informations g\u00e9n\u00e9rales et aux fonctions d&#8217;achat. Il est essentiel que vous acceptiez les conditions g\u00e9n\u00e9rales dans leur int\u00e9gralit\u00e9 avant d&#8217;utiliser le site. En commandant l&#8217;un de nos produits, vous acceptez d&#8217;\u00eatre li\u00e9 (e) par nos [&hellip;]<\/p>\n","protected":false},"author":1,"featured_media":0,"parent":0,"menu_order":0,"comment_status":"closed","ping_status":"closed","template":"","meta":{"_acf_changed":false,"footnotes":""},"class_list":["post-30156","page","type-page","status-publish","hentry"],"acf":[],"_links":{"self":[{"href":"https:\/\/pureobagi.com\/fr\/wp-json\/wp\/v2\/pages\/30156","targetHints":{"allow":["GET"]}}],"collection":[{"href":"https:\/\/pureobagi.com\/fr\/wp-json\/wp\/v2\/pages"}],"about":[{"href":"https:\/\/pureobagi.com\/fr\/wp-json\/wp\/v2\/types\/page"}],"author":[{"embeddable":true,"href":"https:\/\/pureobagi.com\/fr\/wp-json\/wp\/v2\/users\/1"}],"replies":[{"embeddable":true,"href":"https:\/\/pureobagi.com\/fr\/wp-json\/wp\/v2\/comments?post=30156"}],"version-history":[{"count":2,"href":"https:\/\/pureobagi.com\/fr\/wp-json\/wp\/v2\/pages\/30156\/revisions"}],"predecessor-version":[{"id":49946,"href":"https:\/\/pureobagi.com\/fr\/wp-json\/wp\/v2\/pages\/30156\/revisions\/49946"}],"wp:attachment":[{"href":"https:\/\/pureobagi.com\/fr\/wp-json\/wp\/v2\/media?parent=30156"}],"curies":[{"name":"wp","href":"https:\/\/api.w.org\/{rel}","templated":true}]}}