{"id":30225,"date":"2020-10-28T23:29:00","date_gmt":"2020-10-28T23:29:00","guid":{"rendered":"https:\/\/pureobagi.com\/a-propos-de-obagi\/"},"modified":"2021-08-25T09:59:09","modified_gmt":"2021-08-25T08:59:09","slug":"a-propos-de-obagi","status":"publish","type":"page","link":"https:\/\/pureobagi.com\/fr\/a-propos-de-obagi\/","title":{"rendered":"\u00c0 propos de Obagi"},"content":{"rendered":"\n<p class=\"has-text-align-center po-tagline\">Pure Obagi<\/p>\n\n\n\n<h2 class=\"has-text-align-center wp-block-heading\">Pourquoi choisir Obagi Medical<\/h2>\n\n\n\n<p class=\"has-text-align-center\">Chez Obagi\u00ae, nous pensons que la cosm\u00e9tique ne vise pas qu&#8217;\u00e0 corriger ou pr\u00e9venir les probl\u00e8mes de peau. Notre but est de lib\u00e9rer le plein potentiel de votre peau. <br>Apr\u00e8s plus de 30 ans d&#8217;exp\u00e9rience et de r\u00e9sultats cliniquement prouv\u00e9s, Obagi n&#8217;a qu&#8217;un objectif : transformer le secteur des soins pour la peau et rester en t\u00eate de l&#8217;innovation pour cr\u00e9er des produits qui marchent.<\/p>\n\n\n\n<div style=\"height:50px\" aria-hidden=\"true\" class=\"wp-block-spacer\"><\/div>\n\n\n\n<div class=\"wp-block-columns reverse-mobile is-layout-flex wp-container-core-columns-is-layout-28f84493 wp-block-columns-is-layout-flex\">\n<div class=\"wp-block-column is-layout-flow wp-block-column-is-layout-flow\">\n<h2 class=\"wp-block-heading\">\u00c0 PROPOS D&#8217;OBAGI<\/h2>\n\n\n\n<p>Les produits Obagi Medical Products\u00ae ont \u00e9t\u00e9 sp\u00e9cialement formul\u00e9s pour transformer la peau de l&#8217;int\u00e9rieur et vous offrir un teint rajeuni et \u00e9clatant de sant\u00e9. Con\u00e7u pour r\u00e9pondre aux besoins de toute la classification de Fitzpatrick des types de peau, Obagi\u00ae est fier de promouvoir la diversit\u00e9 en offrant une gamme valid\u00e9e par les dermatologues et test\u00e9e sur tous les types de peau.<\/p>\n\n\n\n<p>Les produits Obagi Medical Products;\u00ae ont \u00e9t\u00e9 sp\u00e9cialement formul\u00e9s pour transformer la peau de l&amp;#39;int\u00e9rieur et vous offrir un teint rajeuni et \u00e9clatant de sant\u00e9. Con\u00e7u pour r\u00e9pondre aux besoins de toute la classification de Fitzpatrick des types de peau, Obagi\u00ae est fier de promouvoir la diversit\u00e9 en offrant une gamme valid\u00e9e par les dermatologues et test\u00e9e sur tous les types de peau.<\/p>\n\n\n\n<p>La gamme Obagi Medical\u00ae \u00e0 l&#8217;efficacit\u00e9 scientifiquement prouv\u00e9e a \u00e9t\u00e9 con\u00e7ue pour rem\u00e9dier \u00e0 de nombreux probl\u00e8mes de peau. R\u00e9duire les signes de vieillissement cutan\u00e9 comme les rides et ridules, le m\u00e9lasma (taches brunes) et l&#8217;hyperpigmentation, traiter l&#8217;acn\u00e9, prot\u00e9ger sa peau du soleil : quel que soit votre objectif, il existe une solution Obagi.<\/p>\n<\/div>\n\n\n\n<div class=\"wp-block-column is-vertically-aligned-center is-layout-flow wp-block-column-is-layout-flow\">\n<figure class=\"wp-block-embed is-type-video is-provider-vimeo wp-block-embed-vimeo wp-embed-aspect-16-9 wp-has-aspect-ratio\"><div class=\"wp-block-embed__wrapper\">\n<iframe loading=\"lazy\" src=\"https:\/\/player.vimeo.com\/video\/490844509?dnt=1&amp;app_id=122963&amp;h=87c5cc3ecd\" width=\"980\" height=\"551\" frameborder=\"0\" allow=\"autoplay; fullscreen; picture-in-picture\" allowfullscreen><\/iframe>\n<\/div><\/figure>\n<\/div>\n<\/div>\n\n\n\n<div class=\"wp-block-columns reverse-mobile is-layout-flex wp-container-core-columns-is-layout-28f84493 wp-block-columns-is-layout-flex\">\n<div class=\"wp-block-column is-layout-flow wp-block-column-is-layout-flow\">\n<div class=\"wp-block-image\"><figure class=\"alignright size-large\"><img decoding=\"async\" src=\"https:\/\/pureobagi.com\/wp-content\/uploads\/2021\/04\/Obagi_women_4.jpg\" alt=\"\" class=\"wp-image-15993\"\/><\/figure><\/div>\n<\/div>\n\n\n\n<div class=\"wp-block-column is-layout-flow wp-block-column-is-layout-flow\">\n<h2 class=\"wp-block-heading\">\u00c0 PROPOS DE PURE OBAGI<\/h2>\n\n\n\n<p>Fond\u00e9e aux \u00c9tats-Unis en 1988, Obagi a d\u00e9velopp\u00e9 des programmes de recherche innovants et cr\u00e9\u00e9 des produits cosm\u00e9tiques r\u00e9pondant aux besoins de chaque type de peau et carnation. Aujourd&#8217;hui et pour la premi\u00e8re fois, Pure Obagi est en mesure de faire d\u00e9couvrir les d\u00e9couvertes scientifiques \u00e0 l&#8217;origine de la gamme de produits Obagi Medical\u00ae au march\u00e9 europ\u00e9en.<\/p>\n\n\n\n<p>En collaboration avec Obagi Medical\u00ae, Pure Obagi vous propose la gamme compl\u00e8te de produits Obagi d\u00e9livr\u00e9s sans ordonnance et livr\u00e9s \u00e0 domicile. Si vous ne savez pas par o\u00f9 commencer&#8230; Nos consultants vous aideront \u00e0 choisir les produits adapt\u00e9s pour votre type et couleur de peau selon la classification de Fitzpatrick.<\/p>\n\n\n\n<div class=\"wp-block-buttons is-layout-flex wp-block-buttons-is-layout-flex\">\n<div class=\"wp-block-button\"><a class=\"wp-block-button__link\" href=\"https:\/\/pureobagi.com\/shop\/\">D\u00c9COUVRIR NOS PRODUITS D\u00c8S MAINTENANT<\/a><\/div>\n<\/div>\n<\/div>\n<\/div>\n\n\n\n<div class=\"wp-block-columns is-layout-flex wp-container-core-columns-is-layout-28f84493 wp-block-columns-is-layout-flex\">\n<div class=\"wp-block-column is-layout-flow wp-block-column-is-layout-flow\">\n<h2 class=\"wp-block-heading\">CONNAISSANCES ET INNOVATION<\/h2>\n\n\n\n<p>Pour innover, il faut d&#8217;abord bien comprendre le fonctionnement de la peau au niveau cellulaire. Une fois ces connaissances acquises, Obagi a pu \u00e9tudier en d\u00e9tail tous les \u00e9l\u00e9ments qui pourraient faire une diff\u00e9rence pour une peau rayonnante de sant\u00e9. Les connaissances toujours croissantes alimentent la recherche de Obagi pour formuler des produits innovants et b\u00e9n\u00e9fiques \u00e0 la sant\u00e9 de l&#8217;\u00e9piderme.<\/p>\n\n\n\n<p>En axant ses efforts sur les prot\u00e9ines essentielles et n\u00e9cessaires \u00e0 la peau, dont la production ralentit avec l&#8217;\u00e2ge, Obagi d\u00e9veloppe des produits tr\u00e8s efficaces aux r\u00e9sultats visibles. Votre peau se trouve rajeunie et pleine de sant\u00e9.<\/p>\n<\/div>\n\n\n\n<div class=\"wp-block-column is-layout-flow wp-block-column-is-layout-flow\">\n<div class=\"wp-block-image\"><figure class=\"alignleft size-large\"><img decoding=\"async\" src=\"https:\/\/pureobagi.com\/wp-content\/uploads\/2021\/04\/Innovation_Understanding-600x400-1.png\" alt=\"\" class=\"wp-image-15071\"\/><\/figure><\/div>\n<\/div>\n<\/div>\n\n\n\n<div class=\"wp-block-columns reverse-mobile is-layout-flex wp-container-core-columns-is-layout-28f84493 wp-block-columns-is-layout-flex\">\n<div class=\"wp-block-column is-layout-flow wp-block-column-is-layout-flow\">\n<div class=\"wp-block-image\"><figure class=\"alignright size-large\"><img decoding=\"async\" src=\"https:\/\/pureobagi.com\/wp-content\/uploads\/2021\/04\/Product_Development-600x400-1.png\" alt=\"\" class=\"wp-image-15093\"\/><\/figure><\/div>\n<\/div>\n\n\n\n<div class=\"wp-block-column is-layout-flow wp-block-column-is-layout-flow\">\n<h2 class=\"wp-block-heading\">D\u00c9VELOPPEMENT DE PRODUITS<\/h2>\n\n\n\n<p>Obagi \u00e9tudie des milliers d&#8217;ingr\u00e9dients afin de trouver les plus efficaces. Gr\u00e2ce \u00e0 un processus rigoureux de d\u00e9veloppement de produits, elle n&#8217;\u00e9pargne aucun effort dans sa qu\u00eate de connaissances. Obagi passe en revue ces ingr\u00e9dients sous toutes leurs formes afin d&#8217;identifier les meilleures variantes et la forme la plus biodisponible pour sa gamme de soins compl\u00e8te.<\/p>\n<\/div>\n<\/div>\n\n\n\n<div class=\"wp-block-columns is-layout-flex wp-container-core-columns-is-layout-28f84493 wp-block-columns-is-layout-flex\">\n<div class=\"wp-block-column is-layout-flow wp-block-column-is-layout-flow\">\n<h2 class=\"wp-block-heading\">INT\u00c9GRIT\u00c9, S\u00c9CURIT\u00c9 ET EFFICACIT\u00c9<\/h2>\n\n\n\n<p>Obagi s&#8217;engage \u00e0 d\u00e9finir et respecter les normes les plus strictes dans les tests de produits, \u00e0 chaque stade de leur d\u00e9veloppement, de l&amp;#39;\u00e9tude pr\u00e9clinique aux pr\u00e9f\u00e9rences des consommateurs ou aux \u00e9tudes d&#8217;usage.<\/p>\n\n\n\n<p>Les trois principes de Obagi sont \u00ab Int\u00e9grit\u00e9, s\u00e9curit\u00e9 et efficacit\u00e9 ;\u00bb. Chaque produit passe donc obligatoirement par tout un ensemble de tests avant d&#8217;\u00eatre commercialis\u00e9.<\/p>\n<\/div>\n\n\n\n<div class=\"wp-block-column is-layout-flow wp-block-column-is-layout-flow\">\n<div class=\"wp-block-image\"><figure class=\"alignleft size-large\"><img decoding=\"async\" src=\"https:\/\/pureobagi.com\/wp-content\/uploads\/2021\/04\/Integrity_Safety_Eficacy-600x400-1.png\" alt=\"\" class=\"wp-image-15110\"\/><\/figure><\/div>\n<\/div>\n<\/div>\n\n\n\n<h2 class=\"has-text-align-center wp-block-heading\">AVANT\/APR\u00c8S<\/h2>\n\n\n\n<h4 class=\"has-text-align-center wp-block-heading\">Des personnes r\u00e9elles, des r\u00e9sultats concrets<\/h4>\n\n\n\n<div class=\"wp-block-columns is-layout-flex wp-container-core-columns-is-layout-28f84493 wp-block-columns-is-layout-flex\">\n<div class=\"wp-block-column is-layout-flow wp-block-column-is-layout-flow\">\n<figure class=\"wp-block-nelio-compare-images aligncenter\"><div class=\"wp-block-nelio-compare-images__comparison-wrapper wp-block-nelio-compare-images__comparison-wrapper--horizontally\" data-position=\"50\" data-direction=\"horizontal\"><div class=\"wp-block-nelio-compare-images__before-image wp-block-nelio-compare-images__before-image--horizontal\"><img decoding=\"async\" width=\"400\" height=\"300\" class=\"wp-image-9113\" src=\"https:\/\/pureobagi.com\/wp-content\/uploads\/2020\/11\/Pure_Obagi_Before_4.jpg\" alt=\"\" srcset=\"https:\/\/pureobagi.com\/wp-content\/uploads\/2020\/11\/Pure_Obagi_Before_4.jpg 400w, https:\/\/pureobagi.com\/wp-content\/uploads\/2020\/11\/Pure_Obagi_Before_4-300x225.jpg 300w\" sizes=\"(max-width: 400px) 100vw, 400px\" \/><\/div><div class=\"wp-block-nelio-compare-images__after-image wp-block-nelio-compare-images__after-image--horizontal\" style=\"width:50%\"><img decoding=\"async\" width=\"400\" height=\"300\" class=\"wp-image-9114\" src=\"https:\/\/pureobagi.com\/wp-content\/uploads\/2020\/11\/Pure_Obagi_After_4.jpg\" alt=\"\" srcset=\"https:\/\/pureobagi.com\/wp-content\/uploads\/2020\/11\/Pure_Obagi_After_4.jpg 400w, https:\/\/pureobagi.com\/wp-content\/uploads\/2020\/11\/Pure_Obagi_After_4-300x225.jpg 300w\" sizes=\"(max-width: 400px) 100vw, 400px\" \/><\/div><div class=\"wp-block-nelio-compare-images__divider wp-block-nelio-compare-images__divider--vertical\"><\/div><div class=\"wp-block-nelio-compare-images__handler wp-block-nelio-compare-images__handler--vertical\"><\/div><\/div><figcaption class=\"wp-block-nelio-compare-images__caption\"><a href=\"https:\/\/pureobagi.com\/fr\/produit\/obagi-elastiderm-facial-serum\/\">Obagi ELASTIderm\u00ae Facial Serum<\/a><\/figcaption><\/figure>\n\n\n\n<p><\/p>\n<\/div>\n\n\n\n<div class=\"wp-block-column is-layout-flow wp-block-column-is-layout-flow\">\n<figure class=\"wp-block-nelio-compare-images aligncenter\"><div class=\"wp-block-nelio-compare-images__comparison-wrapper wp-block-nelio-compare-images__comparison-wrapper--horizontally\" data-position=\"50\" data-direction=\"horizontal\"><div class=\"wp-block-nelio-compare-images__before-image wp-block-nelio-compare-images__before-image--horizontal\"><img decoding=\"async\" width=\"400\" height=\"300\" class=\"wp-image-9115\" src=\"https:\/\/pureobagi.com\/wp-content\/uploads\/2020\/11\/Pure_Obagi_Before_2.jpg\" alt=\"\" srcset=\"https:\/\/pureobagi.com\/wp-content\/uploads\/2020\/11\/Pure_Obagi_Before_2.jpg 400w, https:\/\/pureobagi.com\/wp-content\/uploads\/2020\/11\/Pure_Obagi_Before_2-300x225.jpg 300w\" sizes=\"(max-width: 400px) 100vw, 400px\" \/><\/div><div class=\"wp-block-nelio-compare-images__after-image wp-block-nelio-compare-images__after-image--horizontal\" style=\"width:50%\"><img decoding=\"async\" width=\"400\" height=\"300\" class=\"wp-image-9116\" src=\"https:\/\/pureobagi.com\/wp-content\/uploads\/2020\/11\/Pure_Obagi_After_2.jpg\" alt=\"\" srcset=\"https:\/\/pureobagi.com\/wp-content\/uploads\/2020\/11\/Pure_Obagi_After_2.jpg 400w, https:\/\/pureobagi.com\/wp-content\/uploads\/2020\/11\/Pure_Obagi_After_2-300x225.jpg 300w\" sizes=\"(max-width: 400px) 100vw, 400px\" \/><\/div><div class=\"wp-block-nelio-compare-images__divider wp-block-nelio-compare-images__divider--vertical\"><\/div><div class=\"wp-block-nelio-compare-images__handler wp-block-nelio-compare-images__handler--vertical\"><\/div><\/div><figcaption class=\"wp-block-nelio-compare-images__caption\"><a href=\"https:\/\/pureobagi.com\/fr\/produit\/obagi-professional-c-serum-10\/\">Obagi Professional-C\u00ae Serum 10%<\/a><\/figcaption><\/figure>\n<\/div>\n\n\n\n<div class=\"wp-block-column is-layout-flow wp-block-column-is-layout-flow\">\n<figure class=\"wp-block-nelio-compare-images aligncenter\"><div class=\"wp-block-nelio-compare-images__comparison-wrapper wp-block-nelio-compare-images__comparison-wrapper--horizontally\" data-position=\"50\" data-direction=\"horizontal\"><div class=\"wp-block-nelio-compare-images__before-image wp-block-nelio-compare-images__before-image--horizontal\"><img decoding=\"async\" width=\"400\" height=\"300\" class=\"wp-image-9117\" src=\"https:\/\/pureobagi.com\/wp-content\/uploads\/2020\/11\/Pure_Obagi_Before_3.jpg\" alt=\"\" srcset=\"https:\/\/pureobagi.com\/wp-content\/uploads\/2020\/11\/Pure_Obagi_Before_3.jpg 400w, https:\/\/pureobagi.com\/wp-content\/uploads\/2020\/11\/Pure_Obagi_Before_3-300x225.jpg 300w\" sizes=\"(max-width: 400px) 100vw, 400px\" \/><\/div><div class=\"wp-block-nelio-compare-images__after-image wp-block-nelio-compare-images__after-image--horizontal\" style=\"width:50%\"><img decoding=\"async\" width=\"400\" height=\"300\" class=\"wp-image-9118\" src=\"https:\/\/pureobagi.com\/wp-content\/uploads\/2020\/11\/Pure_Obagi_After_3.jpg\" alt=\"\" srcset=\"https:\/\/pureobagi.com\/wp-content\/uploads\/2020\/11\/Pure_Obagi_After_3.jpg 400w, https:\/\/pureobagi.com\/wp-content\/uploads\/2020\/11\/Pure_Obagi_After_3-300x225.jpg 300w\" sizes=\"(max-width: 400px) 100vw, 400px\" \/><\/div><div class=\"wp-block-nelio-compare-images__divider wp-block-nelio-compare-images__divider--vertical\"><\/div><div class=\"wp-block-nelio-compare-images__handler wp-block-nelio-compare-images__handler--vertical\"><\/div><\/div><figcaption class=\"wp-block-nelio-compare-images__caption\"><a href=\"https:\/\/pureobagi.com\/fr\/produit\/obagi-elastiderm-eye-complete-complex-serum\/\">Obagi ELASTIderm\u00ae Eye Complete Complex Serum<\/a><\/figcaption><\/figure>\n<\/div>\n\n\n\n<div class=\"wp-block-column is-layout-flow wp-block-column-is-layout-flow\">\n<figure class=\"wp-block-nelio-compare-images aligncenter\"><div class=\"wp-block-nelio-compare-images__comparison-wrapper wp-block-nelio-compare-images__comparison-wrapper--horizontally\" data-position=\"50\" data-direction=\"horizontal\"><div class=\"wp-block-nelio-compare-images__before-image wp-block-nelio-compare-images__before-image--horizontal\"><img decoding=\"async\" width=\"400\" height=\"300\" class=\"wp-image-9119\" src=\"https:\/\/pureobagi.com\/wp-content\/uploads\/2020\/11\/Pure_Obagi_Before_1.jpg\" alt=\"\" srcset=\"https:\/\/pureobagi.com\/wp-content\/uploads\/2020\/11\/Pure_Obagi_Before_1.jpg 400w, https:\/\/pureobagi.com\/wp-content\/uploads\/2020\/11\/Pure_Obagi_Before_1-300x225.jpg 300w\" sizes=\"(max-width: 400px) 100vw, 400px\" \/><\/div><div class=\"wp-block-nelio-compare-images__after-image wp-block-nelio-compare-images__after-image--horizontal\" style=\"width:50%\"><img decoding=\"async\" width=\"400\" height=\"300\" class=\"wp-image-9120\" src=\"https:\/\/pureobagi.com\/wp-content\/uploads\/2020\/11\/Pure_Obagi_After_1.jpg\" alt=\"\" srcset=\"https:\/\/pureobagi.com\/wp-content\/uploads\/2020\/11\/Pure_Obagi_After_1.jpg 400w, https:\/\/pureobagi.com\/wp-content\/uploads\/2020\/11\/Pure_Obagi_After_1-300x225.jpg 300w\" sizes=\"(max-width: 400px) 100vw, 400px\" \/><\/div><div class=\"wp-block-nelio-compare-images__divider wp-block-nelio-compare-images__divider--vertical\"><\/div><div class=\"wp-block-nelio-compare-images__handler wp-block-nelio-compare-images__handler--vertical\"><\/div><\/div><figcaption class=\"wp-block-nelio-compare-images__caption\"><a href=\"https:\/\/pureobagi.com\/en\/product-category\/product-range\/obagi360-system\/\">Obagi360\u00ae System<\/a><\/figcaption><\/figure>\n<\/div>\n<\/div>\n\n\n\n<div class=\"wp-block-cover has-black-background-color has-background-dim ticss-90098142 po-block-cover\"><div class=\"wp-block-cover__inner-container is-layout-flow wp-block-cover-is-layout-flow\">\n<h4 class=\"has-text-align-center has-white-color has-text-color wp-block-heading\">NOS PARTENAIRES<\/h4>\n\n\n\n<div style=\"height:20px\" aria-hidden=\"true\" class=\"wp-block-spacer\"><\/div>\n\n\n\n<p class=\"has-text-align-center\">Pure Obagi est le partenaire agr\u00e9\u00e9 d&#8217;obagi.com en Europe. Nous travaillons en \u00e9troite collaboration avec nos partenaires pour vous offrir le meilleur service \u00e0 distance qui soit.<\/p>\n\n\n\n<p class=\"has-text-align-center\">EN SAVOIR PLUS Les \u00e9quipes de Skinstation et Aesthetic Skin Clinic sont l\u00e0 pour vous r\u00e9pondre et vous conseiller sur toute question clinique.<\/p>\n\n\n\n<p class=\"has-text-align-center\">Dites-nous ce qui vous pr\u00e9occupe, et nous ferons passer votre demande \u00e0 la personne qui sera la plus \u00e0 m\u00eame de vous assister.<\/p>\n\n\n\n<div style=\"height:50px\" aria-hidden=\"true\" class=\"wp-block-spacer\"><\/div>\n\n\n\n<div class=\"wp-block-columns are-vertically-aligned-center is-layout-flex wp-container-core-columns-is-layout-28f84493 wp-block-columns-is-layout-flex\">\n<div class=\"wp-block-column is-vertically-aligned-center is-layout-flow wp-block-column-is-layout-flow\">\n<div class=\"wp-block-image\"><figure class=\"aligncenter size-large\"><img decoding=\"async\" src=\"https:\/\/pureobagi.com\/wp-content\/uploads\/2021\/03\/skinstation_logo_white.png\" alt=\"\"\/><\/figure><\/div>\n<\/div>\n\n\n\n<div class=\"wp-block-column is-vertically-aligned-center is-layout-flow wp-block-column-is-layout-flow\">\n<div class=\"wp-block-image\"><figure class=\"aligncenter size-large\"><img decoding=\"async\" src=\"https:\/\/pureobagi.com\/wp-content\/uploads\/2021\/03\/Obagi_2019_Logo_for_photo_backgrounds-150x150.png\" alt=\"\"\/><\/figure><\/div>\n\n\n\n<p><\/p>\n<\/div>\n\n\n\n<div class=\"wp-block-column is-vertically-aligned-center is-layout-flow wp-block-column-is-layout-flow\">\n<div class=\"wp-block-image\"><figure class=\"aligncenter size-large\"><img decoding=\"async\" src=\"https:\/\/pureobagi.com\/wp-content\/uploads\/2021\/03\/ASC.png\" alt=\"\"\/><\/figure><\/div>\n<\/div>\n<\/div>\n\n\n\n<div class=\"wp-block-buttons is-content-justification-center is-layout-flex wp-block-buttons-is-layout-flex\">\n<div class=\"wp-block-button\"><a class=\"wp-block-button__link\" href=\"https:\/\/pureobagi.com\/fr\/skinstation\/\">NOUS CONTACTER<\/a><\/div>\n<\/div>\n<\/div><\/div>\n\n\n\n<div style=\"height:50px\" aria-hidden=\"true\" class=\"wp-block-spacer\"><\/div>\n\n\n\n<h2 class=\"has-text-align-center wp-block-heading\">T\u00c9MOIGNAGES OBAGI<\/h2>\n\n\n\n<p class=\"has-text-align-center\">Trouvez toutes les informations n\u00e9cessaires sur nos produits dans notre blog.<\/p>\n\n\n<div  class=\"wp-block-ultimate-post-post-grid-1 ultp-block-fe1194\"><div class=\"ultp-block-wrapper\"><div class=\"ultp-loading\"><div class=\"ultp-loading-blocks\" style=\"width:100%;height:100%;\"><div style=\"left: 0;top: 0;animation-delay:0s;\"><\/div><div style=\"left: 21px;top: 0;animation-delay:0.125s;\"><\/div><div style=\"left: 42px;top: 0;animation-delay:0.25s;\"><\/div><div style=\"left: 0;top: 21px;animation-delay:0.875s;\"><\/div><div style=\"left: 42px;top: 21px;animation-delay:0.375s;\"><\/div><div style=\"left: 0;top: 42px;animation-delay:0.75s;\"><\/div><div style=\"left: 42px;top: 42px;animation-delay:0.625s;\"><\/div><div style=\"left: 21px;top: 42px;animation-delay:0.5s;\"><\/div><\/div><\/div><div class=\"ultp-heading-filter\"><div class=\"ultp-heading-filter-in\"><div class=\"ultp-filter-navigation\"><\/div><\/div><\/div><div class=\"ultp-block-items-wrap ultp-block-row ultp-pg1a-style1 ultp-block-column-4 ultp-layout1\"><div class=\"ultp-block-item post-id-83406\"><div class=\"ultp-block-content-wrap\"><div class=\"ultp-block-image ultp-block-image-opacity\"><a href=\"https:\/\/pureobagi.com\/fr\/do-you-need-spf-in-your-50s\/\" ><img decoding=\"async\"  alt=\"Do You Need SPF In Your 50s?\"  src=\"https:\/\/pureobagi.com\/wp-content\/uploads\/2022\/12\/sun-shield-matte-group-1000x1000-1-870x570.jpg\" \/><\/a><\/div><div class=\"ultp-block-content\"><div class=\"ultp-category-grid ultp-category-classic ultp-category-aboveTitle\"><div class=\"ultp-category-in\"><a class=\"ultp-cat-skin-concerns\" href=\"https:\/\/pureobagi.com\/fr\/category\/skin-concerns\/\"  >Skin Concerns<\/a><\/div><\/div><h3 class=\"ultp-block-title \"><a href=\"https:\/\/pureobagi.com\/fr\/do-you-need-spf-in-your-50s\/\" >Do You Need SPF In Your 50s?<\/a><\/h3><\/div><\/div><\/div><div class=\"ultp-block-item post-id-82886\"><div class=\"ultp-block-content-wrap\"><div class=\"ultp-block-image ultp-block-image-opacity\"><a href=\"https:\/\/pureobagi.com\/fr\/suzan-obagi-collection-unique-strengths-you-need-in-your-skincare-2\/\" ><img decoding=\"async\"  alt=\"Suzan Obagi Collection\"  src=\"https:\/\/pureobagi.com\/wp-content\/uploads\/2022\/12\/somd-foaming-cleanser-bottle-1000x1000-1-1-870x570.png\" \/><\/a><\/div><div class=\"ultp-block-content\"><div class=\"ultp-category-grid ultp-category-classic ultp-category-aboveTitle\"><div class=\"ultp-category-in\"><a class=\"ultp-cat-product-ranges\" href=\"https:\/\/pureobagi.com\/fr\/category\/product-ranges\/\"  >Product Ranges<\/a><\/div><\/div><h3 class=\"ultp-block-title \"><a href=\"https:\/\/pureobagi.com\/fr\/suzan-obagi-collection-unique-strengths-you-need-in-your-skincare-2\/\" >Suzan Obagi Collection: Unique Strengths You Need In Your Skincare<\/a><\/h3><\/div><\/div><\/div><div class=\"ultp-block-item post-id-82717\"><div class=\"ultp-block-content-wrap\"><div class=\"ultp-block-image ultp-block-image-opacity\"><a href=\"https:\/\/pureobagi.com\/fr\/why-do-we-get-rosacea-flare-ups\/\" ><img decoding=\"async\"  alt=\"roseacea flare-ups\"  src=\"https:\/\/pureobagi.com\/wp-content\/uploads\/2022\/12\/Untitled-design-2022-12-16T094620.761-800x570.jpg\" \/><\/a><\/div><div class=\"ultp-block-content\"><div class=\"ultp-category-grid ultp-category-classic ultp-category-aboveTitle\"><div class=\"ultp-category-in\"><a class=\"ultp-cat-product-ranges\" href=\"https:\/\/pureobagi.com\/fr\/category\/product-ranges\/\"  >Product Ranges<\/a><\/div><\/div><h3 class=\"ultp-block-title \"><a href=\"https:\/\/pureobagi.com\/fr\/why-do-we-get-rosacea-flare-ups\/\" >Why Do We Get Rosacea Flare-Ups?<\/a><\/h3><\/div><\/div><\/div><div class=\"ultp-block-item post-id-82670\"><div class=\"ultp-block-content-wrap\"><div class=\"ultp-block-image ultp-block-image-opacity\"><a href=\"https:\/\/pureobagi.com\/fr\/our-how-to-guide-on-avoiding-crepe-skin-on-your-decolletage\/\" ><img decoding=\"async\"  alt=\"avoiding crepe skin\"  src=\"https:\/\/pureobagi.com\/wp-content\/uploads\/2022\/12\/retivance-lifestyle-1000x1000-1-768x768-1-768x570.jpg\" \/><\/a><\/div><div class=\"ultp-block-content\"><div class=\"ultp-category-grid ultp-category-classic ultp-category-aboveTitle\"><div class=\"ultp-category-in\"><a class=\"ultp-cat-product-ranges\" href=\"https:\/\/pureobagi.com\/fr\/category\/product-ranges\/\"  >Product Ranges<\/a><\/div><\/div><h3 class=\"ultp-block-title \"><a href=\"https:\/\/pureobagi.com\/fr\/our-how-to-guide-on-avoiding-crepe-skin-on-your-decolletage\/\" >Our How-To Guide On Avoiding Crepe Skin On Your D\u00e9colletage<\/a><\/h3><\/div><\/div><\/div><\/div><div class=\"ultp-pagination-wrap ultp-pagination-ajax-action\" data-paged=\"1\" data-expost=\"\"  data-blockid=\"fe1194\" data-postid=\"30225\" data-pages=\"40\" data-blockname=\"ultimate-post_post-grid-1\" data-selfpostid=\"no\"><ul class=\"ultp-pagination\"><li class=\"ultp-prev-page-numbers\" style=\"display:none\"><a href=\"https:\/\/pureobagi.com\/fr\/wp-json\/wp\/v2\/pages\/30225\/\"><svg enable-background=\"new 0 0 477.175 477.175\" version=\"1.1\" viewBox=\"0 0 477.18 477.18\"><path d=\"m145.19 238.58 215.5-215.5c5.3-5.3 5.3-13.8 0-19.1s-13.8-5.3-19.1 0l-225.1 225.1c-5.3 5.3-5.3 13.8 0 19.1l225.1 225c2.6 2.6 6.1 4 9.5 4s6.9-1.3 9.5-4c5.3-5.3 5.3-13.8 0-19.1l-215.4-215.5z\"><\/path><\/svg> Previous<\/a><\/li><li class=\"ultp-first-pages\" style=\"display:none\" data-current=\"1\"><a href=\"https:\/\/pureobagi.com\/fr\/wp-json\/wp\/v2\/pages\/30225\/\">1<\/a><\/li><li class=\"ultp-first-dot\"style=\"display:none\"><a href=\"#\">&#8230;<\/a><\/li><li class=\"ultp-center-item pagination-active\" data-current=\"1\"><a href=\"https:\/\/pureobagi.com\/fr\/wp-json\/wp\/v2\/pages\/30225\/\">1<\/a><\/li><li class=\"ultp-center-item\" data-current=\"2\" ><a href=\"https:\/\/pureobagi.com\/fr\/wp-json\/wp\/v2\/pages\/30225\/page\/2\/\">2<\/a><\/li><li class=\"ultp-center-item\" data-current=\"3\" ><a href=\"https:\/\/pureobagi.com\/fr\/wp-json\/wp\/v2\/pages\/30225\/page\/3\/\">3<\/a><\/li><li class=\"ultp-last-dot\" ><a href=\"#\">&#8230;<\/a><\/li><li class=\"ultp-last-pages\" data-current=\"40\"><a href=\"https:\/\/pureobagi.com\/fr\/wp-json\/wp\/v2\/pages\/30225\/page\/40\/\">40<\/a><\/li><li class=\"ultp-next-page-numbers\"><a href=\"https:\/\/pureobagi.com\/fr\/wp-json\/wp\/v2\/pages\/30225\/page\/2\/\">Next<svg enable-background=\"new 0 0 477.175 477.175\" version=\"1.1\" viewBox=\"0 0 477.18 477.18\"><path d=\"m360.73 229.08-225.1-225.1c-5.3-5.3-13.8-5.3-19.1 0s-5.3 13.8 0 19.1l215.5 215.5-215.5 215.5c-5.3 5.3-5.3 13.8 0 19.1 2.6 2.6 6.1 4 9.5 4s6.9-1.3 9.5-4l225.1-225.1c5.3-5.2 5.3-13.8 0.1-19z\"><\/path><\/svg><\/a><\/li><\/ul><\/div><\/div><\/div>","protected":false},"excerpt":{"rendered":"<p>Pure Obagi Pourquoi choisir Obagi Medical Chez Obagi\u00ae, nous pensons que la cosm\u00e9tique ne vise pas qu&#8217;\u00e0 corriger ou pr\u00e9venir les probl\u00e8mes de peau. Notre but est de lib\u00e9rer le plein potentiel de votre peau. Apr\u00e8s plus de 30 ans d&#8217;exp\u00e9rience et de r\u00e9sultats cliniquement prouv\u00e9s, Obagi n&#8217;a qu&#8217;un objectif : transformer le secteur des [&hellip;]<\/p>\n","protected":false},"author":1,"featured_media":0,"parent":0,"menu_order":0,"comment_status":"closed","ping_status":"closed","template":"template-fullwidth.php","meta":{"_acf_changed":false,"footnotes":""},"class_list":["post-30225","page","type-page","status-publish","hentry"],"acf":[],"_links":{"self":[{"href":"https:\/\/pureobagi.com\/fr\/wp-json\/wp\/v2\/pages\/30225","targetHints":{"allow":["GET"]}}],"collection":[{"href":"https:\/\/pureobagi.com\/fr\/wp-json\/wp\/v2\/pages"}],"about":[{"href":"https:\/\/pureobagi.com\/fr\/wp-json\/wp\/v2\/types\/page"}],"author":[{"embeddable":true,"href":"https:\/\/pureobagi.com\/fr\/wp-json\/wp\/v2\/users\/1"}],"replies":[{"embeddable":true,"href":"https:\/\/pureobagi.com\/fr\/wp-json\/wp\/v2\/comments?post=30225"}],"version-history":[{"count":8,"href":"https:\/\/pureobagi.com\/fr\/wp-json\/wp\/v2\/pages\/30225\/revisions"}],"predecessor-version":[{"id":31182,"href":"https:\/\/pureobagi.com\/fr\/wp-json\/wp\/v2\/pages\/30225\/revisions\/31182"}],"wp:attachment":[{"href":"https:\/\/pureobagi.com\/fr\/wp-json\/wp\/v2\/media?parent=30225"}],"curies":[{"name":"wp","href":"https:\/\/api.w.org\/{rel}","templated":true}]}}