{"id":30252,"date":"2020-12-04T12:35:27","date_gmt":"2020-12-04T12:35:27","guid":{"rendered":"https:\/\/pureobagi.com\/decouvrir-la-gamme\/clenziderm\/"},"modified":"2022-03-21T17:15:53","modified_gmt":"2022-03-21T17:15:53","slug":"clenziderm","status":"publish","type":"page","link":"https:\/\/pureobagi.com\/fr\/decouvrir-la-gamme\/clenziderm\/","title":{"rendered":"CLENZIderm"},"content":{"rendered":"\n<div class=\"wp-block-columns is-layout-flex wp-container-core-columns-is-layout-28f84493 wp-block-columns-is-layout-flex\">\n<div class=\"wp-block-column is-layout-flow wp-block-column-is-layout-flow\">\n<div class=\"wp-block-cover aligncenter is-light\"><span aria-hidden=\"true\" class=\"has-background-dim-0 wp-block-cover__gradient-background has-background-dim\"><\/span><img decoding=\"async\" width=\"1000\" height=\"1000\" class=\"wp-block-cover__image-background wp-image-46816\" alt=\"Obagi CLENZIderm M.D.\u00ae Daily Care Foaming Cleanser\" src=\"https:\/\/pureobagi.com\/wp-content\/uploads\/2020\/10\/clenziderm-lifestyle-1000x1000-1.jpg\" data-object-fit=\"cover\" srcset=\"https:\/\/pureobagi.com\/wp-content\/uploads\/2020\/10\/clenziderm-lifestyle-1000x1000-1.jpg 1000w, https:\/\/pureobagi.com\/wp-content\/uploads\/2020\/10\/clenziderm-lifestyle-1000x1000-1-300x300.jpg 300w, https:\/\/pureobagi.com\/wp-content\/uploads\/2020\/10\/clenziderm-lifestyle-1000x1000-1-150x150.jpg 150w, https:\/\/pureobagi.com\/wp-content\/uploads\/2020\/10\/clenziderm-lifestyle-1000x1000-1-768x768.jpg 768w, https:\/\/pureobagi.com\/wp-content\/uploads\/2020\/10\/clenziderm-lifestyle-1000x1000-1-600x600.jpg 600w, https:\/\/pureobagi.com\/wp-content\/uploads\/2020\/10\/clenziderm-lifestyle-1000x1000-1-324x324.jpg 324w, https:\/\/pureobagi.com\/wp-content\/uploads\/2020\/10\/clenziderm-lifestyle-1000x1000-1-416x416.jpg 416w, https:\/\/pureobagi.com\/wp-content\/uploads\/2020\/10\/clenziderm-lifestyle-1000x1000-1-100x100.jpg 100w\" sizes=\"(max-width: 1000px) 100vw, 1000px\" \/><div class=\"wp-block-cover__inner-container is-layout-flow wp-block-cover-is-layout-flow\">\n<p class=\"has-text-align-center has-large-font-size\"><\/p>\n<\/div><\/div>\n<\/div>\n\n\n\n<div class=\"wp-block-column is-layout-flow wp-block-column-is-layout-flow\">\n<p>Obagi CLENZIderm Daily Care Foaming Cleanser est une mousse nettoyante l\u00e9g\u00e8re contenant 2% acide salicylique pour d\u00e9gager les pores et \u00e9liminer les cellules mortes.<\/p>\n\n\n\n<p>L&#8217;acide salicylique dissout les cellules mortes et exc\u00e8s de s\u00e9bum qui bloquent les pores et entra\u00eenent de l&#8217;acn\u00e9 (points noirs, points blancs, boutons).<\/p>\n\n\n\n<p>Suffisamment doux pour \u00eatre utilis\u00e9 matin et soir, le Obagi CLENZIderm Daily Care Foaming Cleanser est un gel nettoyant pour le visage qui laisse une peau propre et qui respire, mais qui ne tire pas, n&#8217;est pas s\u00e8che et ne pr\u00e9sente pas de desquamations. Avec du menthol pour rafra\u00eechir les peaux irrit\u00e9es.<\/p>\n\n\n\n<p>Le saviez-vous&nbsp;? L&#8217;acide salicylique plonge au plus profond des pores pour emp\u00eacher les follicules de s&#8217;obstruer et stimule l&#8217;absorption et la p\u00e9n\u00e9tration des ingr\u00e9dients cl\u00e9s suivants.<\/p>\n\n\n\n<div class=\"wp-block-buttons is-layout-flex wp-block-buttons-is-layout-flex\">\n<div class=\"wp-block-button\"><a class=\"wp-block-button__link\" href=\"https:\/\/pureobagi.com\/fr\/categorie-produit\/gamme-de-produits\/clenziderm-m-d-fr\/\">Obagi CLENZIderm<\/a><\/div>\n<\/div>\n<\/div>\n<\/div>\n\n\n\n<div class=\"wp-block-columns is-layout-flex wp-container-core-columns-is-layout-28f84493 wp-block-columns-is-layout-flex\">\n<div class=\"wp-block-column is-layout-flow wp-block-column-is-layout-flow\" style=\"flex-basis:100%\">\n<div class=\"wp-block-columns is-layout-flex wp-container-core-columns-is-layout-28f84493 wp-block-columns-is-layout-flex\">\n<div class=\"wp-block-column is-layout-flow wp-block-column-is-layout-flow\">\n<h3 class=\"po-standout-text wp-block-heading\">2%<\/h3>\n\n\n\n<p>L&#8217;acide salicylique 2% plonge profond\u00e9ment dans les pores. Comme Obagi CLENZIderm Daily Care Foaming Cleanser se rince apr\u00e8s utilisation, il est suffisamment doux pour \u00eatre utilis\u00e9 matin et soir.<br><\/p>\n\n\n\n<h3 class=\"po-standout-text wp-block-heading\">FRAICHEUR<\/h3>\n\n\n\n<p>Le menthol pr\u00e9sent dans CLENZIderm Daily Care Foaming Cleanser rafra\u00eechit la peau irrit\u00e9e \u00e0 chaque utilisation.<br><\/p>\n<\/div>\n\n\n\n<div class=\"wp-block-column is-layout-flow wp-block-column-is-layout-flow\">\n<div class=\"wp-block-cover aligncenter is-light\"><span aria-hidden=\"true\" class=\"has-background-dim-0 wp-block-cover__gradient-background has-background-dim\"><\/span><img decoding=\"async\" width=\"1080\" height=\"1080\" class=\"wp-block-cover__image-background wp-image-49822\" alt=\"Obagi CLENZIderm M.D.\u00ae Daily Care Foaming Cleanser\" src=\"https:\/\/pureobagi.com\/wp-content\/uploads\/2022\/03\/248451669_1288630451608519_3101319382158432202_n.jpg\" style=\"object-position:46% 38%\" data-object-fit=\"cover\" data-object-position=\"46% 38%\" srcset=\"https:\/\/pureobagi.com\/wp-content\/uploads\/2022\/03\/248451669_1288630451608519_3101319382158432202_n.jpg 1080w, https:\/\/pureobagi.com\/wp-content\/uploads\/2022\/03\/248451669_1288630451608519_3101319382158432202_n-300x300.jpg 300w, https:\/\/pureobagi.com\/wp-content\/uploads\/2022\/03\/248451669_1288630451608519_3101319382158432202_n-1024x1024.jpg 1024w, https:\/\/pureobagi.com\/wp-content\/uploads\/2022\/03\/248451669_1288630451608519_3101319382158432202_n-150x150.jpg 150w, https:\/\/pureobagi.com\/wp-content\/uploads\/2022\/03\/248451669_1288630451608519_3101319382158432202_n-768x768.jpg 768w, https:\/\/pureobagi.com\/wp-content\/uploads\/2022\/03\/248451669_1288630451608519_3101319382158432202_n-600x600.jpg 600w, https:\/\/pureobagi.com\/wp-content\/uploads\/2022\/03\/248451669_1288630451608519_3101319382158432202_n-324x324.jpg 324w, https:\/\/pureobagi.com\/wp-content\/uploads\/2022\/03\/248451669_1288630451608519_3101319382158432202_n-416x416.jpg 416w, https:\/\/pureobagi.com\/wp-content\/uploads\/2022\/03\/248451669_1288630451608519_3101319382158432202_n-100x100.jpg 100w\" sizes=\"(max-width: 1080px) 100vw, 1080px\" \/><div class=\"wp-block-cover__inner-container is-layout-flow wp-block-cover-is-layout-flow\">\n<p class=\"has-text-align-center has-large-font-size\"><\/p>\n<\/div><\/div>\n<\/div>\n<\/div>\n<\/div>\n<\/div>\n\n\n\n<div class=\"wp-block-columns reverse-mobile is-layout-flex wp-container-core-columns-is-layout-28f84493 wp-block-columns-is-layout-flex\">\n<div class=\"wp-block-column is-layout-flow wp-block-column-is-layout-flow\">\n<div class=\"wp-block-cover aligncenter is-light\"><span aria-hidden=\"true\" class=\"has-background-dim-0 wp-block-cover__gradient-background has-background-dim\"><\/span><img decoding=\"async\" class=\"wp-block-cover__image-background wp-image-15861\" alt=\"\" src=\"https:\/\/pureobagi.com\/wp-content\/uploads\/2020\/12\/Product_Range_Images_00022_CLENZIderm_3.png\" data-object-fit=\"cover\"\/><div class=\"wp-block-cover__inner-container is-layout-flow wp-block-cover-is-layout-flow\">\n<p class=\"has-text-align-center has-large-font-size\"><\/p>\n<\/div><\/div>\n<\/div>\n\n\n\n<div class=\"wp-block-column is-layout-flow wp-block-column-is-layout-flow\">\n<h2 class=\"wp-block-heading\">INGR\u00c9DIENTS CL\u00c9S<\/h2>\n\n\n\n<p>Obagi CLENZIderm Daily Care Foaming Cleanser comprend:<\/p>\n\n\n\n<ul class=\"wp-block-list\"><li>2% d&#8217;acide salicylique<br>pour \u00e9liminer les cellules mortes tout en douceur et r\u00e9v\u00e9ler une peau pleine de sant\u00e9<\/li><li>Le menthol<br>apaise et rafra\u00eechit les peaux irrit\u00e9es<\/li><\/ul>\n\n\n\n<p>En savoir plus sur les ingr\u00e9dients cl\u00e9s mentionn\u00e9s dans notre blog<\/p>\n<\/div>\n<\/div>\n\n\n\n<div class=\"wp-block-columns is-layout-flex wp-container-core-columns-is-layout-28f84493 wp-block-columns-is-layout-flex\">\n<div class=\"wp-block-column is-layout-flow wp-block-column-is-layout-flow\">\n<h2 class=\"wp-block-heading\">Obagi CLENZIderm<\/h2>\n\n\n\n<p>Le Obagi CLENZIderm Daily Care Foaming Cleanser ne convient pas aux peaux acn\u00e9iques ou sujettes au #maskn\u00e9.<\/p>\n\n\n\n<p>Vous vous demandez si Obagi CLENZIderm est fait pour vous? Demandez conseil \u00e0 nos partenaires en dermo-cosm\u00e9tique.<\/p>\n\n\n\n<div class=\"wp-block-buttons is-layout-flex wp-block-buttons-is-layout-flex\">\n<div class=\"wp-block-button\"><a class=\"wp-block-button__link\" href=\"https:\/\/pureobagi.com\/fr\/skinstation\/\">Contact<\/a><\/div>\n<\/div>\n<\/div>\n\n\n\n<div class=\"wp-block-column is-layout-flow wp-block-column-is-layout-flow\">\n<figure class=\"wp-block-embed aligncenter is-type-video is-provider-vimeo wp-block-embed-vimeo wp-embed-aspect-16-9 wp-has-aspect-ratio\"><div class=\"wp-block-embed__wrapper\">\n<iframe loading=\"lazy\" title=\"CLENZIderm Cleanser\" src=\"https:\/\/player.vimeo.com\/video\/492522897?h=72d30d974c&amp;dnt=1&amp;app_id=122963\" width=\"980\" height=\"551\" frameborder=\"0\" allow=\"autoplay; fullscreen; picture-in-picture\" allowfullscreen><\/iframe>\n<\/div><\/figure>\n<\/div>\n<\/div>\n\n\n<div  class=\"wp-block-product-blocks-product-grid-3 wopb-block-f53fa4 \"><div class=\"wopb-block-wrapper\"><div class=\"wopb-wrapper-main-content\"><div class=\"wopb-product-blocks-slide\" data-slidestoshow=\"3-2-1\" data-autoplay=\"\" data-slidespeed=\"3000\" data-showdots=\"\" data-showarrows=\"1\"><div class=\"wopb-block-item \"><div class=\"wopb-block-content-wrap\"><div class=\"wopb-block-image wopb-block-image-none\"><div class=\"wopb-onsale-hot\"><\/div><div class=\"wopb-product-new-meta\"><\/div><div class=\"wopb-quick-cart\"><div class=\"wopb-product-btn\"><div class=\"wopb-product-btn \"><span class=\"wopb-cart-action \" data-postid=\"30837\"><a href=\"\/fr\/wp-json\/wp\/v2\/pages\/30252?add-to-cart=30837\" class=\"add_to_cart_button ajax_add_to_cart wopb-cart-normal\" data-stock=\"\" aria-label=\"Ajouter au panier\u00a0: &ldquo;SUZANOBAGIMD\u2122 Intensive Daily Repair (IDR)&rdquo;\" data-quantity=\"1\" data-product_id=\"30837\" data-product_sku=\"SOMDIDREXFO\" rel=\"nofollow\">Ajouter au panier<\/a><a href=\"https:\/\/pureobagi.com\/fr\/cart-2\/\" class=\"wopb-cart-active\">View Cart<\/a><\/span><\/div><\/div><\/div><a href=\"https:\/\/pureobagi.com\/fr\/produit\/suzanobagimd-intensive-daily-repair-idr\/\"><img decoding=\"async\" src=\"https:\/\/pureobagi.com\/wp-content\/uploads\/2020\/10\/IDR-bottle-1000x1000-1.png\" alt=\"SUZANOBAGIMD\u2122 Intensive Daily Repair (IDR)\" \/><\/a><\/div><div class=\"wopb-pg-cl wopb-pg-cl1\"><div class=\"wopb-product-cat-price\"><div class=\"wopb-product-price\"><span class=\"woocommerce-Price-amount amount\"><bdi><span class=\"woocommerce-Price-currencySymbol\">&euro;<\/span>64.80<\/bdi><\/span> <small class=\"woocommerce-price-suffix\">inc. T.V.A.<\/small><\/div><\/div><div class=\"wopb-product-title-review\"><h3 class=\"wopb-block-title\"><a title=\"SUZANOBAGIMD\u2122 Intensive Daily Repair (IDR)\"  href=\"https:\/\/pureobagi.com\/fr\/produit\/suzanobagimd-intensive-daily-repair-idr\/\">SUZANOBAGIMD\u2122 Intensive Daily Repair (IDR)<\/a><\/h3><\/div><\/div><\/div><\/div><div class=\"wopb-block-item \"><div class=\"wopb-block-content-wrap\"><div class=\"wopb-block-image wopb-block-image-none\"><div class=\"wopb-onsale-hot\"><\/div><div class=\"wopb-product-new-meta\"><\/div><div class=\"wopb-quick-cart\"><div class=\"wopb-product-btn\"><div class=\"wopb-product-btn \"><span class=\"wopb-cart-action \" data-postid=\"30825\"><a href=\"\/fr\/wp-json\/wp\/v2\/pages\/30252?add-to-cart=30825\" class=\"add_to_cart_button ajax_add_to_cart wopb-cart-normal\" data-stock=\"\" aria-label=\"Ajouter au panier\u00a0: &ldquo;SUZANOBAGIMD\u2122 Foaming Cleanser 200ml&rdquo;\" data-quantity=\"1\" data-product_id=\"30825\" data-product_sku=\"SOMDFOAMCLE\" rel=\"nofollow\">Ajouter au panier<\/a><a href=\"https:\/\/pureobagi.com\/fr\/cart-2\/\" class=\"wopb-cart-active\">View Cart<\/a><\/span><\/div><\/div><\/div><a href=\"https:\/\/pureobagi.com\/fr\/produit\/suzanobagimd-foaming-cleanser-200ml\/\"><img decoding=\"async\" src=\"https:\/\/pureobagi.com\/wp-content\/uploads\/2020\/12\/somd-foaming-cleanser-bottle-1000x1000-1.png\" alt=\"SUZANOBAGIMD\u2122 Foaming Cleanser 200ml\" \/><\/a><\/div><div class=\"wopb-pg-cl wopb-pg-cl1\"><div class=\"wopb-product-cat-price\"><div class=\"wopb-product-price\"><span class=\"woocommerce-Price-amount amount\"><bdi><span class=\"woocommerce-Price-currencySymbol\">&euro;<\/span>36.90<\/bdi><\/span> <small class=\"woocommerce-price-suffix\">inc. T.V.A.<\/small><\/div><\/div><div class=\"wopb-product-title-review\"><h3 class=\"wopb-block-title\"><a title=\"SUZANOBAGIMD\u2122 Foaming Cleanser 200ml\"  href=\"https:\/\/pureobagi.com\/fr\/produit\/suzanobagimd-foaming-cleanser-200ml\/\">SUZANOBAGIMD\u2122 Foaming Cleanser 200ml<\/a><\/h3><\/div><\/div><\/div><\/div><div class=\"wopb-block-item \"><div class=\"wopb-block-content-wrap\"><div class=\"wopb-block-image wopb-block-image-none\"><div class=\"wopb-onsale-hot\"><\/div><div class=\"wopb-product-new-meta\"><\/div><div class=\"wopb-quick-cart\"><div class=\"wopb-product-btn\"><div class=\"wopb-product-btn \"><span class=\"wopb-cart-action \" data-postid=\"30832\"><a href=\"\/fr\/wp-json\/wp\/v2\/pages\/30252?add-to-cart=30832\" class=\"add_to_cart_button ajax_add_to_cart wopb-cart-normal\" data-stock=\"\" aria-label=\"Ajouter au panier\u00a0: &ldquo;SUZANOBAGIMD\u2122 Balancing Toner 200ml&rdquo;\" data-quantity=\"1\" data-product_id=\"30832\" data-product_sku=\"SOMDBALTONE\" rel=\"nofollow\">Ajouter au panier<\/a><a href=\"https:\/\/pureobagi.com\/fr\/cart-2\/\" class=\"wopb-cart-active\">View Cart<\/a><\/span><\/div><\/div><\/div><a href=\"https:\/\/pureobagi.com\/fr\/produit\/suzanobagimd-balancing-toner-200ml\/\"><img decoding=\"async\" src=\"https:\/\/pureobagi.com\/wp-content\/uploads\/2020\/12\/somd-toner-bottle-1000x1000-1.png\" alt=\"SUZANOBAGIMD\u2122 Balancing Toner 200ml\" \/><\/a><\/div><div class=\"wopb-pg-cl wopb-pg-cl1\"><div class=\"wopb-product-cat-price\"><div class=\"wopb-product-price\"><span class=\"woocommerce-Price-amount amount\"><bdi><span class=\"woocommerce-Price-currencySymbol\">&euro;<\/span>36.90<\/bdi><\/span> <small class=\"woocommerce-price-suffix\">inc. T.V.A.<\/small><\/div><\/div><div class=\"wopb-product-title-review\"><h3 class=\"wopb-block-title\"><a title=\"SUZANOBAGIMD\u2122 Balancing Toner 200ml\"  href=\"https:\/\/pureobagi.com\/fr\/produit\/suzanobagimd-balancing-toner-200ml\/\">SUZANOBAGIMD\u2122 Balancing Toner 200ml<\/a><\/h3><\/div><\/div><\/div><\/div><div class=\"wopb-block-item \"><div class=\"wopb-block-content-wrap\"><div class=\"wopb-block-image wopb-block-image-none\"><div class=\"wopb-onsale-hot\"><\/div><div class=\"wopb-product-new-meta\"><\/div><div class=\"wopb-quick-cart\"><div class=\"wopb-product-btn\"><div class=\"wopb-product-btn \"><span class=\"wopb-cart-action \" data-postid=\"30836\"><a href=\"\/fr\/wp-json\/wp\/v2\/pages\/30252?add-to-cart=30836\" class=\"add_to_cart_button ajax_add_to_cart wopb-cart-normal\" data-stock=\"6\" aria-label=\"Ajouter au panier\u00a0: &ldquo;SUZANOBAGIMD Retivance\u00ae Skin Rejuvenating Complex&rdquo;\" data-quantity=\"1\" data-product_id=\"30836\" data-product_sku=\"SOMDRETIVAN\" rel=\"nofollow\">Ajouter au panier<\/a><a href=\"https:\/\/pureobagi.com\/fr\/cart-2\/\" class=\"wopb-cart-active\">View Cart<\/a><\/span><\/div><\/div><\/div><a href=\"https:\/\/pureobagi.com\/fr\/produit\/suzanobagimd-retivance-skin-rejuvenating-complex\/\"><img decoding=\"async\" src=\"https:\/\/pureobagi.com\/wp-content\/uploads\/2020\/10\/retivance-bottle-1000x1000-1.png\" alt=\"SUZANOBAGIMD Retivance\u00ae Skin Rejuvenating Complex\" \/><\/a><\/div><div class=\"wopb-pg-cl wopb-pg-cl1\"><div class=\"wopb-product-cat-price\"><div class=\"wopb-product-price\"><span class=\"woocommerce-Price-amount amount\"><bdi><span class=\"woocommerce-Price-currencySymbol\">&euro;<\/span>116.10<\/bdi><\/span> <small class=\"woocommerce-price-suffix\">inc. T.V.A.<\/small><\/div><\/div><div class=\"wopb-product-title-review\"><h3 class=\"wopb-block-title\"><a title=\"SUZANOBAGIMD Retivance\u00ae Skin Rejuvenating Complex\"  href=\"https:\/\/pureobagi.com\/fr\/produit\/suzanobagimd-retivance-skin-rejuvenating-complex\/\">SUZANOBAGIMD Retivance\u00ae Skin Rejuvenating Complex<\/a><\/h3><\/div><\/div><\/div><\/div><div class=\"wopb-block-item \"><div class=\"wopb-block-content-wrap\"><div class=\"wopb-block-image wopb-block-image-none\"><div class=\"wopb-onsale-hot\"><\/div><div class=\"wopb-product-new-meta\"><\/div><div class=\"wopb-quick-cart\"><div class=\"wopb-product-btn\"><div class=\"wopb-product-btn \"><span class=\"wopb-cart-action \" data-postid=\"30852\"><a href=\"\/fr\/wp-json\/wp\/v2\/pages\/30252?add-to-cart=30852\" class=\"add_to_cart_button ajax_add_to_cart wopb-cart-normal\" data-stock=\"47\" aria-label=\"Ajouter au panier\u00a0: &ldquo;Obagi360\u00ae Retinol 0.5&rdquo;\" data-quantity=\"1\" data-product_id=\"30852\" data-product_sku=\"RET050OBA05\" rel=\"nofollow\">Ajouter au panier<\/a><a href=\"https:\/\/pureobagi.com\/fr\/cart-2\/\" class=\"wopb-cart-active\">View Cart<\/a><\/span><\/div><\/div><\/div><a href=\"https:\/\/pureobagi.com\/fr\/produit\/obagi360-retinol-0-5\/\"><img decoding=\"async\" src=\"https:\/\/pureobagi.com\/wp-content\/uploads\/2020\/10\/retinol-0.5-e1647617873185.png\" alt=\"Obagi360\u00ae Retinol 0.5\" \/><\/a><\/div><div class=\"wopb-pg-cl wopb-pg-cl1\"><div class=\"wopb-product-cat-price\"><div class=\"wopb-product-price\"><span class=\"woocommerce-Price-amount amount\"><bdi><span class=\"woocommerce-Price-currencySymbol\">&euro;<\/span>70.00<\/bdi><\/span> <small class=\"woocommerce-price-suffix\">inc. T.V.A.<\/small><\/div><\/div><div class=\"wopb-product-title-review\"><h3 class=\"wopb-block-title\"><a title=\"Obagi360\u00ae Retinol 0.5\"  href=\"https:\/\/pureobagi.com\/fr\/produit\/obagi360-retinol-0-5\/\">Obagi360\u00ae Retinol 0.5<\/a><\/h3><\/div><\/div><\/div><\/div><div class=\"wopb-block-item \"><div class=\"wopb-block-content-wrap\"><div class=\"wopb-block-image wopb-block-image-none\"><div class=\"wopb-onsale-hot\"><\/div><div class=\"wopb-product-new-meta\"><\/div><div class=\"wopb-quick-cart\"><div class=\"wopb-product-btn\"><div class=\"wopb-product-btn \"><span class=\"wopb-cart-action \" data-postid=\"30850\"><a href=\"\/fr\/wp-json\/wp\/v2\/pages\/30252?add-to-cart=30850\" class=\"add_to_cart_button ajax_add_to_cart wopb-cart-normal\" data-stock=\"10\" aria-label=\"Ajouter au panier\u00a0: &ldquo;Obagi360 HydraFactor\u00ae Broad Spectrum SPF 30&rdquo;\" data-quantity=\"1\" data-product_id=\"30850\" data-product_sku=\"360HYMOBA01\" rel=\"nofollow\">Ajouter au panier<\/a><a href=\"https:\/\/pureobagi.com\/fr\/cart-2\/\" class=\"wopb-cart-active\">View Cart<\/a><\/span><\/div><\/div><\/div><a href=\"https:\/\/pureobagi.com\/fr\/produit\/obagi-hydrafactor-spf30\/\"><img decoding=\"async\" src=\"https:\/\/pureobagi.com\/wp-content\/uploads\/2020\/10\/hydrafactor-bottle-1000x1000-1.png\" alt=\"Obagi360 HydraFactor\u00ae Broad Spectrum SPF 30\" \/><\/a><\/div><div class=\"wopb-pg-cl wopb-pg-cl1\"><div class=\"wopb-product-cat-price\"><div class=\"wopb-product-price\"><span class=\"woocommerce-Price-amount amount\"><bdi><span class=\"woocommerce-Price-currencySymbol\">&euro;<\/span>58.00<\/bdi><\/span> <small class=\"woocommerce-price-suffix\">inc. T.V.A.<\/small><\/div><\/div><div class=\"wopb-product-title-review\"><h3 class=\"wopb-block-title\"><a title=\"Obagi360 HydraFactor\u00ae Broad Spectrum SPF 30\"  href=\"https:\/\/pureobagi.com\/fr\/produit\/obagi-hydrafactor-spf30\/\">Obagi360 HydraFactor\u00ae Broad Spectrum SPF 30<\/a><\/h3><\/div><\/div><\/div><\/div><\/div><div class=\"wopb-slick-nav\" style=\"display:none\"><div class=\"wopb-slick-prev\"><div class=\"slick-arrow slick-prev\"><svg enable-background=\"new 0 0 477.175 477.175\" version=\"1.1\" viewBox=\"0 0 477.18 477.18\"><path d=\"m145.19 238.58 215.5-215.5c5.3-5.3 5.3-13.8 0-19.1s-13.8-5.3-19.1 0l-225.1 225.1c-5.3 5.3-5.3 13.8 0 19.1l225.1 225c2.6 2.6 6.1 4 9.5 4s6.9-1.3 9.5-4c5.3-5.3 5.3-13.8 0-19.1l-215.4-215.5z\"\/><\/svg><\/div><\/div><div class=\"wopb-slick-next\"><div class=\"slick-arrow slick-next\"><svg enable-background=\"new 0 0 477.175 477.175\" version=\"1.1\" viewBox=\"0 0 477.18 477.18\"><path d=\"m360.73 229.08-225.1-225.1c-5.3-5.3-13.8-5.3-19.1 0s-5.3 13.8 0 19.1l215.5 215.5-215.5 215.5c-5.3 5.3-5.3 13.8 0 19.1 2.6 2.6 6.1 4 9.5 4s6.9-1.3 9.5-4l225.1-225.1c5.3-5.2 5.3-13.8 0.1-19z\"\/><\/svg><\/div><\/div><\/div><\/div><\/div><\/div>","protected":false},"excerpt":{"rendered":"<p>Obagi CLENZIderm Daily Care Foaming Cleanser est une mousse nettoyante l\u00e9g\u00e8re contenant 2% acide salicylique pour d\u00e9gager les pores et \u00e9liminer les cellules mortes. L&#8217;acide salicylique dissout les cellules mortes et exc\u00e8s de s\u00e9bum qui bloquent les pores et entra\u00eenent de l&#8217;acn\u00e9 (points noirs, points blancs, boutons). Suffisamment doux pour \u00eatre utilis\u00e9 matin et soir, [&hellip;]<\/p>\n","protected":false},"author":1,"featured_media":22980,"parent":26433,"menu_order":0,"comment_status":"closed","ping_status":"closed","template":"template-fullwidth.php","meta":{"_acf_changed":false,"footnotes":""},"class_list":["post-30252","page","type-page","status-publish","has-post-thumbnail","hentry"],"acf":[],"_links":{"self":[{"href":"https:\/\/pureobagi.com\/fr\/wp-json\/wp\/v2\/pages\/30252","targetHints":{"allow":["GET"]}}],"collection":[{"href":"https:\/\/pureobagi.com\/fr\/wp-json\/wp\/v2\/pages"}],"about":[{"href":"https:\/\/pureobagi.com\/fr\/wp-json\/wp\/v2\/types\/page"}],"author":[{"embeddable":true,"href":"https:\/\/pureobagi.com\/fr\/wp-json\/wp\/v2\/users\/1"}],"replies":[{"embeddable":true,"href":"https:\/\/pureobagi.com\/fr\/wp-json\/wp\/v2\/comments?post=30252"}],"version-history":[{"count":6,"href":"https:\/\/pureobagi.com\/fr\/wp-json\/wp\/v2\/pages\/30252\/revisions"}],"predecessor-version":[{"id":49831,"href":"https:\/\/pureobagi.com\/fr\/wp-json\/wp\/v2\/pages\/30252\/revisions\/49831"}],"up":[{"embeddable":true,"href":"https:\/\/pureobagi.com\/fr\/wp-json\/wp\/v2\/pages\/26433"}],"wp:featuredmedia":[{"embeddable":true,"href":"https:\/\/pureobagi.com\/fr\/wp-json\/wp\/v2\/media\/22980"}],"wp:attachment":[{"href":"https:\/\/pureobagi.com\/fr\/wp-json\/wp\/v2\/media?parent=30252"}],"curies":[{"name":"wp","href":"https:\/\/api.w.org\/{rel}","templated":true}]}}