{"id":30567,"date":"2020-12-17T13:38:46","date_gmt":"2020-12-17T13:38:46","guid":{"rendered":"https:\/\/pureobagi.com\/retinoides\/"},"modified":"2021-08-18T09:20:16","modified_gmt":"2021-08-18T08:20:16","slug":"retinoides","status":"publish","type":"page","link":"https:\/\/pureobagi.com\/fr\/retinoides\/","title":{"rendered":"R\u00e9tino\u00efdes"},"content":{"rendered":"\n<div class=\"wp-block-columns is-layout-flex wp-container-core-columns-is-layout-28f84493 wp-block-columns-is-layout-flex\">\n<div class=\"wp-block-column is-layout-flow wp-block-column-is-layout-flow\">\n<div class=\"wp-block-cover aligncenter\"><img decoding=\"async\" class=\"wp-block-cover__image-background wp-image-18772\" alt=\"\" src=\"https:\/\/pureobagi.com\/wp-content\/uploads\/2021\/05\/retinoids-1000x1000-grey-background.png\" data-object-fit=\"cover\"\/><div class=\"wp-block-cover__inner-container is-layout-flow wp-block-cover-is-layout-flow\">\n<p class=\"has-text-align-center has-large-font-size\"><\/p>\n<\/div><\/div>\n<\/div>\n\n\n\n<div class=\"wp-block-column is-layout-flow wp-block-column-is-layout-flow\">\n<p><\/p>\n\n\n\n<p>Les r\u00e9tino\u00efdes ont \u00e9t\u00e9 d\u00e9crits comme l&#8217;ingr\u00e9dient le plus efficace au monde en mati\u00e8re de soins pour la peau.<\/p>\n\n\n\n<p>Le plus souvent utilis\u00e9s comme ingr\u00e9dient anti-\u00e2ge, les r\u00e9tino\u00efdes att\u00e9nuent les rides et ridules et autres signes de vieillissement cutan\u00e9, en stimulant la production de collag\u00e8ne dans la peau et en acc\u00e9l\u00e9rant le renouvellement des cellules.<\/p>\n\n\n\n<p>Les r\u00e9tino\u00efdes marchent aussi tr\u00e8s bien pour am\u00e9liorer le grain de peau, d\u00e9gager les pores et rem\u00e9dier aux pouss\u00e9es de boutons, mais aussi pour att\u00e9nuer les taches de soleil et autres signes d&#8217;hyperpigmentation.<\/p>\n\n\n\n<div class=\"wp-block-buttons is-layout-flex wp-block-buttons-is-layout-flex\">\n<div class=\"wp-block-button\"><a class=\"wp-block-button__link\" href=\"https:\/\/pureobagi.com\/fr\/categorie-produit\/type-de-produit\/retinoides-fr\/\">Parcourir Obagi Retinoids<\/a><\/div>\n<\/div>\n<\/div>\n<\/div>\n\n\n\n<div class=\"wp-block-columns is-layout-flex wp-container-core-columns-is-layout-28f84493 wp-block-columns-is-layout-flex\">\n<div class=\"wp-block-column is-layout-flow wp-block-column-is-layout-flow\">\n<h3 class=\"po-standout-text wp-block-heading\">Que sont les r\u00e9tino\u00efdes&nbsp;?<\/h3>\n\n\n\n<p>Les r\u00e9tino\u00efdes comprennent diff\u00e9rents types de r\u00e9tinols. Les r\u00e9tinols, eux, sont des d\u00e9riv\u00e9s de la vitamine&nbsp;A. Il existe plusieurs formes et concentrations de r\u00e9tinols, dont certains ne sont disponibles que sur ordonnance.<\/p>\n\n\n\n<p>Les produits <strong>SUZAN<\/strong>OBAGI<strong>MD<\/strong> comprennent un r\u00e9tinol appel\u00e9 \u00ab&amp;nbsp;r\u00e9tinald\u00e9hyde&amp;nbsp;\u00bb. Le r\u00e9tinald\u00e9hyde est un ingr\u00e9dient bien tol\u00e9r\u00e9 par tous les types de peau, m\u00eame les plus sensibles ou d\u00e9licates.<\/p>\n<\/div>\n\n\n\n<div class=\"wp-block-column is-layout-flow wp-block-column-is-layout-flow\">\n<div class=\"wp-block-cover\" style=\"min-height:567px;aspect-ratio:unset;\"><img decoding=\"async\" class=\"wp-block-cover__image-background wp-image-22118\" alt=\"\" src=\"https:\/\/pureobagi.com\/wp-content\/uploads\/2021\/05\/Obagi360-Retinol-0.5-e1622634178853.png\" data-object-fit=\"cover\"\/><div class=\"wp-block-cover__inner-container is-layout-flow wp-block-cover-is-layout-flow\">\n<p class=\"has-text-align-center has-large-font-size\"><\/p>\n<\/div><\/div>\n<\/div>\n<\/div>\n\n\n\n<div class=\"wp-block-columns reverse-mobile is-layout-flex wp-container-core-columns-is-layout-28f84493 wp-block-columns-is-layout-flex\">\n<div class=\"wp-block-column is-layout-flow wp-block-column-is-layout-flow\">\n<div class=\"wp-block-cover\"><img decoding=\"async\" width=\"1000\" height=\"1000\" class=\"wp-block-cover__image-background wp-image-22088\" alt=\"\" src=\"https:\/\/pureobagi.com\/wp-content\/uploads\/2021\/05\/retivance-in-bathroom-sink-1000x1000-1.png\" data-object-fit=\"cover\" srcset=\"https:\/\/pureobagi.com\/wp-content\/uploads\/2021\/05\/retivance-in-bathroom-sink-1000x1000-1.png 1000w, https:\/\/pureobagi.com\/wp-content\/uploads\/2021\/05\/retivance-in-bathroom-sink-1000x1000-1-300x300.png 300w, https:\/\/pureobagi.com\/wp-content\/uploads\/2021\/05\/retivance-in-bathroom-sink-1000x1000-1-150x150.png 150w, https:\/\/pureobagi.com\/wp-content\/uploads\/2021\/05\/retivance-in-bathroom-sink-1000x1000-1-768x768.png 768w, https:\/\/pureobagi.com\/wp-content\/uploads\/2021\/05\/retivance-in-bathroom-sink-1000x1000-1-600x600.png 600w, https:\/\/pureobagi.com\/wp-content\/uploads\/2021\/05\/retivance-in-bathroom-sink-1000x1000-1-324x324.png 324w, https:\/\/pureobagi.com\/wp-content\/uploads\/2021\/05\/retivance-in-bathroom-sink-1000x1000-1-416x416.png 416w, https:\/\/pureobagi.com\/wp-content\/uploads\/2021\/05\/retivance-in-bathroom-sink-1000x1000-1-100x100.png 100w, https:\/\/pureobagi.com\/wp-content\/uploads\/2021\/05\/retivance-in-bathroom-sink-1000x1000-1-60x60.png 60w, https:\/\/pureobagi.com\/wp-content\/uploads\/2021\/05\/retivance-in-bathroom-sink-1000x1000-1-90x90.png 90w\" sizes=\"(max-width: 1000px) 100vw, 1000px\" \/><div class=\"wp-block-cover__inner-container is-layout-flow wp-block-cover-is-layout-flow\">\n<p class=\"has-text-align-center has-large-font-size\"><\/p>\n<\/div><\/div>\n<\/div>\n\n\n\n<div class=\"wp-block-column is-layout-flow wp-block-column-is-layout-flow\">\n<h2 class=\"wp-block-heading\">INGR\u00c9DIENTS CL\u00c9S<\/h2>\n\n\n\n<p>Obagi Retinoids sont disponibles sous la forme suivante&amp;nbsp;:<\/p>\n\n\n\n<ul class=\"wp-block-list\"><li>OBAGI360 Retinol 0.5<\/li><\/ul>\n\n\n\n<p>Cr\u00e8me au r\u00e9tinol (faible concentration) visant \u00e0 embellir le teint et \u00e0 lisser les grains de peau irr\u00e9guliers, pour une peau nette et non irrit\u00e9e.<\/p>\n\n\n\n<p><strong>SUZAN<\/strong>OBAGI<strong>MD<\/strong>Retinaldehyde disponible(s) sous la forme suivante&amp;nbsp;:<\/p>\n\n\n\n<ul class=\"wp-block-list\"><li>Retivance\u00ae Skin Rejuvenating Complex<\/li><\/ul>\n\n\n\n<p>formul\u00e9(s) pour att\u00e9nuer les rides et ridules tout en embellissant le teint et le grain de peau.<\/p>\n\n\n\n<p>En savoir plus sur les ingr\u00e9dients cl\u00e9s mentionn\u00e9s dans notre blog.<\/p>\n<\/div>\n<\/div>\n\n\n\n<div class=\"wp-block-columns is-layout-flex wp-container-core-columns-is-layout-28f84493 wp-block-columns-is-layout-flex\">\n<div class=\"wp-block-column is-layout-flow wp-block-column-is-layout-flow\">\n<h2 class=\"wp-block-heading\">Obagi Retinoids<\/h2>\n\n\n\n<p>Vous vous demandez si les Obagi Retinoids sont faits pour vous&amp;nbsp;? Demandez conseil \u00e0 nos partenaires en dermo-cosm\u00e9tique.<\/p>\n\n\n\n<div class=\"wp-block-buttons is-layout-flex wp-block-buttons-is-layout-flex\">\n<div class=\"wp-block-button\"><a class=\"wp-block-button__link\" href=\"https:\/\/pureobagi.com\/fr\/skinstation\/\">Contact<\/a><\/div>\n<\/div>\n<\/div>\n\n\n\n<div class=\"wp-block-column is-layout-flow wp-block-column-is-layout-flow\">\n<figure class=\"wp-block-embed aligncenter is-type-video is-provider-vimeo wp-block-embed-vimeo wp-embed-aspect-16-9 wp-has-aspect-ratio\"><div class=\"wp-block-embed__wrapper\">\n<iframe loading=\"lazy\" src=\"https:\/\/player.vimeo.com\/video\/432524400?dnt=1&amp;app_id=122963&amp;h=7292fbf7b2\" width=\"980\" height=\"551\" frameborder=\"0\" allow=\"autoplay; fullscreen; picture-in-picture\" allowfullscreen><\/iframe>\n<\/div><\/figure>\n\n\n\n<p><\/p>\n<\/div>\n<\/div>\n\n\n<div  class=\"wp-block-product-blocks-product-grid-1 wopb-block-7312a4 \"><div class=\"wopb-block-wrapper\"><div class=\"wopb-wrapper-main-content\"><div class=\"wopb-product-blocks-slide\" data-slidestoshow=\"4-2-1\" data-autoplay=\"1\" data-slidespeed=\"3000\" data-showdots=\"\" data-showarrows=\"1\"><div class=\"wopb-block-item \"><div class=\"wopb-block-content-wrap\"><div class=\"wopb-block-image wopb-block-image-none\"><div class=\"wopb-onsale-hot\"><\/div><div class=\"wopb-product-new-meta\"><\/div><a href=\"https:\/\/pureobagi.com\/fr\/produit\/obagi-sun-shield-tint-broad-spectrum-spf-50-cool-2\/\"><img decoding=\"async\" src=\"https:\/\/pureobagi.com\/wp-content\/uploads\/2022\/02\/Sun-Shield-Tint-cool-1000x1000-1.png\" alt=\"Obagi Sun Shield\u2122 Tint Broad Spectrum SPF 50 Cool\" \/><\/a><\/div><h3 class=\"wopb-block-title\"><a title=\"Obagi Sun Shield\u2122 Tint Broad Spectrum SPF 50 Cool\"  href=\"https:\/\/pureobagi.com\/fr\/produit\/obagi-sun-shield-tint-broad-spectrum-spf-50-cool-2\/\">Obagi Sun Shield\u2122 Tint Broad Spectrum SPF 50 Cool<\/a><\/h3><div class=\"wopb-product-price\"><span class=\"woocommerce-Price-amount amount\"><bdi><span class=\"woocommerce-Price-currencySymbol\">&euro;<\/span>53.00<\/bdi><\/span> <small class=\"woocommerce-price-suffix\">inc. T.V.A.<\/small><\/div><div class=\"wopb-product-btn\"><div class=\"wopb-product-btn \"><span class=\"wopb-cart-action \" data-postid=\"47540\"><a href=\"\/fr\/wp-json\/wp\/v2\/pages\/30567?add-to-cart=47540\" class=\"add_to_cart_button ajax_add_to_cart wopb-cart-normal\" data-stock=\"\" aria-label=\"Ajouter au panier\u00a0: &ldquo;Obagi Sun Shield\u2122 Tint Broad Spectrum SPF 50 Cool&rdquo;\" data-quantity=\"1\" data-product_id=\"47540\" data-product_sku=\"SUNCOOLOBA02\" rel=\"nofollow\">Ajouter au panier<\/a><a href=\"https:\/\/pureobagi.com\/fr\/cart-2\/\" class=\"wopb-cart-active\">View Cart<\/a><\/span><\/div><\/div><\/div><\/div><div class=\"wopb-block-item \"><div class=\"wopb-block-content-wrap\"><div class=\"wopb-block-image wopb-block-image-none\"><div class=\"wopb-onsale-hot\"><\/div><div class=\"wopb-product-new-meta\"><\/div><a href=\"https:\/\/pureobagi.com\/fr\/produit\/obagi-sun-shield-tint-broad-spectrum-spf-50-warm-2\/\"><img decoding=\"async\" src=\"https:\/\/pureobagi.com\/wp-content\/uploads\/2022\/02\/Sun-Shield-Tint-Warm-1000x1000-1.png\" alt=\"Obagi Sun Shield\u2122 Tint Broad Spectrum SPF 50 Warm\" \/><\/a><\/div><h3 class=\"wopb-block-title\"><a title=\"Obagi Sun Shield\u2122 Tint Broad Spectrum SPF 50 Warm\"  href=\"https:\/\/pureobagi.com\/fr\/produit\/obagi-sun-shield-tint-broad-spectrum-spf-50-warm-2\/\">Obagi Sun Shield\u2122 Tint Broad Spectrum SPF 50 Warm<\/a><\/h3><div class=\"wopb-product-price\"><span class=\"woocommerce-Price-amount amount\"><bdi><span class=\"woocommerce-Price-currencySymbol\">&euro;<\/span>53.00<\/bdi><\/span> <small class=\"woocommerce-price-suffix\">inc. T.V.A.<\/small><\/div><div class=\"wopb-product-btn\"><div class=\"wopb-product-btn \"><span class=\"wopb-cart-action \" data-postid=\"47545\"><a href=\"\/fr\/wp-json\/wp\/v2\/pages\/30567?add-to-cart=47545\" class=\"add_to_cart_button ajax_add_to_cart wopb-cart-normal\" data-stock=\"\" aria-label=\"Ajouter au panier\u00a0: &ldquo;Obagi Sun Shield\u2122 Tint Broad Spectrum SPF 50 Warm&rdquo;\" data-quantity=\"1\" data-product_id=\"47545\" data-product_sku=\"SUNWARMOBA01\" rel=\"nofollow\">Ajouter au panier<\/a><a href=\"https:\/\/pureobagi.com\/fr\/cart-2\/\" class=\"wopb-cart-active\">View Cart<\/a><\/span><\/div><\/div><\/div><\/div><div class=\"wopb-block-item \"><div class=\"wopb-block-content-wrap\"><div class=\"wopb-block-image wopb-block-image-none\"><div class=\"wopb-onsale-hot\"><\/div><div class=\"wopb-product-new-meta\"><\/div><a href=\"https:\/\/pureobagi.com\/fr\/produit\/obagi-gentle-men-kit-normal-dry\/\"><img decoding=\"async\" src=\"https:\/\/pureobagi.com\/wp-content\/uploads\/2021\/05\/Gentle-Men-Kit-1000x1000-1-e1634131248948.png\" alt=\"Obagi Gentle Men&#039;s Kit for Normal-Dry Skin\" \/><\/a><\/div><h3 class=\"wopb-block-title\"><a title=\"Obagi Gentle Men&#039;s Kit for Normal-Dry Skin\"  href=\"https:\/\/pureobagi.com\/fr\/produit\/obagi-gentle-men-kit-normal-dry\/\">Obagi Gentle Men&#8217;s Kit for Normal-Dry Skin<\/a><\/h3><div class=\"wopb-product-price\"><span class=\"woocommerce-Price-amount amount\"><bdi><span class=\"woocommerce-Price-currencySymbol\">&euro;<\/span>173.70<\/bdi><\/span> <small class=\"woocommerce-price-suffix\">inc. T.V.A.<\/small><\/div><div class=\"wopb-product-btn\"><div class=\"wopb-product-btn \"><span class=\"wopb-cart-action \" data-postid=\"29454\"><a href=\"\/fr\/wp-json\/wp\/v2\/pages\/30567?add-to-cart=29454\" class=\"add_to_cart_button ajax_add_to_cart wopb-cart-normal\" data-stock=\"\" aria-label=\"Ajouter au panier\u00a0: &ldquo;Obagi Gentle Men&#039;s Kit for Normal-Dry Skin&rdquo;\" data-quantity=\"1\" data-product_id=\"29454\" data-product_sku=\"OBAGENMENDRY\" rel=\"nofollow\">Ajouter au panier<\/a><a href=\"https:\/\/pureobagi.com\/fr\/cart-2\/\" class=\"wopb-cart-active\">View Cart<\/a><\/span><\/div><\/div><\/div><\/div><div class=\"wopb-block-item \"><div class=\"wopb-block-content-wrap\"><div class=\"wopb-block-image wopb-block-image-none\"><div class=\"wopb-onsale-hot\"><\/div><div class=\"wopb-product-new-meta\"><\/div><a href=\"https:\/\/pureobagi.com\/fr\/produit\/vitamin-c-advanced-kit\/\"><img decoding=\"async\" src=\"https:\/\/pureobagi.com\/wp-content\/uploads\/2021\/03\/Vitamin-C-Advanced-V2.jpg\" alt=\"Obagi Vitamin C Advanced Kit\" \/><\/a><\/div><h3 class=\"wopb-block-title\"><a title=\"Obagi Vitamin C Advanced Kit\"  href=\"https:\/\/pureobagi.com\/fr\/produit\/vitamin-c-advanced-kit\/\">Obagi Vitamin C Advanced Kit<\/a><\/h3><div class=\"wopb-product-price\"><span class=\"woocommerce-Price-amount amount\"><bdi><span class=\"woocommerce-Price-currencySymbol\">&euro;<\/span>209.70<\/bdi><\/span> <small class=\"woocommerce-price-suffix\">inc. T.V.A.<\/small><\/div><div class=\"wopb-product-btn\"><div class=\"wopb-product-btn \"><span class=\"wopb-cart-action \" data-postid=\"29447\"><a href=\"\/fr\/wp-json\/wp\/v2\/pages\/30567?add-to-cart=29447\" class=\"add_to_cart_button ajax_add_to_cart wopb-cart-normal\" data-stock=\"\" aria-label=\"Ajouter au panier\u00a0: &ldquo;Obagi Vitamin C Advanced Kit&rdquo;\" data-quantity=\"1\" data-product_id=\"29447\" data-product_sku=\"OBAVITCADV\" rel=\"nofollow\">Ajouter au panier<\/a><a href=\"https:\/\/pureobagi.com\/fr\/cart-2\/\" class=\"wopb-cart-active\">View Cart<\/a><\/span><\/div><\/div><\/div><\/div><div class=\"wopb-block-item \"><div class=\"wopb-block-content-wrap\"><div class=\"wopb-block-image wopb-block-image-none\"><div class=\"wopb-onsale-hot\"><\/div><div class=\"wopb-product-new-meta\"><\/div><a href=\"https:\/\/pureobagi.com\/fr\/produit\/vitamin-c-intermediate-kit\/\"><img decoding=\"async\" src=\"https:\/\/pureobagi.com\/wp-content\/uploads\/2021\/03\/Vitamin-C-Intermediate-V2.jpg\" alt=\"Obagi Vitamin C Intermediate Kit\" \/><\/a><\/div><h3 class=\"wopb-block-title\"><a title=\"Obagi Vitamin C Intermediate Kit\"  href=\"https:\/\/pureobagi.com\/fr\/produit\/vitamin-c-intermediate-kit\/\">Obagi Vitamin C Intermediate Kit<\/a><\/h3><div class=\"wopb-product-price\"><span class=\"woocommerce-Price-amount amount\"><bdi><span class=\"woocommerce-Price-currencySymbol\">&euro;<\/span>186.30<\/bdi><\/span> <small class=\"woocommerce-price-suffix\">inc. T.V.A.<\/small><\/div><div class=\"wopb-product-btn\"><div class=\"wopb-product-btn \"><span class=\"wopb-cart-action \" data-postid=\"29443\"><a href=\"\/fr\/wp-json\/wp\/v2\/pages\/30567?add-to-cart=29443\" class=\"add_to_cart_button ajax_add_to_cart wopb-cart-normal\" data-stock=\"\" aria-label=\"Ajouter au panier\u00a0: &ldquo;Obagi Vitamin C Intermediate Kit&rdquo;\" data-quantity=\"1\" data-product_id=\"29443\" data-product_sku=\"OBAVITCMED\" rel=\"nofollow\">Ajouter au panier<\/a><a href=\"https:\/\/pureobagi.com\/fr\/cart-2\/\" class=\"wopb-cart-active\">View Cart<\/a><\/span><\/div><\/div><\/div><\/div><div class=\"wopb-block-item \"><div class=\"wopb-block-content-wrap\"><div class=\"wopb-block-image wopb-block-image-none\"><div class=\"wopb-onsale-hot\"><\/div><div class=\"wopb-product-new-meta\"><\/div><a href=\"https:\/\/pureobagi.com\/fr\/produit\/vitamin-c-starter-set\/\"><img decoding=\"async\" src=\"https:\/\/pureobagi.com\/wp-content\/uploads\/2021\/03\/Vitamin-C-Starter-V2.jpg\" alt=\"Obagi Vitamin C Starter Kit\" \/><\/a><\/div><h3 class=\"wopb-block-title\"><a title=\"Obagi Vitamin C Starter Kit\"  href=\"https:\/\/pureobagi.com\/fr\/produit\/vitamin-c-starter-set\/\">Obagi Vitamin C Starter Kit<\/a><\/h3><div class=\"wopb-product-price\"><span class=\"woocommerce-Price-amount amount\"><bdi><span class=\"woocommerce-Price-currencySymbol\">&euro;<\/span>169.20<\/bdi><\/span> <small class=\"woocommerce-price-suffix\">inc. T.V.A.<\/small><\/div><div class=\"wopb-product-btn\"><div class=\"wopb-product-btn \"><span class=\"wopb-cart-action \" data-postid=\"29451\"><a href=\"\/fr\/wp-json\/wp\/v2\/pages\/30567?add-to-cart=29451\" class=\"add_to_cart_button ajax_add_to_cart wopb-cart-normal\" data-stock=\"\" aria-label=\"Ajouter au panier\u00a0: &ldquo;Obagi Vitamin C Starter Kit&rdquo;\" data-quantity=\"1\" data-product_id=\"29451\" data-product_sku=\"OBAVITCSTART\" rel=\"nofollow\">Ajouter au panier<\/a><a href=\"https:\/\/pureobagi.com\/fr\/cart-2\/\" class=\"wopb-cart-active\">View Cart<\/a><\/span><\/div><\/div><\/div><\/div><\/div><div class=\"wopb-slick-nav\" style=\"display:none\"><div class=\"wopb-slick-prev\"><div class=\"slick-arrow slick-prev\"><svg enable-background=\"new 0 0 477.175 477.175\" version=\"1.1\" viewBox=\"0 0 477.18 477.18\"><path d=\"m145.19 238.58 215.5-215.5c5.3-5.3 5.3-13.8 0-19.1s-13.8-5.3-19.1 0l-225.1 225.1c-5.3 5.3-5.3 13.8 0 19.1l225.1 225c2.6 2.6 6.1 4 9.5 4s6.9-1.3 9.5-4c5.3-5.3 5.3-13.8 0-19.1l-215.4-215.5z\"\/><\/svg><\/div><\/div><div class=\"wopb-slick-next\"><div class=\"slick-arrow slick-next\"><svg enable-background=\"new 0 0 477.175 477.175\" version=\"1.1\" viewBox=\"0 0 477.18 477.18\"><path d=\"m360.73 229.08-225.1-225.1c-5.3-5.3-13.8-5.3-19.1 0s-5.3 13.8 0 19.1l215.5 215.5-215.5 215.5c-5.3 5.3-5.3 13.8 0 19.1 2.6 2.6 6.1 4 9.5 4s6.9-1.3 9.5-4l225.1-225.1c5.3-5.2 5.3-13.8 0.1-19z\"\/><\/svg><\/div><\/div><\/div><\/div><\/div><\/div>","protected":false},"excerpt":{"rendered":"<p>Les r\u00e9tino\u00efdes ont \u00e9t\u00e9 d\u00e9crits comme l&#8217;ingr\u00e9dient le plus efficace au monde en mati\u00e8re de soins pour la peau. Le plus souvent utilis\u00e9s comme ingr\u00e9dient anti-\u00e2ge, les r\u00e9tino\u00efdes att\u00e9nuent les rides et ridules et autres signes de vieillissement cutan\u00e9, en stimulant la production de collag\u00e8ne dans la peau et en acc\u00e9l\u00e9rant le renouvellement des cellules. [&hellip;]<\/p>\n","protected":false},"author":1,"featured_media":0,"parent":0,"menu_order":0,"comment_status":"closed","ping_status":"closed","template":"template-fullwidth.php","meta":{"_acf_changed":false,"footnotes":""},"class_list":["post-30567","page","type-page","status-publish","hentry"],"acf":[],"_links":{"self":[{"href":"https:\/\/pureobagi.com\/fr\/wp-json\/wp\/v2\/pages\/30567","targetHints":{"allow":["GET"]}}],"collection":[{"href":"https:\/\/pureobagi.com\/fr\/wp-json\/wp\/v2\/pages"}],"about":[{"href":"https:\/\/pureobagi.com\/fr\/wp-json\/wp\/v2\/types\/page"}],"author":[{"embeddable":true,"href":"https:\/\/pureobagi.com\/fr\/wp-json\/wp\/v2\/users\/1"}],"replies":[{"embeddable":true,"href":"https:\/\/pureobagi.com\/fr\/wp-json\/wp\/v2\/comments?post=30567"}],"version-history":[{"count":3,"href":"https:\/\/pureobagi.com\/fr\/wp-json\/wp\/v2\/pages\/30567\/revisions"}],"predecessor-version":[{"id":30574,"href":"https:\/\/pureobagi.com\/fr\/wp-json\/wp\/v2\/pages\/30567\/revisions\/30574"}],"wp:attachment":[{"href":"https:\/\/pureobagi.com\/fr\/wp-json\/wp\/v2\/media?parent=30567"}],"curies":[{"name":"wp","href":"https:\/\/api.w.org\/{rel}","templated":true}]}}