{"id":30579,"date":"2020-12-04T12:35:40","date_gmt":"2020-12-04T12:35:40","guid":{"rendered":"https:\/\/pureobagi.com\/decouvrir-la-gamme\/collection-elastiderm\/"},"modified":"2022-03-21T17:28:16","modified_gmt":"2022-03-21T17:28:16","slug":"elastiderm","status":"publish","type":"page","link":"https:\/\/pureobagi.com\/fr\/decouvrir-la-gamme\/elastiderm\/","title":{"rendered":"ELASTIderm \u00ae  Collection"},"content":{"rendered":"\n<div class=\"wp-block-columns is-layout-flex wp-container-core-columns-is-layout-28f84493 wp-block-columns-is-layout-flex\">\n<div class=\"wp-block-column is-layout-flow wp-block-column-is-layout-flow\">\n<div class=\"wp-block-cover aligncenter is-light\"><span aria-hidden=\"true\" class=\"has-background-dim-0 wp-block-cover__gradient-background has-background-dim\"><\/span><img decoding=\"async\" width=\"650\" height=\"500\" class=\"wp-block-cover__image-background wp-image-33816\" alt=\"ELASTIderm\u00aeCollection\" src=\"https:\/\/pureobagi.com\/wp-content\/uploads\/2021\/10\/15-off-Elastiderm.jpg\" data-object-fit=\"cover\" srcset=\"https:\/\/pureobagi.com\/wp-content\/uploads\/2021\/10\/15-off-Elastiderm.jpg 650w, https:\/\/pureobagi.com\/wp-content\/uploads\/2021\/10\/15-off-Elastiderm-300x231.jpg 300w, https:\/\/pureobagi.com\/wp-content\/uploads\/2021\/10\/15-off-Elastiderm-416x320.jpg 416w, https:\/\/pureobagi.com\/wp-content\/uploads\/2021\/10\/15-off-Elastiderm-78x60.jpg 78w, https:\/\/pureobagi.com\/wp-content\/uploads\/2021\/10\/15-off-Elastiderm-117x90.jpg 117w\" sizes=\"(max-width: 650px) 100vw, 650px\" \/><div class=\"wp-block-cover__inner-container is-layout-flow wp-block-cover-is-layout-flow\">\n<p class=\"has-text-align-center has-large-font-size\"><\/p>\n<\/div><\/div>\n<\/div>\n\n\n\n<div class=\"wp-block-column is-layout-flow wp-block-column-is-layout-flow\">\n<p>Obagi ELASTIderm\u00ae utilise du Bi-Mineral Contour Complex\u2122 brevet\u00e9 pour aider la peau \u00e0 lutter contre le vieillissement cutan\u00e9.<\/p>\n\n\n\n<p>Une utilisation r\u00e9guli\u00e8re de ELASTIderm\u00ae Eye products et de Facial Serum permet de raffermir et rajeunir la peau, qui r\u00e9siste alors mieux aux agressions ext\u00e9rieures et renforce votre confiance en vous.<\/p>\n\n\n\n<p>Redonne du ressort \u00e0 la peau, avec Obagi ELASTIderm\u00ae!<br>Con\u00e7u pour att\u00e9nuer les rides et ridules du contour des yeux et du reste du visage, du cou et du d\u00e9collet\u00e9.<\/p>\n\n\n\n<div class=\"wp-block-buttons is-layout-flex wp-block-buttons-is-layout-flex\">\n<div class=\"wp-block-button\"><a class=\"wp-block-button__link\" href=\"https:\/\/pureobagi.com\/fr\/categorie-produit\/gamme-de-produits\/elastiderm-collection-fr\/\">Parcourir ELASTIderm<\/a><\/div>\n<\/div>\n<\/div>\n<\/div>\n\n\n\n<div class=\"wp-block-columns is-layout-flex wp-container-core-columns-is-layout-28f84493 wp-block-columns-is-layout-flex\">\n<div class=\"wp-block-column is-layout-flow wp-block-column-is-layout-flow\">\n<h3 class=\"po-standout-text wp-block-heading\">24&nbsp;heures<\/h3>\n\n\n\n<p>Les produits ELASTIderm\u00ae pour le contour des yeux att\u00e9nuent les rides et ridules autour des yeux et pr\u00e9sentent une efficacit\u00e9 cliniquement prouv\u00e9e et des r\u00e9sultats visibles en 2 semaines \u00e0 peine.<\/p>\n\n\n\n<p>ELASTIderm\u00ae Facial Serum am\u00e9liore l&#8217;apparence des peaux flasques au niveau du visage, du cou et du d\u00e9collet\u00e9 et raffermit la peau en 24 heures \u00e0 peine. Une efficacit\u00e9 cliniquement prouv\u00e9e.<br><\/p>\n\n\n\n<h3 class=\"po-standout-text wp-block-heading\">97%<\/h3>\n\n\n\n<p>97% des participants remarquent que leur peau a l&#8217;air plus robuste et \u00e9lastique, 97% notent une att\u00e9nuation du rel\u00e2chement de la peau du visage et 97% constatent une peau avec plus de ressort apr\u00e8s 8 semaines d&#8217;utilisation de ELASTIderm\u00ae Facial Serum.*<\/p>\n<\/div>\n\n\n\n<div class=\"wp-block-column is-layout-flow wp-block-column-is-layout-flow\">\n<div class=\"wp-block-cover aligncenter is-light\"><span aria-hidden=\"true\" class=\"has-background-dim-0 wp-block-cover__gradient-background has-background-dim\"><\/span><img decoding=\"async\" width=\"1600\" height=\"1600\" class=\"wp-block-cover__image-background wp-image-49842\" alt=\"ELASTIderm Facial Serum\" src=\"https:\/\/pureobagi.com\/wp-content\/uploads\/2022\/03\/obagi-medical-elastiderm-facial-serum-362032065052-product-key-ingredients-731ead5ba094cf9c780dd903f54eff20.jpg\" data-object-fit=\"cover\" srcset=\"https:\/\/pureobagi.com\/wp-content\/uploads\/2022\/03\/obagi-medical-elastiderm-facial-serum-362032065052-product-key-ingredients-731ead5ba094cf9c780dd903f54eff20.jpg 1600w, https:\/\/pureobagi.com\/wp-content\/uploads\/2022\/03\/obagi-medical-elastiderm-facial-serum-362032065052-product-key-ingredients-731ead5ba094cf9c780dd903f54eff20-300x300.jpg 300w, https:\/\/pureobagi.com\/wp-content\/uploads\/2022\/03\/obagi-medical-elastiderm-facial-serum-362032065052-product-key-ingredients-731ead5ba094cf9c780dd903f54eff20-1024x1024.jpg 1024w, https:\/\/pureobagi.com\/wp-content\/uploads\/2022\/03\/obagi-medical-elastiderm-facial-serum-362032065052-product-key-ingredients-731ead5ba094cf9c780dd903f54eff20-150x150.jpg 150w, https:\/\/pureobagi.com\/wp-content\/uploads\/2022\/03\/obagi-medical-elastiderm-facial-serum-362032065052-product-key-ingredients-731ead5ba094cf9c780dd903f54eff20-768x768.jpg 768w, https:\/\/pureobagi.com\/wp-content\/uploads\/2022\/03\/obagi-medical-elastiderm-facial-serum-362032065052-product-key-ingredients-731ead5ba094cf9c780dd903f54eff20-1536x1536.jpg 1536w, https:\/\/pureobagi.com\/wp-content\/uploads\/2022\/03\/obagi-medical-elastiderm-facial-serum-362032065052-product-key-ingredients-731ead5ba094cf9c780dd903f54eff20-600x600.jpg 600w, https:\/\/pureobagi.com\/wp-content\/uploads\/2022\/03\/obagi-medical-elastiderm-facial-serum-362032065052-product-key-ingredients-731ead5ba094cf9c780dd903f54eff20-324x324.jpg 324w, https:\/\/pureobagi.com\/wp-content\/uploads\/2022\/03\/obagi-medical-elastiderm-facial-serum-362032065052-product-key-ingredients-731ead5ba094cf9c780dd903f54eff20-416x416.jpg 416w, https:\/\/pureobagi.com\/wp-content\/uploads\/2022\/03\/obagi-medical-elastiderm-facial-serum-362032065052-product-key-ingredients-731ead5ba094cf9c780dd903f54eff20-100x100.jpg 100w\" sizes=\"(max-width: 1600px) 100vw, 1600px\" \/><div class=\"wp-block-cover__inner-container is-layout-flow wp-block-cover-is-layout-flow\">\n<p class=\"has-text-align-center has-large-font-size\"><\/p>\n<\/div><\/div>\n<\/div>\n<\/div>\n\n\n\n<h2 class=\"has-text-align-center wp-block-heading\">AVANT\/APR\u00c8S<\/h2>\n\n\n\n<h4 class=\"has-text-align-center wp-block-heading\">Des personnes r\u00e9elles, des r\u00e9sultats concrets<\/h4>\n\n\n\n<div class=\"wp-block-columns is-layout-flex wp-container-core-columns-is-layout-28f84493 wp-block-columns-is-layout-flex\">\n<div class=\"wp-block-column is-layout-flow wp-block-column-is-layout-flow\" style=\"flex-basis:18%\"><\/div>\n\n\n\n<div class=\"wp-block-column is-layout-flow wp-block-column-is-layout-flow\" style=\"flex-basis:32%\">\n<figure class=\"wp-block-nelio-compare-images aligncenter\"><div class=\"wp-block-nelio-compare-images__comparison-wrapper wp-block-nelio-compare-images__comparison-wrapper--horizontally\" data-position=\"50\" data-direction=\"horizontal\"><div class=\"wp-block-nelio-compare-images__before-image wp-block-nelio-compare-images__before-image--horizontal\"><img decoding=\"async\" width=\"400\" height=\"300\" class=\"wp-image-9113\" src=\"https:\/\/pureobagi.com\/wp-content\/uploads\/2020\/11\/Pure_Obagi_Before_4.jpg\" alt=\"\" srcset=\"https:\/\/pureobagi.com\/wp-content\/uploads\/2020\/11\/Pure_Obagi_Before_4.jpg 400w, https:\/\/pureobagi.com\/wp-content\/uploads\/2020\/11\/Pure_Obagi_Before_4-300x225.jpg 300w\" sizes=\"(max-width: 400px) 100vw, 400px\" \/><\/div><div class=\"wp-block-nelio-compare-images__after-image wp-block-nelio-compare-images__after-image--horizontal\" style=\"width:50%\"><img decoding=\"async\" width=\"400\" height=\"300\" class=\"wp-image-9114\" src=\"https:\/\/pureobagi.com\/wp-content\/uploads\/2020\/11\/Pure_Obagi_After_4.jpg\" alt=\"\" srcset=\"https:\/\/pureobagi.com\/wp-content\/uploads\/2020\/11\/Pure_Obagi_After_4.jpg 400w, https:\/\/pureobagi.com\/wp-content\/uploads\/2020\/11\/Pure_Obagi_After_4-300x225.jpg 300w\" sizes=\"(max-width: 400px) 100vw, 400px\" \/><\/div><div class=\"wp-block-nelio-compare-images__divider wp-block-nelio-compare-images__divider--vertical\"><\/div><div class=\"wp-block-nelio-compare-images__handler wp-block-nelio-compare-images__handler--vertical\"><\/div><\/div><\/figure>\n<\/div>\n\n\n\n<div class=\"wp-block-column is-layout-flow wp-block-column-is-layout-flow\" style=\"flex-basis:32%\">\n<figure class=\"wp-block-nelio-compare-images aligncenter\"><div class=\"wp-block-nelio-compare-images__comparison-wrapper wp-block-nelio-compare-images__comparison-wrapper--horizontally\" data-position=\"50\" data-direction=\"horizontal\"><div class=\"wp-block-nelio-compare-images__before-image wp-block-nelio-compare-images__before-image--horizontal\"><img decoding=\"async\" width=\"400\" height=\"300\" class=\"wp-image-9117\" src=\"https:\/\/pureobagi.com\/wp-content\/uploads\/2020\/11\/Pure_Obagi_Before_3.jpg\" alt=\"\" srcset=\"https:\/\/pureobagi.com\/wp-content\/uploads\/2020\/11\/Pure_Obagi_Before_3.jpg 400w, https:\/\/pureobagi.com\/wp-content\/uploads\/2020\/11\/Pure_Obagi_Before_3-300x225.jpg 300w\" sizes=\"(max-width: 400px) 100vw, 400px\" \/><\/div><div class=\"wp-block-nelio-compare-images__after-image wp-block-nelio-compare-images__after-image--horizontal\" style=\"width:50%\"><img decoding=\"async\" width=\"400\" height=\"300\" class=\"wp-image-9118\" src=\"https:\/\/pureobagi.com\/wp-content\/uploads\/2020\/11\/Pure_Obagi_After_3.jpg\" alt=\"\" srcset=\"https:\/\/pureobagi.com\/wp-content\/uploads\/2020\/11\/Pure_Obagi_After_3.jpg 400w, https:\/\/pureobagi.com\/wp-content\/uploads\/2020\/11\/Pure_Obagi_After_3-300x225.jpg 300w\" sizes=\"(max-width: 400px) 100vw, 400px\" \/><\/div><div class=\"wp-block-nelio-compare-images__divider wp-block-nelio-compare-images__divider--vertical\"><\/div><div class=\"wp-block-nelio-compare-images__handler wp-block-nelio-compare-images__handler--vertical\"><\/div><\/div><\/figure>\n<\/div>\n\n\n\n<div class=\"wp-block-column is-layout-flow wp-block-column-is-layout-flow\" style=\"flex-basis:18%\"><\/div>\n<\/div>\n\n\n\n<div class=\"wp-block-columns reverse-mobile is-layout-flex wp-container-core-columns-is-layout-28f84493 wp-block-columns-is-layout-flex\">\n<div class=\"wp-block-column is-layout-flow wp-block-column-is-layout-flow\">\n<div class=\"wp-block-cover aligncenter is-light\"><span aria-hidden=\"true\" class=\"has-background-dim-0 wp-block-cover__gradient-background has-background-dim\"><\/span><img decoding=\"async\" class=\"wp-block-cover__image-background wp-image-15806\" alt=\"\" src=\"https:\/\/pureobagi.com\/wp-content\/uploads\/2020\/12\/Product_Range_Images_00014_ELASTIderm_Collection_3.jpg.png\" data-object-fit=\"cover\"\/><div class=\"wp-block-cover__inner-container is-layout-flow wp-block-cover-is-layout-flow\">\n<p class=\"has-text-align-center has-large-font-size\"><\/p>\n<\/div><\/div>\n<\/div>\n\n\n\n<div class=\"wp-block-column is-layout-flow wp-block-column-is-layout-flow\">\n<h2 class=\"wp-block-heading\">INGR\u00c9DIENTS CL\u00c9S<\/h2>\n\n\n\n<p>Les produits ELASTIderm\u00ae utilisent divers ingr\u00e9dients cl\u00e9s, par exemple:<\/p>\n\n\n\n<ul class=\"wp-block-list\"><li>Bi-Mineral Contour Complex\u2122<br>un m\u00e9lange de zinc, cuivre et malonate permettant de produire, convertir et structurer l&#8217;\u00e9lastine dans la peau<\/li><li>Caf\u00e9ine<br>pour lutter contre les poches sous les yeux<\/li><li>Flexfluid\u2122 Technology<br>pour suspendre les ingr\u00e9dients afin d&#8217;offrir une exp\u00e9rience douce et somptueuse de l\u00e9g\u00e8ret\u00e9<\/li><\/ul>\n\n\n\n<p>En savoir plus sur les ingr\u00e9dients cl\u00e9s mentionn\u00e9s dans notre blog<\/p>\n<\/div>\n<\/div>\n\n\n\n<div class=\"wp-block-columns is-layout-flex wp-container-core-columns-is-layout-28f84493 wp-block-columns-is-layout-flex\">\n<div class=\"wp-block-column is-layout-flow wp-block-column-is-layout-flow\">\n<h2 class=\"wp-block-heading\">PARMI LES PRODUITS OBAGI ELASTIDERM:<\/h2>\n\n\n\n<ul class=\"wp-block-list\"><li>ELASTIderm\u00ae Eye Cream<\/li><li>ELASTIderm\u00ae Eye Complete Complex Serum<\/li><li>ELASTIderm\u00ae Facial Serum<\/li><\/ul>\n\n\n\n<p>Vous vous demandez si ELASTIderm\u00ae est fait pour vous? Demandez conseil \u00e0 nos partenaires en dermo-cosm\u00e9tique.<\/p>\n\n\n\n<div class=\"wp-block-buttons is-layout-flex wp-block-buttons-is-layout-flex\">\n<div class=\"wp-block-button\"><a class=\"wp-block-button__link\" href=\"https:\/\/pureobagi.com\/fr\/skinstation\/\">Contact<\/a><\/div>\n<\/div>\n<\/div>\n\n\n\n<div class=\"wp-block-column is-layout-flow wp-block-column-is-layout-flow\">\n<figure class=\"wp-block-embed aligncenter is-type-video is-provider-vimeo wp-block-embed-vimeo wp-embed-aspect-16-9 wp-has-aspect-ratio\"><div class=\"wp-block-embed__wrapper\">\n<iframe loading=\"lazy\" title=\"ELASTIderm\" src=\"https:\/\/player.vimeo.com\/video\/492110050?h=ab3e067679&amp;dnt=1&amp;app_id=122963\" width=\"980\" height=\"551\" frameborder=\"0\" allow=\"autoplay; fullscreen; picture-in-picture\" allowfullscreen><\/iframe>\n<\/div><\/figure>\n<\/div>\n<\/div>\n\n\n<div  class=\"wp-block-product-blocks-product-grid-3 wopb-block-1e52ca \"><div class=\"wopb-block-wrapper\"><div class=\"wopb-wrapper-main-content\"><div class=\"wopb-product-blocks-slide\" data-slidestoshow=\"3-2-1\" data-autoplay=\"\" data-slidespeed=\"3000\" data-showdots=\"\" data-showarrows=\"1\"><div class=\"wopb-block-item \"><div class=\"wopb-block-content-wrap\"><div class=\"wopb-block-image wopb-block-image-none\"><div class=\"wopb-onsale-hot\"><\/div><div class=\"wopb-product-new-meta\"><\/div><div class=\"wopb-quick-cart\"><div class=\"wopb-product-btn\"><div class=\"wopb-product-btn \"><span class=\"wopb-cart-action \" data-postid=\"30837\"><a href=\"\/fr\/wp-json\/wp\/v2\/pages\/30579?add-to-cart=30837\" class=\"add_to_cart_button ajax_add_to_cart wopb-cart-normal\" data-stock=\"\" aria-label=\"Ajouter au panier\u00a0: &ldquo;SUZANOBAGIMD\u2122 Intensive Daily Repair (IDR)&rdquo;\" data-quantity=\"1\" data-product_id=\"30837\" data-product_sku=\"SOMDIDREXFO\" rel=\"nofollow\">Ajouter au panier<\/a><a href=\"https:\/\/pureobagi.com\/fr\/cart-2\/\" class=\"wopb-cart-active\">View Cart<\/a><\/span><\/div><\/div><\/div><a href=\"https:\/\/pureobagi.com\/fr\/produit\/suzanobagimd-intensive-daily-repair-idr\/\"><img decoding=\"async\" src=\"https:\/\/pureobagi.com\/wp-content\/uploads\/2020\/10\/IDR-bottle-1000x1000-1.png\" alt=\"SUZANOBAGIMD\u2122 Intensive Daily Repair (IDR)\" \/><\/a><\/div><div class=\"wopb-pg-cl wopb-pg-cl1\"><div class=\"wopb-product-cat-price\"><div class=\"wopb-product-price\"><span class=\"woocommerce-Price-amount amount\"><bdi><span class=\"woocommerce-Price-currencySymbol\">&euro;<\/span>64.80<\/bdi><\/span> <small class=\"woocommerce-price-suffix\">inc. T.V.A.<\/small><\/div><\/div><div class=\"wopb-product-title-review\"><h3 class=\"wopb-block-title\"><a title=\"SUZANOBAGIMD\u2122 Intensive Daily Repair (IDR)\"  href=\"https:\/\/pureobagi.com\/fr\/produit\/suzanobagimd-intensive-daily-repair-idr\/\">SUZANOBAGIMD\u2122 Intensive Daily Repair (IDR)<\/a><\/h3><\/div><\/div><\/div><\/div><div class=\"wopb-block-item \"><div class=\"wopb-block-content-wrap\"><div class=\"wopb-block-image wopb-block-image-none\"><div class=\"wopb-onsale-hot\"><\/div><div class=\"wopb-product-new-meta\"><\/div><div class=\"wopb-quick-cart\"><div class=\"wopb-product-btn\"><div class=\"wopb-product-btn \"><span class=\"wopb-cart-action \" data-postid=\"30825\"><a href=\"\/fr\/wp-json\/wp\/v2\/pages\/30579?add-to-cart=30825\" class=\"add_to_cart_button ajax_add_to_cart wopb-cart-normal\" data-stock=\"235\" aria-label=\"Ajouter au panier\u00a0: &ldquo;SUZANOBAGIMD\u2122 Foaming Cleanser 200ml&rdquo;\" data-quantity=\"1\" data-product_id=\"30825\" data-product_sku=\"SOMDFOAMCLE\" rel=\"nofollow\">Ajouter au panier<\/a><a href=\"https:\/\/pureobagi.com\/fr\/cart-2\/\" class=\"wopb-cart-active\">View Cart<\/a><\/span><\/div><\/div><\/div><a href=\"https:\/\/pureobagi.com\/fr\/produit\/suzanobagimd-foaming-cleanser-200ml\/\"><img decoding=\"async\" src=\"https:\/\/pureobagi.com\/wp-content\/uploads\/2020\/12\/somd-foaming-cleanser-bottle-1000x1000-1.png\" alt=\"SUZANOBAGIMD\u2122 Foaming Cleanser 200ml\" \/><\/a><\/div><div class=\"wopb-pg-cl wopb-pg-cl1\"><div class=\"wopb-product-cat-price\"><div class=\"wopb-product-price\"><span class=\"woocommerce-Price-amount amount\"><bdi><span class=\"woocommerce-Price-currencySymbol\">&euro;<\/span>36.90<\/bdi><\/span> <small class=\"woocommerce-price-suffix\">inc. T.V.A.<\/small><\/div><\/div><div class=\"wopb-product-title-review\"><h3 class=\"wopb-block-title\"><a title=\"SUZANOBAGIMD\u2122 Foaming Cleanser 200ml\"  href=\"https:\/\/pureobagi.com\/fr\/produit\/suzanobagimd-foaming-cleanser-200ml\/\">SUZANOBAGIMD\u2122 Foaming Cleanser 200ml<\/a><\/h3><\/div><\/div><\/div><\/div><div class=\"wopb-block-item \"><div class=\"wopb-block-content-wrap\"><div class=\"wopb-block-image wopb-block-image-none\"><div class=\"wopb-onsale-hot\"><\/div><div class=\"wopb-product-new-meta\"><\/div><div class=\"wopb-quick-cart\"><div class=\"wopb-product-btn\"><div class=\"wopb-product-btn \"><span class=\"wopb-cart-action \" data-postid=\"30832\"><a href=\"\/fr\/wp-json\/wp\/v2\/pages\/30579?add-to-cart=30832\" class=\"add_to_cart_button ajax_add_to_cart wopb-cart-normal\" data-stock=\"96\" aria-label=\"Ajouter au panier\u00a0: &ldquo;SUZANOBAGIMD\u2122 Balancing Toner 200ml&rdquo;\" data-quantity=\"1\" data-product_id=\"30832\" data-product_sku=\"SOMDBALTONE\" rel=\"nofollow\">Ajouter au panier<\/a><a href=\"https:\/\/pureobagi.com\/fr\/cart-2\/\" class=\"wopb-cart-active\">View Cart<\/a><\/span><\/div><\/div><\/div><a href=\"https:\/\/pureobagi.com\/fr\/produit\/suzanobagimd-balancing-toner-200ml\/\"><img decoding=\"async\" src=\"https:\/\/pureobagi.com\/wp-content\/uploads\/2020\/12\/somd-toner-bottle-1000x1000-1.png\" alt=\"SUZANOBAGIMD\u2122 Balancing Toner 200ml\" \/><\/a><\/div><div class=\"wopb-pg-cl wopb-pg-cl1\"><div class=\"wopb-product-cat-price\"><div class=\"wopb-product-price\"><span class=\"woocommerce-Price-amount amount\"><bdi><span class=\"woocommerce-Price-currencySymbol\">&euro;<\/span>36.90<\/bdi><\/span> <small class=\"woocommerce-price-suffix\">inc. T.V.A.<\/small><\/div><\/div><div class=\"wopb-product-title-review\"><h3 class=\"wopb-block-title\"><a title=\"SUZANOBAGIMD\u2122 Balancing Toner 200ml\"  href=\"https:\/\/pureobagi.com\/fr\/produit\/suzanobagimd-balancing-toner-200ml\/\">SUZANOBAGIMD\u2122 Balancing Toner 200ml<\/a><\/h3><\/div><\/div><\/div><\/div><div class=\"wopb-block-item \"><div class=\"wopb-block-content-wrap\"><div class=\"wopb-block-image wopb-block-image-none\"><div class=\"wopb-onsale-hot\"><\/div><div class=\"wopb-product-new-meta\"><\/div><div class=\"wopb-quick-cart\"><div class=\"wopb-product-btn\"><div class=\"wopb-product-btn \"><span class=\"wopb-cart-action \" data-postid=\"30836\"><a href=\"\/fr\/wp-json\/wp\/v2\/pages\/30579?add-to-cart=30836\" class=\"add_to_cart_button ajax_add_to_cart wopb-cart-normal\" data-stock=\"4\" aria-label=\"Ajouter au panier\u00a0: &ldquo;SUZANOBAGIMD Retivance\u00ae Skin Rejuvenating Complex&rdquo;\" data-quantity=\"1\" data-product_id=\"30836\" data-product_sku=\"SOMDRETIVAN\" rel=\"nofollow\">Ajouter au panier<\/a><a href=\"https:\/\/pureobagi.com\/fr\/cart-2\/\" class=\"wopb-cart-active\">View Cart<\/a><\/span><\/div><\/div><\/div><a href=\"https:\/\/pureobagi.com\/fr\/produit\/suzanobagimd-retivance-skin-rejuvenating-complex\/\"><img decoding=\"async\" src=\"https:\/\/pureobagi.com\/wp-content\/uploads\/2020\/10\/retivance-bottle-1000x1000-1.png\" alt=\"SUZANOBAGIMD Retivance\u00ae Skin Rejuvenating Complex\" \/><\/a><\/div><div class=\"wopb-pg-cl wopb-pg-cl1\"><div class=\"wopb-product-cat-price\"><div class=\"wopb-product-price\"><span class=\"woocommerce-Price-amount amount\"><bdi><span class=\"woocommerce-Price-currencySymbol\">&euro;<\/span>116.10<\/bdi><\/span> <small class=\"woocommerce-price-suffix\">inc. T.V.A.<\/small><\/div><\/div><div class=\"wopb-product-title-review\"><h3 class=\"wopb-block-title\"><a title=\"SUZANOBAGIMD Retivance\u00ae Skin Rejuvenating Complex\"  href=\"https:\/\/pureobagi.com\/fr\/produit\/suzanobagimd-retivance-skin-rejuvenating-complex\/\">SUZANOBAGIMD Retivance\u00ae Skin Rejuvenating Complex<\/a><\/h3><\/div><\/div><\/div><\/div><div class=\"wopb-block-item \"><div class=\"wopb-block-content-wrap\"><div class=\"wopb-block-image wopb-block-image-none\"><div class=\"wopb-onsale-hot\"><\/div><div class=\"wopb-product-new-meta\"><\/div><div class=\"wopb-quick-cart\"><div class=\"wopb-product-btn\"><div class=\"wopb-product-btn \"><span class=\"wopb-cart-action \" data-postid=\"30852\"><a href=\"\/fr\/wp-json\/wp\/v2\/pages\/30579?add-to-cart=30852\" class=\"add_to_cart_button ajax_add_to_cart wopb-cart-normal\" data-stock=\"46\" aria-label=\"Ajouter au panier\u00a0: &ldquo;Obagi360\u00ae Retinol 0.5&rdquo;\" data-quantity=\"1\" data-product_id=\"30852\" data-product_sku=\"RET050OBA05\" rel=\"nofollow\">Ajouter au panier<\/a><a href=\"https:\/\/pureobagi.com\/fr\/cart-2\/\" class=\"wopb-cart-active\">View Cart<\/a><\/span><\/div><\/div><\/div><a href=\"https:\/\/pureobagi.com\/fr\/produit\/obagi360-retinol-0-5\/\"><img decoding=\"async\" src=\"https:\/\/pureobagi.com\/wp-content\/uploads\/2020\/10\/retinol-0.5-e1647617873185.png\" alt=\"Obagi360\u00ae Retinol 0.5\" \/><\/a><\/div><div class=\"wopb-pg-cl wopb-pg-cl1\"><div class=\"wopb-product-cat-price\"><div class=\"wopb-product-price\"><span class=\"woocommerce-Price-amount amount\"><bdi><span class=\"woocommerce-Price-currencySymbol\">&euro;<\/span>70.00<\/bdi><\/span> <small class=\"woocommerce-price-suffix\">inc. T.V.A.<\/small><\/div><\/div><div class=\"wopb-product-title-review\"><h3 class=\"wopb-block-title\"><a title=\"Obagi360\u00ae Retinol 0.5\"  href=\"https:\/\/pureobagi.com\/fr\/produit\/obagi360-retinol-0-5\/\">Obagi360\u00ae Retinol 0.5<\/a><\/h3><\/div><\/div><\/div><\/div><div class=\"wopb-block-item \"><div class=\"wopb-block-content-wrap\"><div class=\"wopb-block-image wopb-block-image-none\"><div class=\"wopb-onsale-hot\"><\/div><div class=\"wopb-product-new-meta\"><\/div><div class=\"wopb-quick-cart\"><div class=\"wopb-product-btn\"><div class=\"wopb-product-btn \"><span class=\"wopb-cart-action \" data-postid=\"30850\"><a href=\"\/fr\/wp-json\/wp\/v2\/pages\/30579?add-to-cart=30850\" class=\"add_to_cart_button ajax_add_to_cart wopb-cart-normal\" data-stock=\"10\" aria-label=\"Ajouter au panier\u00a0: &ldquo;Obagi360 HydraFactor\u00ae Broad Spectrum SPF 30&rdquo;\" data-quantity=\"1\" data-product_id=\"30850\" data-product_sku=\"360HYMOBA01\" rel=\"nofollow\">Ajouter au panier<\/a><a href=\"https:\/\/pureobagi.com\/fr\/cart-2\/\" class=\"wopb-cart-active\">View Cart<\/a><\/span><\/div><\/div><\/div><a href=\"https:\/\/pureobagi.com\/fr\/produit\/obagi-hydrafactor-spf30\/\"><img decoding=\"async\" src=\"https:\/\/pureobagi.com\/wp-content\/uploads\/2020\/10\/hydrafactor-bottle-1000x1000-1.png\" alt=\"Obagi360 HydraFactor\u00ae Broad Spectrum SPF 30\" \/><\/a><\/div><div class=\"wopb-pg-cl wopb-pg-cl1\"><div class=\"wopb-product-cat-price\"><div class=\"wopb-product-price\"><span class=\"woocommerce-Price-amount amount\"><bdi><span class=\"woocommerce-Price-currencySymbol\">&euro;<\/span>58.00<\/bdi><\/span> <small class=\"woocommerce-price-suffix\">inc. T.V.A.<\/small><\/div><\/div><div class=\"wopb-product-title-review\"><h3 class=\"wopb-block-title\"><a title=\"Obagi360 HydraFactor\u00ae Broad Spectrum SPF 30\"  href=\"https:\/\/pureobagi.com\/fr\/produit\/obagi-hydrafactor-spf30\/\">Obagi360 HydraFactor\u00ae Broad Spectrum SPF 30<\/a><\/h3><\/div><\/div><\/div><\/div><\/div><div class=\"wopb-slick-nav\" style=\"display:none\"><div class=\"wopb-slick-prev\"><div class=\"slick-arrow slick-prev\"><svg enable-background=\"new 0 0 477.175 477.175\" version=\"1.1\" viewBox=\"0 0 477.18 477.18\"><path d=\"m145.19 238.58 215.5-215.5c5.3-5.3 5.3-13.8 0-19.1s-13.8-5.3-19.1 0l-225.1 225.1c-5.3 5.3-5.3 13.8 0 19.1l225.1 225c2.6 2.6 6.1 4 9.5 4s6.9-1.3 9.5-4c5.3-5.3 5.3-13.8 0-19.1l-215.4-215.5z\"\/><\/svg><\/div><\/div><div class=\"wopb-slick-next\"><div class=\"slick-arrow slick-next\"><svg enable-background=\"new 0 0 477.175 477.175\" version=\"1.1\" viewBox=\"0 0 477.18 477.18\"><path d=\"m360.73 229.08-225.1-225.1c-5.3-5.3-13.8-5.3-19.1 0s-5.3 13.8 0 19.1l215.5 215.5-215.5 215.5c-5.3 5.3-5.3 13.8 0 19.1 2.6 2.6 6.1 4 9.5 4s6.9-1.3 9.5-4l225.1-225.1c5.3-5.2 5.3-13.8 0.1-19z\"\/><\/svg><\/div><\/div><\/div><\/div><\/div><\/div>","protected":false},"excerpt":{"rendered":"<p>Obagi ELASTIderm\u00ae utilise du Bi-Mineral Contour Complex\u2122 brevet\u00e9 pour aider la peau \u00e0 lutter contre le vieillissement cutan\u00e9. Une utilisation r\u00e9guli\u00e8re de ELASTIderm\u00ae Eye products et de Facial Serum permet de raffermir et rajeunir la peau, qui r\u00e9siste alors mieux aux agressions ext\u00e9rieures et renforce votre confiance en vous. Redonne du ressort \u00e0 la peau, [&hellip;]<\/p>\n","protected":false},"author":1,"featured_media":20028,"parent":26433,"menu_order":0,"comment_status":"closed","ping_status":"closed","template":"template-fullwidth.php","meta":{"_acf_changed":false,"footnotes":""},"class_list":["post-30579","page","type-page","status-publish","has-post-thumbnail","hentry"],"acf":[],"_links":{"self":[{"href":"https:\/\/pureobagi.com\/fr\/wp-json\/wp\/v2\/pages\/30579","targetHints":{"allow":["GET"]}}],"collection":[{"href":"https:\/\/pureobagi.com\/fr\/wp-json\/wp\/v2\/pages"}],"about":[{"href":"https:\/\/pureobagi.com\/fr\/wp-json\/wp\/v2\/types\/page"}],"author":[{"embeddable":true,"href":"https:\/\/pureobagi.com\/fr\/wp-json\/wp\/v2\/users\/1"}],"replies":[{"embeddable":true,"href":"https:\/\/pureobagi.com\/fr\/wp-json\/wp\/v2\/comments?post=30579"}],"version-history":[{"count":11,"href":"https:\/\/pureobagi.com\/fr\/wp-json\/wp\/v2\/pages\/30579\/revisions"}],"predecessor-version":[{"id":49848,"href":"https:\/\/pureobagi.com\/fr\/wp-json\/wp\/v2\/pages\/30579\/revisions\/49848"}],"up":[{"embeddable":true,"href":"https:\/\/pureobagi.com\/fr\/wp-json\/wp\/v2\/pages\/26433"}],"wp:featuredmedia":[{"embeddable":true,"href":"https:\/\/pureobagi.com\/fr\/wp-json\/wp\/v2\/media\/20028"}],"wp:attachment":[{"href":"https:\/\/pureobagi.com\/fr\/wp-json\/wp\/v2\/media?parent=30579"}],"curies":[{"name":"wp","href":"https:\/\/api.w.org\/{rel}","templated":true}]}}