{"id":30637,"date":"2020-12-04T12:36:29","date_gmt":"2020-12-04T12:36:29","guid":{"rendered":"https:\/\/pureobagi.com\/decouvrir-la-gamme\/obagi-professional-c-portfolio\/"},"modified":"2022-03-21T16:48:54","modified_gmt":"2022-03-21T16:48:54","slug":"obagi-professional-c-portfolio","status":"publish","type":"page","link":"https:\/\/pureobagi.com\/fr\/decouvrir-la-gamme\/obagi-professional-c-portfolio\/","title":{"rendered":"Obagi Professional-C Portfolio"},"content":{"rendered":"\n<div class=\"wp-block-columns is-layout-flex wp-container-core-columns-is-layout-28f84493 wp-block-columns-is-layout-flex\">\n<div class=\"wp-block-column is-layout-flow wp-block-column-is-layout-flow\">\n<div class=\"wp-block-cover aligncenter is-light\"><span aria-hidden=\"true\" class=\"has-background-dim-0 wp-block-cover__gradient-background has-background-dim\"><\/span><img decoding=\"async\" class=\"wp-block-cover__image-background wp-image-15495\" alt=\"\" src=\"https:\/\/pureobagi.com\/wp-content\/uploads\/2020\/12\/Product_Range_Images_0002_Professional-C_Portfolio_1.jpg\" data-object-fit=\"cover\"\/><div class=\"wp-block-cover__inner-container is-layout-flow wp-block-cover-is-layout-flow\">\n<p class=\"has-text-align-center has-large-font-size\"><\/p>\n<\/div><\/div>\n<\/div>\n\n\n\n<div class=\"wp-block-column is-layout-flow wp-block-column-is-layout-flow\">\n<p>La vitamine&nbsp;C est l&#8217;un des ingr\u00e9dients les plus utilis\u00e9s dans les soins pour la peau, en raison de ses nombreux effets b\u00e9n\u00e9fiques.<\/p>\n\n\n\n<p>Utilis\u00e9e dans les soins pour la peau, la vitamine&nbsp;C favorise la production de collag\u00e8ne et lutte contre les rides et ridules. La vitamine&nbsp;C est \u00e9galement un antioxydant, ce qui veut dire qu&#8217;elle prot\u00e8ge votre peau et la d\u00e9fend contre les radicaux libres et l&#8217;environnement, par exemple l&#8217;exposition aux rayons&nbsp;UV. La vitamine&nbsp;C stimule aussi les effets de votre \u00e9cran solaire SPF.<\/p>\n\n\n\n<p>Le Obagi Professional-C\u00ae Portfolio contient de l&#8217;acide l-ascorbique, nom scientifique de la vitamine C, sous sa forme pure, dont la teneur va de 10 % \u00e0 30 % afin de convenir \u00e0 diff\u00e9rents types de peau.<\/p>\n\n\n\n<p><em>Le saviez-vous?<\/em> L&#8217;acide l-ascorbique, la forme active de la vitamine C, a un effet apaisant et revitalisant sur la peau et retient l&#8217;eau, pour un teint hydrat\u00e9 et \u00e9clatant.<br><\/p>\n\n\n\n<div class=\"wp-block-buttons is-layout-flex wp-block-buttons-is-layout-flex\">\n<div class=\"wp-block-button\"><a class=\"wp-block-button__link\" href=\"\/en?product_cat=produits-professional-c\">Parcourir Professional-C<\/a><\/div>\n<\/div>\n<\/div>\n<\/div>\n\n\n\n<div class=\"wp-block-columns is-layout-flex wp-container-core-columns-is-layout-28f84493 wp-block-columns-is-layout-flex\">\n<div class=\"wp-block-column is-layout-flow wp-block-column-is-layout-flow\">\n<h3 class=\"po-standout-text wp-block-heading\">VITAMINE C<\/h3>\n\n\n\n<p>Quels bienfaits apporte la vitamine&nbsp;C&nbsp;?<\/p>\n\n\n\n<ul class=\"wp-block-list\"><li>Elle pr\u00e9vient et r\u00e9duit les signes du vieillissement cutan\u00e9 comme les rides et ridules<\/li><li>Elle prot\u00e8ge la peau des probl\u00e8mes li\u00e9s aux radicaux libres \u00e0 venir.<\/li><li>Elle stimule la production de collag\u00e8ne pour une peau plus ferme et robuste<\/li><li>Elle donne un coup d&#8217;\u00e9clat et unifie le teint<br><\/li><\/ul>\n\n\n\n<h3 class=\"po-standout-text wp-block-heading\">5&nbsp;FOIS PLUS EFFICACE<\/h3>\n\n\n\n<p>Absorption 5 fois plus efficace du Professional-C\u00ae Serum 20 % par rapport au SkinCeuticals Serum 20.* 91 % des utilisateurs de Professional-C Serum signalent une peau plus \u00e9clatante et\/ou plus hydrat\u00e9e.*<\/p>\n<\/div>\n\n\n\n<div class=\"wp-block-column is-layout-flow wp-block-column-is-layout-flow\">\n<div class=\"wp-block-cover aligncenter is-light\"><span aria-hidden=\"true\" class=\"has-background-dim-0 wp-block-cover__gradient-background has-background-dim\"><\/span><img decoding=\"async\" class=\"wp-block-cover__image-background wp-image-15512\" alt=\"\" src=\"https:\/\/pureobagi.com\/wp-content\/uploads\/2020\/12\/Product_Range_Images_0001_Professional-C_Portfolio_2.jpg\" data-object-fit=\"cover\"\/><div class=\"wp-block-cover__inner-container is-layout-flow wp-block-cover-is-layout-flow\">\n<p class=\"has-text-align-center has-large-font-size\"><\/p>\n<\/div><\/div>\n<\/div>\n<\/div>\n\n\n\n<div class=\"wp-block-columns reverse-mobile is-layout-flex wp-container-core-columns-is-layout-28f84493 wp-block-columns-is-layout-flex\">\n<div class=\"wp-block-column is-layout-flow wp-block-column-is-layout-flow\">\n<div class=\"wp-block-cover aligncenter is-light\"><span aria-hidden=\"true\" class=\"has-background-dim-0 wp-block-cover__gradient-background has-background-dim\"><\/span><img decoding=\"async\" class=\"wp-block-cover__image-background wp-image-15528\" alt=\"\" src=\"https:\/\/pureobagi.com\/wp-content\/uploads\/2020\/12\/Product_Range_Images_0000_Professional-C_Portfolio_3.jpg\" data-object-fit=\"cover\"\/><div class=\"wp-block-cover__inner-container is-layout-flow wp-block-cover-is-layout-flow\">\n<p class=\"has-text-align-center has-large-font-size\"><\/p>\n<\/div><\/div>\n<\/div>\n\n\n\n<div class=\"wp-block-column is-layout-flow wp-block-column-is-layout-flow\">\n<h2 class=\"wp-block-heading\">INGR\u00c9DIENTS CL\u00c9S<\/h2>\n\n\n\n<p>Les produits Professional-C\u00ae utilisent un ingr\u00e9dient cl\u00e9, l&#8217;acide l-ascorbique, \u00e0 diverses concentrations.<\/p>\n\n\n\n<ul class=\"wp-block-list\"><li>10&nbsp;% convient aux peaux sensibles<\/li><li>15&nbsp;% convient \u00e0 la plupart des types de peau<\/li><li>20&nbsp;% convient aux peaux grasses<\/li><li>30 % dans polish + mask, une formule \u00e0 rincer pouvant \u00eatre appliqu\u00e9e jusqu&#8217;\u00e0 trois fois par semaine<\/li><\/ul>\n\n\n\n<p>Pour en savoir plus sur l&#8217;acide l-ascorbique, consultez notre blog<\/p>\n<\/div>\n<\/div>\n\n\n\n<div class=\"wp-block-columns is-layout-flex wp-container-core-columns-is-layout-28f84493 wp-block-columns-is-layout-flex\">\n<div class=\"wp-block-column is-layout-flow wp-block-column-is-layout-flow\">\n<h2 class=\"wp-block-heading\">SOINS OBAGI PROFESSIONAL-C POUR LA PEAU<\/h2>\n\n\n\n<ul class=\"wp-block-list\"><li>Professional-C\u00ae Serum 10 %, avec de l&#8217;acide l-ascorbique (vitamine C) \u00e0 10 %<\/li><li>Professional-C\u00ae Serum 15 %, avec de l&#8217;acide l-ascorbique (vitamine C) \u00e0 15 %<\/li><li>Professional-C\u00ae Serum 20 %, avec de l&#8217;acide l-ascorbique (vitamine C) \u00e0 20 %<\/li><li>Professional-C\u00ae Microdermabrasion Polish + Mask avec de l&#8217;acide l-ascorbique (vitamine C) \u00e0 30 %<\/li><\/ul>\n\n\n\n<p>Vous vous demandez si Obagi Professional-C\u00ae est fait pour vous? Demandez conseil \u00e0 nos partenaires en dermo-cosm\u00e9tique.<\/p>\n\n\n\n<div class=\"wp-block-buttons is-layout-flex wp-block-buttons-is-layout-flex\">\n<div class=\"wp-block-button\"><a class=\"wp-block-button__link\" href=\"https:\/\/pureobagi.com\/fr\/skinstation\/\">Contact<\/a><\/div>\n<\/div>\n<\/div>\n\n\n\n<div class=\"wp-block-column is-layout-flow wp-block-column-is-layout-flow\">\n<figure class=\"wp-block-embed aligncenter is-type-video is-provider-vimeo wp-block-embed-vimeo wp-embed-aspect-16-9 wp-has-aspect-ratio\"><div class=\"wp-block-embed__wrapper\">\n<iframe loading=\"lazy\" title=\"Obagi Professional-C Microdermabrasion Polish + Mask\" src=\"https:\/\/player.vimeo.com\/video\/483977781?h=c1416b0473&amp;dnt=1&amp;app_id=122963\" width=\"980\" height=\"551\" frameborder=\"0\" allow=\"autoplay; fullscreen; picture-in-picture\" allowfullscreen><\/iframe>\n<\/div><\/figure>\n<\/div>\n<\/div>\n\n\n<div  class=\"wp-block-product-blocks-product-grid-3 wopb-block-250bcd \"><div class=\"wopb-block-wrapper\"><div class=\"wopb-wrapper-main-content\"><div class=\"wopb-product-blocks-slide\" data-slidestoshow=\"3-2-1\" data-autoplay=\"\" data-slidespeed=\"3000\" data-showdots=\"\" data-showarrows=\"1\"><div class=\"wopb-block-item \"><div class=\"wopb-block-content-wrap\"><div class=\"wopb-block-image wopb-block-image-none\"><div class=\"wopb-onsale-hot\"><\/div><div class=\"wopb-product-new-meta\"><\/div><div class=\"wopb-quick-cart\"><div class=\"wopb-product-btn\"><div class=\"wopb-product-btn \"><span class=\"wopb-cart-action \" data-postid=\"30852\"><a href=\"\/fr\/wp-json\/wp\/v2\/pages\/30637?add-to-cart=30852\" class=\"add_to_cart_button ajax_add_to_cart wopb-cart-normal\" data-stock=\"47\" aria-label=\"Ajouter au panier\u00a0: &ldquo;Obagi360\u00ae Retinol 0.5&rdquo;\" data-quantity=\"1\" data-product_id=\"30852\" data-product_sku=\"RET050OBA05\" rel=\"nofollow\">Ajouter au panier<\/a><a href=\"https:\/\/pureobagi.com\/fr\/cart-2\/\" class=\"wopb-cart-active\">View Cart<\/a><\/span><\/div><\/div><\/div><a href=\"https:\/\/pureobagi.com\/fr\/produit\/obagi360-retinol-0-5\/\"><img decoding=\"async\" src=\"https:\/\/pureobagi.com\/wp-content\/uploads\/2020\/10\/retinol-0.5-e1647617873185.png\" alt=\"Obagi360\u00ae Retinol 0.5\" \/><\/a><\/div><div class=\"wopb-pg-cl wopb-pg-cl1\"><div class=\"wopb-product-cat-price\"><div class=\"wopb-product-price\"><span class=\"woocommerce-Price-amount amount\"><bdi><span class=\"woocommerce-Price-currencySymbol\">&euro;<\/span>70.00<\/bdi><\/span> <small class=\"woocommerce-price-suffix\">inc. T.V.A.<\/small><\/div><\/div><div class=\"wopb-product-title-review\"><h3 class=\"wopb-block-title\"><a title=\"Obagi360\u00ae Retinol 0.5\"  href=\"https:\/\/pureobagi.com\/fr\/produit\/obagi360-retinol-0-5\/\">Obagi360\u00ae Retinol 0.5<\/a><\/h3><\/div><\/div><\/div><\/div><div class=\"wopb-block-item \"><div class=\"wopb-block-content-wrap\"><div class=\"wopb-block-image wopb-block-image-none\"><div class=\"wopb-onsale-hot\"><\/div><div class=\"wopb-product-new-meta\"><\/div><div class=\"wopb-quick-cart\"><div class=\"wopb-product-btn\"><div class=\"wopb-product-btn \"><span class=\"wopb-cart-action \" data-postid=\"30791\"><a href=\"\/fr\/wp-json\/wp\/v2\/pages\/30637?add-to-cart=30791\" class=\"add_to_cart_button ajax_add_to_cart wopb-cart-normal\" data-stock=\"\" aria-label=\"Ajouter au panier\u00a0: &ldquo;Obagi-C\u00ae Fx C-Clarifying Serum 30ml&rdquo;\" data-quantity=\"1\" data-product_id=\"30791\" data-product_sku=\"CLA0FXOBA03\" rel=\"nofollow\">Ajouter au panier<\/a><a href=\"https:\/\/pureobagi.com\/fr\/cart-2\/\" class=\"wopb-cart-active\">View Cart<\/a><\/span><\/div><\/div><\/div><a href=\"https:\/\/pureobagi.com\/fr\/produit\/obagi-c-fx-c-clarifying-serum-30ml\/\"><img decoding=\"async\" src=\"https:\/\/pureobagi.com\/wp-content\/uploads\/2020\/12\/clarifying-serum-bottle-1000x1000-1.jpg\" alt=\"Obagi-C\u00ae Fx C-Clarifying Serum 30ml\" \/><\/a><\/div><div class=\"wopb-pg-cl wopb-pg-cl1\"><div class=\"wopb-product-cat-price\"><div class=\"wopb-product-price\"><span class=\"woocommerce-Price-amount amount\"><bdi><span class=\"woocommerce-Price-currencySymbol\">&euro;<\/span>132.00<\/bdi><\/span> <small class=\"woocommerce-price-suffix\">inc. T.V.A.<\/small><\/div><\/div><div class=\"wopb-product-title-review\"><h3 class=\"wopb-block-title\"><a title=\"Obagi-C\u00ae Fx C-Clarifying Serum 30ml\"  href=\"https:\/\/pureobagi.com\/fr\/produit\/obagi-c-fx-c-clarifying-serum-30ml\/\">Obagi-C\u00ae Fx C-Clarifying Serum 30ml<\/a><\/h3><\/div><\/div><\/div><\/div><div class=\"wopb-block-item \"><div class=\"wopb-block-content-wrap\"><div class=\"wopb-block-image wopb-block-image-none\"><div class=\"wopb-onsale-hot\"><\/div><div class=\"wopb-product-new-meta\"><\/div><div class=\"wopb-quick-cart\"><div class=\"wopb-product-btn\"><div class=\"wopb-product-btn \"><span class=\"wopb-cart-action \" data-postid=\"30817\"><a href=\"\/fr\/wp-json\/wp\/v2\/pages\/30637?add-to-cart=30817\" class=\"add_to_cart_button ajax_add_to_cart wopb-cart-normal\" data-stock=\"\" aria-label=\"Ajouter au panier\u00a0: &ldquo;Obagi Nu-Derm\u00ae Blend Fx&rdquo;\" data-quantity=\"1\" data-product_id=\"30817\" data-product_sku=\"BLE060POL02\" rel=\"nofollow\">Ajouter au panier<\/a><a href=\"https:\/\/pureobagi.com\/fr\/cart-2\/\" class=\"wopb-cart-active\">View Cart<\/a><\/span><\/div><\/div><\/div><a href=\"https:\/\/pureobagi.com\/fr\/produit\/obagi-blend-fx\/\"><img decoding=\"async\" src=\"https:\/\/pureobagi.com\/wp-content\/uploads\/2020\/10\/blend-fx-bottle-1000x1000-1.png\" alt=\"Obagi Nu-Derm\u00ae Blend Fx\" \/><\/a><\/div><div class=\"wopb-pg-cl wopb-pg-cl1\"><div class=\"wopb-product-cat-price\"><div class=\"wopb-product-price\"><span class=\"woocommerce-Price-amount amount\"><bdi><span class=\"woocommerce-Price-currencySymbol\">&euro;<\/span>104.00<\/bdi><\/span> <small class=\"woocommerce-price-suffix\">inc. T.V.A.<\/small><\/div><\/div><div class=\"wopb-product-title-review\"><h3 class=\"wopb-block-title\"><a title=\"Obagi Nu-Derm\u00ae Blend Fx\"  href=\"https:\/\/pureobagi.com\/fr\/produit\/obagi-blend-fx\/\">Obagi Nu-Derm\u00ae Blend Fx<\/a><\/h3><\/div><\/div><\/div><\/div><div class=\"wopb-block-item \"><div class=\"wopb-block-content-wrap\"><div class=\"wopb-block-image wopb-block-image-none\"><div class=\"wopb-onsale-hot\"><\/div><div class=\"wopb-product-new-meta\"><\/div><div class=\"wopb-quick-cart\"><div class=\"wopb-product-btn\"><div class=\"wopb-product-btn \"><span class=\"wopb-cart-action \" data-postid=\"30820\"><a href=\"\/fr\/wp-json\/wp\/v2\/pages\/30637?add-to-cart=30820\" class=\"add_to_cart_button ajax_add_to_cart wopb-cart-normal\" data-stock=\"\" aria-label=\"Ajouter au panier\u00a0: &ldquo;Obagi Nu-Derm\u00ae Clear Fx&rdquo;\" data-quantity=\"1\" data-product_id=\"30820\" data-product_sku=\"CLE060POL02\" rel=\"nofollow\">Ajouter au panier<\/a><a href=\"https:\/\/pureobagi.com\/fr\/cart-2\/\" class=\"wopb-cart-active\">View Cart<\/a><\/span><\/div><\/div><\/div><a href=\"https:\/\/pureobagi.com\/fr\/produit\/obagi-nu-derm-clear-fx\/\"><img decoding=\"async\" src=\"https:\/\/pureobagi.com\/wp-content\/uploads\/2020\/10\/Clear-Fx-1000x1000-1.png\" alt=\"Obagi Nu-Derm\u00ae Clear Fx\" \/><\/a><\/div><div class=\"wopb-pg-cl wopb-pg-cl1\"><div class=\"wopb-product-cat-price\"><div class=\"wopb-product-price\"><span class=\"woocommerce-Price-amount amount\"><bdi><span class=\"woocommerce-Price-currencySymbol\">&euro;<\/span>107.00<\/bdi><\/span> <small class=\"woocommerce-price-suffix\">inc. T.V.A.<\/small><\/div><\/div><div class=\"wopb-product-title-review\"><h3 class=\"wopb-block-title\"><a title=\"Obagi Nu-Derm\u00ae Clear Fx\"  href=\"https:\/\/pureobagi.com\/fr\/produit\/obagi-nu-derm-clear-fx\/\">Obagi Nu-Derm\u00ae Clear Fx<\/a><\/h3><\/div><\/div><\/div><\/div><div class=\"wopb-block-item \"><div class=\"wopb-block-content-wrap\"><div class=\"wopb-block-image wopb-block-image-none\"><div class=\"wopb-onsale-hot\"><\/div><div class=\"wopb-product-new-meta\"><\/div><div class=\"wopb-quick-cart\"><div class=\"wopb-product-btn\"><div class=\"wopb-product-btn \"><span class=\"wopb-cart-action \" data-postid=\"29451\"><a href=\"\/fr\/wp-json\/wp\/v2\/pages\/30637?add-to-cart=29451\" class=\"add_to_cart_button ajax_add_to_cart wopb-cart-normal\" data-stock=\"\" aria-label=\"Ajouter au panier\u00a0: &ldquo;Obagi Vitamin C Starter Kit&rdquo;\" data-quantity=\"1\" data-product_id=\"29451\" data-product_sku=\"OBAVITCSTART\" rel=\"nofollow\">Ajouter au panier<\/a><a href=\"https:\/\/pureobagi.com\/fr\/cart-2\/\" class=\"wopb-cart-active\">View Cart<\/a><\/span><\/div><\/div><\/div><a href=\"https:\/\/pureobagi.com\/fr\/produit\/vitamin-c-starter-set\/\"><img decoding=\"async\" src=\"https:\/\/pureobagi.com\/wp-content\/uploads\/2021\/03\/Vitamin-C-Starter-V2.jpg\" alt=\"Obagi Vitamin C Starter Kit\" \/><\/a><\/div><div class=\"wopb-pg-cl wopb-pg-cl1\"><div class=\"wopb-product-cat-price\"><div class=\"wopb-product-price\"><span class=\"woocommerce-Price-amount amount\"><bdi><span class=\"woocommerce-Price-currencySymbol\">&euro;<\/span>169.20<\/bdi><\/span> <small class=\"woocommerce-price-suffix\">inc. T.V.A.<\/small><\/div><\/div><div class=\"wopb-product-title-review\"><h3 class=\"wopb-block-title\"><a title=\"Obagi Vitamin C Starter Kit\"  href=\"https:\/\/pureobagi.com\/fr\/produit\/vitamin-c-starter-set\/\">Obagi Vitamin C Starter Kit<\/a><\/h3><\/div><\/div><\/div><\/div><div class=\"wopb-block-item \"><div class=\"wopb-block-content-wrap\"><div class=\"wopb-block-image wopb-block-image-none\"><div class=\"wopb-onsale-hot\"><\/div><div class=\"wopb-product-new-meta\"><\/div><div class=\"wopb-quick-cart\"><div class=\"wopb-product-btn\"><div class=\"wopb-product-btn \"><span class=\"wopb-cart-action \" data-postid=\"30845\"><a href=\"\/fr\/wp-json\/wp\/v2\/pages\/30637?add-to-cart=30845\" class=\"add_to_cart_button ajax_add_to_cart wopb-cart-normal\" data-stock=\"\" aria-label=\"Ajouter au panier\u00a0: &ldquo;Obagi Professional-C\u00ae Serum 10%&rdquo;\" data-quantity=\"1\" data-product_id=\"30845\" data-product_sku=\"PRO01OBA02\" rel=\"nofollow\">Ajouter au panier<\/a><a href=\"https:\/\/pureobagi.com\/fr\/cart-2\/\" class=\"wopb-cart-active\">View Cart<\/a><\/span><\/div><\/div><\/div><a href=\"https:\/\/pureobagi.com\/fr\/produit\/obagi-professional-c-serum-10\/\"><img decoding=\"async\" src=\"https:\/\/pureobagi.com\/wp-content\/uploads\/2020\/10\/pro-c-10-bottle-1000x1000-1.png\" alt=\"Obagi Professional-C\u00ae Serum 10%\" \/><\/a><\/div><div class=\"wopb-pg-cl wopb-pg-cl1\"><div class=\"wopb-product-cat-price\"><div class=\"wopb-product-price\"><span class=\"woocommerce-Price-amount amount\"><bdi><span class=\"woocommerce-Price-currencySymbol\">&euro;<\/span>92.00<\/bdi><\/span> <small class=\"woocommerce-price-suffix\">inc. T.V.A.<\/small><\/div><\/div><div class=\"wopb-product-title-review\"><h3 class=\"wopb-block-title\"><a title=\"Obagi Professional-C\u00ae Serum 10%\"  href=\"https:\/\/pureobagi.com\/fr\/produit\/obagi-professional-c-serum-10\/\">Obagi Professional-C\u00ae Serum 10%<\/a><\/h3><\/div><\/div><\/div><\/div><\/div><div class=\"wopb-slick-nav\" style=\"display:none\"><div class=\"wopb-slick-prev\"><div class=\"slick-arrow slick-prev\"><svg enable-background=\"new 0 0 477.175 477.175\" version=\"1.1\" viewBox=\"0 0 477.18 477.18\"><path d=\"m145.19 238.58 215.5-215.5c5.3-5.3 5.3-13.8 0-19.1s-13.8-5.3-19.1 0l-225.1 225.1c-5.3 5.3-5.3 13.8 0 19.1l225.1 225c2.6 2.6 6.1 4 9.5 4s6.9-1.3 9.5-4c5.3-5.3 5.3-13.8 0-19.1l-215.4-215.5z\"\/><\/svg><\/div><\/div><div class=\"wopb-slick-next\"><div class=\"slick-arrow slick-next\"><svg enable-background=\"new 0 0 477.175 477.175\" version=\"1.1\" viewBox=\"0 0 477.18 477.18\"><path d=\"m360.73 229.08-225.1-225.1c-5.3-5.3-13.8-5.3-19.1 0s-5.3 13.8 0 19.1l215.5 215.5-215.5 215.5c-5.3 5.3-5.3 13.8 0 19.1 2.6 2.6 6.1 4 9.5 4s6.9-1.3 9.5-4l225.1-225.1c5.3-5.2 5.3-13.8 0.1-19z\"\/><\/svg><\/div><\/div><\/div><\/div><\/div><\/div>","protected":false},"excerpt":{"rendered":"<p>La vitamine&nbsp;C est l&#8217;un des ingr\u00e9dients les plus utilis\u00e9s dans les soins pour la peau, en raison de ses nombreux effets b\u00e9n\u00e9fiques. Utilis\u00e9e dans les soins pour la peau, la vitamine&nbsp;C favorise la production de collag\u00e8ne et lutte contre les rides et ridules. La vitamine&nbsp;C est \u00e9galement un antioxydant, ce qui veut dire qu&#8217;elle prot\u00e8ge [&hellip;]<\/p>\n","protected":false},"author":1,"featured_media":20103,"parent":26433,"menu_order":0,"comment_status":"closed","ping_status":"closed","template":"template-fullwidth.php","meta":{"_acf_changed":false,"footnotes":""},"class_list":["post-30637","page","type-page","status-publish","has-post-thumbnail","hentry"],"acf":[],"_links":{"self":[{"href":"https:\/\/pureobagi.com\/fr\/wp-json\/wp\/v2\/pages\/30637","targetHints":{"allow":["GET"]}}],"collection":[{"href":"https:\/\/pureobagi.com\/fr\/wp-json\/wp\/v2\/pages"}],"about":[{"href":"https:\/\/pureobagi.com\/fr\/wp-json\/wp\/v2\/types\/page"}],"author":[{"embeddable":true,"href":"https:\/\/pureobagi.com\/fr\/wp-json\/wp\/v2\/users\/1"}],"replies":[{"embeddable":true,"href":"https:\/\/pureobagi.com\/fr\/wp-json\/wp\/v2\/comments?post=30637"}],"version-history":[{"count":7,"href":"https:\/\/pureobagi.com\/fr\/wp-json\/wp\/v2\/pages\/30637\/revisions"}],"predecessor-version":[{"id":49788,"href":"https:\/\/pureobagi.com\/fr\/wp-json\/wp\/v2\/pages\/30637\/revisions\/49788"}],"up":[{"embeddable":true,"href":"https:\/\/pureobagi.com\/fr\/wp-json\/wp\/v2\/pages\/26433"}],"wp:featuredmedia":[{"embeddable":true,"href":"https:\/\/pureobagi.com\/fr\/wp-json\/wp\/v2\/media\/20103"}],"wp:attachment":[{"href":"https:\/\/pureobagi.com\/fr\/wp-json\/wp\/v2\/media?parent=30637"}],"curies":[{"name":"wp","href":"https:\/\/api.w.org\/{rel}","templated":true}]}}