{"id":30745,"date":"2020-12-04T12:36:47","date_gmt":"2020-12-04T12:36:47","guid":{"rendered":"https:\/\/pureobagi.com\/decouvrir-la-gamme\/obagi-sun-protection\/"},"modified":"2022-04-01T16:49:52","modified_gmt":"2022-04-01T15:49:52","slug":"obagi-sun-protection","status":"publish","type":"page","link":"https:\/\/pureobagi.com\/fr\/decouvrir-la-gamme\/obagi-sun-protection\/","title":{"rendered":"Obagi Sun Protection"},"content":{"rendered":"\n<div class=\"wp-block-columns is-layout-flex wp-container-core-columns-is-layout-28f84493 wp-block-columns-is-layout-flex\">\n<div class=\"wp-block-column is-layout-flow wp-block-column-is-layout-flow\">\n<div class=\"wp-block-cover aligncenter is-light\"><span aria-hidden=\"true\" class=\"has-background-dim-0 wp-block-cover__gradient-background has-background-dim\"><\/span><img decoding=\"async\" width=\"1000\" height=\"947\" class=\"wp-block-cover__image-background wp-image-47563\" alt=\"Obagi Sun Protection\" src=\"https:\/\/pureobagi.com\/wp-content\/uploads\/2022\/02\/SunShields_postit.jpg\" data-object-fit=\"cover\" srcset=\"https:\/\/pureobagi.com\/wp-content\/uploads\/2022\/02\/SunShields_postit.jpg 1000w, https:\/\/pureobagi.com\/wp-content\/uploads\/2022\/02\/SunShields_postit-300x284.jpg 300w, https:\/\/pureobagi.com\/wp-content\/uploads\/2022\/02\/SunShields_postit-768x727.jpg 768w, https:\/\/pureobagi.com\/wp-content\/uploads\/2022\/02\/SunShields_postit-416x394.jpg 416w\" sizes=\"(max-width: 1000px) 100vw, 1000px\" \/><div class=\"wp-block-cover__inner-container is-layout-flow wp-block-cover-is-layout-flow\">\n<p class=\"has-text-align-center has-large-font-size\"><\/p>\n<\/div><\/div>\n<\/div>\n\n\n\n<div class=\"wp-block-column is-layout-flow wp-block-column-is-layout-flow\">\n<p>Il est essentiel de prot\u00e9ger votre peau des rayons du soleil. C&#8217;est l\u00e0 l&#8217;un des premiers gestes \u00e0 faire pour pr\u00e9venir les dommages caus\u00e9s par le soleil et le vieillissement cutan\u00e9.<\/p>\n\n\n\n<p>La gamme de produits solaires Obagi a \u00e9t\u00e9 formul\u00e9e de sorte \u00e0 convenir \u00e0 tous types de peau et besoins. Quelle que soit leur apparence, tous les produits de la gamme Obagi Sun Protection offrent une protection physique, chimique ou les deux contre les rayons UVA, UVB et infrarouges.<\/p>\n\n\n\n<p>Quelle est la diff\u00e9rence?<br>Les UVA participent au d\u00e9veloppement des cancers de la peau. De plus, ils acc\u00e9l\u00e8rent le vieillissement cutan\u00e9.<\/p>\n\n\n\n<p>Les UVB, eux, entra\u00eenent des effets secondaires \u00e0 court terme comme les coups de soleil, mais peuvent aussi entra\u00eener le d\u00e9veloppement de l\u00e9sions canc\u00e9reuses, d&#8217;hyperpigmentation et de vieillissement li\u00e9 \u00e0 l&#8217;exposition au soleil.<\/p>\n\n\n\n<p>Les rayons infrarouges entra\u00eenent une production de radicaux libres qui ont tendance \u00e0 occasionner divers probl\u00e8mes&nbsp;: rides et ridules, inflammations, perte d&#8217;\u00e9lasticit\u00e9, vieillissement pr\u00e9matur\u00e9. Associ\u00e9s aux UV, les infrarouges peuvent \u00eatre \u00e0 la source d&#8217;encore plus de probl\u00e8mes.<\/p>\n\n\n\n<p>Moyen mn\u00e9motechnique&nbsp;: pour se rappeler quel type de rayon occasionne quel type de probl\u00e8me, utilisez leurs lettres UVA = \u00c2ge (vieillissement), UVB = Br\u00fblures.<\/p>\n\n\n\n<div class=\"wp-block-buttons is-layout-flex wp-block-buttons-is-layout-flex\">\n<div class=\"wp-block-button\"><a class=\"wp-block-button__link\" href=\"https:\/\/pureobagi.com\/fr\/categorie-produit\/type-de-produit\/protection-contre-le-soleil\/\">Parcourir Obagi Sun Protection<\/a><\/div>\n<\/div>\n<\/div>\n<\/div>\n\n\n\n<div class=\"wp-block-columns is-layout-flex wp-container-core-columns-is-layout-28f84493 wp-block-columns-is-layout-flex\">\n<div class=\"wp-block-column is-layout-flow wp-block-column-is-layout-flow\">\n<h2 class=\"po-standout-text wp-block-heading\">LE SAVIEZ-VOUS ?<\/h2>\n\n\n\n<p>Les rayons du soleil peuvent eux aussi entra\u00eener divers probl\u00e8mes de peau, par exemple&nbsp;:<\/p>\n\n\n\n<ul class=\"wp-block-list\"><li>Rides et ridules<\/li><li>Peaux r\u00eaches et in\u00e9gales<\/li><li>Taches et teint non uniforme<\/li><li>Hyperpigmentation, taches brunes\/de soleil<\/li><li>Teints cireux<\/li><\/ul>\n\n\n\n<h3 class=\"po-standout-text wp-block-heading\">UVA, UVB et infrarouges<\/h3>\n\n\n\n<p>Les ingr\u00e9dients physiques et\/ou chimiques offrent une protection \u00e0 large spectre pour tous les types de peau.<\/p>\n\n\n\n<p>Les \u00e9crans solaires Obagi prot\u00e8gent des UVA, des UVB, et pour certains d&#8217;entre eux, des infrarouges, pour att\u00e9nuer les signes du vieillissement cutan\u00e9 et garder la peau en pleine sant\u00e9.<\/p>\n<\/div>\n\n\n\n<div class=\"wp-block-column is-layout-flow wp-block-column-is-layout-flow\">\n<div class=\"wp-block-cover aligncenter is-light\"><span aria-hidden=\"true\" class=\"has-background-dim-0 wp-block-cover__gradient-background has-background-dim\"><\/span><img decoding=\"async\" class=\"wp-block-cover__image-background wp-image-15367\" alt=\"\" src=\"https:\/\/pureobagi.com\/wp-content\/uploads\/2020\/12\/Product_Range_Images_00016_Sun_Protection_2.png\" data-object-fit=\"cover\"\/><div class=\"wp-block-cover__inner-container is-layout-flow wp-block-cover-is-layout-flow\">\n<p class=\"has-text-align-center has-large-font-size\"><\/p>\n<\/div><\/div>\n<\/div>\n<\/div>\n\n\n\n<div class=\"wp-block-columns reverse-mobile is-layout-flex wp-container-core-columns-is-layout-28f84493 wp-block-columns-is-layout-flex\">\n<div class=\"wp-block-column is-layout-flow wp-block-column-is-layout-flow\">\n<div class=\"wp-block-cover aligncenter is-light\"><span aria-hidden=\"true\" class=\"has-background-dim-0 wp-block-cover__gradient-background has-background-dim\"><\/span><img decoding=\"async\" class=\"wp-block-cover__image-background wp-image-15389\" alt=\"\" src=\"https:\/\/pureobagi.com\/wp-content\/uploads\/2020\/12\/Product_Range_Images_00017_Sun_Protection_3.png\" data-object-fit=\"cover\"\/><div class=\"wp-block-cover__inner-container is-layout-flow wp-block-cover-is-layout-flow\">\n<p class=\"has-text-align-center has-large-font-size\"><\/p>\n<\/div><\/div>\n<\/div>\n\n\n\n<div class=\"wp-block-column is-layout-flow wp-block-column-is-layout-flow\">\n<h2 class=\"wp-block-heading\">INGR\u00c9DIENTS CL\u00c9S<\/h2>\n\n\n\n<p>Les protections solaires Obagi comprennent certains ingr\u00e9dients cl\u00e9s:<\/p>\n\n\n\n<p>Protection physique contre les UVA\/UVB<\/p>\n\n\n\n<ul class=\"wp-block-list\"><li>Oxyde de zinc<\/li><li>Dioxyde de titane<\/li><\/ul>\n\n\n\n<p>Protection chimique contre les UVA\/UVB<\/p>\n\n\n\n<ul class=\"wp-block-list\"><li>Homosalate<\/li><li>Octinoxate<\/li><\/ul>\n\n\n\n<p>Plus<\/p>\n\n\n\n<ul class=\"wp-block-list\"><li>C\u00e9ramides<\/li><li>Glyc\u00e9rine<\/li><li>Hydromanil\u2122 Technology<\/li><li>Acide l-ascorbique (vitamine&nbsp;C)<\/li><li>Niacinamide<\/li><\/ul>\n\n\n\n<p>En savoir plus sur les ingr\u00e9dients cl\u00e9s mentionn\u00e9s dans notre blog<\/p>\n<\/div>\n<\/div>\n\n\n\n<div class=\"wp-block-columns is-layout-flex wp-container-core-columns-is-layout-28f84493 wp-block-columns-is-layout-flex\">\n<div class=\"wp-block-column is-layout-flow wp-block-column-is-layout-flow\">\n<h2 class=\"wp-block-heading\">PARMI LES \u00c9CRANS SOLAIRES OBAGI<\/h2>\n\n\n\n<ul class=\"wp-block-list\"><li>OBAGI360 HydraFactor\u00ae SPF30<\/li><li>Obagi Sun Shield\u2122 Matte SPF50<\/li><li>Obagi Sun Shield\u2122 TINT Warm SPF50<\/li><li>Obagi Sun Shield\u2122 TINT Cool SPF50<\/li><\/ul>\n\n\n\n<p>Vous ne savez pas quelle protection solaire choisir&nbsp;? Demandez conseil \u00e0 notre partenaire en dermo-cosm\u00e9tique.<\/p>\n\n\n\n<div class=\"wp-block-buttons is-layout-flex wp-block-buttons-is-layout-flex\">\n<div class=\"wp-block-button\"><a class=\"wp-block-button__link\" href=\"https:\/\/pureobagi.com\/fr\/skinstation\/\">Contact<\/a><\/div>\n<\/div>\n\n\n\n<p><\/p>\n<\/div>\n\n\n\n<div class=\"wp-block-column is-layout-flow wp-block-column-is-layout-flow\">\n<figure class=\"wp-block-embed is-type-video is-provider-vimeo wp-block-embed-vimeo wp-embed-aspect-16-9 wp-has-aspect-ratio\"><div class=\"wp-block-embed__wrapper\">\n<iframe loading=\"lazy\" title=\"Obagi Meredith&#039;s Story\" src=\"https:\/\/player.vimeo.com\/video\/148067881?h=79e1c02408&amp;dnt=1&amp;app_id=122963\" width=\"980\" height=\"551\" frameborder=\"0\" allow=\"autoplay; fullscreen; picture-in-picture\" allowfullscreen><\/iframe>\n<\/div><\/figure>\n<\/div>\n<\/div>\n\n\n<div  class=\"wp-block-product-blocks-product-grid-3 wopb-block-d909d4 \"><div class=\"wopb-block-wrapper\"><div class=\"wopb-wrapper-main-content\"><div class=\"wopb-product-blocks-slide\" data-slidestoshow=\"3-2-1\" data-autoplay=\"\" data-slidespeed=\"3000\" data-showdots=\"\" data-showarrows=\"1\"><div class=\"wopb-block-item \"><div class=\"wopb-block-content-wrap\"><div class=\"wopb-block-image wopb-block-image-none\"><div class=\"wopb-onsale-hot\"><\/div><div class=\"wopb-product-new-meta\"><\/div><div class=\"wopb-quick-cart\"><div class=\"wopb-product-btn\"><div class=\"wopb-product-btn \"><span class=\"wopb-cart-action \" data-postid=\"30852\"><a href=\"\/fr\/wp-json\/wp\/v2\/pages\/30745?add-to-cart=30852\" class=\"add_to_cart_button ajax_add_to_cart wopb-cart-normal\" data-stock=\"47\" aria-label=\"Ajouter au panier\u00a0: &ldquo;Obagi360\u00ae Retinol 0.5&rdquo;\" data-quantity=\"1\" data-product_id=\"30852\" data-product_sku=\"RET050OBA05\" rel=\"nofollow\">Ajouter au panier<\/a><a href=\"https:\/\/pureobagi.com\/fr\/cart-2\/\" class=\"wopb-cart-active\">View Cart<\/a><\/span><\/div><\/div><\/div><a href=\"https:\/\/pureobagi.com\/fr\/produit\/obagi360-retinol-0-5\/\"><img decoding=\"async\" src=\"https:\/\/pureobagi.com\/wp-content\/uploads\/2020\/10\/retinol-0.5-e1647617873185.png\" alt=\"Obagi360\u00ae Retinol 0.5\" \/><\/a><\/div><div class=\"wopb-pg-cl wopb-pg-cl1\"><div class=\"wopb-product-cat-price\"><div class=\"wopb-product-price\"><span class=\"woocommerce-Price-amount amount\"><bdi><span class=\"woocommerce-Price-currencySymbol\">&euro;<\/span>70.00<\/bdi><\/span> <small class=\"woocommerce-price-suffix\">inc. T.V.A.<\/small><\/div><\/div><div class=\"wopb-product-title-review\"><h3 class=\"wopb-block-title\"><a title=\"Obagi360\u00ae Retinol 0.5\"  href=\"https:\/\/pureobagi.com\/fr\/produit\/obagi360-retinol-0-5\/\">Obagi360\u00ae Retinol 0.5<\/a><\/h3><\/div><\/div><\/div><\/div><div class=\"wopb-block-item \"><div class=\"wopb-block-content-wrap\"><div class=\"wopb-block-image wopb-block-image-none\"><div class=\"wopb-onsale-hot\"><\/div><div class=\"wopb-product-new-meta\"><\/div><div class=\"wopb-quick-cart\"><div class=\"wopb-product-btn\"><div class=\"wopb-product-btn \"><span class=\"wopb-cart-action \" data-postid=\"30840\"><a href=\"\/fr\/wp-json\/wp\/v2\/pages\/30745?add-to-cart=30840\" class=\"add_to_cart_button ajax_add_to_cart wopb-cart-normal\" data-stock=\"\" aria-label=\"Ajouter au panier\u00a0: &ldquo;Obagi Hydrate\u00ae&rdquo;\" data-quantity=\"1\" data-product_id=\"30840\" data-product_sku=\"HYD048OBA01\" rel=\"nofollow\">Ajouter au panier<\/a><a href=\"https:\/\/pureobagi.com\/fr\/cart-2\/\" class=\"wopb-cart-active\">View Cart<\/a><\/span><\/div><\/div><\/div><a href=\"https:\/\/pureobagi.com\/fr\/produit\/obagi-hydrate-2\/\"><img decoding=\"async\" src=\"https:\/\/pureobagi.com\/wp-content\/uploads\/2020\/10\/hydrate-bottle-1000x1000-1.png\" alt=\"Obagi Hydrate\u00ae\" \/><\/a><\/div><div class=\"wopb-pg-cl wopb-pg-cl1\"><div class=\"wopb-product-cat-price\"><div class=\"wopb-product-price\"><span class=\"woocommerce-Price-amount amount\"><bdi><span class=\"woocommerce-Price-currencySymbol\">&euro;<\/span>53.00<\/bdi><\/span> <small class=\"woocommerce-price-suffix\">inc. T.V.A.<\/small><\/div><\/div><div class=\"wopb-product-title-review\"><h3 class=\"wopb-block-title\"><a title=\"Obagi Hydrate\u00ae\"  href=\"https:\/\/pureobagi.com\/fr\/produit\/obagi-hydrate-2\/\">Obagi Hydrate\u00ae<\/a><\/h3><\/div><\/div><\/div><\/div><div class=\"wopb-block-item \"><div class=\"wopb-block-content-wrap\"><div class=\"wopb-block-image wopb-block-image-none\"><div class=\"wopb-onsale-hot\"><\/div><div class=\"wopb-product-new-meta\"><\/div><div class=\"wopb-quick-cart\"><div class=\"wopb-product-btn\"><div class=\"wopb-product-btn \"><span class=\"wopb-cart-action \" data-postid=\"30824\"><a href=\"\/fr\/wp-json\/wp\/v2\/pages\/30745?add-to-cart=30824\" class=\"add_to_cart_button ajax_add_to_cart wopb-cart-normal\" data-stock=\"\" aria-label=\"Ajouter au panier\u00a0: &ldquo;Obagi Daily Hydro-Drops\u2122 Facial Serum 30ml&rdquo;\" data-quantity=\"1\" data-product_id=\"30824\" data-product_sku=\"HYDROPOBA03\" rel=\"nofollow\">Ajouter au panier<\/a><a href=\"https:\/\/pureobagi.com\/fr\/cart-2\/\" class=\"wopb-cart-active\">View Cart<\/a><\/span><\/div><\/div><\/div><a href=\"https:\/\/pureobagi.com\/fr\/produit\/daily-hydro-drops-facial-serum-30ml\/\"><img decoding=\"async\" src=\"https:\/\/pureobagi.com\/wp-content\/uploads\/2020\/12\/DHD-main-1000x1000-1.png\" alt=\"Obagi Daily Hydro-Drops\u2122 Facial Serum 30ml\" \/><\/a><\/div><div class=\"wopb-pg-cl wopb-pg-cl1\"><div class=\"wopb-product-cat-price\"><div class=\"wopb-product-price\"><span class=\"woocommerce-Price-amount amount\"><bdi><span class=\"woocommerce-Price-currencySymbol\">&euro;<\/span>94.00<\/bdi><\/span> <small class=\"woocommerce-price-suffix\">inc. T.V.A.<\/small><\/div><\/div><div class=\"wopb-product-title-review\"><h3 class=\"wopb-block-title\"><a title=\"Obagi Daily Hydro-Drops\u2122 Facial Serum 30ml\"  href=\"https:\/\/pureobagi.com\/fr\/produit\/daily-hydro-drops-facial-serum-30ml\/\">Obagi Daily Hydro-Drops\u2122 Facial Serum 30ml<\/a><\/h3><\/div><\/div><\/div><\/div><div class=\"wopb-block-item \"><div class=\"wopb-block-content-wrap\"><div class=\"wopb-block-image wopb-block-image-none\"><div class=\"wopb-onsale-hot\"><\/div><div class=\"wopb-product-new-meta\"><\/div><div class=\"wopb-quick-cart\"><div class=\"wopb-product-btn\"><div class=\"wopb-product-btn \"><span class=\"wopb-cart-action \" data-postid=\"30849\"><a href=\"\/fr\/wp-json\/wp\/v2\/pages\/30745?add-to-cart=30849\" class=\"add_to_cart_button ajax_add_to_cart wopb-cart-normal\" data-stock=\"\" aria-label=\"Ajouter au panier\u00a0: &ldquo;Obagi CLENZIderm Daily Care Foaming Cleanser&rdquo;\" data-quantity=\"1\" data-product_id=\"30849\" data-product_sku=\"CLE001OBA01\" rel=\"nofollow\">Ajouter au panier<\/a><a href=\"https:\/\/pureobagi.com\/fr\/cart-2\/\" class=\"wopb-cart-active\">View Cart<\/a><\/span><\/div><\/div><\/div><a href=\"https:\/\/pureobagi.com\/fr\/produit\/clenziderm-daily-care-foaming-cleanser\/\"><img decoding=\"async\" src=\"https:\/\/pureobagi.com\/wp-content\/uploads\/2020\/10\/clenziderm-bottle-1000x1000-1.png\" alt=\"Obagi CLENZIderm Daily Care Foaming Cleanser\" \/><\/a><\/div><div class=\"wopb-pg-cl wopb-pg-cl1\"><div class=\"wopb-product-cat-price\"><div class=\"wopb-product-price\"><span class=\"woocommerce-Price-amount amount\"><bdi><span class=\"woocommerce-Price-currencySymbol\">&euro;<\/span>41.00<\/bdi><\/span> <small class=\"woocommerce-price-suffix\">inc. T.V.A.<\/small><\/div><\/div><div class=\"wopb-product-title-review\"><h3 class=\"wopb-block-title\"><a title=\"Obagi CLENZIderm Daily Care Foaming Cleanser\"  href=\"https:\/\/pureobagi.com\/fr\/produit\/clenziderm-daily-care-foaming-cleanser\/\">Obagi CLENZIderm Daily Care Foaming Cleanser<\/a><\/h3><\/div><\/div><\/div><\/div><div class=\"wopb-block-item \"><div class=\"wopb-block-content-wrap\"><div class=\"wopb-block-image wopb-block-image-none\"><div class=\"wopb-onsale-hot\"><\/div><div class=\"wopb-product-new-meta\"><\/div><div class=\"wopb-quick-cart\"><div class=\"wopb-product-btn\"><div class=\"wopb-product-btn \"><span class=\"wopb-cart-action \" data-postid=\"30839\"><a href=\"\/fr\/wp-json\/wp\/v2\/pages\/30745?add-to-cart=30839\" class=\"add_to_cart_button ajax_add_to_cart wopb-cart-normal\" data-stock=\"\" aria-label=\"Ajouter au panier\u00a0: &ldquo;Obagi Hydrate Luxe\u00ae&rdquo;\" data-quantity=\"1\" data-product_id=\"30839\" data-product_sku=\"HYDLUXOBA01\" rel=\"nofollow\">Ajouter au panier<\/a><a href=\"https:\/\/pureobagi.com\/fr\/cart-2\/\" class=\"wopb-cart-active\">View Cart<\/a><\/span><\/div><\/div><\/div><a href=\"https:\/\/pureobagi.com\/fr\/produit\/obagi-hydrate-luxe\/\"><img decoding=\"async\" src=\"https:\/\/pureobagi.com\/wp-content\/uploads\/2020\/10\/hydrate-luxe-bottle-1000x1000-1.jpg\" alt=\"Obagi Hydrate Luxe\u00ae\" \/><\/a><\/div><div class=\"wopb-pg-cl wopb-pg-cl1\"><div class=\"wopb-product-cat-price\"><div class=\"wopb-product-price\"><span class=\"woocommerce-Price-amount amount\"><bdi><span class=\"woocommerce-Price-currencySymbol\">&euro;<\/span>75.00<\/bdi><\/span> <small class=\"woocommerce-price-suffix\">inc. T.V.A.<\/small><\/div><\/div><div class=\"wopb-product-title-review\"><h3 class=\"wopb-block-title\"><a title=\"Obagi Hydrate Luxe\u00ae\"  href=\"https:\/\/pureobagi.com\/fr\/produit\/obagi-hydrate-luxe\/\">Obagi Hydrate Luxe\u00ae<\/a><\/h3><\/div><\/div><\/div><\/div><div class=\"wopb-block-item \"><div class=\"wopb-block-content-wrap\"><div class=\"wopb-block-image wopb-block-image-none\"><div class=\"wopb-onsale-hot\"><\/div><div class=\"wopb-product-new-meta\"><\/div><div class=\"wopb-quick-cart\"><div class=\"wopb-product-btn\"><div class=\"wopb-product-btn \"><span class=\"wopb-cart-action \" data-postid=\"30844\"><a href=\"\/fr\/wp-json\/wp\/v2\/pages\/30745?add-to-cart=30844\" class=\"add_to_cart_button ajax_add_to_cart wopb-cart-normal\" data-stock=\"\" aria-label=\"Ajouter au panier\u00a0: &ldquo;Obagi Professional-C\u00ae Serum 15%&rdquo;\" data-quantity=\"1\" data-product_id=\"30844\" data-product_sku=\"PRO015OBA02\" rel=\"nofollow\">Ajouter au panier<\/a><a href=\"https:\/\/pureobagi.com\/fr\/cart-2\/\" class=\"wopb-cart-active\">View Cart<\/a><\/span><\/div><\/div><\/div><a href=\"https:\/\/pureobagi.com\/fr\/produit\/obagi-professional-c-serum-15\/\"><img decoding=\"async\" src=\"https:\/\/pureobagi.com\/wp-content\/uploads\/2020\/10\/pro-c-15-bottle-1000x1000-1.png\" alt=\"Obagi Professional-C\u00ae Serum 15%\" \/><\/a><\/div><div class=\"wopb-pg-cl wopb-pg-cl1\"><div class=\"wopb-product-cat-price\"><div class=\"wopb-product-price\"><span class=\"woocommerce-Price-amount amount\"><bdi><span class=\"woocommerce-Price-currencySymbol\">&euro;<\/span>111.00<\/bdi><\/span> <small class=\"woocommerce-price-suffix\">inc. T.V.A.<\/small><\/div><\/div><div class=\"wopb-product-title-review\"><h3 class=\"wopb-block-title\"><a title=\"Obagi Professional-C\u00ae Serum 15%\"  href=\"https:\/\/pureobagi.com\/fr\/produit\/obagi-professional-c-serum-15\/\">Obagi Professional-C\u00ae Serum 15%<\/a><\/h3><\/div><\/div><\/div><\/div><\/div><div class=\"wopb-slick-nav\" style=\"display:none\"><div class=\"wopb-slick-prev\"><div class=\"slick-arrow slick-prev\"><svg enable-background=\"new 0 0 477.175 477.175\" version=\"1.1\" viewBox=\"0 0 477.18 477.18\"><path d=\"m145.19 238.58 215.5-215.5c5.3-5.3 5.3-13.8 0-19.1s-13.8-5.3-19.1 0l-225.1 225.1c-5.3 5.3-5.3 13.8 0 19.1l225.1 225c2.6 2.6 6.1 4 9.5 4s6.9-1.3 9.5-4c5.3-5.3 5.3-13.8 0-19.1l-215.4-215.5z\"\/><\/svg><\/div><\/div><div class=\"wopb-slick-next\"><div class=\"slick-arrow slick-next\"><svg enable-background=\"new 0 0 477.175 477.175\" version=\"1.1\" viewBox=\"0 0 477.18 477.18\"><path d=\"m360.73 229.08-225.1-225.1c-5.3-5.3-13.8-5.3-19.1 0s-5.3 13.8 0 19.1l215.5 215.5-215.5 215.5c-5.3 5.3-5.3 13.8 0 19.1 2.6 2.6 6.1 4 9.5 4s6.9-1.3 9.5-4l225.1-225.1c5.3-5.2 5.3-13.8 0.1-19z\"\/><\/svg><\/div><\/div><\/div><\/div><\/div><\/div>","protected":false},"excerpt":{"rendered":"<p>Il est essentiel de prot\u00e9ger votre peau des rayons du soleil. C&#8217;est l\u00e0 l&#8217;un des premiers gestes \u00e0 faire pour pr\u00e9venir les dommages caus\u00e9s par le soleil et le vieillissement cutan\u00e9. La gamme de produits solaires Obagi a \u00e9t\u00e9 formul\u00e9e de sorte \u00e0 convenir \u00e0 tous types de peau et besoins. Quelle que soit leur [&hellip;]<\/p>\n","protected":false},"author":1,"featured_media":20133,"parent":26433,"menu_order":0,"comment_status":"closed","ping_status":"closed","template":"template-fullwidth.php","meta":{"_acf_changed":false,"footnotes":""},"class_list":["post-30745","page","type-page","status-publish","has-post-thumbnail","hentry"],"acf":[],"_links":{"self":[{"href":"https:\/\/pureobagi.com\/fr\/wp-json\/wp\/v2\/pages\/30745","targetHints":{"allow":["GET"]}}],"collection":[{"href":"https:\/\/pureobagi.com\/fr\/wp-json\/wp\/v2\/pages"}],"about":[{"href":"https:\/\/pureobagi.com\/fr\/wp-json\/wp\/v2\/types\/page"}],"author":[{"embeddable":true,"href":"https:\/\/pureobagi.com\/fr\/wp-json\/wp\/v2\/users\/1"}],"replies":[{"embeddable":true,"href":"https:\/\/pureobagi.com\/fr\/wp-json\/wp\/v2\/comments?post=30745"}],"version-history":[{"count":3,"href":"https:\/\/pureobagi.com\/fr\/wp-json\/wp\/v2\/pages\/30745\/revisions"}],"predecessor-version":[{"id":50892,"href":"https:\/\/pureobagi.com\/fr\/wp-json\/wp\/v2\/pages\/30745\/revisions\/50892"}],"up":[{"embeddable":true,"href":"https:\/\/pureobagi.com\/fr\/wp-json\/wp\/v2\/pages\/26433"}],"wp:featuredmedia":[{"embeddable":true,"href":"https:\/\/pureobagi.com\/fr\/wp-json\/wp\/v2\/media\/20133"}],"wp:attachment":[{"href":"https:\/\/pureobagi.com\/fr\/wp-json\/wp\/v2\/media?parent=30745"}],"curies":[{"name":"wp","href":"https:\/\/api.w.org\/{rel}","templated":true}]}}