{"id":30748,"date":"2020-12-04T12:36:17","date_gmt":"2020-12-04T12:36:17","guid":{"rendered":"https:\/\/pureobagi.com\/decouvrir-la-gamme\/obagi-c-fx-systems\/"},"modified":"2022-04-01T17:14:47","modified_gmt":"2022-04-01T16:14:47","slug":"obagi-c-fx-systems","status":"publish","type":"page","link":"https:\/\/pureobagi.com\/fr\/decouvrir-la-gamme\/obagi-c-fx-systems\/","title":{"rendered":"Obagi-C\u00ae Fx Systems"},"content":{"rendered":"\n<div class=\"wp-block-columns is-layout-flex wp-container-core-columns-is-layout-28f84493 wp-block-columns-is-layout-flex\">\n<div class=\"wp-block-column is-layout-flow wp-block-column-is-layout-flow\">\n<div class=\"wp-block-cover aligncenter is-light\"><span aria-hidden=\"true\" class=\"has-background-dim-0 wp-block-cover__gradient-background has-background-dim\"><\/span><img decoding=\"async\" width=\"1000\" height=\"1000\" class=\"wp-block-cover__image-background wp-image-50899\" alt=\"Obagi-C\u00ae Fx System\" src=\"https:\/\/pureobagi.com\/wp-content\/uploads\/2022\/04\/c-fx-system.jpg\" data-object-fit=\"cover\" srcset=\"https:\/\/pureobagi.com\/wp-content\/uploads\/2022\/04\/c-fx-system.jpg 1000w, https:\/\/pureobagi.com\/wp-content\/uploads\/2022\/04\/c-fx-system-300x300.jpg 300w, https:\/\/pureobagi.com\/wp-content\/uploads\/2022\/04\/c-fx-system-150x150.jpg 150w, https:\/\/pureobagi.com\/wp-content\/uploads\/2022\/04\/c-fx-system-768x768.jpg 768w, https:\/\/pureobagi.com\/wp-content\/uploads\/2022\/04\/c-fx-system-600x600.jpg 600w, https:\/\/pureobagi.com\/wp-content\/uploads\/2022\/04\/c-fx-system-324x324.jpg 324w, https:\/\/pureobagi.com\/wp-content\/uploads\/2022\/04\/c-fx-system-416x416.jpg 416w, https:\/\/pureobagi.com\/wp-content\/uploads\/2022\/04\/c-fx-system-100x100.jpg 100w\" sizes=\"(max-width: 1000px) 100vw, 1000px\" \/><div class=\"wp-block-cover__inner-container is-layout-flow wp-block-cover-is-layout-flow\">\n<p class=\"has-text-align-center has-large-font-size\"><\/p>\n<\/div><\/div>\n<\/div>\n\n\n\n<div class=\"wp-block-column is-layout-flow wp-block-column-is-layout-flow\">\n<p>Obagi-C\u00ae Fx Systems constituent une gamme de produits de soin complets pour la peau qui met \u00e0 contribution l&#8217;efficacit\u00e9 de l&#8217;arbutine (4%) et de l&#8217;acide l-ascorbique\/vitamine C (10%) dans la lutte contre le vieillissement cutan\u00e9 et l&#8217;hyperpigmentation, pour un teint \u00e9clatant.<\/p>\n\n\n\n<p>Propos\u00e9s en deux cat\u00e9gories de types de peau (normales \u00e0 grasses et normales \u00e0 s\u00e8ches), les produits du Obagi-C\u00ae Fx Systems vous donneront une peau plus nette, uniforme et \u00e9clatante de sant\u00e9. Ils permettent \u00e9galement d&#8217;att\u00e9nuer les rides et ridules, d\u00e9colorations et autres probl\u00e8mes de peau caus\u00e9s par le soleil.<\/p>\n\n\n\n<div class=\"wp-block-buttons is-layout-flex wp-block-buttons-is-layout-flex\">\n<div class=\"wp-block-button\"><a class=\"wp-block-button__link\" href=\"https:\/\/pureobagi.com\/fr\/categorie-produit\/gamme-de-produits\/obagi-c-fx-system-fr\/\">Parcourir Obagi-C Fx<\/a><\/div>\n<\/div>\n<\/div>\n<\/div>\n\n\n\n<div class=\"wp-block-columns is-layout-flex wp-container-core-columns-is-layout-28f84493 wp-block-columns-is-layout-flex\">\n<div class=\"wp-block-column is-layout-flow wp-block-column-is-layout-flow\">\n<h3 class=\"po-standout-text wp-block-heading\">12 \u00c0 24 SEMAINES<\/h3>\n\n\n\n<p>Obagi-C\u00ae Fx System att\u00e9nue les probl\u00e8mes suivants:<\/p>\n\n\n\n<ul class=\"wp-block-list\"><li>Rides et ridules<\/li><li>Teint non uniforme (discret \u00e0 mod\u00e9r\u00e9)<\/li><li>Hyperpigmentation<\/li><li>Peaux r\u00eaches<\/li><li>Peaux flasques<br><\/li><\/ul>\n\n\n\n<h3 class=\"po-standout-text wp-block-heading\">97%<\/h3>\n\n\n\n<p>97&nbsp;% des patients signalent une peau plus lisse et 90&nbsp;% des patients disent avoir remarqu\u00e9 un teint plus uniforme et plus \u00e9clatant \u00e0 la semaine&nbsp;12.<\/p>\n\n\n\n<p>100 % des patients d\u00e9clarent que le Obagi-C\u00ae Fx System est un bon, tr\u00e8s bon ou excellent produit par rapport aux autres soins pour la peau utilis\u00e9s par le pass\u00e9.*<\/p>\n<\/div>\n\n\n\n<div class=\"wp-block-column is-layout-flow wp-block-column-is-layout-flow\">\n<div class=\"wp-block-cover aligncenter is-light\"><span aria-hidden=\"true\" class=\"has-background-dim-0 wp-block-cover__gradient-background has-background-dim\"><\/span><img decoding=\"async\" class=\"wp-block-cover__image-background wp-image-15566\" alt=\"\" src=\"https:\/\/pureobagi.com\/wp-content\/uploads\/2020\/12\/Product_Range_Images_0007_Obagi-C_Fx_2.jpg\" data-object-fit=\"cover\"\/><div class=\"wp-block-cover__inner-container is-layout-flow wp-block-cover-is-layout-flow\">\n<p class=\"has-text-align-center has-large-font-size\"><\/p>\n<\/div><\/div>\n<\/div>\n<\/div>\n\n\n\n<div class=\"wp-block-columns reverse-mobile is-layout-flex wp-container-core-columns-is-layout-28f84493 wp-block-columns-is-layout-flex\">\n<div class=\"wp-block-column is-layout-flow wp-block-column-is-layout-flow\">\n<div class=\"wp-block-cover is-light\"><span aria-hidden=\"true\" class=\"has-background-dim-0 wp-block-cover__gradient-background has-background-dim\"><\/span><img decoding=\"async\" width=\"1000\" height=\"1000\" class=\"wp-block-cover__image-background wp-image-50675\" alt=\"Obagi-C\u00ae Fx C-Clarifying Serum\" src=\"https:\/\/pureobagi.com\/wp-content\/uploads\/2020\/12\/obagi-c-c-clarifying-serum-lifestyle.jpg\" style=\"object-position:46% 100%\" data-object-fit=\"cover\" data-object-position=\"46% 100%\" srcset=\"https:\/\/pureobagi.com\/wp-content\/uploads\/2020\/12\/obagi-c-c-clarifying-serum-lifestyle.jpg 1000w, https:\/\/pureobagi.com\/wp-content\/uploads\/2020\/12\/obagi-c-c-clarifying-serum-lifestyle-300x300.jpg 300w, https:\/\/pureobagi.com\/wp-content\/uploads\/2020\/12\/obagi-c-c-clarifying-serum-lifestyle-150x150.jpg 150w, https:\/\/pureobagi.com\/wp-content\/uploads\/2020\/12\/obagi-c-c-clarifying-serum-lifestyle-768x768.jpg 768w, https:\/\/pureobagi.com\/wp-content\/uploads\/2020\/12\/obagi-c-c-clarifying-serum-lifestyle-600x600.jpg 600w, https:\/\/pureobagi.com\/wp-content\/uploads\/2020\/12\/obagi-c-c-clarifying-serum-lifestyle-324x324.jpg 324w, https:\/\/pureobagi.com\/wp-content\/uploads\/2020\/12\/obagi-c-c-clarifying-serum-lifestyle-416x416.jpg 416w, https:\/\/pureobagi.com\/wp-content\/uploads\/2020\/12\/obagi-c-c-clarifying-serum-lifestyle-100x100.jpg 100w\" sizes=\"(max-width: 1000px) 100vw, 1000px\" \/><div class=\"wp-block-cover__inner-container is-layout-flow wp-block-cover-is-layout-flow\">\n<p class=\"has-text-align-center has-large-font-size\"><\/p>\n<\/div><\/div>\n<\/div>\n\n\n\n<div class=\"wp-block-column is-layout-flow wp-block-column-is-layout-flow\">\n<h2 class=\"wp-block-heading\">INGR\u00c9DIENTS CL\u00c9S<\/h2>\n\n\n\n<p>Obagi-C\u00ae Fx sont infus\u00e9s \u00e0 l&#8217;acide l-ascorbique (vitamine C)<br>Les produits individuels utilisent divers ingr\u00e9dients cl\u00e9s comme les suivants:<\/p>\n\n\n\n<ul class=\"wp-block-list\"><li>Arbutine 4%<\/li><li>Extrait de camomille<\/li><li>Acide glycolique<\/li><li>Glyc\u00e9rine<\/li><li>Acide hyaluronique<\/li><li>Vitamine&nbsp;C<\/li><li>Vitamine&nbsp;E<\/li><li>Hamam\u00e9lis<\/li><\/ul>\n\n\n\n<p>En savoir plus sur les ingr\u00e9dients cl\u00e9s mentionn\u00e9s dans notre blog.<\/p>\n<\/div>\n<\/div>\n\n\n\n<div class=\"wp-block-columns is-layout-flex wp-container-core-columns-is-layout-28f84493 wp-block-columns-is-layout-flex\">\n<div class=\"wp-block-column is-layout-flow wp-block-column-is-layout-flow\">\n<h2 class=\"wp-block-heading\">SOINS OBAGI-C\u00ae FX POUR LA PEAU<\/h2>\n\n\n\n<ul class=\"wp-block-list\"><li>Obagi-C\u00ae C-Cleansing Gel<\/li><li>Obagi-C\u00ae C-Balancing Toner (peaux grasses)<\/li><li>Obagi-C\u00ae C-Clarifying Serum<\/li><li>Obagi-C\u00ae C-Exfoliating Day Lotion (peaux s\u00e8ches)<\/li><\/ul>\n\n\n\n<p>Vous vous demandez si Obagi-C\u00ae Fx est fait pour vous? Demandez conseil \u00e0 notre partenaire en dermo-cosm\u00e9tique.<\/p>\n\n\n\n<div class=\"wp-block-buttons is-layout-flex wp-block-buttons-is-layout-flex\">\n<div class=\"wp-block-button\"><a class=\"wp-block-button__link\" href=\"https:\/\/pureobagi.com\/fr\/skinstation\/\">Contact<\/a><\/div>\n<\/div>\n<\/div>\n\n\n\n<div class=\"wp-block-column is-layout-flow wp-block-column-is-layout-flow\">\n<figure class=\"wp-block-embed aligncenter is-type-video is-provider-vimeo wp-block-embed-vimeo wp-embed-aspect-16-9 wp-has-aspect-ratio\"><div class=\"wp-block-embed__wrapper\">\n<iframe loading=\"lazy\" title=\"How to Minimise the Appearance of Skin Ageing\" src=\"https:\/\/player.vimeo.com\/video\/492104551?h=1c244cef6c&amp;dnt=1&amp;app_id=122963\" width=\"980\" height=\"551\" frameborder=\"0\" allow=\"autoplay; fullscreen; picture-in-picture\" allowfullscreen><\/iframe>\n<\/div><\/figure>\n<\/div>\n<\/div>\n\n\n<div  class=\"wp-block-product-blocks-product-grid-3 wopb-block-c80d83 \"><div class=\"wopb-block-wrapper\"><div class=\"wopb-wrapper-main-content\"><div class=\"wopb-product-blocks-slide\" data-slidestoshow=\"3-2-1\" data-autoplay=\"\" data-slidespeed=\"3000\" data-showdots=\"\" data-showarrows=\"1\"><div class=\"wopb-block-item \"><div class=\"wopb-block-content-wrap\"><div class=\"wopb-block-image wopb-block-image-none\"><div class=\"wopb-onsale-hot\"><\/div><div class=\"wopb-product-new-meta\"><\/div><div class=\"wopb-quick-cart\"><div class=\"wopb-product-btn\"><div class=\"wopb-product-btn \"><span class=\"wopb-cart-action \" data-postid=\"30852\"><a href=\"\/fr\/wp-json\/wp\/v2\/pages\/30748?add-to-cart=30852\" class=\"add_to_cart_button ajax_add_to_cart wopb-cart-normal\" data-stock=\"46\" aria-label=\"Ajouter au panier\u00a0: &ldquo;Obagi360\u00ae Retinol 0.5&rdquo;\" data-quantity=\"1\" data-product_id=\"30852\" data-product_sku=\"RET050OBA05\" rel=\"nofollow\">Ajouter au panier<\/a><a href=\"https:\/\/pureobagi.com\/fr\/cart-2\/\" class=\"wopb-cart-active\">View Cart<\/a><\/span><\/div><\/div><\/div><a href=\"https:\/\/pureobagi.com\/fr\/produit\/obagi360-retinol-0-5\/\"><img decoding=\"async\" src=\"https:\/\/pureobagi.com\/wp-content\/uploads\/2020\/10\/retinol-0.5-e1647617873185.png\" alt=\"Obagi360\u00ae Retinol 0.5\" \/><\/a><\/div><div class=\"wopb-pg-cl wopb-pg-cl1\"><div class=\"wopb-product-cat-price\"><div class=\"wopb-product-price\"><span class=\"woocommerce-Price-amount amount\"><bdi><span class=\"woocommerce-Price-currencySymbol\">&euro;<\/span>70.00<\/bdi><\/span> <small class=\"woocommerce-price-suffix\">inc. T.V.A.<\/small><\/div><\/div><div class=\"wopb-product-title-review\"><h3 class=\"wopb-block-title\"><a title=\"Obagi360\u00ae Retinol 0.5\"  href=\"https:\/\/pureobagi.com\/fr\/produit\/obagi360-retinol-0-5\/\">Obagi360\u00ae Retinol 0.5<\/a><\/h3><\/div><\/div><\/div><\/div><div class=\"wopb-block-item \"><div class=\"wopb-block-content-wrap\"><div class=\"wopb-block-image wopb-block-image-none\"><div class=\"wopb-onsale-hot\"><\/div><div class=\"wopb-product-new-meta\"><\/div><div class=\"wopb-quick-cart\"><div class=\"wopb-product-btn\"><div class=\"wopb-product-btn \"><span class=\"wopb-cart-action \" data-postid=\"30840\"><a href=\"https:\/\/pureobagi.com\/fr\/produit\/obagi-hydrate-2\/\" class=\"add_to_cart_button ajax_add_to_cart wopb-cart-normal\" data-stock=\"0\" aria-label=\"En savoir plus sur &ldquo;Obagi Hydrate\u00ae&rdquo;\" data-quantity=\"1\" data-product_id=\"30840\" data-product_sku=\"HYD048OBA01\" rel=\"nofollow\">Lire la suite<\/a><a href=\"https:\/\/pureobagi.com\/fr\/cart-2\/\" class=\"wopb-cart-active\">View Cart<\/a><\/span><\/div><\/div><\/div><div class=\"wopb-product-outofstock\"><span>En rupture de stock<\/span><\/div><a href=\"https:\/\/pureobagi.com\/fr\/produit\/obagi-hydrate-2\/\"><img decoding=\"async\" src=\"https:\/\/pureobagi.com\/wp-content\/uploads\/2020\/10\/hydrate-bottle-1000x1000-1.png\" alt=\"Obagi Hydrate\u00ae\" \/><\/a><\/div><div class=\"wopb-pg-cl wopb-pg-cl1\"><div class=\"wopb-product-cat-price\"><div class=\"wopb-product-price\"><span class=\"woocommerce-Price-amount amount\"><bdi><span class=\"woocommerce-Price-currencySymbol\">&euro;<\/span>53.00<\/bdi><\/span> <small class=\"woocommerce-price-suffix\">inc. T.V.A.<\/small><\/div><\/div><div class=\"wopb-product-title-review\"><h3 class=\"wopb-block-title\"><a title=\"Obagi Hydrate\u00ae\"  href=\"https:\/\/pureobagi.com\/fr\/produit\/obagi-hydrate-2\/\">Obagi Hydrate\u00ae<\/a><\/h3><\/div><\/div><\/div><\/div><div class=\"wopb-block-item \"><div class=\"wopb-block-content-wrap\"><div class=\"wopb-block-image wopb-block-image-none\"><div class=\"wopb-onsale-hot\"><\/div><div class=\"wopb-product-new-meta\"><\/div><div class=\"wopb-quick-cart\"><div class=\"wopb-product-btn\"><div class=\"wopb-product-btn \"><span class=\"wopb-cart-action \" data-postid=\"30824\"><a href=\"\/fr\/wp-json\/wp\/v2\/pages\/30748?add-to-cart=30824\" class=\"add_to_cart_button ajax_add_to_cart wopb-cart-normal\" data-stock=\"11\" aria-label=\"Ajouter au panier\u00a0: &ldquo;Obagi Daily Hydro-Drops\u2122 Facial Serum 30ml&rdquo;\" data-quantity=\"1\" data-product_id=\"30824\" data-product_sku=\"HYDROPOBA03\" rel=\"nofollow\">Ajouter au panier<\/a><a href=\"https:\/\/pureobagi.com\/fr\/cart-2\/\" class=\"wopb-cart-active\">View Cart<\/a><\/span><\/div><\/div><\/div><a href=\"https:\/\/pureobagi.com\/fr\/produit\/daily-hydro-drops-facial-serum-30ml\/\"><img decoding=\"async\" src=\"https:\/\/pureobagi.com\/wp-content\/uploads\/2020\/12\/DHD-main-1000x1000-1.png\" alt=\"Obagi Daily Hydro-Drops\u2122 Facial Serum 30ml\" \/><\/a><\/div><div class=\"wopb-pg-cl wopb-pg-cl1\"><div class=\"wopb-product-cat-price\"><div class=\"wopb-product-price\"><span class=\"woocommerce-Price-amount amount\"><bdi><span class=\"woocommerce-Price-currencySymbol\">&euro;<\/span>94.00<\/bdi><\/span> <small class=\"woocommerce-price-suffix\">inc. T.V.A.<\/small><\/div><\/div><div class=\"wopb-product-title-review\"><h3 class=\"wopb-block-title\"><a title=\"Obagi Daily Hydro-Drops\u2122 Facial Serum 30ml\"  href=\"https:\/\/pureobagi.com\/fr\/produit\/daily-hydro-drops-facial-serum-30ml\/\">Obagi Daily Hydro-Drops\u2122 Facial Serum 30ml<\/a><\/h3><\/div><\/div><\/div><\/div><div class=\"wopb-block-item \"><div class=\"wopb-block-content-wrap\"><div class=\"wopb-block-image wopb-block-image-none\"><div class=\"wopb-onsale-hot\"><\/div><div class=\"wopb-product-new-meta\"><\/div><div class=\"wopb-quick-cart\"><div class=\"wopb-product-btn\"><div class=\"wopb-product-btn \"><span class=\"wopb-cart-action \" data-postid=\"30849\"><a href=\"\/fr\/wp-json\/wp\/v2\/pages\/30748?add-to-cart=30849\" class=\"add_to_cart_button ajax_add_to_cart wopb-cart-normal\" data-stock=\"5\" aria-label=\"Ajouter au panier\u00a0: &ldquo;Obagi CLENZIderm Daily Care Foaming Cleanser&rdquo;\" data-quantity=\"1\" data-product_id=\"30849\" data-product_sku=\"CLE001OBA01\" rel=\"nofollow\">Ajouter au panier<\/a><a href=\"https:\/\/pureobagi.com\/fr\/cart-2\/\" class=\"wopb-cart-active\">View Cart<\/a><\/span><\/div><\/div><\/div><a href=\"https:\/\/pureobagi.com\/fr\/produit\/clenziderm-daily-care-foaming-cleanser\/\"><img decoding=\"async\" src=\"https:\/\/pureobagi.com\/wp-content\/uploads\/2020\/10\/clenziderm-bottle-1000x1000-1.png\" alt=\"Obagi CLENZIderm Daily Care Foaming Cleanser\" \/><\/a><\/div><div class=\"wopb-pg-cl wopb-pg-cl1\"><div class=\"wopb-product-cat-price\"><div class=\"wopb-product-price\"><span class=\"woocommerce-Price-amount amount\"><bdi><span class=\"woocommerce-Price-currencySymbol\">&euro;<\/span>41.00<\/bdi><\/span> <small class=\"woocommerce-price-suffix\">inc. T.V.A.<\/small><\/div><\/div><div class=\"wopb-product-title-review\"><h3 class=\"wopb-block-title\"><a title=\"Obagi CLENZIderm Daily Care Foaming Cleanser\"  href=\"https:\/\/pureobagi.com\/fr\/produit\/clenziderm-daily-care-foaming-cleanser\/\">Obagi CLENZIderm Daily Care Foaming Cleanser<\/a><\/h3><\/div><\/div><\/div><\/div><div class=\"wopb-block-item \"><div class=\"wopb-block-content-wrap\"><div class=\"wopb-block-image wopb-block-image-none\"><div class=\"wopb-onsale-hot\"><\/div><div class=\"wopb-product-new-meta\"><\/div><div class=\"wopb-quick-cart\"><div class=\"wopb-product-btn\"><div class=\"wopb-product-btn \"><span class=\"wopb-cart-action \" data-postid=\"30839\"><a href=\"\/fr\/wp-json\/wp\/v2\/pages\/30748?add-to-cart=30839\" class=\"add_to_cart_button ajax_add_to_cart wopb-cart-normal\" data-stock=\"7\" aria-label=\"Ajouter au panier\u00a0: &ldquo;Obagi Hydrate Luxe\u00ae&rdquo;\" data-quantity=\"1\" data-product_id=\"30839\" data-product_sku=\"HYDLUXOBA01\" rel=\"nofollow\">Ajouter au panier<\/a><a href=\"https:\/\/pureobagi.com\/fr\/cart-2\/\" class=\"wopb-cart-active\">View Cart<\/a><\/span><\/div><\/div><\/div><a href=\"https:\/\/pureobagi.com\/fr\/produit\/obagi-hydrate-luxe\/\"><img decoding=\"async\" src=\"https:\/\/pureobagi.com\/wp-content\/uploads\/2020\/10\/hydrate-luxe-bottle-1000x1000-1.jpg\" alt=\"Obagi Hydrate Luxe\u00ae\" \/><\/a><\/div><div class=\"wopb-pg-cl wopb-pg-cl1\"><div class=\"wopb-product-cat-price\"><div class=\"wopb-product-price\"><span class=\"woocommerce-Price-amount amount\"><bdi><span class=\"woocommerce-Price-currencySymbol\">&euro;<\/span>75.00<\/bdi><\/span> <small class=\"woocommerce-price-suffix\">inc. T.V.A.<\/small><\/div><\/div><div class=\"wopb-product-title-review\"><h3 class=\"wopb-block-title\"><a title=\"Obagi Hydrate Luxe\u00ae\"  href=\"https:\/\/pureobagi.com\/fr\/produit\/obagi-hydrate-luxe\/\">Obagi Hydrate Luxe\u00ae<\/a><\/h3><\/div><\/div><\/div><\/div><div class=\"wopb-block-item \"><div class=\"wopb-block-content-wrap\"><div class=\"wopb-block-image wopb-block-image-none\"><div class=\"wopb-onsale-hot\"><\/div><div class=\"wopb-product-new-meta\"><\/div><div class=\"wopb-quick-cart\"><div class=\"wopb-product-btn\"><div class=\"wopb-product-btn \"><span class=\"wopb-cart-action \" data-postid=\"30844\"><a href=\"\/fr\/wp-json\/wp\/v2\/pages\/30748?add-to-cart=30844\" class=\"add_to_cart_button ajax_add_to_cart wopb-cart-normal\" data-stock=\"11\" aria-label=\"Ajouter au panier\u00a0: &ldquo;Obagi Professional-C\u00ae Serum 15%&rdquo;\" data-quantity=\"1\" data-product_id=\"30844\" data-product_sku=\"PRO015OBA02\" rel=\"nofollow\">Ajouter au panier<\/a><a href=\"https:\/\/pureobagi.com\/fr\/cart-2\/\" class=\"wopb-cart-active\">View Cart<\/a><\/span><\/div><\/div><\/div><a href=\"https:\/\/pureobagi.com\/fr\/produit\/obagi-professional-c-serum-15\/\"><img decoding=\"async\" src=\"https:\/\/pureobagi.com\/wp-content\/uploads\/2020\/10\/pro-c-15-bottle-1000x1000-1.png\" alt=\"Obagi Professional-C\u00ae Serum 15%\" \/><\/a><\/div><div class=\"wopb-pg-cl wopb-pg-cl1\"><div class=\"wopb-product-cat-price\"><div class=\"wopb-product-price\"><span class=\"woocommerce-Price-amount amount\"><bdi><span class=\"woocommerce-Price-currencySymbol\">&euro;<\/span>111.00<\/bdi><\/span> <small class=\"woocommerce-price-suffix\">inc. T.V.A.<\/small><\/div><\/div><div class=\"wopb-product-title-review\"><h3 class=\"wopb-block-title\"><a title=\"Obagi Professional-C\u00ae Serum 15%\"  href=\"https:\/\/pureobagi.com\/fr\/produit\/obagi-professional-c-serum-15\/\">Obagi Professional-C\u00ae Serum 15%<\/a><\/h3><\/div><\/div><\/div><\/div><\/div><div class=\"wopb-slick-nav\" style=\"display:none\"><div class=\"wopb-slick-prev\"><div class=\"slick-arrow slick-prev\"><svg enable-background=\"new 0 0 477.175 477.175\" version=\"1.1\" viewBox=\"0 0 477.18 477.18\"><path d=\"m145.19 238.58 215.5-215.5c5.3-5.3 5.3-13.8 0-19.1s-13.8-5.3-19.1 0l-225.1 225.1c-5.3 5.3-5.3 13.8 0 19.1l225.1 225c2.6 2.6 6.1 4 9.5 4s6.9-1.3 9.5-4c5.3-5.3 5.3-13.8 0-19.1l-215.4-215.5z\"\/><\/svg><\/div><\/div><div class=\"wopb-slick-next\"><div class=\"slick-arrow slick-next\"><svg enable-background=\"new 0 0 477.175 477.175\" version=\"1.1\" viewBox=\"0 0 477.18 477.18\"><path d=\"m360.73 229.08-225.1-225.1c-5.3-5.3-13.8-5.3-19.1 0s-5.3 13.8 0 19.1l215.5 215.5-215.5 215.5c-5.3 5.3-5.3 13.8 0 19.1 2.6 2.6 6.1 4 9.5 4s6.9-1.3 9.5-4l225.1-225.1c5.3-5.2 5.3-13.8 0.1-19z\"\/><\/svg><\/div><\/div><\/div><\/div><\/div><\/div>","protected":false},"excerpt":{"rendered":"<p>Obagi-C\u00ae Fx Systems constituent une gamme de produits de soin complets pour la peau qui met \u00e0 contribution l&#8217;efficacit\u00e9 de l&#8217;arbutine (4%) et de l&#8217;acide l-ascorbique\/vitamine C (10%) dans la lutte contre le vieillissement cutan\u00e9 et l&#8217;hyperpigmentation, pour un teint \u00e9clatant. Propos\u00e9s en deux cat\u00e9gories de types de peau (normales \u00e0 grasses et normales \u00e0 [&hellip;]<\/p>\n","protected":false},"author":1,"featured_media":20073,"parent":26433,"menu_order":0,"comment_status":"closed","ping_status":"closed","template":"template-fullwidth.php","meta":{"_acf_changed":false,"footnotes":""},"class_list":["post-30748","page","type-page","status-publish","has-post-thumbnail","hentry"],"acf":[],"_links":{"self":[{"href":"https:\/\/pureobagi.com\/fr\/wp-json\/wp\/v2\/pages\/30748","targetHints":{"allow":["GET"]}}],"collection":[{"href":"https:\/\/pureobagi.com\/fr\/wp-json\/wp\/v2\/pages"}],"about":[{"href":"https:\/\/pureobagi.com\/fr\/wp-json\/wp\/v2\/types\/page"}],"author":[{"embeddable":true,"href":"https:\/\/pureobagi.com\/fr\/wp-json\/wp\/v2\/users\/1"}],"replies":[{"embeddable":true,"href":"https:\/\/pureobagi.com\/fr\/wp-json\/wp\/v2\/comments?post=30748"}],"version-history":[{"count":6,"href":"https:\/\/pureobagi.com\/fr\/wp-json\/wp\/v2\/pages\/30748\/revisions"}],"predecessor-version":[{"id":50919,"href":"https:\/\/pureobagi.com\/fr\/wp-json\/wp\/v2\/pages\/30748\/revisions\/50919"}],"up":[{"embeddable":true,"href":"https:\/\/pureobagi.com\/fr\/wp-json\/wp\/v2\/pages\/26433"}],"wp:featuredmedia":[{"embeddable":true,"href":"https:\/\/pureobagi.com\/fr\/wp-json\/wp\/v2\/media\/20073"}],"wp:attachment":[{"href":"https:\/\/pureobagi.com\/fr\/wp-json\/wp\/v2\/media?parent=30748"}],"curies":[{"name":"wp","href":"https:\/\/api.w.org\/{rel}","templated":true}]}}