{"id":30752,"date":"2020-12-04T12:36:06","date_gmt":"2020-12-04T12:36:06","guid":{"rendered":"https:\/\/pureobagi.com\/decouvrir-la-gamme\/obagi360-systems\/"},"modified":"2021-08-23T16:54:34","modified_gmt":"2021-08-23T15:54:34","slug":"obagi360-systems","status":"publish","type":"page","link":"https:\/\/pureobagi.com\/fr\/decouvrir-la-gamme\/obagi360-systems\/","title":{"rendered":"OBAGI360 Systems"},"content":{"rendered":"\n<div class=\"wp-block-columns is-layout-flex wp-container-core-columns-is-layout-28f84493 wp-block-columns-is-layout-flex\">\n<div class=\"wp-block-column is-layout-flow wp-block-column-is-layout-flow\">\n<div class=\"wp-block-cover aligncenter\"><img decoding=\"async\" class=\"wp-block-cover__image-background wp-image-15605\" alt=\"\" src=\"https:\/\/pureobagi.com\/wp-content\/uploads\/2020\/12\/Product_Range_Images_0005_OBAGI360_1.jpg\" data-object-fit=\"cover\"\/><div class=\"wp-block-cover__inner-container is-layout-flow wp-block-cover-is-layout-flow\">\n<p class=\"has-text-align-center has-large-font-size\"><\/p>\n<\/div><\/div>\n<\/div>\n\n\n\n<div class=\"wp-block-column is-layout-flow wp-block-column-is-layout-flow\">\n<p>OBAGI360 System est un syst\u00e8me de soins complets pour la peau visant \u00e0 pr\u00e9server la jeunesse de la peau. Con\u00e7u pour les patients d&#8217;une vingtaine ou trentaine d&#8217;ann\u00e9es, qui rencontrent encore des probl\u00e8mes comme l&#8217;acn\u00e9, OBAGI360 System vous permet de conserver une peau jeune et \u00e9clatante lorsque vous devriez normalement voir les premiers signes de vieillissement, comme des d\u00e9colorations, irr\u00e9gularit\u00e9s, rides ou ridules.<\/p>\n\n\n\n<p>Le OBAGI360 System prot\u00e8ge votre peau aujourd&#8217;hui et la pr\u00e9pare pour demain. Con\u00e7u pour prot\u00e9ger la peau et lutter contre les signes de vieillissement, ce syst\u00e8me complet utilise une douce exfoliation, stimule le remplacement des cellules et d\u00e9fend la peau contre les rayons UVA et UVB nuisibles \u00e0 la sant\u00e9, pour que votre peau reste jeune le plus longtemps possible.<\/p>\n\n\n\n<div class=\"wp-block-buttons is-layout-flex wp-block-buttons-is-layout-flex\">\n<div class=\"wp-block-button\"><a class=\"wp-block-button__link\" href=\"https:\/\/pureobagi.com\/fr\/categorie-produit\/gamme-de-produits\/obagi360-system-fr\/\">Parcourir Obagi360<\/a><\/div>\n<\/div>\n<\/div>\n<\/div>\n\n\n\n<div class=\"wp-block-columns is-layout-flex wp-container-core-columns-is-layout-28f84493 wp-block-columns-is-layout-flex\">\n<div class=\"wp-block-column is-layout-flow wp-block-column-is-layout-flow\">\n<h3 class=\"po-standout-text wp-block-heading\">360<\/h3>\n\n\n\n<p>OBAGI360 System att\u00e9nue les probl\u00e8mes suivants:<\/p>\n\n\n\n<ul class=\"wp-block-list\"><li>Peaux ternes et irr\u00e9guli\u00e8res<\/li><li>Rides et ridules minimales<\/li><li>Pores dilat\u00e9s visibles<\/li><li>Peaux s\u00e8ches<\/li><li>Teint non homog\u00e8ne et imperfections<\/li><li>Manque d&#8217;\u00e9clat et de r\u00e9sistance<br><\/li><\/ul>\n\n\n\n<h3 class=\"po-standout-text wp-block-heading\">97%<\/h3>\n\n\n\n<p>97&nbsp;% des patients disent avoir vu une am\u00e9lioration lors de la premi\u00e8re semaine d&#8217;utilisation.*<\/p>\n\n\n\n<p>*Lors d&#8217;une utilisation dans le cadre de mesures compl\u00e8tes de protection solaire, comprenant l&#8217;application d&#8217;un \u00e9cran solaire broad-spectrum comme HydraFactor SPF30, le port de v\u00eatements protecteurs, d&#8217;un chapeau et de lunettes de soleil<\/p>\n<\/div>\n\n\n\n<div class=\"wp-block-column is-layout-flow wp-block-column-is-layout-flow\">\n<div class=\"wp-block-cover aligncenter\"><img decoding=\"async\" class=\"wp-block-cover__image-background wp-image-15622\" alt=\"\" src=\"https:\/\/pureobagi.com\/wp-content\/uploads\/2020\/12\/Product_Range_Images_0004_OBAGI360_System_2.jpg\" data-object-fit=\"cover\"\/><div class=\"wp-block-cover__inner-container is-layout-flow wp-block-cover-is-layout-flow\">\n<p class=\"has-text-align-center has-large-font-size\"><\/p>\n<\/div><\/div>\n<\/div>\n<\/div>\n\n\n\n<h2 class=\"has-text-align-center wp-block-heading\">AVANT\/APR\u00c8S<\/h2>\n\n\n\n<h4 class=\"has-text-align-center wp-block-heading\">Des personnes r\u00e9elles, des r\u00e9sultats concrets<\/h4>\n\n\n\n<div class=\"wp-block-columns is-layout-flex wp-container-core-columns-is-layout-28f84493 wp-block-columns-is-layout-flex\">\n<div class=\"wp-block-column is-layout-flow wp-block-column-is-layout-flow\"><\/div>\n\n\n\n<div class=\"wp-block-column is-layout-flow wp-block-column-is-layout-flow\">\n<figure class=\"wp-block-nelio-compare-images\"><div class=\"wp-block-nelio-compare-images__comparison-wrapper wp-block-nelio-compare-images__comparison-wrapper--horizontally\" data-position=\"50\" data-direction=\"horizontal\"><div class=\"wp-block-nelio-compare-images__before-image wp-block-nelio-compare-images__before-image--horizontal\"><img decoding=\"async\" width=\"400\" height=\"300\" class=\"wp-image-9119\" src=\"https:\/\/pureobagi.com\/wp-content\/uploads\/2020\/11\/Pure_Obagi_Before_1.jpg\" alt=\"\" srcset=\"https:\/\/pureobagi.com\/wp-content\/uploads\/2020\/11\/Pure_Obagi_Before_1.jpg 400w, https:\/\/pureobagi.com\/wp-content\/uploads\/2020\/11\/Pure_Obagi_Before_1-300x225.jpg 300w\" sizes=\"(max-width: 400px) 100vw, 400px\" \/><\/div><div class=\"wp-block-nelio-compare-images__after-image wp-block-nelio-compare-images__after-image--horizontal\" style=\"width:50%\"><img decoding=\"async\" width=\"400\" height=\"300\" class=\"wp-image-9120\" src=\"https:\/\/pureobagi.com\/wp-content\/uploads\/2020\/11\/Pure_Obagi_After_1.jpg\" alt=\"\" srcset=\"https:\/\/pureobagi.com\/wp-content\/uploads\/2020\/11\/Pure_Obagi_After_1.jpg 400w, https:\/\/pureobagi.com\/wp-content\/uploads\/2020\/11\/Pure_Obagi_After_1-300x225.jpg 300w\" sizes=\"(max-width: 400px) 100vw, 400px\" \/><\/div><div class=\"wp-block-nelio-compare-images__divider wp-block-nelio-compare-images__divider--vertical\"><\/div><div class=\"wp-block-nelio-compare-images__handler wp-block-nelio-compare-images__handler--vertical\"><\/div><\/div><\/figure>\n<\/div>\n\n\n\n<div class=\"wp-block-column is-layout-flow wp-block-column-is-layout-flow\"><\/div>\n<\/div>\n\n\n\n<div class=\"wp-block-columns reverse-mobile is-layout-flex wp-container-core-columns-is-layout-28f84493 wp-block-columns-is-layout-flex\">\n<div class=\"wp-block-column is-layout-flow wp-block-column-is-layout-flow\">\n<div class=\"wp-block-cover aligncenter\"><img decoding=\"async\" class=\"wp-block-cover__image-background wp-image-15640\" alt=\"\" src=\"https:\/\/pureobagi.com\/wp-content\/uploads\/2020\/12\/Product_Range_Images_0003_OBAGI360_System_3-e1628162594436.jpg\" data-object-fit=\"cover\"\/><div class=\"wp-block-cover__inner-container is-layout-flow wp-block-cover-is-layout-flow\">\n<p class=\"has-text-align-center has-large-font-size\"><\/p>\n<\/div><\/div>\n<\/div>\n\n\n\n<div class=\"wp-block-column is-layout-flow wp-block-column-is-layout-flow\">\n<h2 class=\"wp-block-heading\">INGR\u00c9DIENTS CL\u00c9S<\/h2>\n\n\n\n<p>Les produits OBAGI360 individuels utilisent divers ingr\u00e9dients cl\u00e9s, par exemple:<\/p>\n\n\n\n<ul class=\"wp-block-list\"><li>Linked-Papain \u2013 Enzyme de papaye<\/li><li>Vitamine&nbsp;A \u2013 Vitamine&nbsp;A avec r\u00e9tinol encapsul\u00e9 0.5<\/li><li>Glyc\u00e9rine<\/li><li>Hydromanil Technology<\/li><\/ul>\n\n\n\n<p>En savoir plus sur les ingr\u00e9dients cl\u00e9s mentionn\u00e9s dans notre blog<\/p>\n<\/div>\n<\/div>\n\n\n\n<div class=\"wp-block-columns is-layout-flex wp-container-core-columns-is-layout-28f84493 wp-block-columns-is-layout-flex\">\n<div class=\"wp-block-column is-layout-flow wp-block-column-is-layout-flow\">\n<h2 class=\"wp-block-heading\">PARMI LES PRODUITS OBAGI360 SYSTEM:<\/h2>\n\n\n\n<ul class=\"wp-block-list\"><li>Exfoliating Cleanser<\/li><li>Retinol 0.5%<\/li><li>HydraFactor\u00ae Broad Spectrum SPF30<\/li><\/ul>\n\n\n\n<p>Vous vous demandez si le OBAGI360 System est fait pour vous? Demandez conseil \u00e0 nos partenaires en dermo-cosm\u00e9tique.<\/p>\n\n\n\n<div class=\"wp-block-buttons is-layout-flex wp-block-buttons-is-layout-flex\">\n<div class=\"wp-block-button\"><a class=\"wp-block-button__link\" href=\"https:\/\/pureobagi.com\/fr\/skinstation\/\">Contact<\/a><\/div>\n<\/div>\n<\/div>\n\n\n\n<div class=\"wp-block-column is-layout-flow wp-block-column-is-layout-flow\">\n<figure class=\"wp-block-embed aligncenter is-type-video is-provider-vimeo wp-block-embed-vimeo wp-embed-aspect-16-9 wp-has-aspect-ratio\"><div class=\"wp-block-embed__wrapper\">\n<iframe loading=\"lazy\" src=\"https:\/\/player.vimeo.com\/video\/491154289?dnt=1&amp;app_id=122963&amp;h=2c0cc0f6d6\" width=\"980\" height=\"551\" frameborder=\"0\" allow=\"autoplay; fullscreen; picture-in-picture\" allowfullscreen><\/iframe>\n<\/div><\/figure>\n<\/div>\n<\/div>\n\n\n<div  class=\"wp-block-product-blocks-product-grid-3 wopb-block-6467c1 \"><div class=\"wopb-block-wrapper\"><div class=\"wopb-wrapper-main-content\"><div class=\"wopb-product-blocks-slide\" data-slidestoshow=\"3-2-1\" data-autoplay=\"\" data-slidespeed=\"3000\" data-showdots=\"\" data-showarrows=\"1\"><div class=\"wopb-block-item \"><div class=\"wopb-block-content-wrap\"><div class=\"wopb-block-image wopb-block-image-none\"><div class=\"wopb-onsale-hot\"><\/div><div class=\"wopb-product-new-meta\"><\/div><div class=\"wopb-quick-cart\"><div class=\"wopb-product-btn\"><div class=\"wopb-product-btn \"><span class=\"wopb-cart-action \" data-postid=\"30837\"><a href=\"\/fr\/wp-json\/wp\/v2\/pages\/30752?add-to-cart=30837\" class=\"add_to_cart_button ajax_add_to_cart wopb-cart-normal\" data-stock=\"\" aria-label=\"Ajouter au panier\u00a0: &ldquo;SUZANOBAGIMD\u2122 Intensive Daily Repair (IDR)&rdquo;\" data-quantity=\"1\" data-product_id=\"30837\" data-product_sku=\"SOMDIDREXFO\" rel=\"nofollow\">Ajouter au panier<\/a><a href=\"https:\/\/pureobagi.com\/fr\/cart-2\/\" class=\"wopb-cart-active\">View Cart<\/a><\/span><\/div><\/div><\/div><a href=\"https:\/\/pureobagi.com\/fr\/produit\/suzanobagimd-intensive-daily-repair-idr\/\"><img decoding=\"async\" src=\"https:\/\/pureobagi.com\/wp-content\/uploads\/2020\/10\/IDR-bottle-1000x1000-1.png\" alt=\"SUZANOBAGIMD\u2122 Intensive Daily Repair (IDR)\" \/><\/a><\/div><div class=\"wopb-pg-cl wopb-pg-cl1\"><div class=\"wopb-product-cat-price\"><div class=\"wopb-product-price\"><span class=\"woocommerce-Price-amount amount\"><bdi><span class=\"woocommerce-Price-currencySymbol\">&euro;<\/span>64.80<\/bdi><\/span> <small class=\"woocommerce-price-suffix\">inc. T.V.A.<\/small><\/div><\/div><div class=\"wopb-product-title-review\"><h3 class=\"wopb-block-title\"><a title=\"SUZANOBAGIMD\u2122 Intensive Daily Repair (IDR)\"  href=\"https:\/\/pureobagi.com\/fr\/produit\/suzanobagimd-intensive-daily-repair-idr\/\">SUZANOBAGIMD\u2122 Intensive Daily Repair (IDR)<\/a><\/h3><\/div><\/div><\/div><\/div><div class=\"wopb-block-item \"><div class=\"wopb-block-content-wrap\"><div class=\"wopb-block-image wopb-block-image-none\"><div class=\"wopb-onsale-hot\"><\/div><div class=\"wopb-product-new-meta\"><\/div><div class=\"wopb-quick-cart\"><div class=\"wopb-product-btn\"><div class=\"wopb-product-btn \"><span class=\"wopb-cart-action \" data-postid=\"30825\"><a href=\"\/fr\/wp-json\/wp\/v2\/pages\/30752?add-to-cart=30825\" class=\"add_to_cart_button ajax_add_to_cart wopb-cart-normal\" data-stock=\"\" aria-label=\"Ajouter au panier\u00a0: &ldquo;SUZANOBAGIMD\u2122 Foaming Cleanser 200ml&rdquo;\" data-quantity=\"1\" data-product_id=\"30825\" data-product_sku=\"SOMDFOAMCLE\" rel=\"nofollow\">Ajouter au panier<\/a><a href=\"https:\/\/pureobagi.com\/fr\/cart-2\/\" class=\"wopb-cart-active\">View Cart<\/a><\/span><\/div><\/div><\/div><a href=\"https:\/\/pureobagi.com\/fr\/produit\/suzanobagimd-foaming-cleanser-200ml\/\"><img decoding=\"async\" src=\"https:\/\/pureobagi.com\/wp-content\/uploads\/2020\/12\/somd-foaming-cleanser-bottle-1000x1000-1.png\" alt=\"SUZANOBAGIMD\u2122 Foaming Cleanser 200ml\" \/><\/a><\/div><div class=\"wopb-pg-cl wopb-pg-cl1\"><div class=\"wopb-product-cat-price\"><div class=\"wopb-product-price\"><span class=\"woocommerce-Price-amount amount\"><bdi><span class=\"woocommerce-Price-currencySymbol\">&euro;<\/span>36.90<\/bdi><\/span> <small class=\"woocommerce-price-suffix\">inc. T.V.A.<\/small><\/div><\/div><div class=\"wopb-product-title-review\"><h3 class=\"wopb-block-title\"><a title=\"SUZANOBAGIMD\u2122 Foaming Cleanser 200ml\"  href=\"https:\/\/pureobagi.com\/fr\/produit\/suzanobagimd-foaming-cleanser-200ml\/\">SUZANOBAGIMD\u2122 Foaming Cleanser 200ml<\/a><\/h3><\/div><\/div><\/div><\/div><div class=\"wopb-block-item \"><div class=\"wopb-block-content-wrap\"><div class=\"wopb-block-image wopb-block-image-none\"><div class=\"wopb-onsale-hot\"><\/div><div class=\"wopb-product-new-meta\"><\/div><div class=\"wopb-quick-cart\"><div class=\"wopb-product-btn\"><div class=\"wopb-product-btn \"><span class=\"wopb-cart-action \" data-postid=\"30832\"><a href=\"\/fr\/wp-json\/wp\/v2\/pages\/30752?add-to-cart=30832\" class=\"add_to_cart_button ajax_add_to_cart wopb-cart-normal\" data-stock=\"\" aria-label=\"Ajouter au panier\u00a0: &ldquo;SUZANOBAGIMD\u2122 Balancing Toner 200ml&rdquo;\" data-quantity=\"1\" data-product_id=\"30832\" data-product_sku=\"SOMDBALTONE\" rel=\"nofollow\">Ajouter au panier<\/a><a href=\"https:\/\/pureobagi.com\/fr\/cart-2\/\" class=\"wopb-cart-active\">View Cart<\/a><\/span><\/div><\/div><\/div><a href=\"https:\/\/pureobagi.com\/fr\/produit\/suzanobagimd-balancing-toner-200ml\/\"><img decoding=\"async\" src=\"https:\/\/pureobagi.com\/wp-content\/uploads\/2020\/12\/somd-toner-bottle-1000x1000-1.png\" alt=\"SUZANOBAGIMD\u2122 Balancing Toner 200ml\" \/><\/a><\/div><div class=\"wopb-pg-cl wopb-pg-cl1\"><div class=\"wopb-product-cat-price\"><div class=\"wopb-product-price\"><span class=\"woocommerce-Price-amount amount\"><bdi><span class=\"woocommerce-Price-currencySymbol\">&euro;<\/span>36.90<\/bdi><\/span> <small class=\"woocommerce-price-suffix\">inc. T.V.A.<\/small><\/div><\/div><div class=\"wopb-product-title-review\"><h3 class=\"wopb-block-title\"><a title=\"SUZANOBAGIMD\u2122 Balancing Toner 200ml\"  href=\"https:\/\/pureobagi.com\/fr\/produit\/suzanobagimd-balancing-toner-200ml\/\">SUZANOBAGIMD\u2122 Balancing Toner 200ml<\/a><\/h3><\/div><\/div><\/div><\/div><div class=\"wopb-block-item \"><div class=\"wopb-block-content-wrap\"><div class=\"wopb-block-image wopb-block-image-none\"><div class=\"wopb-onsale-hot\"><\/div><div class=\"wopb-product-new-meta\"><\/div><div class=\"wopb-quick-cart\"><div class=\"wopb-product-btn\"><div class=\"wopb-product-btn \"><span class=\"wopb-cart-action \" data-postid=\"30836\"><a href=\"\/fr\/wp-json\/wp\/v2\/pages\/30752?add-to-cart=30836\" class=\"add_to_cart_button ajax_add_to_cart wopb-cart-normal\" data-stock=\"4\" aria-label=\"Ajouter au panier\u00a0: &ldquo;SUZANOBAGIMD Retivance\u00ae Skin Rejuvenating Complex&rdquo;\" data-quantity=\"1\" data-product_id=\"30836\" data-product_sku=\"SOMDRETIVAN\" rel=\"nofollow\">Ajouter au panier<\/a><a href=\"https:\/\/pureobagi.com\/fr\/cart-2\/\" class=\"wopb-cart-active\">View Cart<\/a><\/span><\/div><\/div><\/div><a href=\"https:\/\/pureobagi.com\/fr\/produit\/suzanobagimd-retivance-skin-rejuvenating-complex\/\"><img decoding=\"async\" src=\"https:\/\/pureobagi.com\/wp-content\/uploads\/2020\/10\/retivance-bottle-1000x1000-1.png\" alt=\"SUZANOBAGIMD Retivance\u00ae Skin Rejuvenating Complex\" \/><\/a><\/div><div class=\"wopb-pg-cl wopb-pg-cl1\"><div class=\"wopb-product-cat-price\"><div class=\"wopb-product-price\"><span class=\"woocommerce-Price-amount amount\"><bdi><span class=\"woocommerce-Price-currencySymbol\">&euro;<\/span>116.10<\/bdi><\/span> <small class=\"woocommerce-price-suffix\">inc. T.V.A.<\/small><\/div><\/div><div class=\"wopb-product-title-review\"><h3 class=\"wopb-block-title\"><a title=\"SUZANOBAGIMD Retivance\u00ae Skin Rejuvenating Complex\"  href=\"https:\/\/pureobagi.com\/fr\/produit\/suzanobagimd-retivance-skin-rejuvenating-complex\/\">SUZANOBAGIMD Retivance\u00ae Skin Rejuvenating Complex<\/a><\/h3><\/div><\/div><\/div><\/div><div class=\"wopb-block-item \"><div class=\"wopb-block-content-wrap\"><div class=\"wopb-block-image wopb-block-image-none\"><div class=\"wopb-onsale-hot\"><\/div><div class=\"wopb-product-new-meta\"><\/div><div class=\"wopb-quick-cart\"><div class=\"wopb-product-btn\"><div class=\"wopb-product-btn \"><span class=\"wopb-cart-action \" data-postid=\"30852\"><a href=\"\/fr\/wp-json\/wp\/v2\/pages\/30752?add-to-cart=30852\" class=\"add_to_cart_button ajax_add_to_cart wopb-cart-normal\" data-stock=\"47\" aria-label=\"Ajouter au panier\u00a0: &ldquo;Obagi360\u00ae Retinol 0.5&rdquo;\" data-quantity=\"1\" data-product_id=\"30852\" data-product_sku=\"RET050OBA05\" rel=\"nofollow\">Ajouter au panier<\/a><a href=\"https:\/\/pureobagi.com\/fr\/cart-2\/\" class=\"wopb-cart-active\">View Cart<\/a><\/span><\/div><\/div><\/div><a href=\"https:\/\/pureobagi.com\/fr\/produit\/obagi360-retinol-0-5\/\"><img decoding=\"async\" src=\"https:\/\/pureobagi.com\/wp-content\/uploads\/2020\/10\/retinol-0.5-e1647617873185.png\" alt=\"Obagi360\u00ae Retinol 0.5\" \/><\/a><\/div><div class=\"wopb-pg-cl wopb-pg-cl1\"><div class=\"wopb-product-cat-price\"><div class=\"wopb-product-price\"><span class=\"woocommerce-Price-amount amount\"><bdi><span class=\"woocommerce-Price-currencySymbol\">&euro;<\/span>70.00<\/bdi><\/span> <small class=\"woocommerce-price-suffix\">inc. T.V.A.<\/small><\/div><\/div><div class=\"wopb-product-title-review\"><h3 class=\"wopb-block-title\"><a title=\"Obagi360\u00ae Retinol 0.5\"  href=\"https:\/\/pureobagi.com\/fr\/produit\/obagi360-retinol-0-5\/\">Obagi360\u00ae Retinol 0.5<\/a><\/h3><\/div><\/div><\/div><\/div><div class=\"wopb-block-item \"><div class=\"wopb-block-content-wrap\"><div class=\"wopb-block-image wopb-block-image-none\"><div class=\"wopb-onsale-hot\"><\/div><div class=\"wopb-product-new-meta\"><\/div><div class=\"wopb-quick-cart\"><div class=\"wopb-product-btn\"><div class=\"wopb-product-btn \"><span class=\"wopb-cart-action \" data-postid=\"30850\"><a href=\"\/fr\/wp-json\/wp\/v2\/pages\/30752?add-to-cart=30850\" class=\"add_to_cart_button ajax_add_to_cart wopb-cart-normal\" data-stock=\"10\" aria-label=\"Ajouter au panier\u00a0: &ldquo;Obagi360 HydraFactor\u00ae Broad Spectrum SPF 30&rdquo;\" data-quantity=\"1\" data-product_id=\"30850\" data-product_sku=\"360HYMOBA01\" rel=\"nofollow\">Ajouter au panier<\/a><a href=\"https:\/\/pureobagi.com\/fr\/cart-2\/\" class=\"wopb-cart-active\">View Cart<\/a><\/span><\/div><\/div><\/div><a href=\"https:\/\/pureobagi.com\/fr\/produit\/obagi-hydrafactor-spf30\/\"><img decoding=\"async\" src=\"https:\/\/pureobagi.com\/wp-content\/uploads\/2020\/10\/hydrafactor-bottle-1000x1000-1.png\" alt=\"Obagi360 HydraFactor\u00ae Broad Spectrum SPF 30\" \/><\/a><\/div><div class=\"wopb-pg-cl wopb-pg-cl1\"><div class=\"wopb-product-cat-price\"><div class=\"wopb-product-price\"><span class=\"woocommerce-Price-amount amount\"><bdi><span class=\"woocommerce-Price-currencySymbol\">&euro;<\/span>58.00<\/bdi><\/span> <small class=\"woocommerce-price-suffix\">inc. T.V.A.<\/small><\/div><\/div><div class=\"wopb-product-title-review\"><h3 class=\"wopb-block-title\"><a title=\"Obagi360 HydraFactor\u00ae Broad Spectrum SPF 30\"  href=\"https:\/\/pureobagi.com\/fr\/produit\/obagi-hydrafactor-spf30\/\">Obagi360 HydraFactor\u00ae Broad Spectrum SPF 30<\/a><\/h3><\/div><\/div><\/div><\/div><\/div><div class=\"wopb-slick-nav\" style=\"display:none\"><div class=\"wopb-slick-prev\"><div class=\"slick-arrow slick-prev\"><svg enable-background=\"new 0 0 477.175 477.175\" version=\"1.1\" viewBox=\"0 0 477.18 477.18\"><path d=\"m145.19 238.58 215.5-215.5c5.3-5.3 5.3-13.8 0-19.1s-13.8-5.3-19.1 0l-225.1 225.1c-5.3 5.3-5.3 13.8 0 19.1l225.1 225c2.6 2.6 6.1 4 9.5 4s6.9-1.3 9.5-4c5.3-5.3 5.3-13.8 0-19.1l-215.4-215.5z\"\/><\/svg><\/div><\/div><div class=\"wopb-slick-next\"><div class=\"slick-arrow slick-next\"><svg enable-background=\"new 0 0 477.175 477.175\" version=\"1.1\" viewBox=\"0 0 477.18 477.18\"><path d=\"m360.73 229.08-225.1-225.1c-5.3-5.3-13.8-5.3-19.1 0s-5.3 13.8 0 19.1l215.5 215.5-215.5 215.5c-5.3 5.3-5.3 13.8 0 19.1 2.6 2.6 6.1 4 9.5 4s6.9-1.3 9.5-4l225.1-225.1c5.3-5.2 5.3-13.8 0.1-19z\"\/><\/svg><\/div><\/div><\/div><\/div><\/div><\/div>","protected":false},"excerpt":{"rendered":"<p>OBAGI360 System est un syst\u00e8me de soins complets pour la peau visant \u00e0 pr\u00e9server la jeunesse de la peau. Con\u00e7u pour les patients d&#8217;une vingtaine ou trentaine d&#8217;ann\u00e9es, qui rencontrent encore des probl\u00e8mes comme l&#8217;acn\u00e9, OBAGI360 System vous permet de conserver une peau jeune et \u00e9clatante lorsque vous devriez normalement voir les premiers signes de [&hellip;]<\/p>\n","protected":false},"author":1,"featured_media":20088,"parent":26433,"menu_order":0,"comment_status":"closed","ping_status":"closed","template":"template-fullwidth.php","meta":{"_acf_changed":false,"footnotes":""},"class_list":["post-30752","page","type-page","status-publish","has-post-thumbnail","hentry"],"acf":[],"_links":{"self":[{"href":"https:\/\/pureobagi.com\/fr\/wp-json\/wp\/v2\/pages\/30752","targetHints":{"allow":["GET"]}}],"collection":[{"href":"https:\/\/pureobagi.com\/fr\/wp-json\/wp\/v2\/pages"}],"about":[{"href":"https:\/\/pureobagi.com\/fr\/wp-json\/wp\/v2\/types\/page"}],"author":[{"embeddable":true,"href":"https:\/\/pureobagi.com\/fr\/wp-json\/wp\/v2\/users\/1"}],"replies":[{"embeddable":true,"href":"https:\/\/pureobagi.com\/fr\/wp-json\/wp\/v2\/comments?post=30752"}],"version-history":[{"count":3,"href":"https:\/\/pureobagi.com\/fr\/wp-json\/wp\/v2\/pages\/30752\/revisions"}],"predecessor-version":[{"id":31085,"href":"https:\/\/pureobagi.com\/fr\/wp-json\/wp\/v2\/pages\/30752\/revisions\/31085"}],"up":[{"embeddable":true,"href":"https:\/\/pureobagi.com\/fr\/wp-json\/wp\/v2\/pages\/26433"}],"wp:featuredmedia":[{"embeddable":true,"href":"https:\/\/pureobagi.com\/fr\/wp-json\/wp\/v2\/media\/20088"}],"wp:attachment":[{"href":"https:\/\/pureobagi.com\/fr\/wp-json\/wp\/v2\/media?parent=30752"}],"curies":[{"name":"wp","href":"https:\/\/api.w.org\/{rel}","templated":true}]}}