{"id":34478,"date":"2021-07-08T11:19:06","date_gmt":"2021-07-08T10:19:06","guid":{"rendered":"https:\/\/pureobagi.com\/summer-sale\/"},"modified":"2021-10-07T10:50:29","modified_gmt":"2021-10-07T09:50:29","slug":"summer-sale","status":"publish","type":"page","link":"https:\/\/pureobagi.com\/fr\/summer-sale\/","title":{"rendered":"Summer Sale"},"content":{"rendered":"\n<p>L&#8217;\u00e9t\u00e9 est parfois une saison n\u00e9glig\u00e9e pour les soins de la peau car nous profitons du soleil et de l&#8217;\u00e9clat de notre peau. Mais ce n&#8217;est pas seulement une protection solaire qui est n\u00e9cessaire en \u00e9t\u00e9 &#8211; il est essentiel de garder votre routine de soins de la peau pendant les mois les plus chauds pour garder cet \u00e9clat et le pr\u00e9parer pour les saisons \u00e0 venir. La vitamine C est un excellent ingr\u00e9dient \u00e0 inclure dans votre routine, car non seulement elle augmente votre FPS, mais elle traite \u00e9galement les signes du vieillissement et les dommages caus\u00e9s par le soleil, dont nous avons tendance \u00e0 nous inqui\u00e9ter apr\u00e8s l&#8217;\u00e9t\u00e9. La peau d\u00e9shydrat\u00e9e peut \u00e9galement \u00eatre un probl\u00e8me de peau pour beaucoup, mais heureusement, Obagi a les bons produits pour y rem\u00e9dier.<\/p>\n\n<p>La vente d&#8217;\u00e9t\u00e9 Pure Obagi est termin\u00e9e, mais de nombreuses autres offres sp\u00e9ciales sont \u00e0 venir.<\/p>\n\n<p>Assurez-vous d&#8217;\u00eatre le premier au courant ! Inscrivez-vous \u00e0 nos mises \u00e0 jour par e-mail et soyez le premier \u00e0 recevoir nos offres sp\u00e9ciales. Nous inclurons \u00e9galement 15 % de r\u00e9duction sur votre premi\u00e8re commande !<\/p>\n\n<div class=\"_form_15\"><\/div><script src=\"https:\/\/pureobagi.activehosted.com\/f\/embed.php?id=15\" type=\"text\/javascript\" charset=\"utf-8\"><\/script>\n","protected":false},"excerpt":{"rendered":"<p>L&#8217;\u00e9t\u00e9 est parfois une saison n\u00e9glig\u00e9e pour les soins de la peau car nous profitons du soleil et de l&#8217;\u00e9clat de notre peau. Mais ce n&#8217;est pas seulement une protection solaire qui est n\u00e9cessaire en \u00e9t\u00e9 &#8211; il est essentiel de garder votre routine de soins de la peau pendant les mois les plus chauds [&hellip;]<\/p>\n","protected":false},"author":178,"featured_media":0,"parent":0,"menu_order":0,"comment_status":"closed","ping_status":"closed","template":"","meta":{"_acf_changed":false,"footnotes":""},"class_list":["post-34478","page","type-page","status-publish","hentry"],"acf":[],"_links":{"self":[{"href":"https:\/\/pureobagi.com\/fr\/wp-json\/wp\/v2\/pages\/34478","targetHints":{"allow":["GET"]}}],"collection":[{"href":"https:\/\/pureobagi.com\/fr\/wp-json\/wp\/v2\/pages"}],"about":[{"href":"https:\/\/pureobagi.com\/fr\/wp-json\/wp\/v2\/types\/page"}],"author":[{"embeddable":true,"href":"https:\/\/pureobagi.com\/fr\/wp-json\/wp\/v2\/users\/178"}],"replies":[{"embeddable":true,"href":"https:\/\/pureobagi.com\/fr\/wp-json\/wp\/v2\/comments?post=34478"}],"version-history":[{"count":1,"href":"https:\/\/pureobagi.com\/fr\/wp-json\/wp\/v2\/pages\/34478\/revisions"}],"predecessor-version":[{"id":34479,"href":"https:\/\/pureobagi.com\/fr\/wp-json\/wp\/v2\/pages\/34478\/revisions\/34479"}],"wp:attachment":[{"href":"https:\/\/pureobagi.com\/fr\/wp-json\/wp\/v2\/media?parent=34478"}],"curies":[{"name":"wp","href":"https:\/\/api.w.org\/{rel}","templated":true}]}}