{"id":48719,"date":"2022-03-01T10:50:10","date_gmt":"2022-03-01T10:50:10","guid":{"rendered":"https:\/\/pureobagi.com\/promo\/"},"modified":"2022-08-04T22:15:54","modified_gmt":"2022-08-04T21:15:54","slug":"promo","status":"publish","type":"page","link":"https:\/\/pureobagi.com\/fr\/promo\/","title":{"rendered":"Promo\u00a0!"},"content":{"rendered":"\n<p>Profitez d&#8217;une s\u00e9lection d&#8217;Obagi Medical Products\u00ae \u00e0 un prix sp\u00e9cial, pour une dur\u00e9e limit\u00e9e. Des solutions pour les probl\u00e8mes de peau courants tels que les rides et ridules, la peau terne ou la pigmentation, disponibles pour tous les types de peau, y compris les peaux s\u00e8ches ou sensibles, les peaux \u00e0 tendance acn\u00e9ique, les peaux grasses et normales.<\/p>\n\n\n\n<h2 class=\"wp-block-heading\">\u00c9conomies \u00e0 dur\u00e9e limit\u00e9e<\/h2>\n\n\n<div  class=\"wp-block-product-blocks-product-grid-1 wopb-block-641e99 \"><div class=\"wopb-block-wrapper\"><div class=\"wopb-wrapper-main-content\"><div class=\"wopb-block-items-wrap wopb-block-row wopb-block-column-3\"><div class=\"wopb-block-item \"><div class=\"wopb-block-content-wrap\"><div class=\"wopb-block-image wopb-block-image-none\"><div class=\"wopb-onsale-hot\"><\/div><div class=\"wopb-product-new-meta\"><\/div><a href=\"https:\/\/pureobagi.com\/fr\/produit\/obagi-elastiderm-facial-serum\/\"><img decoding=\"async\" src=\"https:\/\/pureobagi.com\/wp-content\/uploads\/2020\/12\/EFS-bottle-1000x1000-1.jpg\" alt=\"Obagi ELASTIderm\u00ae Facial Serum\" \/><\/a><\/div><h3 class=\"wopb-block-title\"><a title=\"Obagi ELASTIderm\u00ae Facial Serum\"  href=\"https:\/\/pureobagi.com\/fr\/produit\/obagi-elastiderm-facial-serum\/\">Obagi ELASTIderm\u00ae Facial Serum<\/a><\/h3><div class=\"wopb-product-price\"><span class=\"woocommerce-Price-amount amount\"><bdi><span class=\"woocommerce-Price-currencySymbol\">&euro;<\/span>186.00<\/bdi><\/span> <small class=\"woocommerce-price-suffix\">inc. T.V.A.<\/small><\/div><div class=\"wopb-star-rating\"><span style=\"width: 95.6%\"><strong itemprop=\"ratingValue\" class=\"wopb-rating\">4.78<\/strong>out of 5<\/span><\/div><div class=\"wopb-product-btn\"><div class=\"wopb-product-btn \"><span class=\"wopb-cart-action \" data-postid=\"30834\"><a href=\"\/fr\/wp-json\/wp\/v2\/pages\/48719?add-to-cart=30834\" class=\"add_to_cart_button ajax_add_to_cart wopb-cart-normal\" data-stock=\"\" aria-label=\"Ajouter au panier\u00a0: &ldquo;Obagi ELASTIderm\u00ae Facial Serum&rdquo;\" data-quantity=\"1\" data-product_id=\"30834\" data-product_sku=\"ELAFACOBA01\" rel=\"nofollow\">Ajouter au panier<\/a><a href=\"https:\/\/pureobagi.com\/fr\/cart-2\/\" class=\"wopb-cart-active\">View Cart<\/a><\/span><\/div><\/div><\/div><\/div><div class=\"wopb-block-item \"><div class=\"wopb-block-content-wrap\"><div class=\"wopb-block-image wopb-block-image-none\"><div class=\"wopb-onsale-hot\"><\/div><div class=\"wopb-product-new-meta\"><\/div><a href=\"https:\/\/pureobagi.com\/fr\/produit\/obagi-c-fx-c-clarifying-serum-30ml\/\"><img decoding=\"async\" src=\"https:\/\/pureobagi.com\/wp-content\/uploads\/2020\/12\/clarifying-serum-bottle-1000x1000-1.jpg\" alt=\"Obagi-C\u00ae Fx C-Clarifying Serum 30ml\" \/><\/a><\/div><h3 class=\"wopb-block-title\"><a title=\"Obagi-C\u00ae Fx C-Clarifying Serum 30ml\"  href=\"https:\/\/pureobagi.com\/fr\/produit\/obagi-c-fx-c-clarifying-serum-30ml\/\">Obagi-C\u00ae Fx C-Clarifying Serum 30ml<\/a><\/h3><div class=\"wopb-product-price\"><span class=\"woocommerce-Price-amount amount\"><bdi><span class=\"woocommerce-Price-currencySymbol\">&euro;<\/span>132.00<\/bdi><\/span> <small class=\"woocommerce-price-suffix\">inc. T.V.A.<\/small><\/div><div class=\"wopb-star-rating\"><span style=\"width: 100%\"><strong itemprop=\"ratingValue\" class=\"wopb-rating\">5.00<\/strong>out of 5<\/span><\/div><div class=\"wopb-product-btn\"><div class=\"wopb-product-btn \"><span class=\"wopb-cart-action \" data-postid=\"30791\"><a href=\"\/fr\/wp-json\/wp\/v2\/pages\/48719?add-to-cart=30791\" class=\"add_to_cart_button ajax_add_to_cart wopb-cart-normal\" data-stock=\"\" aria-label=\"Ajouter au panier\u00a0: &ldquo;Obagi-C\u00ae Fx C-Clarifying Serum 30ml&rdquo;\" data-quantity=\"1\" data-product_id=\"30791\" data-product_sku=\"CLA0FXOBA03\" rel=\"nofollow\">Ajouter au panier<\/a><a href=\"https:\/\/pureobagi.com\/fr\/cart-2\/\" class=\"wopb-cart-active\">View Cart<\/a><\/span><\/div><\/div><\/div><\/div><div class=\"wopb-block-item \"><div class=\"wopb-block-content-wrap\"><div class=\"wopb-block-image wopb-block-image-none\"><div class=\"wopb-onsale-hot\"><\/div><div class=\"wopb-product-new-meta\"><\/div><a href=\"https:\/\/pureobagi.com\/fr\/produit\/obagi-nu-derm-exfoderm-forte\/\"><img decoding=\"async\" src=\"https:\/\/pureobagi.com\/wp-content\/uploads\/2020\/10\/exfoderm-forte-bottle-1000x1000-1.png\" alt=\"Obagi Nu-Derm\u00ae Fx Exfoderm\u00ae Forte\" \/><\/a><\/div><h3 class=\"wopb-block-title\"><a title=\"Obagi Nu-Derm\u00ae Fx Exfoderm\u00ae Forte\"  href=\"https:\/\/pureobagi.com\/fr\/produit\/obagi-nu-derm-exfoderm-forte\/\">Obagi Nu-Derm\u00ae Fx Exfoderm\u00ae Forte<\/a><\/h3><div class=\"wopb-product-price\"><span class=\"woocommerce-Price-amount amount\"><bdi><span class=\"woocommerce-Price-currencySymbol\">&euro;<\/span>85.00<\/bdi><\/span> <small class=\"woocommerce-price-suffix\">inc. T.V.A.<\/small><\/div><div class=\"wopb-star-rating\"><span style=\"width: 93.4%\"><strong itemprop=\"ratingValue\" class=\"wopb-rating\">4.67<\/strong>out of 5<\/span><\/div><div class=\"wopb-product-btn\"><div class=\"wopb-product-btn \"><span class=\"wopb-cart-action \" data-postid=\"30818\"><a href=\"\/fr\/wp-json\/wp\/v2\/pages\/48719?add-to-cart=30818\" class=\"add_to_cart_button ajax_add_to_cart wopb-cart-normal\" data-stock=\"\" aria-label=\"Ajouter au panier\u00a0: &ldquo;Obagi Nu-Derm\u00ae Fx Exfoderm\u00ae Forte&rdquo;\" data-quantity=\"1\" data-product_id=\"30818\" data-product_sku=\"EXF060POL02\" rel=\"nofollow\">Ajouter au panier<\/a><a href=\"https:\/\/pureobagi.com\/fr\/cart-2\/\" class=\"wopb-cart-active\">View Cart<\/a><\/span><\/div><\/div><\/div><\/div><div class=\"wopb-block-item \"><div class=\"wopb-block-content-wrap\"><div class=\"wopb-block-image wopb-block-image-none\"><div class=\"wopb-onsale-hot\"><\/div><div class=\"wopb-product-new-meta\"><\/div><a href=\"https:\/\/pureobagi.com\/fr\/produit\/obagi-professional-c-microdermabrasion-polish-mask\/\"><img decoding=\"async\" src=\"https:\/\/pureobagi.com\/wp-content\/uploads\/2020\/12\/Pure_Obagi__0000s_0026_Obagi_Professional-C_Microdermabrasio_PolishMask_Bottle.jpg\" alt=\"Obagi Professional-C\u00ae Microdermabrasion Polish + Mask\" \/><\/a><\/div><h3 class=\"wopb-block-title\"><a title=\"Obagi Professional-C\u00ae Microdermabrasion Polish + Mask\"  href=\"https:\/\/pureobagi.com\/fr\/produit\/obagi-professional-c-microdermabrasion-polish-mask\/\">Obagi Professional-C\u00ae Microdermabrasion Polish + Mask<\/a><\/h3><div class=\"wopb-product-price\"><span class=\"woocommerce-Price-amount amount\"><bdi><span class=\"woocommerce-Price-currencySymbol\">&euro;<\/span>75.60<\/bdi><\/span> <small class=\"woocommerce-price-suffix\">inc. T.V.A.<\/small><\/div><div class=\"wopb-star-rating\"><span style=\"width: 98.6%\"><strong itemprop=\"ratingValue\" class=\"wopb-rating\">4.93<\/strong>out of 5<\/span><\/div><div class=\"wopb-product-btn\"><div class=\"wopb-product-btn \"><span class=\"wopb-cart-action \" data-postid=\"30843\"><a href=\"\/fr\/wp-json\/wp\/v2\/pages\/48719?add-to-cart=30843\" class=\"add_to_cart_button ajax_add_to_cart wopb-cart-normal\" data-stock=\"\" aria-label=\"Ajouter au panier\u00a0: &ldquo;Obagi Professional-C\u00ae Microdermabrasion Polish + Mask&rdquo;\" data-quantity=\"1\" data-product_id=\"30843\" data-product_sku=\"PROPOLOBA01\" rel=\"nofollow\">Ajouter au panier<\/a><a href=\"https:\/\/pureobagi.com\/fr\/cart-2\/\" class=\"wopb-cart-active\">View Cart<\/a><\/span><\/div><\/div><\/div><\/div><\/div><\/div><\/div><\/div>\n\n\n\n\n\n\n\n\n<div class=\"wp-block-columns is-layout-flex wp-container-core-columns-is-layout-28f84493 wp-block-columns-is-layout-flex\">\n<div class=\"wp-block-column is-layout-flow wp-block-column-is-layout-flow\" style=\"flex-basis:100%\">\n\n\n<div class=\"wp-block-columns is-layout-flex wp-container-core-columns-is-layout-28f84493 wp-block-columns-is-layout-flex\">\n<div class=\"wp-block-column is-layout-flow wp-block-column-is-layout-flow\"><\/div>\n<\/div>\n<\/div>\n<\/div>\n\n\n\n\n\n<figure class=\"wp-block-gallery has-nested-images columns-default is-cropped wp-block-gallery-1 is-layout-flex wp-block-gallery-is-layout-flex\">\n\n\n\n<\/figure>\n\n\n\n\n\n\n","protected":false},"excerpt":{"rendered":"<p>Profitez d&#8217;une s\u00e9lection d&#8217;Obagi Medical Products\u00ae \u00e0 un prix sp\u00e9cial, pour une dur\u00e9e limit\u00e9e. Des solutions pour les probl\u00e8mes de peau courants tels que les rides et ridules, la peau terne ou la pigmentation, disponibles pour tous les types de peau, y compris les peaux s\u00e8ches ou sensibles, les peaux \u00e0 tendance acn\u00e9ique, les peaux [&hellip;]<\/p>\n","protected":false},"author":178,"featured_media":0,"parent":0,"menu_order":0,"comment_status":"closed","ping_status":"closed","template":"","meta":{"_acf_changed":false,"footnotes":""},"class_list":["post-48719","page","type-page","status-publish","hentry"],"acf":[],"_links":{"self":[{"href":"https:\/\/pureobagi.com\/fr\/wp-json\/wp\/v2\/pages\/48719","targetHints":{"allow":["GET"]}}],"collection":[{"href":"https:\/\/pureobagi.com\/fr\/wp-json\/wp\/v2\/pages"}],"about":[{"href":"https:\/\/pureobagi.com\/fr\/wp-json\/wp\/v2\/types\/page"}],"author":[{"embeddable":true,"href":"https:\/\/pureobagi.com\/fr\/wp-json\/wp\/v2\/users\/178"}],"replies":[{"embeddable":true,"href":"https:\/\/pureobagi.com\/fr\/wp-json\/wp\/v2\/comments?post=48719"}],"version-history":[{"count":14,"href":"https:\/\/pureobagi.com\/fr\/wp-json\/wp\/v2\/pages\/48719\/revisions"}],"predecessor-version":[{"id":66613,"href":"https:\/\/pureobagi.com\/fr\/wp-json\/wp\/v2\/pages\/48719\/revisions\/66613"}],"wp:attachment":[{"href":"https:\/\/pureobagi.com\/fr\/wp-json\/wp\/v2\/media?parent=48719"}],"curies":[{"name":"wp","href":"https:\/\/api.w.org\/{rel}","templated":true}]}}