{"id":29440,"date":"2021-03-17T16:08:36","date_gmt":"2021-03-17T16:08:36","guid":{"rendered":"https:\/\/pureobagi.com\/product\/kit-duo-de-produits-obagi-pour-le-visage-peaux-normales-a-seches\/"},"modified":"2026-04-20T16:13:55","modified_gmt":"2026-04-20T15:13:55","slug":"twin-kit-normal-to-dry","status":"publish","type":"product","link":"https:\/\/pureobagi.com\/fr\/produit\/twin-kit-normal-to-dry\/","title":{"rendered":"Obagi Facial Twin Kit &#8211; Normal to Dry"},"content":{"rendered":"<p>Comprend&nbsp;:<br \/>\nObagi Nu-Derm<sup>\u00ae<\/sup> Gentle Cleanser<br \/>\nObagi Nu-Derm<sup>\u00ae<\/sup> Toner<\/p>\n<p>Le Facial Twin kit for Normal to Dry skin vous offre un teint lisse et \u00e9clatant, tout en luttant contre les premiers signes de vieillissement cutan\u00e9 et en d\u00e9fendant la peau contre les probl\u00e8mes \u00e9ventuels.<\/p>\n<p>Obagi Nu-Derm\u00ae Gentle Cleanser est riche en extrait de feuille de sauge et en bourrache officinale, qui \u00e9liminent les exc\u00e8s de s\u00e9bum et les impuret\u00e9s tout en lissant la peau et en lui redonnant de l&#39;\u00e9clat. Obagi Nu-Derm\u00ae Toner participe au bon \u00e9quilibre du pH de la peau et la pr\u00e9pare aux autres produits de la routine de soins.<\/p>\n","protected":false},"excerpt":{"rendered":"<p>Comprend&nbsp;: Obagi Nu-Derm\u00ae Gentle Cleanser Obagi Nu-Derm\u00ae Toner Le Facial Twin kit for Normal to Dry skin vous offre un teint lisse et \u00e9clatant, tout en luttant contre les premiers signes de vieillissement cutan\u00e9 et en d\u00e9fendant la peau contre les probl\u00e8mes \u00e9ventuels. Obagi Nu-Derm\u00ae Gentle Cleanser est riche en extrait de feuille de sauge [&hellip;]<\/p>\n","protected":false},"featured_media":18539,"comment_status":"open","ping_status":"closed","template":"","meta":{"_acf_changed":false},"product_brand":[],"product_cat":[503,507,510,511,513,515,516,519,522,538,502],"product_tag":[],"class_list":{"0":"post-29440","1":"product","2":"type-product","3":"status-publish","4":"has-post-thumbnail","6":"product_cat-soins-nettoyants","7":"product_cat-peaux-ternes","8":"product_cat-peaux-mixtes","9":"product_cat-peaux-normales","10":"product_cat-peaux-seches","11":"product_cat-couperose-ou-rosacee","12":"product_cat-peaux-deshydratees","13":"product_cat-peaux-matures","14":"product_cat-lotions-toniques","15":"product_cat-kits-complets-de-soins-pour-la-peau","16":"product_cat-nu-derm-fx-system-fr","18":"first","19":"instock","20":"taxable","21":"shipping-taxable","22":"purchasable","23":"product-type-simple"},"acf":[],"_links":{"self":[{"href":"https:\/\/pureobagi.com\/fr\/wp-json\/wp\/v2\/product\/29440","targetHints":{"allow":["GET"]}}],"collection":[{"href":"https:\/\/pureobagi.com\/fr\/wp-json\/wp\/v2\/product"}],"about":[{"href":"https:\/\/pureobagi.com\/fr\/wp-json\/wp\/v2\/types\/product"}],"replies":[{"embeddable":true,"href":"https:\/\/pureobagi.com\/fr\/wp-json\/wp\/v2\/comments?post=29440"}],"wp:featuredmedia":[{"embeddable":true,"href":"https:\/\/pureobagi.com\/fr\/wp-json\/wp\/v2\/media\/18539"}],"wp:attachment":[{"href":"https:\/\/pureobagi.com\/fr\/wp-json\/wp\/v2\/media?parent=29440"}],"wp:term":[{"taxonomy":"product_brand","embeddable":true,"href":"https:\/\/pureobagi.com\/fr\/wp-json\/wp\/v2\/product_brand?post=29440"},{"taxonomy":"product_cat","embeddable":true,"href":"https:\/\/pureobagi.com\/fr\/wp-json\/wp\/v2\/product_cat?post=29440"},{"taxonomy":"product_tag","embeddable":true,"href":"https:\/\/pureobagi.com\/fr\/wp-json\/wp\/v2\/product_tag?post=29440"}],"curies":[{"name":"wp","href":"https:\/\/api.w.org\/{rel}","templated":true}]}}