{"id":29441,"date":"2021-03-17T16:13:09","date_gmt":"2021-03-17T16:13:09","guid":{"rendered":"https:\/\/pureobagi.com\/product\/kit-duo-de-produits-obagi-pour-le-visage-peaux-normales-a-grasses\/"},"modified":"2023-05-24T04:42:04","modified_gmt":"2023-05-24T03:42:04","slug":"twin-kit-normal-to-oily","status":"publish","type":"product","link":"https:\/\/pureobagi.com\/fr\/produit\/twin-kit-normal-to-oily\/","title":{"rendered":"Obagi Facial Twin Kit &#8211; Normal to Oily"},"content":{"rendered":"<p>Comprend&nbsp;:<br \/>\nObagi Nu-Derm<sup>\u00ae<\/sup> Foaming Gel<br \/>\nObagi Nu-Derm<sup>\u00ae<\/sup> Toner<\/p>\n<p>Le kit Facial Twin Kit for Normal to Oily skin vous offre un teint lisse et \u00e9clatant, tout en luttant contre les premiers signes de vieillissement cutan\u00e9 et en prot\u00e9geant la peau d&#39;\u00e9ventuels probl\u00e8mes.<\/p>\n<p>Le gel moussant Obagi Nu-Derm<sup>\u00ae<\/sup> Foaming Gel est un soin nettoyant contenant de l&#39;extrait de luzerne et de la bourrache officinale, qui \u00e9liminent les exc\u00e8s de s\u00e9bum et les impuret\u00e9s tout en lissant la peau et en lui redonnant de l&#39;\u00e9clat. Obagi Nu-Derm<sup>\u00ae<\/sup> Toner, qui fait aussi partie de la gamme Nu-Derm, participe au bon \u00e9quilibre du pH de la peau et la pr\u00e9pare aux autres produits de la routine de soins.<\/p>\n","protected":false},"excerpt":{"rendered":"<p>Comprend&nbsp;: Obagi Nu-Derm\u00ae Foaming Gel Obagi Nu-Derm\u00ae Toner Le kit Facial Twin Kit for Normal to Oily skin vous offre un teint lisse et \u00e9clatant, tout en luttant contre les premiers signes de vieillissement cutan\u00e9 et en prot\u00e9geant la peau d&#39;\u00e9ventuels probl\u00e8mes. Le gel moussant Obagi Nu-Derm\u00ae Foaming Gel est un soin nettoyant contenant de [&hellip;]<\/p>\n","protected":false},"featured_media":18558,"comment_status":"open","ping_status":"closed","template":"","meta":{"_acf_changed":false},"product_brand":[],"product_cat":[502,503,504,507,510,511,515,519,522,538],"product_tag":[],"class_list":{"0":"post-29441","1":"product","2":"type-product","3":"status-publish","4":"has-post-thumbnail","6":"product_cat-nu-derm-fx-system-fr","7":"product_cat-soins-nettoyants","8":"product_cat-peaux-grasses","9":"product_cat-peaux-ternes","10":"product_cat-peaux-mixtes","11":"product_cat-peaux-normales","12":"product_cat-couperose-ou-rosacee","13":"product_cat-peaux-matures","14":"product_cat-lotions-toniques","15":"product_cat-kits-complets-de-soins-pour-la-peau","17":"first","18":"instock","19":"taxable","20":"shipping-taxable","21":"purchasable","22":"product-type-simple"},"acf":[],"_links":{"self":[{"href":"https:\/\/pureobagi.com\/fr\/wp-json\/wp\/v2\/product\/29441","targetHints":{"allow":["GET"]}}],"collection":[{"href":"https:\/\/pureobagi.com\/fr\/wp-json\/wp\/v2\/product"}],"about":[{"href":"https:\/\/pureobagi.com\/fr\/wp-json\/wp\/v2\/types\/product"}],"replies":[{"embeddable":true,"href":"https:\/\/pureobagi.com\/fr\/wp-json\/wp\/v2\/comments?post=29441"}],"wp:featuredmedia":[{"embeddable":true,"href":"https:\/\/pureobagi.com\/fr\/wp-json\/wp\/v2\/media\/18558"}],"wp:attachment":[{"href":"https:\/\/pureobagi.com\/fr\/wp-json\/wp\/v2\/media?parent=29441"}],"wp:term":[{"taxonomy":"product_brand","embeddable":true,"href":"https:\/\/pureobagi.com\/fr\/wp-json\/wp\/v2\/product_brand?post=29441"},{"taxonomy":"product_cat","embeddable":true,"href":"https:\/\/pureobagi.com\/fr\/wp-json\/wp\/v2\/product_cat?post=29441"},{"taxonomy":"product_tag","embeddable":true,"href":"https:\/\/pureobagi.com\/fr\/wp-json\/wp\/v2\/product_tag?post=29441"}],"curies":[{"name":"wp","href":"https:\/\/api.w.org\/{rel}","templated":true}]}}