{"id":29442,"date":"2021-03-17T16:14:46","date_gmt":"2021-03-17T16:14:46","guid":{"rendered":"https:\/\/pureobagi.com\/product\/systeme-obagi-nu-derm-fx-peaux-normales-a-grasses\/"},"modified":"2025-06-06T13:55:03","modified_gmt":"2025-06-06T12:55:03","slug":"nu-derm-fx-normal-to-oily","status":"publish","type":"product","link":"https:\/\/pureobagi.com\/fr\/produit\/nu-derm-fx-normal-to-oily\/","title":{"rendered":"Obagi Nu-Derm Fx\u00ae System &#8211; Normal to Oily"},"content":{"rendered":"<p>Comprend&nbsp;:<br \/>\nObagi Nu-Derm<sup>\u00ae<\/sup> Foaming Gel<br \/>\nObagi Nu-Derm<sup>\u00ae<\/sup> Toner<br \/>\nObagi Nu-Derm<sup>\u00ae<\/sup> Clear Fx<br \/>\nObagi Nu-Derm<sup>\u00ae<\/sup> Exfoderm<sup>\u00ae<\/sup> Forte<br \/>\nObagi Hydrate<sup>\u00ae<\/sup> Facial Moisturiser<br \/>\nObagi Nu-Derm<sup>\u00ae<\/sup> Blend Fx<br \/>\nOBAGI360 Retinol 0.5<br \/>\nObagi Sun Shield Matte<sup>\u2122<\/sup> Broad Spectrum SPF 50<\/p>\n<p>Pour les peaux grasses \u00e0 normales. Obagi Nu-Derm Fx<sup>\u00ae<\/sup> Kit rem\u00e9die de mani\u00e8re efficace \u00e0 l&#39;hyperpigmentation pour une peau rayonnante.<br \/>\nIngr\u00e9dients d&#39;origine naturelle riches en vitamines et regorgeant d&#39;antioxydants (beurre de mangue, aloe vera, huile de noyau d&#39;abricot) pour une peau lisse et douce. Contient \u00e9galement de l&#39;arbutine (7&nbsp;%), un agent naturel et efficace pour \u00e9claircir la peau et donner de l&#39;\u00e9clat au teint.<\/p>\n","protected":false},"excerpt":{"rendered":"<p>Comprend&nbsp;: Obagi Nu-Derm\u00ae Foaming Gel Obagi Nu-Derm\u00ae Toner Obagi Nu-Derm\u00ae Clear Fx Obagi Nu-Derm\u00ae Exfoderm\u00ae Forte Obagi Hydrate\u00ae Facial Moisturiser Obagi Nu-Derm\u00ae Blend Fx OBAGI360 Retinol 0.5 Obagi Sun Shield Matte\u2122 Broad Spectrum SPF 50 Pour les peaux grasses \u00e0 normales. Obagi Nu-Derm Fx\u00ae Kit rem\u00e9die de mani\u00e8re efficace \u00e0 l&#39;hyperpigmentation pour une peau rayonnante. [&hellip;]<\/p>\n","protected":false},"featured_media":18412,"comment_status":"open","ping_status":"closed","template":"","meta":{"_acf_changed":false},"product_brand":[],"product_cat":[506,507,508,510,511,515,518,519,502,531,504,538,505],"product_tag":[],"class_list":{"0":"post-29442","1":"product","2":"type-product","3":"status-publish","4":"has-post-thumbnail","6":"product_cat-hyperpigmentation-fr","7":"product_cat-peaux-ternes","8":"product_cat-effets-nuisibles-du-soleil","9":"product_cat-peaux-mixtes","10":"product_cat-peaux-normales","11":"product_cat-couperose-ou-rosacee","12":"product_cat-vieillissement-cutane-par-exemple-rides-et-ridules","13":"product_cat-peaux-matures","14":"product_cat-nu-derm-fx-system-fr","15":"product_cat-systemes-transformateurs","16":"product_cat-peaux-grasses","17":"product_cat-kits-complets-de-soins-pour-la-peau","18":"product_cat-peaux-a-tendance-acneique","20":"first","21":"outofstock","22":"taxable","23":"shipping-taxable","24":"purchasable","25":"product-type-simple"},"acf":[],"_links":{"self":[{"href":"https:\/\/pureobagi.com\/fr\/wp-json\/wp\/v2\/product\/29442","targetHints":{"allow":["GET"]}}],"collection":[{"href":"https:\/\/pureobagi.com\/fr\/wp-json\/wp\/v2\/product"}],"about":[{"href":"https:\/\/pureobagi.com\/fr\/wp-json\/wp\/v2\/types\/product"}],"replies":[{"embeddable":true,"href":"https:\/\/pureobagi.com\/fr\/wp-json\/wp\/v2\/comments?post=29442"}],"wp:featuredmedia":[{"embeddable":true,"href":"https:\/\/pureobagi.com\/fr\/wp-json\/wp\/v2\/media\/18412"}],"wp:attachment":[{"href":"https:\/\/pureobagi.com\/fr\/wp-json\/wp\/v2\/media?parent=29442"}],"wp:term":[{"taxonomy":"product_brand","embeddable":true,"href":"https:\/\/pureobagi.com\/fr\/wp-json\/wp\/v2\/product_brand?post=29442"},{"taxonomy":"product_cat","embeddable":true,"href":"https:\/\/pureobagi.com\/fr\/wp-json\/wp\/v2\/product_cat?post=29442"},{"taxonomy":"product_tag","embeddable":true,"href":"https:\/\/pureobagi.com\/fr\/wp-json\/wp\/v2\/product_tag?post=29442"}],"curies":[{"name":"wp","href":"https:\/\/api.w.org\/{rel}","templated":true}]}}