{"id":29443,"date":"2021-03-19T15:59:54","date_gmt":"2021-03-19T15:59:54","guid":{"rendered":"https:\/\/pureobagi.com\/product\/kit-intermediaire-vitamine-c-obagi\/"},"modified":"2026-04-13T16:56:04","modified_gmt":"2026-04-13T15:56:04","slug":"vitamin-c-intermediate-kit","status":"publish","type":"product","link":"https:\/\/pureobagi.com\/fr\/produit\/vitamin-c-intermediate-kit\/","title":{"rendered":"Obagi Vitamin C Intermediate Kit"},"content":{"rendered":"<p>Comprend\u00a0:<\/p>\n<p>Obagi-C<sup>\u00ae<\/sup> C-Cleansing Gel<br \/>\nObagi Professional-C<sup>\u00ae<\/sup> Serum 15%<br \/>\nObagi Hydrate<sup>\u00ae<\/sup> Facial Moisturiser<\/p>\n<p>Obagi Vitamin C Intermediate Kit est id\u00e9al pour les peaux normales. Obagi-C<sup>\u00ae<\/sup> C-Cleansing Gel vise \u00e0 \u00e9liminer l&#8217;exc\u00e8s de s\u00e9bum et autres impuret\u00e9s de la surface de la peau, tout en pr\u00e9parant celle-ci \u00e0 bien absorber les autres produits de votre routine de soins. Obagi Professional-C<sup>\u00ae<\/sup> Serum 15% est plus adapt\u00e9 aux peaux normales \u00e0 grasses. Il est riche en antioxydants qui prot\u00e8gent la peau des radicaux libres et des facteurs environnants comme l&#8217;exposition aux rayons\u00a0UV.<\/p>\n<p>Les beurres de mangue et de karit\u00e9, qui hydratent et r\u00e9g\u00e9n\u00e8rent la peau, sont les ingr\u00e9dients cl\u00e9s de la formule du Obagi Hydrate<sup>\u00ae<\/sup> Facial Moisturiser. En outre, Obagi Hydrate<sup>\u00ae<\/sup> Facial Moisturiser est non com\u00e9dog\u00e8ne, c&#8217;est-\u00e0-dire qu&#8217;il n&#8217;obstrue pas les pores et laisse la peau nette tout en la nourrissant.<\/p>\n","protected":false},"excerpt":{"rendered":"<p>Comprend\u00a0: Obagi-C\u00ae C-Cleansing Gel Obagi Professional-C\u00ae Serum 15% Obagi Hydrate\u00ae Facial Moisturiser Obagi Vitamin C Intermediate Kit est id\u00e9al pour les peaux normales. Obagi-C\u00ae C-Cleansing Gel vise \u00e0 \u00e9liminer l&#8217;exc\u00e8s de s\u00e9bum et autres impuret\u00e9s de la surface de la peau, tout en pr\u00e9parant celle-ci \u00e0 bien absorber les autres produits de votre routine de [&hellip;]<\/p>\n","protected":false},"featured_media":18299,"comment_status":"open","ping_status":"closed","template":"","meta":{"_acf_changed":false},"product_brand":[],"product_cat":[507,532,508,538,510,513,515,516,518,519,520,502,521,506,524],"product_tag":[],"class_list":{"0":"post-29443","1":"product","2":"type-product","3":"status-publish","4":"has-post-thumbnail","6":"product_cat-peaux-ternes","7":"product_cat-professional-c-portfolio-fr","8":"product_cat-effets-nuisibles-du-soleil","9":"product_cat-kits-complets-de-soins-pour-la-peau","10":"product_cat-peaux-mixtes","11":"product_cat-peaux-seches","12":"product_cat-couperose-ou-rosacee","13":"product_cat-peaux-deshydratees","14":"product_cat-vieillissement-cutane-par-exemple-rides-et-ridules","15":"product_cat-peaux-matures","16":"product_cat-obagi-c-fx-system-fr","17":"product_cat-nu-derm-fx-system-fr","18":"product_cat-vitamine-c-fr","19":"product_cat-hyperpigmentation-fr","20":"product_cat-produits-eclaircissants","22":"first","23":"outofstock","24":"taxable","25":"shipping-taxable","26":"purchasable","27":"product-type-simple"},"acf":[],"_links":{"self":[{"href":"https:\/\/pureobagi.com\/fr\/wp-json\/wp\/v2\/product\/29443","targetHints":{"allow":["GET"]}}],"collection":[{"href":"https:\/\/pureobagi.com\/fr\/wp-json\/wp\/v2\/product"}],"about":[{"href":"https:\/\/pureobagi.com\/fr\/wp-json\/wp\/v2\/types\/product"}],"replies":[{"embeddable":true,"href":"https:\/\/pureobagi.com\/fr\/wp-json\/wp\/v2\/comments?post=29443"}],"wp:featuredmedia":[{"embeddable":true,"href":"https:\/\/pureobagi.com\/fr\/wp-json\/wp\/v2\/media\/18299"}],"wp:attachment":[{"href":"https:\/\/pureobagi.com\/fr\/wp-json\/wp\/v2\/media?parent=29443"}],"wp:term":[{"taxonomy":"product_brand","embeddable":true,"href":"https:\/\/pureobagi.com\/fr\/wp-json\/wp\/v2\/product_brand?post=29443"},{"taxonomy":"product_cat","embeddable":true,"href":"https:\/\/pureobagi.com\/fr\/wp-json\/wp\/v2\/product_cat?post=29443"},{"taxonomy":"product_tag","embeddable":true,"href":"https:\/\/pureobagi.com\/fr\/wp-json\/wp\/v2\/product_tag?post=29443"}],"curies":[{"name":"wp","href":"https:\/\/api.w.org\/{rel}","templated":true}]}}