{"id":29444,"date":"2021-05-18T15:39:02","date_gmt":"2021-05-18T14:39:02","guid":{"rendered":"https:\/\/pureobagi.com\/product\/kit-obagi-ultimate-luxury\/"},"modified":"2025-06-06T14:30:34","modified_gmt":"2025-06-06T13:30:34","slug":"obagi-ultimate-luxury-kit","status":"publish","type":"product","link":"https:\/\/pureobagi.com\/fr\/produit\/obagi-ultimate-luxury-kit\/","title":{"rendered":"Obagi Ultimate Luxury Kit"},"content":{"rendered":"<p>Offrez-vous (ou \u00e0 vos proches\u00a0!) le Pure Obagi Ultimate Luxury Kit. Ce kit comprend un ensemble de 5 produits Obagi embl\u00e9matiques et \u00e9prouv\u00e9s, con\u00e7us pour raffermir la peau, l&#8217;hydrater et att\u00e9nuer les rides et ridules, mais aussi la nettoyer en profondeur, la purifier et la prot\u00e9ger des m\u00e9faits du soleil.<\/p>\n<p>Le Pure Obagi Ultimate Luxury Kit comprend Obagi-C<sup>\u00ae<\/sup> C-Cleansing Gel, qui d\u00e9maquille et \u00e9limine efficacement les exc\u00e8s de s\u00e9bum et autres impuret\u00e9s pour une belle peau nette\u00a0; Obagi Professional-C<sup>\u00ae<\/sup> Microdermabrasion Polish + Mask, qui contient 30\u00a0% d&#8217;acide L-ascorbique et des cristaux ultrafins, gomme la peau et lui offre une dose de vitamine\u00a0C\u00a0; Obagi Daily Hydro-Drops<sup>\u00ae<\/sup> Facial Serum, qui utilise la technologie Isoplentix\u2122 pour conserver les formes les plus pures d&#8217;huiles d&#8217;hibiscus et d&#8217;Abyssinie et hydrater \u00e0 fond gr\u00e2ce \u00e0 sa formule l\u00e9g\u00e8re haut de gamme\u00a0; Obagi ELASTIderm<sup>\u00ae<\/sup> Facial Serum, formul\u00e9 avec du Bi-Mineral Contour Complex\u2122, qui raffermit la peau en 24\u00a0heures \u00e0 peine\u00a0; et Sun Shield Matte\u2122 Broad Spectrum SPF 50, \u00e0 la formule non grasse, qui vous prot\u00e8ge des UVA et des UVB.<\/p>\n","protected":false},"excerpt":{"rendered":"<p>Offrez-vous (ou \u00e0 vos proches\u00a0!) le Pure Obagi Ultimate Luxury Kit. Ce kit comprend un ensemble de 5 produits Obagi embl\u00e9matiques et \u00e9prouv\u00e9s, con\u00e7us pour raffermir la peau, l&#8217;hydrater et att\u00e9nuer les rides et ridules, mais aussi la nettoyer en profondeur, la purifier et la prot\u00e9ger des m\u00e9faits du soleil. Le Pure Obagi Ultimate Luxury [&hellip;]<\/p>\n","protected":false},"featured_media":20431,"comment_status":"open","ping_status":"closed","template":"","meta":{"_acf_changed":false},"product_brand":[],"product_cat":[539],"product_tag":[],"class_list":{"0":"post-29444","1":"product","2":"type-product","3":"status-publish","4":"has-post-thumbnail","6":"product_cat-gamme-de-produits","8":"first","9":"outofstock","10":"taxable","11":"shipping-taxable","12":"purchasable","13":"product-type-simple"},"acf":[],"_links":{"self":[{"href":"https:\/\/pureobagi.com\/fr\/wp-json\/wp\/v2\/product\/29444","targetHints":{"allow":["GET"]}}],"collection":[{"href":"https:\/\/pureobagi.com\/fr\/wp-json\/wp\/v2\/product"}],"about":[{"href":"https:\/\/pureobagi.com\/fr\/wp-json\/wp\/v2\/types\/product"}],"replies":[{"embeddable":true,"href":"https:\/\/pureobagi.com\/fr\/wp-json\/wp\/v2\/comments?post=29444"}],"wp:featuredmedia":[{"embeddable":true,"href":"https:\/\/pureobagi.com\/fr\/wp-json\/wp\/v2\/media\/20431"}],"wp:attachment":[{"href":"https:\/\/pureobagi.com\/fr\/wp-json\/wp\/v2\/media?parent=29444"}],"wp:term":[{"taxonomy":"product_brand","embeddable":true,"href":"https:\/\/pureobagi.com\/fr\/wp-json\/wp\/v2\/product_brand?post=29444"},{"taxonomy":"product_cat","embeddable":true,"href":"https:\/\/pureobagi.com\/fr\/wp-json\/wp\/v2\/product_cat?post=29444"},{"taxonomy":"product_tag","embeddable":true,"href":"https:\/\/pureobagi.com\/fr\/wp-json\/wp\/v2\/product_tag?post=29444"}],"curies":[{"name":"wp","href":"https:\/\/api.w.org\/{rel}","templated":true}]}}