{"id":29446,"date":"2021-03-19T11:28:36","date_gmt":"2021-03-19T11:28:36","guid":{"rendered":"https:\/\/pureobagi.com\/product\/kit-equilibrant-et-revitalisant-suzanobagimd\/"},"modified":"2022-05-26T10:30:05","modified_gmt":"2022-05-26T09:30:05","slug":"suzanobagimd-balance-and-refresh-kit","status":"publish","type":"product","link":"https:\/\/pureobagi.com\/fr\/produit\/suzanobagimd-balance-and-refresh-kit\/","title":{"rendered":"SUZANOBAGIMD\u2122 Balance and Refresh Kit"},"content":{"rendered":"<p>SUZANOBAGI<strong>MD<sup>\u2122<\/sup><\/strong> Balance and Refresh Kit<\/p>\n<p>Comprend&nbsp;:<br \/>\n<strong>SUZAN<\/strong>OBAGI<strong>MD<sup>\u2122<\/sup><\/strong> Balancing Toner<br \/>\n<strong>SUZAN<\/strong>OBAGI<strong>MD<sup>\u2122<\/sup><\/strong> Cleansing Wipes<\/p>\n<p><strong>SUZAN<\/strong>OBAGI<strong>MD<sup>\u2122<\/sup><\/strong> est id\u00e9al pour les personnes \u00e0 la recherche de produits simples, mais efficaces, sans risque pour les peaux sensibles. Chaque soin de la gamme <strong>SUZAN<\/strong>OBAGI<strong>MD<sup>\u2122<\/sup><\/strong> a \u00e9t\u00e9 test\u00e9 par des dermatologues, est hypoallerg\u00e9nique et non sensibilisant. Tous les produits de la gamme <strong>SUZAN<\/strong>OBAGI<strong>MD<sup>\u2122<\/sup><\/strong>&nbsp;ont \u00e9t\u00e9 con\u00e7us sans parab\u00e8ne, colorant ou parfum synth\u00e9tique.<\/p>\n<p>La gamme <strong>SUZAN<\/strong>OBAGI<strong>MD<sup>\u2122<\/sup><\/strong> comprend tout un ensemble d&#39;ingr\u00e9dients d&#39;origine naturelle, comme le sulforaphane de braccicac\u00e9e, une source remarquable de vitamine&nbsp;A qui r\u00e9g\u00e9n\u00e8re les cellules cutan\u00e9es. Le <strong>SUZAN<\/strong>OBAGI<strong>MD<sup>\u2122<\/sup><\/strong> Balance and Refresh Kit comprend \u00e9galement de l&#39;extrait d&#39;aloe vera, tr\u00e8s populaire, ainsi que certains ingr\u00e9dients anti-\u00e2ge comme la vitamine&nbsp;E et le b\u00eata-carot\u00e8ne. Avec en plus de l&#39;huile de graine de brocoli, riche en acides gras om\u00e9ga&nbsp;6 et om\u00e9ga&nbsp;9 \u00e0 l&#39;effet lissant, et des bioflavono\u00efdes.<\/p>\n","protected":false},"excerpt":{"rendered":"<p>SUZANOBAGIMD\u2122 Balance and Refresh Kit Comprend&nbsp;: SUZANOBAGIMD\u2122 Balancing Toner SUZANOBAGIMD\u2122 Cleansing Wipes SUZANOBAGIMD\u2122 est id\u00e9al pour les personnes \u00e0 la recherche de produits simples, mais efficaces, sans risque pour les peaux sensibles. Chaque soin de la gamme SUZANOBAGIMD\u2122 a \u00e9t\u00e9 test\u00e9 par des dermatologues, est hypoallerg\u00e9nique et non sensibilisant. Tous les produits de la gamme [&hellip;]<\/p>\n","protected":false},"featured_media":18379,"comment_status":"open","ping_status":"closed","template":"","meta":{"_acf_changed":false},"product_brand":[],"product_cat":[503,512,535,539],"product_tag":[],"class_list":{"0":"post-29446","1":"product","2":"type-product","3":"status-publish","4":"has-post-thumbnail","6":"product_cat-soins-nettoyants","7":"product_cat-peaux-sensibles","8":"product_cat-suzanobagimd-fr","9":"product_cat-gamme-de-produits","11":"first","12":"outofstock","13":"taxable","14":"shipping-taxable","15":"purchasable","16":"product-type-simple"},"acf":[],"_links":{"self":[{"href":"https:\/\/pureobagi.com\/fr\/wp-json\/wp\/v2\/product\/29446","targetHints":{"allow":["GET"]}}],"collection":[{"href":"https:\/\/pureobagi.com\/fr\/wp-json\/wp\/v2\/product"}],"about":[{"href":"https:\/\/pureobagi.com\/fr\/wp-json\/wp\/v2\/types\/product"}],"replies":[{"embeddable":true,"href":"https:\/\/pureobagi.com\/fr\/wp-json\/wp\/v2\/comments?post=29446"}],"wp:featuredmedia":[{"embeddable":true,"href":"https:\/\/pureobagi.com\/fr\/wp-json\/wp\/v2\/media\/18379"}],"wp:attachment":[{"href":"https:\/\/pureobagi.com\/fr\/wp-json\/wp\/v2\/media?parent=29446"}],"wp:term":[{"taxonomy":"product_brand","embeddable":true,"href":"https:\/\/pureobagi.com\/fr\/wp-json\/wp\/v2\/product_brand?post=29446"},{"taxonomy":"product_cat","embeddable":true,"href":"https:\/\/pureobagi.com\/fr\/wp-json\/wp\/v2\/product_cat?post=29446"},{"taxonomy":"product_tag","embeddable":true,"href":"https:\/\/pureobagi.com\/fr\/wp-json\/wp\/v2\/product_tag?post=29446"}],"curies":[{"name":"wp","href":"https:\/\/api.w.org\/{rel}","templated":true}]}}