{"id":29447,"date":"2021-03-19T16:40:54","date_gmt":"2021-03-19T16:40:54","guid":{"rendered":"https:\/\/pureobagi.com\/product\/kit-avance-vitamine-c-obagi\/"},"modified":"2026-04-13T16:54:07","modified_gmt":"2026-04-13T15:54:07","slug":"vitamin-c-advanced-kit","status":"publish","type":"product","link":"https:\/\/pureobagi.com\/fr\/produit\/vitamin-c-advanced-kit\/","title":{"rendered":"Obagi Vitamin C Advanced Kit"},"content":{"rendered":"<p>Comprend\u00a0:<\/p>\n<p>Obagi-C<sup>\u00ae<\/sup> C-Cleansing Gel<br \/>\nObagi Hydrate<sup>\u00ae<\/sup> Facial Moisturiser<br \/>\nObagi Professional-C<sup>\u00ae<\/sup> Serum 20%<\/p>\n<p>Le Obagi Vitamin C Advanced Kit a \u00e9t\u00e9 sp\u00e9cialement formul\u00e9 pour le soin des peaux grasses. Obagi-C<sup>\u00ae<\/sup> C-Cleansing Gel vise \u00e0 \u00e9liminer l&#8217;exc\u00e8s de s\u00e9bum et autres impuret\u00e9s de la surface de la peau, tout en pr\u00e9parant celle-ci \u00e0 bien absorber les autres produits de votre routine de soins. Obagi Professional-C<sup>\u00ae<\/sup> Serum 20% est plus adapt\u00e9 aux peaux normales \u00e0 grasses. Il est riche en antioxydants qui prot\u00e8gent la peau des radicaux libres et des facteurs environnants comme l&#8217;exposition aux rayons\u00a0UV.<\/p>\n<p>Les beurres de mangue et de karit\u00e9, qui hydratent et r\u00e9g\u00e9n\u00e8rent la peau, sont les ingr\u00e9dients cl\u00e9s de la formule du Obagi Hydrate<sup>\u00ae<\/sup> Facial Moisturiser. En outre, Obagi Hydrate<sup>\u00ae<\/sup> Facial Moisturiser est<\/p>\n<p>non com\u00e9dog\u00e8ne, c&#8217;est-\u00e0-dire qu&#8217;il n&#8217;obstrue pas les pores et laisse la peau nette tout en la nourrissant.<\/p>\n","protected":false},"excerpt":{"rendered":"<p>Comprend\u00a0: Obagi-C\u00ae C-Cleansing Gel Obagi Hydrate\u00ae Facial Moisturiser Obagi Professional-C\u00ae Serum 20% Le Obagi Vitamin C Advanced Kit a \u00e9t\u00e9 sp\u00e9cialement formul\u00e9 pour le soin des peaux grasses. Obagi-C\u00ae C-Cleansing Gel vise \u00e0 \u00e9liminer l&#8217;exc\u00e8s de s\u00e9bum et autres impuret\u00e9s de la surface de la peau, tout en pr\u00e9parant celle-ci \u00e0 bien absorber les autres [&hellip;]<\/p>\n","protected":false},"featured_media":18267,"comment_status":"open","ping_status":"closed","template":"","meta":{"_acf_changed":false},"product_brand":[],"product_cat":[507,510,511,515,518,519,520,521,532,504,538,506],"product_tag":[],"class_list":{"0":"post-29447","1":"product","2":"type-product","3":"status-publish","4":"has-post-thumbnail","6":"product_cat-peaux-ternes","7":"product_cat-peaux-mixtes","8":"product_cat-peaux-normales","9":"product_cat-couperose-ou-rosacee","10":"product_cat-vieillissement-cutane-par-exemple-rides-et-ridules","11":"product_cat-peaux-matures","12":"product_cat-obagi-c-fx-system-fr","13":"product_cat-vitamine-c-fr","14":"product_cat-professional-c-portfolio-fr","15":"product_cat-peaux-grasses","16":"product_cat-kits-complets-de-soins-pour-la-peau","17":"product_cat-hyperpigmentation-fr","19":"first","20":"outofstock","21":"taxable","22":"shipping-taxable","23":"purchasable","24":"product-type-simple"},"acf":[],"_links":{"self":[{"href":"https:\/\/pureobagi.com\/fr\/wp-json\/wp\/v2\/product\/29447","targetHints":{"allow":["GET"]}}],"collection":[{"href":"https:\/\/pureobagi.com\/fr\/wp-json\/wp\/v2\/product"}],"about":[{"href":"https:\/\/pureobagi.com\/fr\/wp-json\/wp\/v2\/types\/product"}],"replies":[{"embeddable":true,"href":"https:\/\/pureobagi.com\/fr\/wp-json\/wp\/v2\/comments?post=29447"}],"wp:featuredmedia":[{"embeddable":true,"href":"https:\/\/pureobagi.com\/fr\/wp-json\/wp\/v2\/media\/18267"}],"wp:attachment":[{"href":"https:\/\/pureobagi.com\/fr\/wp-json\/wp\/v2\/media?parent=29447"}],"wp:term":[{"taxonomy":"product_brand","embeddable":true,"href":"https:\/\/pureobagi.com\/fr\/wp-json\/wp\/v2\/product_brand?post=29447"},{"taxonomy":"product_cat","embeddable":true,"href":"https:\/\/pureobagi.com\/fr\/wp-json\/wp\/v2\/product_cat?post=29447"},{"taxonomy":"product_tag","embeddable":true,"href":"https:\/\/pureobagi.com\/fr\/wp-json\/wp\/v2\/product_tag?post=29447"}],"curies":[{"name":"wp","href":"https:\/\/api.w.org\/{rel}","templated":true}]}}