{"id":29448,"date":"2021-03-17T12:02:15","date_gmt":"2021-03-17T12:02:15","guid":{"rendered":"https:\/\/pureobagi.com\/product\/kit-exfoliant-obagi-peaux-normales-a-seches\/"},"modified":"2021-08-23T11:29:32","modified_gmt":"2021-08-23T10:29:32","slug":"exfoliating-kit-normal-dry","status":"publish","type":"product","link":"https:\/\/pureobagi.com\/fr\/produit\/exfoliating-kit-normal-dry\/","title":{"rendered":"Obagi Exfoliating Kit &#8211; Normal to Dry"},"content":{"rendered":"<p>Contient&nbsp;:<br \/>\nObagi Nu-Derm<sup>\u00ae<\/sup> Gentle Cleanser<br \/>\nObagi Nu-Derm<sup>\u00ae<\/sup> Toner<br \/>\nObagi Nu-Derm Fx<sup>\u00ae<\/sup> Exfoderm<sup>\u00ae<\/sup><br \/>\nOBAGI360 HydraFactor<sup>\u00ae<\/sup> Broad Spectrum SPF 30<\/p>\n<p>Le Obagi Exfoliating Kit for Normal to Dry skin vous offre un teint \u00e9clatant et lisse, tout en att\u00e9nuant les signes de l&#39;\u00e2ge et en prot\u00e9geant votre peau des futurs dommages. Obagi Nu-Derm<sup>\u00ae<\/sup> Gentle Cleanser contient des ingr\u00e9dients d&#39;origine naturelle visant \u00e0 \u00e9liminer les r\u00e9sidus et impuret\u00e9s tout en pr\u00e9parant votre visage \u00e0 affronter la journ\u00e9e. Obagi Nu-Derm<sup>\u00ae<\/sup> Gentle Cleanser \u00e9limine efficacement les cellules mortes pour un teint rayonnant de sant\u00e9.<\/p>\n<p>OBAGI360 HydraFactor<sup>\u00ae<\/sup> Broad Spectrum SPF 30 r\u00e9v\u00e8le un teint lisse et \u00e9clatant de sant\u00e9, tout en luttant contre les premiers signes de vieillissement cutan\u00e9 et en d\u00e9fendant la peau contre les probl\u00e8mes potentiels \u00e0 venir. Comprend \u00e9galement des ingr\u00e9dients essentiels, comme l&#39;aloe vera et l&#39;hamam\u00e9lis, qui raffermissent et apaisent la peau. Contient de plus des AHA ayant un doux effet exfoliant et la Hydromanil Technology pour une hydratation continue toute la journ\u00e9e.<\/p>\n","protected":false},"excerpt":{"rendered":"<p>Contient&nbsp;: Obagi Nu-Derm\u00ae Gentle Cleanser Obagi Nu-Derm\u00ae Toner Obagi Nu-Derm Fx\u00ae Exfoderm\u00ae OBAGI360 HydraFactor\u00ae Broad Spectrum SPF 30 Le Obagi Exfoliating Kit for Normal to Dry skin vous offre un teint \u00e9clatant et lisse, tout en att\u00e9nuant les signes de l&#39;\u00e2ge et en prot\u00e9geant votre peau des futurs dommages. Obagi Nu-Derm\u00ae Gentle Cleanser contient des [&hellip;]<\/p>\n","protected":false},"featured_media":18480,"comment_status":"open","ping_status":"closed","template":"","meta":{"_acf_changed":false},"product_brand":[],"product_cat":[518,519,502,523,506,538,507,508,510,513,514,515,516],"product_tag":[],"class_list":{"0":"post-29448","1":"product","2":"type-product","3":"status-publish","4":"has-post-thumbnail","6":"product_cat-vieillissement-cutane-par-exemple-rides-et-ridules","7":"product_cat-peaux-matures","8":"product_cat-nu-derm-fx-system-fr","9":"product_cat-obagi360-system-fr","10":"product_cat-hyperpigmentation-fr","11":"product_cat-kits-complets-de-soins-pour-la-peau","12":"product_cat-peaux-ternes","13":"product_cat-effets-nuisibles-du-soleil","14":"product_cat-peaux-mixtes","15":"product_cat-peaux-seches","16":"product_cat-exfoliants","17":"product_cat-couperose-ou-rosacee","18":"product_cat-peaux-deshydratees","20":"first","21":"instock","22":"taxable","23":"shipping-taxable","24":"purchasable","25":"product-type-simple"},"acf":[],"_links":{"self":[{"href":"https:\/\/pureobagi.com\/fr\/wp-json\/wp\/v2\/product\/29448","targetHints":{"allow":["GET"]}}],"collection":[{"href":"https:\/\/pureobagi.com\/fr\/wp-json\/wp\/v2\/product"}],"about":[{"href":"https:\/\/pureobagi.com\/fr\/wp-json\/wp\/v2\/types\/product"}],"replies":[{"embeddable":true,"href":"https:\/\/pureobagi.com\/fr\/wp-json\/wp\/v2\/comments?post=29448"}],"wp:featuredmedia":[{"embeddable":true,"href":"https:\/\/pureobagi.com\/fr\/wp-json\/wp\/v2\/media\/18480"}],"wp:attachment":[{"href":"https:\/\/pureobagi.com\/fr\/wp-json\/wp\/v2\/media?parent=29448"}],"wp:term":[{"taxonomy":"product_brand","embeddable":true,"href":"https:\/\/pureobagi.com\/fr\/wp-json\/wp\/v2\/product_brand?post=29448"},{"taxonomy":"product_cat","embeddable":true,"href":"https:\/\/pureobagi.com\/fr\/wp-json\/wp\/v2\/product_cat?post=29448"},{"taxonomy":"product_tag","embeddable":true,"href":"https:\/\/pureobagi.com\/fr\/wp-json\/wp\/v2\/product_tag?post=29448"}],"curies":[{"name":"wp","href":"https:\/\/api.w.org\/{rel}","templated":true}]}}