{"id":29449,"date":"2021-05-18T15:33:28","date_gmt":"2021-05-18T14:33:28","guid":{"rendered":"https:\/\/pureobagi.com\/product\/kit-obagi-spot-relief\/"},"modified":"2025-06-06T14:28:43","modified_gmt":"2025-06-06T13:28:43","slug":"obagi-spot-relief-kit","status":"publish","type":"product","link":"https:\/\/pureobagi.com\/fr\/produit\/obagi-spot-relief-kit\/","title":{"rendered":"Obagi Spot Relief Kit"},"content":{"rendered":"<p>Att\u00e9nuez les boutons, points noirs et imperfections avec le Pure Obagi Spot Relief Kit. Suffisamment doux pour \u00eatre utilis\u00e9 matin et soir, Obagi CLENZIderm M.D.\u00ae Daily Care Foaming Cleanser contient 2&nbsp;% d&#39;acide salicylique, un ingr\u00e9dient tr\u00e8s efficace qui \u00e9limine les cellules mortes et d\u00e9sincruste les pores obstru\u00e9s. Enrichi en hamam\u00e9lis, un puissant antioxydant qui r\u00e9duit l&#39;apparence des pores et r\u00e9gule les peaux grasses, les ingr\u00e9dients phares du <strong>SUZAN<\/strong>OBAGI<strong>MD<\/strong><sup>TM<\/sup> Balancing Toner \u00e9liminent \u00e9galement les impuret\u00e9s et restaurent le pH naturel de la peau. Formul\u00e9 pour att\u00e9nuer l&#39;apparence des rides et ridules, le <strong>SUZAN<\/strong>OBAGI<strong>MD<\/strong><sup>TM<\/sup> Retivance\u00ae Skin Rejuvenating Complex utilise du r\u00e9tinald\u00e9hyde, directement convertit en acide r\u00e9tino\u00efque par la peau&nbsp;; un ingr\u00e9dient consid\u00e9r\u00e9 comme \u00e9tant encore plus puissant que les autres r\u00e9tino\u00efdes, sans les effets secondaires associ\u00e9s. La touche finale id\u00e9ale pour se d\u00e9barrasser des boutons disgracieux.<\/p>\n","protected":false},"excerpt":{"rendered":"<p>Att\u00e9nuez les boutons, points noirs et imperfections avec le Pure Obagi Spot Relief Kit. Suffisamment doux pour \u00eatre utilis\u00e9 matin et soir, Obagi CLENZIderm M.D.\u00ae Daily Care Foaming Cleanser contient 2&nbsp;% d&#39;acide salicylique, un ingr\u00e9dient tr\u00e8s efficace qui \u00e9limine les cellules mortes et d\u00e9sincruste les pores obstru\u00e9s. Enrichi en hamam\u00e9lis, un puissant antioxydant qui r\u00e9duit [&hellip;]<\/p>\n","protected":false},"featured_media":20456,"comment_status":"open","ping_status":"closed","template":"","meta":{"_acf_changed":false},"product_brand":[],"product_cat":[539],"product_tag":[],"class_list":{"0":"post-29449","1":"product","2":"type-product","3":"status-publish","4":"has-post-thumbnail","6":"product_cat-gamme-de-produits","8":"first","9":"outofstock","10":"taxable","11":"shipping-taxable","12":"purchasable","13":"product-type-simple"},"acf":[],"_links":{"self":[{"href":"https:\/\/pureobagi.com\/fr\/wp-json\/wp\/v2\/product\/29449","targetHints":{"allow":["GET"]}}],"collection":[{"href":"https:\/\/pureobagi.com\/fr\/wp-json\/wp\/v2\/product"}],"about":[{"href":"https:\/\/pureobagi.com\/fr\/wp-json\/wp\/v2\/types\/product"}],"replies":[{"embeddable":true,"href":"https:\/\/pureobagi.com\/fr\/wp-json\/wp\/v2\/comments?post=29449"}],"wp:featuredmedia":[{"embeddable":true,"href":"https:\/\/pureobagi.com\/fr\/wp-json\/wp\/v2\/media\/20456"}],"wp:attachment":[{"href":"https:\/\/pureobagi.com\/fr\/wp-json\/wp\/v2\/media?parent=29449"}],"wp:term":[{"taxonomy":"product_brand","embeddable":true,"href":"https:\/\/pureobagi.com\/fr\/wp-json\/wp\/v2\/product_brand?post=29449"},{"taxonomy":"product_cat","embeddable":true,"href":"https:\/\/pureobagi.com\/fr\/wp-json\/wp\/v2\/product_cat?post=29449"},{"taxonomy":"product_tag","embeddable":true,"href":"https:\/\/pureobagi.com\/fr\/wp-json\/wp\/v2\/product_tag?post=29449"}],"curies":[{"name":"wp","href":"https:\/\/api.w.org\/{rel}","templated":true}]}}