{"id":29451,"date":"2021-03-19T15:43:33","date_gmt":"2021-03-19T15:43:33","guid":{"rendered":"https:\/\/pureobagi.com\/product\/kit-debutant-vitamine-c-obagi\/"},"modified":"2026-04-13T16:57:52","modified_gmt":"2026-04-13T15:57:52","slug":"vitamin-c-starter-set","status":"publish","type":"product","link":"https:\/\/pureobagi.com\/fr\/produit\/vitamin-c-starter-set\/","title":{"rendered":"Obagi Vitamin C Starter Kit"},"content":{"rendered":"<p>Vitamin C Starter Kit<\/p>\n<p>Comprend\u00a0:<br \/>\nObagi-C<sup>\u00ae<\/sup> C-Cleansing Gel<br \/>\nObagi Professional-C<sup>\u00ae<\/sup> Serum 10%<br \/>\nObagi Hydrate<sup>\u00ae<\/sup> Facial Moisturiser<\/p>\n<p>Le Pure Obagi Vitamin C Starter Kit a \u00e9t\u00e9 sp\u00e9cialement con\u00e7u pour les peaux les plus sensibles et\/ou s\u00e8ches. Obagi-C<sup>\u00ae<\/sup> C-Cleansing Gel vise \u00e0 \u00e9liminer l&#8217;exc\u00e8s de s\u00e9bum et autres impuret\u00e9s de la surface de la peau, tout en pr\u00e9parant celle-ci \u00e0 bien absorber les autres produits de votre routine de soins. Obagi Professional-C<sup>\u00ae<\/sup> Serum 10% est enrichi en antioxydants pour prot\u00e9ger la peau des radicaux libres et des facteurs environnementaux, comme l&#8217;exposition aux UV. Obagi Professional-C<sup>\u00ae<\/sup> Serum 10% convient aux peaux s\u00e8ches ou sensibles et \u00e0 celles qui ne b\u00e9n\u00e9ficient pas d\u00e9j\u00e0 de soins \u00e0 la vitamine\u00a0C.<\/p>\n<p>Les beurres de mangue et de karit\u00e9, qui hydratent et r\u00e9g\u00e9n\u00e8rent la peau, sont les ingr\u00e9dients cl\u00e9s de la formule du Obagi Hydrate<sup>\u00ae<\/sup> Facial Moisturiser. En outre, Obagi Hydrate<sup>\u00ae<\/sup> Facial Moisturiser est non com\u00e9dog\u00e8ne, c&#8217;est-\u00e0-dire qu&#8217;il n&#8217;obstrue pas les pores et laisse la peau nette tout en la nourrissant.<\/p>\n","protected":false},"excerpt":{"rendered":"<p>&nbsp;<\/p>\n<p>&nbsp;<\/p>\n<p>&nbsp;<\/p>\n","protected":false},"featured_media":18593,"comment_status":"open","ping_status":"closed","template":"","meta":{"_acf_changed":false},"product_brand":[],"product_cat":[516,518,519,520,502,521,506,532,507,538,510,512,513,515],"product_tag":[],"class_list":{"0":"post-29451","1":"product","2":"type-product","3":"status-publish","4":"has-post-thumbnail","6":"product_cat-peaux-deshydratees","7":"product_cat-vieillissement-cutane-par-exemple-rides-et-ridules","8":"product_cat-peaux-matures","9":"product_cat-obagi-c-fx-system-fr","10":"product_cat-nu-derm-fx-system-fr","11":"product_cat-vitamine-c-fr","12":"product_cat-hyperpigmentation-fr","13":"product_cat-professional-c-portfolio-fr","14":"product_cat-peaux-ternes","15":"product_cat-kits-complets-de-soins-pour-la-peau","16":"product_cat-peaux-mixtes","17":"product_cat-peaux-sensibles","18":"product_cat-peaux-seches","19":"product_cat-couperose-ou-rosacee","21":"first","22":"outofstock","23":"taxable","24":"shipping-taxable","25":"purchasable","26":"product-type-simple"},"acf":[],"_links":{"self":[{"href":"https:\/\/pureobagi.com\/fr\/wp-json\/wp\/v2\/product\/29451","targetHints":{"allow":["GET"]}}],"collection":[{"href":"https:\/\/pureobagi.com\/fr\/wp-json\/wp\/v2\/product"}],"about":[{"href":"https:\/\/pureobagi.com\/fr\/wp-json\/wp\/v2\/types\/product"}],"replies":[{"embeddable":true,"href":"https:\/\/pureobagi.com\/fr\/wp-json\/wp\/v2\/comments?post=29451"}],"wp:featuredmedia":[{"embeddable":true,"href":"https:\/\/pureobagi.com\/fr\/wp-json\/wp\/v2\/media\/18593"}],"wp:attachment":[{"href":"https:\/\/pureobagi.com\/fr\/wp-json\/wp\/v2\/media?parent=29451"}],"wp:term":[{"taxonomy":"product_brand","embeddable":true,"href":"https:\/\/pureobagi.com\/fr\/wp-json\/wp\/v2\/product_brand?post=29451"},{"taxonomy":"product_cat","embeddable":true,"href":"https:\/\/pureobagi.com\/fr\/wp-json\/wp\/v2\/product_cat?post=29451"},{"taxonomy":"product_tag","embeddable":true,"href":"https:\/\/pureobagi.com\/fr\/wp-json\/wp\/v2\/product_tag?post=29451"}],"curies":[{"name":"wp","href":"https:\/\/api.w.org\/{rel}","templated":true}]}}