{"id":29452,"date":"2021-03-17T12:22:04","date_gmt":"2021-03-17T12:22:04","guid":{"rendered":"https:\/\/pureobagi.com\/product\/kit-exfoliant-obagi-peaux-normales-a-grasses\/"},"modified":"2023-01-10T12:36:14","modified_gmt":"2023-01-10T12:36:14","slug":"exfoliating-kit-normal-to-oily","status":"publish","type":"product","link":"https:\/\/pureobagi.com\/fr\/produit\/exfoliating-kit-normal-to-oily\/","title":{"rendered":"Obagi Exfoliating Kit &#8211; Normal to Oily"},"content":{"rendered":"<p>Exfoliating Kit &#8211; Normal To Oily<\/p>\n<p>Contient&nbsp;:<br \/>\nObagi Nu-Derm<sup>\u00ae<\/sup> Foaming Gel<br \/>\nObagi Nu-Derm<sup>\u00ae<\/sup> Toner<br \/>\nObagi Nu-Derm<sup>\u00ae<\/sup> Exfoderm<sup>\u00ae<\/sup> Forte<br \/>\nOBAGI360 HydraFactor<sup>\u00ae<\/sup> Broad Spectrum SPF 30<\/p>\n<p>Le Exfoliating Kit for Normal &#8211; Oily skin vous offre un teint plus \u00e9clatant et lisse, tout en att\u00e9nuant les signes de l&#39;\u00e2ge et en prot\u00e9geant votre peau des futurs dommages. Obagi Nu-Derm<sup>\u00ae<\/sup> Foaming Gel est riche en ingr\u00e9dients d&#39;origine naturelle visant \u00e0 \u00e9liminer les r\u00e9sidus et impuret\u00e9s tout en pr\u00e9parant votre visage \u00e0 affronter la journ\u00e9e.<\/p>\n<p>Obagi Nu-Derm<sup>\u00ae<\/sup> Exfoderm<sup>\u00ae<\/sup> Forte \u00e9limine efficacement les cellules mortes pour un teint rayonnant de sant\u00e9. OBAGI360 HydraFactor<sup>\u00ae<\/sup> Broad Spectrum SPF 30 r\u00e9v\u00e8le un teint lisse et \u00e9clatant de sant\u00e9, tout en luttant contre les premiers signes de vieillissement cutan\u00e9. Il d\u00e9fend \u00e9galement la peau contre les probl\u00e8mes potentiels.<\/p>\n","protected":false},"excerpt":{"rendered":"<p>Exfoliating Kit &#8211; Normal To Oily Contient&nbsp;: Obagi Nu-Derm\u00ae Foaming Gel Obagi Nu-Derm\u00ae Toner Obagi Nu-Derm\u00ae Exfoderm\u00ae Forte OBAGI360 HydraFactor\u00ae Broad Spectrum SPF 30 Le Exfoliating Kit for Normal &#8211; Oily skin vous offre un teint plus \u00e9clatant et lisse, tout en att\u00e9nuant les signes de l&#39;\u00e2ge et en prot\u00e9geant votre peau des futurs dommages. [&hellip;]<\/p>\n","protected":false},"featured_media":18500,"comment_status":"open","ping_status":"closed","template":"","meta":{"_acf_changed":false},"product_brand":[],"product_cat":[506,507,508,510,514,515,518,519,523,502,538,504],"product_tag":[],"class_list":{"0":"post-29452","1":"product","2":"type-product","3":"status-publish","4":"has-post-thumbnail","6":"product_cat-hyperpigmentation-fr","7":"product_cat-peaux-ternes","8":"product_cat-effets-nuisibles-du-soleil","9":"product_cat-peaux-mixtes","10":"product_cat-exfoliants","11":"product_cat-couperose-ou-rosacee","12":"product_cat-vieillissement-cutane-par-exemple-rides-et-ridules","13":"product_cat-peaux-matures","14":"product_cat-obagi360-system-fr","15":"product_cat-nu-derm-fx-system-fr","16":"product_cat-kits-complets-de-soins-pour-la-peau","17":"product_cat-peaux-grasses","19":"first","20":"instock","21":"taxable","22":"shipping-taxable","23":"purchasable","24":"product-type-simple"},"acf":[],"_links":{"self":[{"href":"https:\/\/pureobagi.com\/fr\/wp-json\/wp\/v2\/product\/29452","targetHints":{"allow":["GET"]}}],"collection":[{"href":"https:\/\/pureobagi.com\/fr\/wp-json\/wp\/v2\/product"}],"about":[{"href":"https:\/\/pureobagi.com\/fr\/wp-json\/wp\/v2\/types\/product"}],"replies":[{"embeddable":true,"href":"https:\/\/pureobagi.com\/fr\/wp-json\/wp\/v2\/comments?post=29452"}],"wp:featuredmedia":[{"embeddable":true,"href":"https:\/\/pureobagi.com\/fr\/wp-json\/wp\/v2\/media\/18500"}],"wp:attachment":[{"href":"https:\/\/pureobagi.com\/fr\/wp-json\/wp\/v2\/media?parent=29452"}],"wp:term":[{"taxonomy":"product_brand","embeddable":true,"href":"https:\/\/pureobagi.com\/fr\/wp-json\/wp\/v2\/product_brand?post=29452"},{"taxonomy":"product_cat","embeddable":true,"href":"https:\/\/pureobagi.com\/fr\/wp-json\/wp\/v2\/product_cat?post=29452"},{"taxonomy":"product_tag","embeddable":true,"href":"https:\/\/pureobagi.com\/fr\/wp-json\/wp\/v2\/product_tag?post=29452"}],"curies":[{"name":"wp","href":"https:\/\/api.w.org\/{rel}","templated":true}]}}