{"id":29453,"date":"2021-03-22T07:05:53","date_gmt":"2021-03-22T07:05:53","guid":{"rendered":"https:\/\/pureobagi.com\/product\/systeme-obagi-nu-derm-fx-peaux-normales-a-seches\/"},"modified":"2025-06-06T13:55:51","modified_gmt":"2025-06-06T12:55:51","slug":"nu-derm-fx-system-normal-dry","status":"publish","type":"product","link":"https:\/\/pureobagi.com\/fr\/produit\/nu-derm-fx-system-normal-dry\/","title":{"rendered":"Obagi Nu-Derm Fx\u00ae System &#8211; Normal to Dry"},"content":{"rendered":"<p>Obagi Nu-Derm Fx System &#8211; Normal To Dry<\/p>\n<p>Contient&nbsp;:<br \/>\nObagi Nu-Derm<sup>\u00ae<\/sup> Gentle Cleanser<br \/>\nObagi Nu-Derm<sup>\u00ae<\/sup> Toner<br \/>\nObagi Nu-Derm<sup>\u00ae<\/sup> Clear Fx<br \/>\nObagi Nu-Derm<sup>\u00ae<\/sup> Exfoderm<sup>\u00ae<\/sup><br \/>\nObagi Nu-Derm<sup>\u00ae<\/sup> Blend Fx<br \/>\nOBAGI360 Retinol 0.5<br \/>\nObagi Hydrate<sup>\u00ae<\/sup> Facial Moisturiser<br \/>\nObagi Sun Shield Matte<sup>\u2122<\/sup> Broad Spectrum SPF 50<\/p>\n<p>Pour les peaux normales \u00e0 s\u00e8ches. Le Obagi Nu-Derm Fx<sup>\u00ae<\/sup> Kit rem\u00e9die de mani\u00e8re efficace \u00e0 l&#39;hyperpigmentation pour une peau rayonnante.<\/p>\n<p>Ingr\u00e9dients d&#39;origine naturelle riches en vitamines et regorgeant d&#39;antioxydants (beurre de mangue, aloe vera, huile de noyau d&#39;abricot) pour une peau lisse et douce. Contient \u00e9galement de l&#39;arbutine (7&nbsp;%), un agent naturel et efficace pour \u00e9claircir la peau et donner de l&#39;\u00e9clat au teint.<\/p>\n","protected":false},"excerpt":{"rendered":"<p>Obagi Nu-Derm Fx System &#8211; Normal To Dry Contient&nbsp;: Obagi Nu-Derm\u00ae Gentle Cleanser Obagi Nu-Derm\u00ae Toner Obagi Nu-Derm\u00ae Clear Fx Obagi Nu-Derm\u00ae Exfoderm\u00ae Obagi Nu-Derm\u00ae Blend Fx OBAGI360 Retinol 0.5 Obagi Hydrate\u00ae Facial Moisturiser Obagi Sun Shield Matte\u2122 Broad Spectrum SPF 50 Pour les peaux normales \u00e0 s\u00e8ches. Le Obagi Nu-Derm Fx\u00ae Kit rem\u00e9die de [&hellip;]<\/p>\n","protected":false},"featured_media":18233,"comment_status":"open","ping_status":"closed","template":"","meta":{"_acf_changed":false},"product_brand":[],"product_cat":[509,538,510,511,513,515,516,518,502,519,506,524,507,526,508,531],"product_tag":[],"class_list":{"0":"post-29453","1":"product","2":"type-product","3":"status-publish","4":"has-post-thumbnail","6":"product_cat-peaux-reches","7":"product_cat-kits-complets-de-soins-pour-la-peau","8":"product_cat-peaux-mixtes","9":"product_cat-peaux-normales","10":"product_cat-peaux-seches","11":"product_cat-couperose-ou-rosacee","12":"product_cat-peaux-deshydratees","13":"product_cat-vieillissement-cutane-par-exemple-rides-et-ridules","14":"product_cat-nu-derm-fx-system-fr","15":"product_cat-peaux-matures","16":"product_cat-hyperpigmentation-fr","17":"product_cat-produits-eclaircissants","18":"product_cat-peaux-ternes","19":"product_cat-meilleures-ventes","20":"product_cat-effets-nuisibles-du-soleil","21":"product_cat-systemes-transformateurs","23":"first","24":"outofstock","25":"taxable","26":"shipping-taxable","27":"purchasable","28":"product-type-simple"},"acf":[],"_links":{"self":[{"href":"https:\/\/pureobagi.com\/fr\/wp-json\/wp\/v2\/product\/29453","targetHints":{"allow":["GET"]}}],"collection":[{"href":"https:\/\/pureobagi.com\/fr\/wp-json\/wp\/v2\/product"}],"about":[{"href":"https:\/\/pureobagi.com\/fr\/wp-json\/wp\/v2\/types\/product"}],"replies":[{"embeddable":true,"href":"https:\/\/pureobagi.com\/fr\/wp-json\/wp\/v2\/comments?post=29453"}],"wp:featuredmedia":[{"embeddable":true,"href":"https:\/\/pureobagi.com\/fr\/wp-json\/wp\/v2\/media\/18233"}],"wp:attachment":[{"href":"https:\/\/pureobagi.com\/fr\/wp-json\/wp\/v2\/media?parent=29453"}],"wp:term":[{"taxonomy":"product_brand","embeddable":true,"href":"https:\/\/pureobagi.com\/fr\/wp-json\/wp\/v2\/product_brand?post=29453"},{"taxonomy":"product_cat","embeddable":true,"href":"https:\/\/pureobagi.com\/fr\/wp-json\/wp\/v2\/product_cat?post=29453"},{"taxonomy":"product_tag","embeddable":true,"href":"https:\/\/pureobagi.com\/fr\/wp-json\/wp\/v2\/product_tag?post=29453"}],"curies":[{"name":"wp","href":"https:\/\/api.w.org\/{rel}","templated":true}]}}