{"id":29454,"date":"2021-05-18T15:25:33","date_gmt":"2021-05-18T14:25:33","guid":{"rendered":"https:\/\/pureobagi.com\/product\/kit-obagi-gentle-pour-homme-a-peaux-normales-a-seches\/"},"modified":"2021-11-17T16:38:13","modified_gmt":"2021-11-17T16:38:13","slug":"obagi-gentle-men-kit-normal-dry","status":"publish","type":"product","link":"https:\/\/pureobagi.com\/fr\/produit\/obagi-gentle-men-kit-normal-dry\/","title":{"rendered":"Obagi Gentle Men&#8217;s Kit for Normal-Dry Skin"},"content":{"rendered":"<p>Le Pure Obagi Gentle Men&#8217;s Kit for Normal-Dry Skin a \u00e9t\u00e9 con\u00e7u pour les hommes \u00e0 la peau sensible. Ces soins efficaces nettoient, nourrissent et prot\u00e8gent la peau en toute simplicit\u00e9. Le Obagi Nu-Derm\u00ae Gentle Cleanser a \u00e9t\u00e9 sp\u00e9cialement formul\u00e9 pour les peaux normales \u00e0 s\u00e8ches, qu&#8217;il nettoie en \u00e9liminant les impuret\u00e9s qui viennent s&#8217;y d\u00e9poser au quotidien. Le Obagi Professional-C\u00ae Serum 10\u00a0% permet d&#8217;att\u00e9nuer les rides et ridules, tout en donnant un coup d&#8217;\u00e9clat \u00e0 la peau. Ce s\u00e9rum contient 10\u00a0% d&#8217;acide l-ascorbique (vitamine\u00a0C), ce qui en fait un soin efficace, mais doux pour les peaux sensibles ou irrit\u00e9es. Terminez votre routine de soins pour la peau Obagi par le OBAGI360 HydraFactor\u00ae SPF 30 Sunscreen Moisturiser, notre bestseller 2-en-1, qui hydrate et prot\u00e8ge la peau des UVA et UVB gr\u00e2ce \u00e0 une formule \u00e0 large spectre.<\/p>\n","protected":false},"excerpt":{"rendered":"<p>Le Pure Obagi Gentle Men&#8217;s Kit for Normal-Dry Skin a \u00e9t\u00e9 con\u00e7u pour les hommes \u00e0 la peau sensible. Ces soins efficaces nettoient, nourrissent et prot\u00e8gent la peau en toute simplicit\u00e9. Le Obagi Nu-Derm\u00ae Gentle Cleanser a \u00e9t\u00e9 sp\u00e9cialement formul\u00e9 pour les peaux normales \u00e0 s\u00e8ches, qu&#8217;il nettoie en \u00e9liminant les impuret\u00e9s qui viennent s&#8217;y [&hellip;]<\/p>\n","protected":false},"featured_media":28070,"comment_status":"open","ping_status":"closed","template":"","meta":{"_acf_changed":false},"product_brand":[],"product_cat":[508,539,510,511,512,513,518,521,523,502,528,503,532,506,538],"product_tag":[],"class_list":{"0":"post-29454","1":"product","2":"type-product","3":"status-publish","4":"has-post-thumbnail","6":"product_cat-effets-nuisibles-du-soleil","7":"product_cat-gamme-de-produits","8":"product_cat-peaux-mixtes","9":"product_cat-peaux-normales","10":"product_cat-peaux-sensibles","11":"product_cat-peaux-seches","12":"product_cat-vieillissement-cutane-par-exemple-rides-et-ridules","13":"product_cat-vitamine-c-fr","14":"product_cat-obagi360-system-fr","15":"product_cat-nu-derm-fx-system-fr","16":"product_cat-protection-contre-le-soleil","17":"product_cat-soins-nettoyants","18":"product_cat-professional-c-portfolio-fr","19":"product_cat-hyperpigmentation-fr","20":"product_cat-kits-complets-de-soins-pour-la-peau","22":"first","23":"instock","24":"taxable","25":"shipping-taxable","26":"purchasable","27":"product-type-simple"},"acf":[],"_links":{"self":[{"href":"https:\/\/pureobagi.com\/fr\/wp-json\/wp\/v2\/product\/29454","targetHints":{"allow":["GET"]}}],"collection":[{"href":"https:\/\/pureobagi.com\/fr\/wp-json\/wp\/v2\/product"}],"about":[{"href":"https:\/\/pureobagi.com\/fr\/wp-json\/wp\/v2\/types\/product"}],"replies":[{"embeddable":true,"href":"https:\/\/pureobagi.com\/fr\/wp-json\/wp\/v2\/comments?post=29454"}],"wp:featuredmedia":[{"embeddable":true,"href":"https:\/\/pureobagi.com\/fr\/wp-json\/wp\/v2\/media\/28070"}],"wp:attachment":[{"href":"https:\/\/pureobagi.com\/fr\/wp-json\/wp\/v2\/media?parent=29454"}],"wp:term":[{"taxonomy":"product_brand","embeddable":true,"href":"https:\/\/pureobagi.com\/fr\/wp-json\/wp\/v2\/product_brand?post=29454"},{"taxonomy":"product_cat","embeddable":true,"href":"https:\/\/pureobagi.com\/fr\/wp-json\/wp\/v2\/product_cat?post=29454"},{"taxonomy":"product_tag","embeddable":true,"href":"https:\/\/pureobagi.com\/fr\/wp-json\/wp\/v2\/product_tag?post=29454"}],"curies":[{"name":"wp","href":"https:\/\/api.w.org\/{rel}","templated":true}]}}