{"id":29456,"date":"2021-05-18T15:18:14","date_gmt":"2021-05-18T14:18:14","guid":{"rendered":"https:\/\/pureobagi.com\/product\/kit-obagi-fierce-pour-homme-a-peaux-normales-a-grasses\/"},"modified":"2021-11-17T16:38:23","modified_gmt":"2021-11-17T16:38:23","slug":"obagi-fierce-men-kit-normal-oily","status":"publish","type":"product","link":"https:\/\/pureobagi.com\/fr\/produit\/obagi-fierce-men-kit-normal-oily\/","title":{"rendered":"Obagi Fierce Men&#8217;s Kit for Normal-Oily Skin"},"content":{"rendered":"<p>D\u00e9couvrez le kit Obagi Fierce pour homme \u00e0 peaux normales \u00e0 grasses, un ensemble de quatre soins efficaces, mais faciles d&#8217;utilisation, pour nettoyer, illuminer et prot\u00e9ger votre peau.\u00a0 Obagi-C<sup>\u00ae<\/sup> C-Cleansing Gel est enrichi aux antioxydants contenus dans la vitamine\u00a0C pour \u00e9liminer les impuret\u00e9s et prot\u00e9ger la peau des radicaux libres. Donnez un coup d&#8217;\u00e9clat \u00e0 votre teint gr\u00e2ce au Obagi Professional-C<sup>\u00ae<\/sup> 15\u00a0% Serum, tout en att\u00e9nuant les rides et ridules. Avec des ingr\u00e9dients cl\u00e9s comme la caf\u00e9ine, le s\u00e9rum contour des yeux Obagi ELASTIderm<sup>\u00ae<\/sup> Eye Serum att\u00e9nue les poches sous les yeux et son Bi-Mineral Contour Complex\u2122 restaure l&#8217;\u00e9lasticit\u00e9 de votre peau, tout en lui redonnant du ressort.<\/p>\n<p>Finissez votre routine \u00e0 4\u00a0\u00e9tapes avec le Obagi Sun Shield\u00a0Matte<sup>TM<\/sup> Broad Spectrum SPF 50, un soin non gras qui vous offre une protection \u00e0 large spectre contre les UVA et UVB et les taches de soleil et autres probl\u00e8mes d&#8217;hyperpigmentation associ\u00e9s.<\/p>\n","protected":false},"excerpt":{"rendered":"<p>D\u00e9couvrez le kit Obagi Fierce pour homme \u00e0 peaux normales \u00e0 grasses, un ensemble de quatre soins efficaces, mais faciles d&#8217;utilisation, pour nettoyer, illuminer et prot\u00e9ger votre peau.\u00a0 Obagi-C\u00ae C-Cleansing Gel est enrichi aux antioxydants contenus dans la vitamine\u00a0C pour \u00e9liminer les impuret\u00e9s et prot\u00e9ger la peau des radicaux libres. Donnez un coup d&#8217;\u00e9clat \u00e0 [&hellip;]<\/p>\n","protected":false},"featured_media":28075,"comment_status":"open","ping_status":"closed","template":"","meta":{"_acf_changed":false},"product_brand":[],"product_cat":[538,518,539,519,520,521,527,503,528,504,529,506,532,507,533,510,534,511],"product_tag":[],"class_list":{"0":"post-29456","1":"product","2":"type-product","3":"status-publish","4":"has-post-thumbnail","6":"product_cat-kits-complets-de-soins-pour-la-peau","7":"product_cat-vieillissement-cutane-par-exemple-rides-et-ridules","8":"product_cat-gamme-de-produits","9":"product_cat-peaux-matures","10":"product_cat-obagi-c-fx-system-fr","11":"product_cat-vitamine-c-fr","12":"product_cat-produits-hydratants-et-humectants","13":"product_cat-soins-nettoyants","14":"product_cat-protection-contre-le-soleil","15":"product_cat-peaux-grasses","16":"product_cat-obagi-sun-protection-fr","17":"product_cat-hyperpigmentation-fr","18":"product_cat-professional-c-portfolio-fr","19":"product_cat-peaux-ternes","20":"product_cat-elastiderm-collection-fr","21":"product_cat-peaux-mixtes","22":"product_cat-soins-pour-les-yeux","23":"product_cat-peaux-normales","25":"first","26":"outofstock","27":"taxable","28":"shipping-taxable","29":"purchasable","30":"product-type-simple"},"acf":[],"_links":{"self":[{"href":"https:\/\/pureobagi.com\/fr\/wp-json\/wp\/v2\/product\/29456","targetHints":{"allow":["GET"]}}],"collection":[{"href":"https:\/\/pureobagi.com\/fr\/wp-json\/wp\/v2\/product"}],"about":[{"href":"https:\/\/pureobagi.com\/fr\/wp-json\/wp\/v2\/types\/product"}],"replies":[{"embeddable":true,"href":"https:\/\/pureobagi.com\/fr\/wp-json\/wp\/v2\/comments?post=29456"}],"wp:featuredmedia":[{"embeddable":true,"href":"https:\/\/pureobagi.com\/fr\/wp-json\/wp\/v2\/media\/28075"}],"wp:attachment":[{"href":"https:\/\/pureobagi.com\/fr\/wp-json\/wp\/v2\/media?parent=29456"}],"wp:term":[{"taxonomy":"product_brand","embeddable":true,"href":"https:\/\/pureobagi.com\/fr\/wp-json\/wp\/v2\/product_brand?post=29456"},{"taxonomy":"product_cat","embeddable":true,"href":"https:\/\/pureobagi.com\/fr\/wp-json\/wp\/v2\/product_cat?post=29456"},{"taxonomy":"product_tag","embeddable":true,"href":"https:\/\/pureobagi.com\/fr\/wp-json\/wp\/v2\/product_tag?post=29456"}],"curies":[{"name":"wp","href":"https:\/\/api.w.org\/{rel}","templated":true}]}}