{"id":29458,"date":"2021-05-18T15:35:47","date_gmt":"2021-05-18T14:35:47","guid":{"rendered":"https:\/\/pureobagi.com\/product\/kit-antioxydant-obagi\/"},"modified":"2025-06-06T14:29:43","modified_gmt":"2025-06-06T13:29:43","slug":"obagi-antioxidant-kit","status":"publish","type":"product","link":"https:\/\/pureobagi.com\/fr\/produit\/obagi-antioxidant-kit\/","title":{"rendered":"Obagi Antioxidant Kit"},"content":{"rendered":"<p>Pour d\u00e9stresser la peau et lui donner un coup d&#8217;\u00e9clat, utilisez le Pure Obagi Antioxidant Kit. Riche en vitamine\u00a0C, ce kit permet de r\u00e9parer et de prot\u00e9ger votre peau contre les radicaux libres et autres facteurs environnants comme l&#8217;exposition aux UV.<\/p>\n<p>Obagi-C<sup>\u00ae<\/sup> C-Cleansing Gel nettoie et purifie la peau et la pr\u00e9pare aux autres soins. Sans alcool et non dess\u00e9chant, Obagi-C\u00ae Balancing Toner \u00e9limine toute trace d&#8217;impuret\u00e9 et exc\u00e8s de s\u00e9bum. Une routine de soins hebdomadaire encore plus efficace, gr\u00e2ce au Obagi Professional-C<sup>\u00ae<\/sup> Microdermabrasion Polish + Mask contenant de l&#8217;acide L-ascorbique (30\u00a0%) et des cristaux ultrafins pour gommer et pr\u00e9parer la peau et lui donner un aspect lisse et \u00e9clatant de sant\u00e9\u00a0: une r\u00e9volution\u00a0! Les ingr\u00e9dients du Obagi Professional-C<sup>\u00ae<\/sup> 15\u00a0% favorisent la production de collag\u00e8ne et att\u00e9nuent l&#8217;aspect des rides et ridules. Hydratez et revitalisez votre peau avec Obagi Hydrate<sup>\u00ae<\/sup>, dont les ingr\u00e9dients cl\u00e9s sont les beurres de mangue et de karit\u00e9. Ce kit comprend \u00e9galement Obagi Sun Shield Matte\u2122 Broad Spectrum SPF 50, qui prot\u00e8ge la peau des UVA et UVB, et prend la forme d&#8217;une formule non grasse tr\u00e8s populaire aupr\u00e8s de nos clients.<\/p>\n","protected":false},"excerpt":{"rendered":"<p>Pour d\u00e9stresser la peau et lui donner un coup d&#8217;\u00e9clat, utilisez le Pure Obagi Antioxidant Kit. Riche en vitamine\u00a0C, ce kit permet de r\u00e9parer et de prot\u00e9ger votre peau contre les radicaux libres et autres facteurs environnants comme l&#8217;exposition aux UV. Obagi-C\u00ae C-Cleansing Gel nettoie et purifie la peau et la pr\u00e9pare aux autres soins. [&hellip;]<\/p>\n","protected":false},"featured_media":20363,"comment_status":"open","ping_status":"closed","template":"","meta":{"_acf_changed":false},"product_brand":[],"product_cat":[518,520,521,503,522,504,527,507,528,508,529,509,532,510,536,511,538,514],"product_tag":[],"class_list":{"0":"post-29458","1":"product","2":"type-product","3":"status-publish","4":"has-post-thumbnail","6":"product_cat-vieillissement-cutane-par-exemple-rides-et-ridules","7":"product_cat-obagi-c-fx-system-fr","8":"product_cat-vitamine-c-fr","9":"product_cat-soins-nettoyants","10":"product_cat-lotions-toniques","11":"product_cat-peaux-grasses","12":"product_cat-produits-hydratants-et-humectants","13":"product_cat-peaux-ternes","14":"product_cat-protection-contre-le-soleil","15":"product_cat-effets-nuisibles-du-soleil","16":"product_cat-obagi-sun-protection-fr","17":"product_cat-peaux-reches","18":"product_cat-professional-c-portfolio-fr","19":"product_cat-peaux-mixtes","20":"product_cat-hydrators-fr","21":"product_cat-peaux-normales","22":"product_cat-kits-complets-de-soins-pour-la-peau","23":"product_cat-exfoliants","25":"first","26":"outofstock","27":"taxable","28":"shipping-taxable","29":"purchasable","30":"product-type-simple"},"acf":[],"_links":{"self":[{"href":"https:\/\/pureobagi.com\/fr\/wp-json\/wp\/v2\/product\/29458","targetHints":{"allow":["GET"]}}],"collection":[{"href":"https:\/\/pureobagi.com\/fr\/wp-json\/wp\/v2\/product"}],"about":[{"href":"https:\/\/pureobagi.com\/fr\/wp-json\/wp\/v2\/types\/product"}],"replies":[{"embeddable":true,"href":"https:\/\/pureobagi.com\/fr\/wp-json\/wp\/v2\/comments?post=29458"}],"wp:featuredmedia":[{"embeddable":true,"href":"https:\/\/pureobagi.com\/fr\/wp-json\/wp\/v2\/media\/20363"}],"wp:attachment":[{"href":"https:\/\/pureobagi.com\/fr\/wp-json\/wp\/v2\/media?parent=29458"}],"wp:term":[{"taxonomy":"product_brand","embeddable":true,"href":"https:\/\/pureobagi.com\/fr\/wp-json\/wp\/v2\/product_brand?post=29458"},{"taxonomy":"product_cat","embeddable":true,"href":"https:\/\/pureobagi.com\/fr\/wp-json\/wp\/v2\/product_cat?post=29458"},{"taxonomy":"product_tag","embeddable":true,"href":"https:\/\/pureobagi.com\/fr\/wp-json\/wp\/v2\/product_tag?post=29458"}],"curies":[{"name":"wp","href":"https:\/\/api.w.org\/{rel}","templated":true}]}}