{"id":29463,"date":"2021-05-18T15:42:43","date_gmt":"2021-05-18T14:42:43","guid":{"rendered":"https:\/\/pureobagi.com\/product\/kit-obagi-repair-foundation\/"},"modified":"2025-06-06T14:37:08","modified_gmt":"2025-06-06T13:37:08","slug":"obagi-repair-foundation-kit","status":"publish","type":"product","link":"https:\/\/pureobagi.com\/fr\/produit\/obagi-repair-foundation-kit\/","title":{"rendered":"Obagi Repair Foundation Kit"},"content":{"rendered":"<p>Un vrai retour aux bases avec le kit de soins doux et apaisants sign\u00e9 Obagi. Avec ses ingr\u00e9dients d&#39;origine naturelle tr\u00e8s bons pour la peau, le soin nettoyant doux Obagi Nu-Derm Fx\u00ae Gentle Cleanser vous fait profiter des avantages de l&#39;aloe vera, du beurre de mangue et de la glyc\u00e9rine pour une peau fra\u00eeche et revitalis\u00e9e. La formule de Obagi Hydrate<sup>\u00ae<\/sup> nourrit la peau en profondeur, l&#39;hydrate et la revitalise. En outre, Obagi Hydrate<sup>\u00ae<\/sup> est hypoallerg\u00e9nique, c&#39;est-\u00e0-dire qu&#39;il n&#39;obstrue pas les pores et laisse la peau nette tout en l&#39;hydratant. Obagi Sun Shield Matte\u2122 Broad Spectrum SPF 50 pr\u00e9sente une formule non grasse pour prot\u00e9ger votre peau des rayons&nbsp;UVA et UVB.<\/p>\n","protected":false},"excerpt":{"rendered":"<p>Un vrai retour aux bases avec le kit de soins doux et apaisants sign\u00e9 Obagi. Avec ses ingr\u00e9dients d&#39;origine naturelle tr\u00e8s bons pour la peau, le soin nettoyant doux Obagi Nu-Derm Fx\u00ae Gentle Cleanser vous fait profiter des avantages de l&#39;aloe vera, du beurre de mangue et de la glyc\u00e9rine pour une peau fra\u00eeche et [&hellip;]<\/p>\n","protected":false},"featured_media":20395,"comment_status":"open","ping_status":"closed","template":"","meta":{"_acf_changed":false},"product_brand":[],"product_cat":[515,516,517,502,518,503,526,504,527,507,528,508,529,510,536,511,538,513,539],"product_tag":[],"class_list":{"0":"post-29463","1":"product","2":"type-product","3":"status-publish","4":"has-post-thumbnail","6":"product_cat-couperose-ou-rosacee","7":"product_cat-peaux-deshydratees","8":"product_cat-peaux-touchees-par-le-maskne","9":"product_cat-nu-derm-fx-system-fr","10":"product_cat-vieillissement-cutane-par-exemple-rides-et-ridules","11":"product_cat-soins-nettoyants","12":"product_cat-meilleures-ventes","13":"product_cat-peaux-grasses","14":"product_cat-produits-hydratants-et-humectants","15":"product_cat-peaux-ternes","16":"product_cat-protection-contre-le-soleil","17":"product_cat-effets-nuisibles-du-soleil","18":"product_cat-obagi-sun-protection-fr","19":"product_cat-peaux-mixtes","20":"product_cat-hydrators-fr","21":"product_cat-peaux-normales","22":"product_cat-kits-complets-de-soins-pour-la-peau","23":"product_cat-peaux-seches","24":"product_cat-gamme-de-produits","26":"first","27":"outofstock","28":"taxable","29":"shipping-taxable","30":"purchasable","31":"product-type-simple"},"acf":[],"_links":{"self":[{"href":"https:\/\/pureobagi.com\/fr\/wp-json\/wp\/v2\/product\/29463","targetHints":{"allow":["GET"]}}],"collection":[{"href":"https:\/\/pureobagi.com\/fr\/wp-json\/wp\/v2\/product"}],"about":[{"href":"https:\/\/pureobagi.com\/fr\/wp-json\/wp\/v2\/types\/product"}],"replies":[{"embeddable":true,"href":"https:\/\/pureobagi.com\/fr\/wp-json\/wp\/v2\/comments?post=29463"}],"wp:featuredmedia":[{"embeddable":true,"href":"https:\/\/pureobagi.com\/fr\/wp-json\/wp\/v2\/media\/20395"}],"wp:attachment":[{"href":"https:\/\/pureobagi.com\/fr\/wp-json\/wp\/v2\/media?parent=29463"}],"wp:term":[{"taxonomy":"product_brand","embeddable":true,"href":"https:\/\/pureobagi.com\/fr\/wp-json\/wp\/v2\/product_brand?post=29463"},{"taxonomy":"product_cat","embeddable":true,"href":"https:\/\/pureobagi.com\/fr\/wp-json\/wp\/v2\/product_cat?post=29463"},{"taxonomy":"product_tag","embeddable":true,"href":"https:\/\/pureobagi.com\/fr\/wp-json\/wp\/v2\/product_tag?post=29463"}],"curies":[{"name":"wp","href":"https:\/\/api.w.org\/{rel}","templated":true}]}}