{"id":30791,"date":"2020-12-15T23:59:35","date_gmt":"2020-12-15T23:59:35","guid":{"rendered":"https:\/\/pureobagi.com\/product\/serum-purifiant-obagi-c-fx-c-clarifying-30-ml\/"},"modified":"2023-01-10T12:36:45","modified_gmt":"2023-01-10T12:36:45","slug":"obagi-c-fx-c-clarifying-serum-30ml","status":"publish","type":"product","link":"https:\/\/pureobagi.com\/fr\/produit\/obagi-c-fx-c-clarifying-serum-30ml\/","title":{"rendered":"Obagi-C\u00ae Fx C-Clarifying Serum 30ml"},"content":{"rendered":"<p>Le s\u00e9rum Obagi-C<sup>\u00ae<\/sup> Fx C-Clarifying Serum pr\u00e9sente une formule aux r\u00e9sultats cliniquement prouv\u00e9s pour \u00e9claircir et illuminer le teint.<\/p>\n<p>Les ingr\u00e9dients cl\u00e9s du s\u00e9rum Obagi-C<sup>\u00ae<\/sup> Fx C-Clarifying Serum sont l&#39;arbutine (4&nbsp;%) et l&#39;acide L-ascorbique (10&nbsp;%, vitamine&nbsp;C).<\/p>\n<p>L&#39;arbutine est un ingr\u00e9dient cl\u00e9 servant \u00e0 illuminer le teint. L&#39;arbutine rem\u00e9die aux probl\u00e8mes de peau caus\u00e9s par une hyperpigmentation, pour vous donner un teint plus unifi\u00e9. L&#39;acide L-ascorbique est une forme puissante de vitamine&nbsp;C. Elle pr\u00e9sente des propri\u00e9t\u00e9s antioxydantes qui att\u00e9nuent les signes du temps qui passe. La vitamine&nbsp;C estompe les rides et ridules, favorise la production de collag\u00e8ne et prot\u00e8ge la peau des futurs dommages. Obagi-C<sup>\u00ae<\/sup> Fx C-Clarifying Serum est non com\u00e9dog\u00e8ne, c&#39;est-\u00e0-dire que les pores ne sont pas obstru\u00e9s.<\/p>\n<p>Particuli\u00e8rement efficace en compl\u00e9ment des autres produits du Obagi-C<sup>\u00ae<\/sup> Fx System, le Obagi-C<sup>\u00ae<\/sup> Fx C-Clarifying Serum vous offre une peau radieuse et \u00e9clatante de sant\u00e9<\/p>\n<p><em>Le saviez-vous&nbsp;?<\/em> L&#39;hyperpigmentation, c&#39;est-\u00e0-dire, les taches brunes ou de soleil, sont le r\u00e9sultat d&#39;une surproduction de m\u00e9lanine, provoqu\u00e9e par les rayons&nbsp;UV, des l\u00e9sions photo-induites, des changements hormonaux et des facteurs g\u00e9n\u00e9tiques.<\/p>\n","protected":false},"excerpt":{"rendered":"<p>Le s\u00e9rum Obagi-C\u00ae Fx C-Clarifying Serum pr\u00e9sente une formule aux r\u00e9sultats cliniquement prouv\u00e9s pour \u00e9claircir et illuminer le teint. Les ingr\u00e9dients cl\u00e9s du s\u00e9rum Obagi-C\u00ae Fx C-Clarifying Serum sont l&#39;arbutine (4&nbsp;%) et l&#39;acide L-ascorbique (10&nbsp;%, vitamine&nbsp;C). L&#39;arbutine est un ingr\u00e9dient cl\u00e9 servant \u00e0 illuminer le teint. L&#39;arbutine rem\u00e9die aux probl\u00e8mes de peau caus\u00e9s par une [&hellip;]<\/p>\n","protected":false},"featured_media":38611,"comment_status":"open","ping_status":"closed","template":"","meta":{"_acf_changed":false},"product_brand":[],"product_cat":[515,516,518,504,519,506,520,507,521,508,524,510,511,512,513],"product_tag":[],"class_list":{"0":"post-30791","1":"product","2":"type-product","3":"status-publish","4":"has-post-thumbnail","6":"product_cat-couperose-ou-rosacee","7":"product_cat-peaux-deshydratees","8":"product_cat-vieillissement-cutane-par-exemple-rides-et-ridules","9":"product_cat-peaux-grasses","10":"product_cat-peaux-matures","11":"product_cat-hyperpigmentation-fr","12":"product_cat-obagi-c-fx-system-fr","13":"product_cat-peaux-ternes","14":"product_cat-vitamine-c-fr","15":"product_cat-effets-nuisibles-du-soleil","16":"product_cat-produits-eclaircissants","17":"product_cat-peaux-mixtes","18":"product_cat-peaux-normales","19":"product_cat-peaux-sensibles","20":"product_cat-peaux-seches","22":"first","23":"instock","24":"taxable","25":"shipping-taxable","26":"purchasable","27":"product-type-simple"},"acf":[],"_links":{"self":[{"href":"https:\/\/pureobagi.com\/fr\/wp-json\/wp\/v2\/product\/30791","targetHints":{"allow":["GET"]}}],"collection":[{"href":"https:\/\/pureobagi.com\/fr\/wp-json\/wp\/v2\/product"}],"about":[{"href":"https:\/\/pureobagi.com\/fr\/wp-json\/wp\/v2\/types\/product"}],"replies":[{"embeddable":true,"href":"https:\/\/pureobagi.com\/fr\/wp-json\/wp\/v2\/comments?post=30791"}],"wp:featuredmedia":[{"embeddable":true,"href":"https:\/\/pureobagi.com\/fr\/wp-json\/wp\/v2\/media\/38611"}],"wp:attachment":[{"href":"https:\/\/pureobagi.com\/fr\/wp-json\/wp\/v2\/media?parent=30791"}],"wp:term":[{"taxonomy":"product_brand","embeddable":true,"href":"https:\/\/pureobagi.com\/fr\/wp-json\/wp\/v2\/product_brand?post=30791"},{"taxonomy":"product_cat","embeddable":true,"href":"https:\/\/pureobagi.com\/fr\/wp-json\/wp\/v2\/product_cat?post=30791"},{"taxonomy":"product_tag","embeddable":true,"href":"https:\/\/pureobagi.com\/fr\/wp-json\/wp\/v2\/product_tag?post=30791"}],"curies":[{"name":"wp","href":"https:\/\/api.w.org\/{rel}","templated":true}]}}