{"id":30815,"date":"2020-10-14T12:55:23","date_gmt":"2020-10-14T11:55:23","guid":{"rendered":"https:\/\/pureobagi.com\/product\/gel-nettoyant-obagi-c-fx\/"},"modified":"2023-01-10T12:36:30","modified_gmt":"2023-01-10T12:36:30","slug":"obagi-c-cleansing-gel","status":"publish","type":"product","link":"https:\/\/pureobagi.com\/fr\/produit\/obagi-c-cleansing-gel\/","title":{"rendered":"Obagi-C\u00ae Fx C-Cleansing Gel"},"content":{"rendered":"<p>Enrichi en acide l-ascorbique (vitamine&nbsp;C), le gel nettoyant Obagi-C<sup>\u00ae<\/sup> Fx C-Cleansing Gel \u00e9limine efficacement les r\u00e9sidus de maquillage, les exc\u00e8s de s\u00e9bum et les impuret\u00e9s pour purifier votre peau.<\/p>\n<p>Rehaussez votre routine de soins avec le Obagi-C<sup>\u00ae<\/sup> Fx C-Cleansing Gel&nbsp;: un gel nettoyant&nbsp;2-en-1 riche en vitamine&nbsp;C pour un teint rajeuni.<\/p>\n<p>Id\u00e9al pour estomper les signes de l&#39;\u00e2ge, le gel nettoyant Obagi-C<sup>\u00ae<\/sup> Fx C-Cleansing Gel est infus\u00e9 \u00e0 l&#39;acide L-ascorbique (vitamine&nbsp;C) pour nettoyer, purifier et pr\u00e9parer la peau. La vitamine&nbsp;C poss\u00e8de des propri\u00e9t\u00e9s antioxydantes qui aident votre peau \u00e0 lutter contre les radicaux libres, att\u00e9nuent l&#39;aspect des rides et ridules, tout en favorisant la production de collag\u00e8ne. Le gel nettoyant Obagi-C<sup>\u00ae<\/sup> Fx C-Cleansing Gel contient \u00e9galement du jus d&#39;aloe vera pour hydrater et adoucir la peau, emp\u00eachant ainsi s\u00e9cheresse et r\u00e9sidus collants de s&#39;installer apr\u00e8s l&#39;utilisation.<\/p>\n<p>Offrant ses plus beaux avantages en premi\u00e8re \u00e9tape de la routine de soins Obagi-C<sup>\u00ae<\/sup> Fx System, le gel nettoyant Obagi-C<sup>\u00ae<\/sup> Fx C-Cleansing Gel pr\u00e9pare votre peau \u00e0 profiter au maximum des bienfaits de votre rituel beaut\u00e9. Votre peau est lumineuse, uniforme et \u00e9clatante.<\/p>\n<p>Le saviez-vous&nbsp;? L&#39;acide L-ascorbique, le type de vitamine&nbsp;C contenu dans les produits Obagi Medical Products, est la forme la plus puissante de vitamine&nbsp;C.<\/p>\n","protected":false},"excerpt":{"rendered":"<p>Enrichi en acide l-ascorbique (vitamine&nbsp;C), le gel nettoyant Obagi-C\u00ae Fx C-Cleansing Gel \u00e9limine efficacement les r\u00e9sidus de maquillage, les exc\u00e8s de s\u00e9bum et les impuret\u00e9s pour purifier votre peau. Rehaussez votre routine de soins avec le Obagi-C\u00ae Fx C-Cleansing Gel&nbsp;: un gel nettoyant&nbsp;2-en-1 riche en vitamine&nbsp;C pour un teint rajeuni. Id\u00e9al pour estomper les signes [&hellip;]<\/p>\n","protected":false},"featured_media":38631,"comment_status":"open","ping_status":"closed","template":"","meta":{"_acf_changed":false},"product_brand":[],"product_cat":[512,513,515,503,516,504,517,506,518,507,519,508,520,509,521,510,511],"product_tag":[],"class_list":{"0":"post-30815","1":"product","2":"type-product","3":"status-publish","4":"has-post-thumbnail","6":"product_cat-peaux-sensibles","7":"product_cat-peaux-seches","8":"product_cat-couperose-ou-rosacee","9":"product_cat-soins-nettoyants","10":"product_cat-peaux-deshydratees","11":"product_cat-peaux-grasses","12":"product_cat-peaux-touchees-par-le-maskne","13":"product_cat-hyperpigmentation-fr","14":"product_cat-vieillissement-cutane-par-exemple-rides-et-ridules","15":"product_cat-peaux-ternes","16":"product_cat-peaux-matures","17":"product_cat-effets-nuisibles-du-soleil","18":"product_cat-obagi-c-fx-system-fr","19":"product_cat-peaux-reches","20":"product_cat-vitamine-c-fr","21":"product_cat-peaux-mixtes","22":"product_cat-peaux-normales","24":"first","25":"instock","26":"taxable","27":"shipping-taxable","28":"purchasable","29":"product-type-simple"},"acf":[],"_links":{"self":[{"href":"https:\/\/pureobagi.com\/fr\/wp-json\/wp\/v2\/product\/30815","targetHints":{"allow":["GET"]}}],"collection":[{"href":"https:\/\/pureobagi.com\/fr\/wp-json\/wp\/v2\/product"}],"about":[{"href":"https:\/\/pureobagi.com\/fr\/wp-json\/wp\/v2\/types\/product"}],"replies":[{"embeddable":true,"href":"https:\/\/pureobagi.com\/fr\/wp-json\/wp\/v2\/comments?post=30815"}],"wp:featuredmedia":[{"embeddable":true,"href":"https:\/\/pureobagi.com\/fr\/wp-json\/wp\/v2\/media\/38631"}],"wp:attachment":[{"href":"https:\/\/pureobagi.com\/fr\/wp-json\/wp\/v2\/media?parent=30815"}],"wp:term":[{"taxonomy":"product_brand","embeddable":true,"href":"https:\/\/pureobagi.com\/fr\/wp-json\/wp\/v2\/product_brand?post=30815"},{"taxonomy":"product_cat","embeddable":true,"href":"https:\/\/pureobagi.com\/fr\/wp-json\/wp\/v2\/product_cat?post=30815"},{"taxonomy":"product_tag","embeddable":true,"href":"https:\/\/pureobagi.com\/fr\/wp-json\/wp\/v2\/product_tag?post=30815"}],"curies":[{"name":"wp","href":"https:\/\/api.w.org\/{rel}","templated":true}]}}